{"id":714,"date":"2022-01-13T15:41:56","date_gmt":"2022-01-13T18:41:56","guid":{"rendered":"https:\/\/theblueboatinitiative.org\/?page_id=714"},"modified":"2022-01-28T18:15:08","modified_gmt":"2022-01-28T21:15:08","slug":"vigia","status":"publish","type":"page","link":"https:\/\/fundacionmeri.cl\/theblueboatinitiative\/vigia\/","title":{"rendered":"Vig\u00eda"},"content":{"rendered":"<div class=\"wpb-content-wrapper\"><p>[vc_row full_width=\u00bbstretch_row\u00bb css=\u00bb.vc_custom_1642099405550{margin-bottom: 0px !important;padding-top: 150px !important;padding-bottom: 150px !important;background-image: url(https:\/\/fundacionmeri.cl\/theblueboatinitiative\/wp-content\/uploads\/2022\/01\/Banner-Vigia-01.jpg?id=716) !important;background-position: center !important;background-repeat: no-repeat !important;background-size: cover !important;}\u00bb][vc_column width=\u00bb1\/2&#8243;][vc_column_text]<img class=\"aligncenter size-medium wp-image-717\" src=\"https:\/\/fundacionmeri.cl\/theblueboatinitiative\/wp-content\/uploads\/2022\/01\/Logo-Vigia-300x295.png\" alt=\"\" width=\"300\" height=\"295\" srcset=\"https:\/\/fundacionmeri.cl\/theblueboatinitiative\/wp-content\/uploads\/2022\/01\/Logo-Vigia-300x295.png 300w, https:\/\/fundacionmeri.cl\/theblueboatinitiative\/wp-content\/uploads\/2022\/01\/Logo-Vigia.png 500w\" sizes=\"(max-width: 300px) 100vw, 300px\" \/>[\/vc_column_text][\/vc_column][vc_column width=\u00bb1\/2&#8243;][\/vc_column][\/vc_row][vc_row full_width=\u00bbstretch_row\u00bb css=\u00bb.vc_custom_1642104295364{margin-top: 0px !important;margin-bottom: 0px !important;background: #0a2154 url(https:\/\/fundacionmeri.cl\/theblueboatinitiative\/wp-content\/uploads\/2022\/01\/ballena.png?id=715) !important;background-position: center !important;background-repeat: no-repeat !important;background-size: cover !important;}\u00bb][vc_column][vc_row_inner][vc_column_inner][vc_column_text css=\u00bb.vc_custom_1642103813200{padding-top: 50px !important;padding-bottom: 100px !important;}\u00bb]<\/p>\n<h2 style=\"text-align: center;\"><span style=\"color: #ffffff;\">Ahora puedes ser un Vig\u00eda<\/span><\/h2>\n<p style=\"text-align: center;\">Se establecieron \u201cLos vig\u00edas\u201d como una herramienta para aquellos interesados en visibilizar la importancia<br \/>\nde las ballenas en la mitigaci\u00f3n del cambio clim\u00e1tico.<\/p>\n<p>[\/vc_column_text][\/vc_column_inner][\/vc_row_inner][vc_row_inner content_placement=\u00bbmiddle\u00bb][vc_column_inner width=\u00bb1\/2&#8243;][vc_column_text css=\u00bb.vc_custom_1642103336412{border-bottom-width: 2px !important;border-bottom-color: #75faff !important;border-bottom-style: solid !important;border-radius: 2px !important;}\u00bb]<\/p>\n<h2><span style=\"color: #ffffff;\">Jos\u00e9 Coronado<\/span><\/h2>\n<p>[\/vc_column_text][vc_column_text]El reputado actor de cine y televisi\u00f3n espa\u00f1ol, ganador del Premio Goya, se convirti\u00f3 en nuestro Primer Embajador.[\/vc_column_text][\/vc_column_inner][vc_column_inner width=\u00bb1\/2&#8243;][vc_column_text]<img class=\"aligncenter size-medium wp-image-718\" src=\"https:\/\/fundacionmeri.cl\/theblueboatinitiative\/wp-content\/uploads\/2022\/01\/Avatar-01-300x300.png\" alt=\"\" width=\"300\" height=\"300\" srcset=\"https:\/\/fundacionmeri.cl\/theblueboatinitiative\/wp-content\/uploads\/2022\/01\/Avatar-01-300x300.png 300w, https:\/\/fundacionmeri.cl\/theblueboatinitiative\/wp-content\/uploads\/2022\/01\/Avatar-01-150x150.png 150w, https:\/\/fundacionmeri.cl\/theblueboatinitiative\/wp-content\/uploads\/2022\/01\/Avatar-01-256x256.png 256w, https:\/\/fundacionmeri.cl\/theblueboatinitiative\/wp-content\/uploads\/2022\/01\/Avatar-01.png 400w\" sizes=\"(max-width: 300px) 100vw, 300px\" \/>[\/vc_column_text][\/vc_column_inner][\/vc_row_inner][vc_row_inner content_placement=\u00bbmiddle\u00bb][vc_column_inner width=\u00bb1\/2&#8243;][vc_column_text]<img class=\"aligncenter size-medium wp-image-719\" src=\"https:\/\/fundacionmeri.cl\/theblueboatinitiative\/wp-content\/uploads\/2022\/01\/Avatar-02-300x300.png\" alt=\"\" width=\"300\" height=\"300\" srcset=\"https:\/\/fundacionmeri.cl\/theblueboatinitiative\/wp-content\/uploads\/2022\/01\/Avatar-02-300x300.png 300w, https:\/\/fundacionmeri.cl\/theblueboatinitiative\/wp-content\/uploads\/2022\/01\/Avatar-02-150x150.png 150w, https:\/\/fundacionmeri.cl\/theblueboatinitiative\/wp-content\/uploads\/2022\/01\/Avatar-02-256x256.png 256w, https:\/\/fundacionmeri.cl\/theblueboatinitiative\/wp-content\/uploads\/2022\/01\/Avatar-02.png 400w\" sizes=\"(max-width: 300px) 100vw, 300px\" \/>[\/vc_column_text][\/vc_column_inner][vc_column_inner width=\u00bb1\/2&#8243;][vc_column_text css=\u00bb.vc_custom_1642103709037{border-bottom-width: 2px !important;border-bottom-color: #75faff !important;border-bottom-style: solid !important;border-radius: 2px !important;}\u00bb]<\/p>\n<h2><span style=\"color: #ffffff;\">Jos\u00e9 An\u00edbal Fern\u00e1ndez<\/span><\/h2>\n<p>[\/vc_column_text][vc_column_text]Nuestro socio y participante del Comit\u00e9 Consultivo, comisionado de Chile para la Ballenera Internacional nos concedi\u00f3 una entrevista para sensibilizar acerca del valor de las ballenas.[\/vc_column_text][\/vc_column_inner][\/vc_row_inner][vc_row_inner content_placement=\u00bbmiddle\u00bb css=\u00bb.vc_custom_1642541812350{padding-bottom: 50px !important;}\u00bb][vc_column_inner width=\u00bb1\/2&#8243;][vc_column_text css=\u00bb.vc_custom_1642541503386{border-bottom-width: 2px !important;border-bottom-color: #75faff !important;border-bottom-style: solid !important;border-radius: 2px !important;}\u00bb]<\/p>\n<h2><span style=\"color: #ffffff;\">Lanzamiento campa\u00f1a The Blue Boat Initiative<\/span><\/h2>\n<p>[\/vc_column_text][vc_column_text]Con la colaboraci\u00f3n del grupo musical Loa Jaivas, se lanz\u00f3 medi\u00e1ticamente la campa\u00f1a a la ciudadan\u00eda.[\/vc_column_text][\/vc_column_inner][vc_column_inner width=\u00bb1\/2&#8243;][vc_column_text]<img class=\"aligncenter size-medium wp-image-783\" src=\"https:\/\/fundacionmeri.cl\/theblueboatinitiative\/wp-content\/uploads\/2022\/01\/Avatar-03-300x300.png\" alt=\"\" width=\"300\" height=\"300\" srcset=\"https:\/\/fundacionmeri.cl\/theblueboatinitiative\/wp-content\/uploads\/2022\/01\/Avatar-03-300x300.png 300w, https:\/\/fundacionmeri.cl\/theblueboatinitiative\/wp-content\/uploads\/2022\/01\/Avatar-03-150x150.png 150w, https:\/\/fundacionmeri.cl\/theblueboatinitiative\/wp-content\/uploads\/2022\/01\/Avatar-03-256x256.png 256w, https:\/\/fundacionmeri.cl\/theblueboatinitiative\/wp-content\/uploads\/2022\/01\/Avatar-03.png 400w\" sizes=\"(max-width: 300px) 100vw, 300px\" \/>[\/vc_column_text][\/vc_column_inner][\/vc_row_inner][\/vc_column][\/vc_row][vc_row full_width=\u00bbstretch_row\u00bb css=\u00bb.vc_custom_1643403797648{padding-bottom: 50px !important;background-image: url(https:\/\/fundacionmeri.cl\/theblueboatinitiative\/wp-content\/uploads\/2022\/01\/fondo_formulario.png?id=801) !important;background-position: center !important;background-repeat: no-repeat !important;background-size: cover !important;}\u00bb][vc_column][vc_row_inner content_placement=\u00bbmiddle\u00bb][vc_column_inner][vc_column_text]<img class=\"aligncenter wp-image-800\" src=\"https:\/\/fundacionmeri.cl\/theblueboatinitiative\/wp-content\/uploads\/2022\/01\/Ballena_a-la-_-vista-09.png\" alt=\"\" width=\"358\" height=\"276\" srcset=\"https:\/\/fundacionmeri.cl\/theblueboatinitiative\/wp-content\/uploads\/2022\/01\/Ballena_a-la-_-vista-09.png 857w, https:\/\/fundacionmeri.cl\/theblueboatinitiative\/wp-content\/uploads\/2022\/01\/Ballena_a-la-_-vista-09-300x231.png 300w, https:\/\/fundacionmeri.cl\/theblueboatinitiative\/wp-content\/uploads\/2022\/01\/Ballena_a-la-_-vista-09-768x591.png 768w\" sizes=\"(max-width: 358px) 100vw, 358px\" \/>[\/vc_column_text][vc_column_text]<\/p>\n<h2 style=\"text-align: center;\"><span style=\"color: #ffffff;\">Formulario registro de avistamiento de ballenas<\/span><\/h2>\n<p style=\"text-align: center;\">\u00a1Has visto una Ballena!. Entonces llena el formulario, cu\u00e9ntanos qu\u00e9 tipo de ballena viste, las coordenadas y ay\u00fadanos a cuidarlas.<\/p>\n<p style=\"text-align: center;\">Y si quieres estar al tanto de todo lo que ocurre con el proyecto The Blue BOAT Initiative, convi\u00e9rtete en Vig\u00eda llenando la solicitud.<\/p>\n<p>[\/vc_column_text][\/vc_column_inner][\/vc_row_inner][\/vc_column][\/vc_row][vc_row][vc_column][vc_column_text]<\/p>\n<p align=\"center\"><iframe src=\"https:\/\/docs.google.com\/forms\/d\/e\/1FAIpQLSewumBnXQ1cIL3H6-c72eXkX-kVWbZh9E4TLlgQ_l_yho_koA\/viewform?embedded=true\" width=\"640\" height=\"1327\" frameborder=\"0\" marginwidth=\"0\" marginheight=\"0\">Cargando\u2026<\/iframe><\/p>\n<p>[\/vc_column_text][vc_column_text]<\/p>\n<p style=\"text-align: center;\">1) Si no puede identificar el cet\u00e1ceo, escriba en comentarios: \u00abtipo ballena grande\u00bb, \u00abtipo ballena chica\u00bb, \u00abtipo delf\u00edn\u00bb, etc.<\/p>\n<p style=\"text-align: center;\">2) Manchas o patrones de coloraci\u00f3n, cicatrices, cortes o marcas en piel y\/o aletas, elementos adheridos a su cuerpo, u otros.<\/p>\n<p>[\/vc_column_text][vc_column_text]<img class=\"aligncenter size-full wp-image-802\" src=\"https:\/\/fundacionmeri.cl\/theblueboatinitiative\/wp-content\/uploads\/2022\/01\/map-09.png\" alt=\"\" width=\"552\" height=\"518\" srcset=\"https:\/\/fundacionmeri.cl\/theblueboatinitiative\/wp-content\/uploads\/2022\/01\/map-09.png 552w, https:\/\/fundacionmeri.cl\/theblueboatinitiative\/wp-content\/uploads\/2022\/01\/map-09-300x282.png 300w\" sizes=\"(max-width: 552px) 100vw, 552px\" \/>[\/vc_column_text][\/vc_column][\/vc_row][vc_row full_width=\u00bbstretch_row\u00bb css=\u00bb.vc_custom_1642184910267{margin-top: 0px !important;margin-bottom: 0px !important;padding-top: 30px !important;padding-bottom: 30px !important;background-image: url(https:\/\/fundacionmeri.cl\/theblueboatinitiative\/wp-content\/uploads\/2021\/07\/fondo-scaled.jpg?id=383) !important;}\u00bb custom_css_code=\u00bbLndwY2Y3JTIwJTdCJTIwYmFja2dyb3VuZC1jb2xvciUzQXRyYW5zcGFyZW50JTNCJTIwJTdEJTBBJTBBLndwY2Y3LWZvcm0lMjAlN0IlMjBiYWNrZ3JvdW5kLWNvbG9yJTNBdHJhbnNwYXJlbnQlM0IlMjAlN0QlMEElMEEuaW5pdCUyMCU3QiUyMGJhY2tncm91bmQtY29sb3IlM0F0cmFuc3BhcmVudCUzQiUyMCU3RCUwQS5nZW0tY29udGFjdC1mb3JtLWRhcmslMjAlN0IlMjBiYWNrZ3JvdW5kLWNvbG9yJTNBdHJhbnNwYXJlbnQlM0IlMjAlN0QlMEElMEEud3BjZjctZm9ybS1jb250cm9sJTIwJTdCJTIwYmFja2dyb3VuZC1jb2xvciUzQXRyYW5zcGFyZW50JTNCJTBBYm9yZGVyLWNvbG9yJTNBJTIwd2hpdGUlM0IlMjAlN0QlMEEud3BjZjctdGV4dCUyMCU3QiUyMGJhY2tncm91bmQtY29sb3IlM0F0cmFuc3BhcmVudCUzQiUwQWJvcmRlci1jb2xvciUzQSUyMHdoaXRlJTNCJTIwJTdEJTBBLndwY2Y3LXZhbGlkYXRlcy1hcy1yZXF1aXJlZCUyMCU3QiUyMGJhY2tncm91bmQtY29sb3IlM0F0cmFuc3BhcmVudCUzQiUwQWJvcmRlci1jb2xvciUzQSUyMHdoaXRlJTNCJTIwJTdEJTBBJTBB\u00bb el_id=\u00bbvigia\u00bb][vc_column][vc_row_inner][vc_column_inner width=\u00bb1\/6&#8243;][\/vc_column_inner][vc_column_inner width=\u00bb2\/3&#8243;][vc_column_text]<img class=\"aligncenter wp-image-384\" src=\"https:\/\/fundacionmeri.cl\/theblueboatinitiative\/wp-content\/uploads\/2021\/07\/logo-vigia-300x268.png\" alt=\"\" width=\"232\" height=\"207\" srcset=\"https:\/\/fundacionmeri.cl\/theblueboatinitiative\/wp-content\/uploads\/2021\/07\/logo-vigia-300x268.png 300w, https:\/\/fundacionmeri.cl\/theblueboatinitiative\/wp-content\/uploads\/2021\/07\/logo-vigia.png 472w\" sizes=\"(max-width: 232px) 100vw, 232px\" \/>[\/vc_column_text][\/vc_column_inner][vc_column_inner width=\u00bb1\/6&#8243;][\/vc_column_inner][\/vc_row_inner][vc_row_inner][vc_column_inner width=\u00bb1\/6&#8243;][\/vc_column_inner][vc_column_inner width=\u00bb2\/3&#8243;][vc_column_text]<\/p>\n<h3 style=\"text-align: center;\">Convi\u00e9rtete en Vig\u00eda y visibilicemos la importancia de las ballenas en la mitigaci\u00f3n del cambio clim\u00e1tico<\/h3>\n<p>[\/vc_column_text][vc_column_text]<\/p>\n<p align=\"center\"><iframe id=\"doppler_subscription\" style=\"overflow: scroll;\" src=\"https:\/\/app2.fromdoppler.com\/Lists\/FormProcessing\/PublishedForm?IdForm=MuY%2fnPMlm88J8oWA0Yw0Zg%3d%3d\" width=\"375\" height=\"335\" frameborder=\"no\" scrolling=\"yes\"><\/iframe><\/p>\n<p>[\/vc_column_text][\/vc_column_inner][vc_column_inner width=\u00bb1\/6&#8243;][\/vc_column_inner][\/vc_row_inner][vc_row_inner css=\u00bb.vc_custom_1637084510857{border-bottom-width: 1px !important;border-bottom-color: #dd9933 !important;border-bottom-style: solid !important;}\u00bb][vc_column_inner width=\u00bb1\/6&#8243;][\/vc_column_inner][vc_column_inner width=\u00bb2\/3&#8243;][vc_column_text]<\/p>\n<p style=\"text-align: center;\">S\u00e9 el primero en enterarte de las actualizaciones, atento a nuestras redes.<\/p>\n<p>[\/vc_column_text]<div class=\"socials socials-list socials-colored socials-default socials-alignment-center\"><a class=\"socials-item\" target=\"_blank\" href=\"https:\/\/www.facebook.com\/FundacionMERI\/\"><i class=\"socials-item-icon facebook\" style=\"font-size: 25px\"><\/i><\/a><a class=\"socials-item\" target=\"_blank\" href=\"https:\/\/twitter.com\/fundacionmeri\"><i class=\"socials-item-icon twitter\" style=\"font-size: 25px\"><\/i><\/a><a class=\"socials-item\" target=\"_blank\" href=\"https:\/\/www.instagram.com\/fundacionmeri\/\"><i class=\"socials-item-icon instagram\" style=\"font-size: 25px\"><\/i><\/a><a class=\"socials-item\" target=\"_blank\" href=\"https:\/\/www.youtube.com\/c\/FUNDACIONMERI\"><i class=\"socials-item-icon youtube\" style=\"font-size: 25px\"><\/i><\/a><\/div>[\/vc_column_inner][vc_column_inner width=\u00bb1\/6&#8243;][\/vc_column_inner][\/vc_row_inner][vc_row_inner][vc_column_inner width=\u00bb1\/5&#8243;][vc_hoverbox image=\u00bb385&#8243; primary_title=\u00bb\u00bb hover_title=\u00bb\u00bb hover_background_color=\u00bbcustom\u00bb hover_custom_background=\u00bb#30303a\u00bb]<\/p>\n<p style=\"text-align: center;\">Descarga<\/p>\n<p style=\"text-align: center;\"><a href=\"https:\/\/fundacionmeri.cl\/theblueboatinitiative\/wp-content\/uploads\/2021\/07\/1080x1080-100-1.jpg\" target=\"_blank\" rel=\"noopener\">Post (1&#215;1)<\/a><br \/>\n<a href=\"https:\/\/fundacionmeri.cl\/theblueboatinitiative\/wp-content\/uploads\/2021\/07\/1920x1080-100-1.jpg\" target=\"_blank\" rel=\"noopener\">Story (9:16)<\/a><br \/>\n<a href=\"https:\/\/fundacionmeri.cl\/theblueboatinitiative\/wp-content\/uploads\/2021\/07\/1080x1920-100.jpg\" target=\"_blank\" rel=\"noopener\">Desktop (16:9)<\/a><\/p>\n<p>[\/vc_hoverbox][\/vc_column_inner][vc_column_inner width=\u00bb1\/5&#8243;][vc_hoverbox image=\u00bb374&#8243; primary_title=\u00bb\u00bb hover_title=\u00bb\u00bb hover_background_color=\u00bbcustom\u00bb hover_custom_background=\u00bb#30303a\u00bb]<\/p>\n<p style=\"text-align: center;\">Descarga<\/p>\n<p style=\"text-align: center;\"><a href=\"https:\/\/fundacionmeri.cl\/theblueboatinitiative\/wp-content\/uploads\/2021\/07\/1080x1080_9-100-1.jpg\" target=\"_blank\" rel=\"noopener\">Post (1&#215;1)<\/a><br \/>\n<a href=\"https:\/\/fundacionmeri.cl\/theblueboatinitiative\/wp-content\/uploads\/2021\/07\/1920x1080_9-100-1.jpg\" target=\"_blank\" rel=\"noopener\">Story (9:16)<\/a><br \/>\n<a href=\"https:\/\/fundacionmeri.cl\/theblueboatinitiative\/wp-content\/uploads\/2021\/07\/1080x1920_9-100-1.jpg\" target=\"_blank\" rel=\"noopener\">Desktop (16:9)<\/a><\/p>\n<p>[\/vc_hoverbox][\/vc_column_inner][vc_column_inner width=\u00bb1\/5&#8243;][vc_hoverbox image=\u00bb376&#8243; primary_title=\u00bb\u00bb hover_title=\u00bb\u00bb hover_background_color=\u00bbcustom\u00bb hover_custom_background=\u00bb#30303a\u00bb]<\/p>\n<p style=\"text-align: center;\">Descarga<\/p>\n<p style=\"text-align: center;\"><a href=\"https:\/\/fundacionmeri.cl\/theblueboatinitiative\/wp-content\/uploads\/2021\/07\/1080x1080_8-100-1.jpg\" target=\"_blank\" rel=\"noopener\">Post (1&#215;1)<\/a><br \/>\n<a href=\"https:\/\/fundacionmeri.cl\/theblueboatinitiative\/wp-content\/uploads\/2021\/07\/1920x1080_8-100-1.jpg\" target=\"_blank\" rel=\"noopener\">Story (9:16)<\/a><br \/>\n<a href=\"https:\/\/fundacionmeri.cl\/theblueboatinitiative\/wp-content\/uploads\/2021\/07\/1080x1920_8-100-1.jpg\" target=\"_blank\" rel=\"noopener\">Desktop (16:9)<\/a><\/p>\n<p>[\/vc_hoverbox][\/vc_column_inner][vc_column_inner width=\u00bb1\/5&#8243;][vc_hoverbox image=\u00bb377&#8243; primary_title=\u00bb\u00bb hover_title=\u00bb\u00bb hover_background_color=\u00bbcustom\u00bb hover_custom_background=\u00bb#30303a\u00bb]<\/p>\n<p style=\"text-align: center;\">Descarga<\/p>\n<p style=\"text-align: center;\"><a href=\"https:\/\/fundacionmeri.cl\/theblueboatinitiative\/wp-content\/uploads\/2021\/07\/1080x1080_7-100-1.jpg\" target=\"_blank\" rel=\"noopener\">Post (1&#215;1)<\/a><br \/>\n<a href=\"https:\/\/fundacionmeri.cl\/theblueboatinitiative\/wp-content\/uploads\/2021\/07\/1920x1080_7-100-1.jpg\" target=\"_blank\" rel=\"noopener\">Story (9:16)<\/a><br \/>\n<a href=\"https:\/\/fundacionmeri.cl\/theblueboatinitiative\/wp-content\/uploads\/2021\/07\/1080x1920_7-100-1.jpg\" target=\"_blank\" rel=\"noopener\">Desktop (16:9)<\/a><\/p>\n<p>[\/vc_hoverbox][\/vc_column_inner][vc_column_inner width=\u00bb1\/5&#8243;][vc_hoverbox image=\u00bb378&#8243; primary_title=\u00bb\u00bb hover_title=\u00bb\u00bb hover_background_color=\u00bbcustom\u00bb hover_custom_background=\u00bb#30303a\u00bb]<\/p>\n<p style=\"text-align: center;\">Descarga<\/p>\n<p style=\"text-align: center;\"><a href=\"https:\/\/fundacionmeri.cl\/theblueboatinitiative\/wp-content\/uploads\/2021\/07\/1080x1080_6-100-1.jpg\" target=\"_blank\" rel=\"noopener\">Post (1&#215;1)<\/a><br \/>\n<a href=\"https:\/\/fundacionmeri.cl\/theblueboatinitiative\/wp-content\/uploads\/2021\/07\/1920x1080_6-100-1.jpg\" target=\"_blank\" rel=\"noopener\">Story (9:16)<\/a><br \/>\n<a href=\"https:\/\/fundacionmeri.cl\/theblueboatinitiative\/wp-content\/uploads\/2021\/07\/1080x1920_6-100-1.jpg\" target=\"_blank\" rel=\"noopener\">Desktop (16:9)<\/a><\/p>\n<p>[\/vc_hoverbox][\/vc_column_inner][\/vc_row_inner][vc_row_inner][vc_column_inner width=\u00bb1\/5&#8243;][vc_hoverbox image=\u00bb379&#8243; primary_title=\u00bb\u00bb hover_title=\u00bb\u00bb hover_background_color=\u00bbcustom\u00bb hover_custom_background=\u00bb#30303a\u00bb]<\/p>\n<p style=\"text-align: center;\">Descarga<\/p>\n<p style=\"text-align: center;\"><a href=\"https:\/\/fundacionmeri.cl\/theblueboatinitiative\/wp-content\/uploads\/2021\/07\/1080x1080_5-100.jpg\" target=\"_blank\" rel=\"noopener\">Post (1&#215;1)<\/a><br \/>\n<a href=\"https:\/\/fundacionmeri.cl\/theblueboatinitiative\/wp-content\/uploads\/2021\/07\/1920x1080_5-100.jpg\" target=\"_blank\" rel=\"noopener\">Story (9:16)<\/a><br \/>\n<a href=\"https:\/\/fundacionmeri.cl\/theblueboatinitiative\/wp-content\/uploads\/2021\/07\/1080x1920_5-100.jpg\" target=\"_blank\" rel=\"noopener\">Desktop (16:9)<\/a><\/p>\n<p>[\/vc_hoverbox][\/vc_column_inner][vc_column_inner width=\u00bb1\/5&#8243;][vc_hoverbox image=\u00bb380&#8243; primary_title=\u00bb\u00bb hover_title=\u00bb\u00bb hover_background_color=\u00bbcustom\u00bb hover_custom_background=\u00bb#30303a\u00bb]<\/p>\n<p style=\"text-align: center;\">Descarga<\/p>\n<p style=\"text-align: center;\"><a href=\"https:\/\/fundacionmeri.cl\/theblueboatinitiative\/wp-content\/uploads\/2021\/07\/1080x1080_4-100.jpg\" target=\"_blank\" rel=\"noopener\">Post (1&#215;1)<\/a><br \/>\n<a href=\"https:\/\/fundacionmeri.cl\/theblueboatinitiative\/wp-content\/uploads\/2021\/07\/1920x1080_4-100.jpg\" target=\"_blank\" rel=\"noopener\">Story (9:16)<\/a><br \/>\n<a href=\"https:\/\/fundacionmeri.cl\/theblueboatinitiative\/wp-content\/uploads\/2021\/07\/1080x1920_4-100.jpg\" target=\"_blank\" rel=\"noopener\">Desktop (16:9)<\/a><\/p>\n<p>[\/vc_hoverbox][\/vc_column_inner][vc_column_inner width=\u00bb1\/5&#8243;][vc_hoverbox image=\u00bb381&#8243; primary_title=\u00bb\u00bb hover_title=\u00bb\u00bb hover_background_color=\u00bbcustom\u00bb hover_custom_background=\u00bb#30303a\u00bb]<\/p>\n<p style=\"text-align: center;\">Descarga<\/p>\n<p style=\"text-align: center;\"><a href=\"https:\/\/fundacionmeri.cl\/theblueboatinitiative\/wp-content\/uploads\/2021\/07\/1080x1080_3-100.jpg\" target=\"_blank\" rel=\"noopener\">Post (1&#215;1)<\/a><br \/>\n<a href=\"https:\/\/fundacionmeri.cl\/theblueboatinitiative\/wp-content\/uploads\/2021\/07\/1920x1080_3-100.jpg\" target=\"_blank\" rel=\"noopener\">Story (9:16)<\/a><br \/>\n<a href=\"https:\/\/fundacionmeri.cl\/theblueboatinitiative\/wp-content\/uploads\/2021\/07\/1080x1920_3-100.jpg\" target=\"_blank\" rel=\"noopener\">Desktop (16:9)<\/a><\/p>\n<p>[\/vc_hoverbox][\/vc_column_inner][vc_column_inner width=\u00bb1\/5&#8243;][vc_hoverbox image=\u00bb382&#8243; primary_title=\u00bb\u00bb hover_title=\u00bb\u00bb hover_background_color=\u00bbcustom\u00bb hover_custom_background=\u00bb#30303a\u00bb]<\/p>\n<p style=\"text-align: center;\">Descarga<\/p>\n<p style=\"text-align: center;\"><a href=\"https:\/\/fundacionmeri.cl\/theblueboatinitiative\/wp-content\/uploads\/2021\/07\/1080x1080_2-100.jpg\" target=\"_blank\" rel=\"noopener\">Post (1&#215;1)<\/a><br \/>\n<a href=\"https:\/\/fundacionmeri.cl\/theblueboatinitiative\/wp-content\/uploads\/2021\/07\/1920x1080_2-100.jpg\" target=\"_blank\" rel=\"noopener\">Story (9:16)<\/a><br \/>\n<a href=\"https:\/\/fundacionmeri.cl\/theblueboatinitiative\/wp-content\/uploads\/2021\/07\/1080x1920_2-100.jpg\" target=\"_blank\" rel=\"noopener\">Desktop (16:9)<\/a><\/p>\n<p>[\/vc_hoverbox][\/vc_column_inner][vc_column_inner width=\u00bb1\/5&#8243;][vc_hoverbox image=\u00bb375&#8243; primary_title=\u00bb\u00bb hover_title=\u00bb\u00bb hover_background_color=\u00bbcustom\u00bb hover_custom_background=\u00bb#30303a\u00bb]<\/p>\n<p style=\"text-align: center;\">Descarga<\/p>\n<p style=\"text-align: center;\"><a href=\"https:\/\/fundacionmeri.cl\/theblueboatinitiative\/wp-content\/uploads\/2021\/07\/1080x1080_1-100-1.jpg\" target=\"_blank\" rel=\"noopener\">Post (1&#215;1)<\/a><br \/>\n<a href=\"https:\/\/fundacionmeri.cl\/theblueboatinitiative\/wp-content\/uploads\/2021\/07\/1920x1080_1-100-1.jpg\" target=\"_blank\" rel=\"noopener\">Story (9:16)<\/a><br \/>\n<a href=\"https:\/\/fundacionmeri.cl\/theblueboatinitiative\/wp-content\/uploads\/2021\/07\/1080x1920_1-100-1.jpg\" target=\"_blank\" rel=\"noopener\">Desktop (16:9)<\/a><\/p>\n<p>[\/vc_hoverbox][\/vc_column_inner][\/vc_row_inner][vc_row_inner css=\u00bb.vc_custom_1625174282522{margin-bottom: 0px !important;border-bottom-width: 1px !important;padding-bottom: 0px !important;border-bottom-color: #dd9933 !important;border-bottom-style: solid !important;}\u00bb][vc_column_inner width=\u00bb1\/6&#8243;][\/vc_column_inner][vc_column_inner width=\u00bb2\/3&#8243;][vc_column_text]<\/p>\n<p style=\"text-align: center;\">Tu misi\u00f3n como vig\u00eda es compartir en todas tus redes sociales.<\/p>\n<div class=\"styled-subtitle\" style=\"text-align: center;\">\u00a1Esto lo haremos todos juntos!<\/div>\n<p style=\"text-align: center;\">#SalvemosLasBallenas #SavesTheWhales #TheBlueBOATInitiative<\/p>\n<p>[\/vc_column_text][vc_column_text]<\/p>\n<div class=\"styled-subtitle\" style=\"text-align: center;\">Actualizaremos informaci\u00f3n de forma permanente, mantente en l\u00ednea.<\/div>\n<p>[\/vc_column_text][\/vc_column_inner][vc_column_inner width=\u00bb1\/6&#8243;][\/vc_column_inner][\/vc_row_inner][\/vc_column][\/vc_row]<\/p>\n<\/div>","protected":false},"excerpt":{"rendered":"<p>[vc_row full_width=\u00bbstretch_row\u00bb css=\u00bb.vc_custom_1642099405550{margin-bottom: 0px !important;padding-top: 150px !important;padding-bottom: 150px !important;background-image: url(https:\/\/fundacionmeri.cl\/theblueboatinitiative\/wp-content\/uploads\/2022\/01\/Banner-Vigia-01.jpg?id=716) !important;background-position: center !important;background-repeat: no-repeat !important;background-size: cover !important;}\u00bb][vc_column width=\u00bb1\/2&#8243;][vc_column_text][\/vc_column_text][\/vc_column][vc_column width=\u00bb1\/2&#8243;][\/vc_column][\/vc_row][vc_row full_width=\u00bbstretch_row\u00bb&#8230;<\/p>\n","protected":false},"author":1,"featured_media":0,"parent":0,"menu_order":0,"comment_status":"closed","ping_status":"closed","template":"","meta":{"footnotes":""},"class_list":["post-714","page","type-page","status-publish"],"translation":{"provider":"WPGlobus","version":"3.0.2","language":"es","enabled_languages":["es","en"],"languages":{"es":{"title":true,"content":true,"excerpt":false},"en":{"title":true,"content":true,"excerpt":false}}},"_links":{"self":[{"href":"https:\/\/fundacionmeri.cl\/theblueboatinitiative\/wp-json\/wp\/v2\/pages\/714","targetHints":{"allow":["GET"]}}],"collection":[{"href":"https:\/\/fundacionmeri.cl\/theblueboatinitiative\/wp-json\/wp\/v2\/pages"}],"about":[{"href":"https:\/\/fundacionmeri.cl\/theblueboatinitiative\/wp-json\/wp\/v2\/types\/page"}],"author":[{"embeddable":true,"href":"https:\/\/fundacionmeri.cl\/theblueboatinitiative\/wp-json\/wp\/v2\/users\/1"}],"replies":[{"embeddable":true,"href":"https:\/\/fundacionmeri.cl\/theblueboatinitiative\/wp-json\/wp\/v2\/comments?post=714"}],"version-history":[{"count":32,"href":"https:\/\/fundacionmeri.cl\/theblueboatinitiative\/wp-json\/wp\/v2\/pages\/714\/revisions"}],"predecessor-version":[{"id":815,"href":"https:\/\/fundacionmeri.cl\/theblueboatinitiative\/wp-json\/wp\/v2\/pages\/714\/revisions\/815"}],"wp:attachment":[{"href":"https:\/\/fundacionmeri.cl\/theblueboatinitiative\/wp-json\/wp\/v2\/media?parent=714"}],"curies":[{"name":"wp","href":"https:\/\/api.w.org\/{rel}","templated":true}]}}