{"id":678,"date":"2022-01-13T11:25:43","date_gmt":"2022-01-13T14:25:43","guid":{"rendered":"https:\/\/theblueboatinitiative.org\/?page_id=678"},"modified":"2022-03-18T18:22:51","modified_gmt":"2022-03-18T21:22:51","slug":"mesa-tecnologica","status":"publish","type":"page","link":"https:\/\/fundacionmeri.cl\/theblueboatinitiative\/mesa-tecnologica\/","title":{"rendered":"Mesa tecnol\u00f3gica"},"content":{"rendered":"<div class=\"wpb-content-wrapper\"><p>[vc_row full_width=\u00bbstretch_row\u00bb css=\u00bb.vc_custom_1642092527601{margin-bottom: 0px !important;padding-top: 200px !important;padding-bottom: 200px !important;background-image: url(https:\/\/fundacionmeri.cl\/theblueboatinitiative\/wp-content\/uploads\/2022\/01\/Banner-Mesa-Tecnologica-01.jpg?id=680) !important;background-position: center !important;background-repeat: no-repeat !important;background-size: cover !important;}\u00bb][vc_column width=\u00bb1\/2&#8243;][vc_column_text css=\u00bb.vc_custom_1642089471854{border-bottom-width: 2px !important;border-bottom-color: #75faff !important;border-bottom-style: solid !important;border-radius: 2px !important;}\u00bb]<\/p>\n<h3><span style=\"color: #ffffff;\">Constituci\u00f3n de la Mesa Tecnolog\u00eda<\/span><\/h3>\n<p>[\/vc_column_text][vc_column_text]<\/p>\n<h1><span style=\"color: #ffffff;\">MESA TECNOL\u00d3GICA<\/span><\/h1>\n<p>[\/vc_column_text][\/vc_column][vc_column width=\u00bb1\/2&#8243;][\/vc_column][\/vc_row][vc_row css=\u00bb.vc_custom_1642092545318{margin-top: 0px !important;}\u00bb][vc_column offset=\u00bbvc_hidden-sm vc_hidden-xs\u00bb][vc_row_inner css=\u00bb.vc_custom_1642092604757{border-left-width: 2px !important;padding-left: 50px !important;border-left-color: #75faff !important;border-left-style: solid !important;border-radius: 2px !important;}\u00bb][vc_column_inner][vc_column_text css=\u00bb.vc_custom_1642540287405{padding-top: 100px !important;padding-bottom: 100px !important;}\u00bb]<\/p>\n<p style=\"text-align: center;\">Aborda la log\u00edstica necesaria para el buen desarrollo del proyecto, desde la arista ac\u00fastica y oceanogr\u00e1fica, as\u00ed como todos los aspectos relativos a la correcta instalaci\u00f3n, transmisi\u00f3n, almacenamiento y procesamiento de datos obtenidos. Este proyecto instalar\u00e1 y conectar\u00e1 la primera red sudamericana de boyas inteligentes capaces de alertar de la presencia de ballenas para evitar sus colisiones con embarcaciones y de monitorear el impacto del cambio clim\u00e1tico en los oc\u00e9anos.<\/p>\n<p>[\/vc_column_text][\/vc_column_inner][\/vc_row_inner][\/vc_column][\/vc_row][vc_row css=\u00bb.vc_custom_1642092545318{margin-top: 0px !important;}\u00bb][vc_column offset=\u00bbvc_hidden-lg vc_hidden-md\u00bb][vc_row_inner][vc_column_inner][vc_column_text css=\u00bb.vc_custom_1642537177938{padding-top: 100px !important;padding-bottom: 100px !important;}\u00bb]<\/p>\n<p style=\"text-align: center;\">Aborda la log\u00edstica necesaria para el buen desarrollo del proyecto, desde la arista ac\u00fastica y oceanogr\u00e1fica, as\u00ed como todos los aspectos relativos a la correcta instalaci\u00f3n, transmisi\u00f3n, almacenamiento y procesamiento de datos obtenidos. Este proyecto instalar\u00e1 y conectar\u00e1 la primera red sudamericana de boyas inteligentes capaces de alertar de la presencia de ballenas para evitar sus colisiones con embarcaciones y de monitorear el impacto del cambio clim\u00e1tico en los oc\u00e9anos.<\/p>\n<p>[\/vc_column_text][\/vc_column_inner][\/vc_row_inner][\/vc_column][\/vc_row][vc_row full_width=\u00bbstretch_row\u00bb parallax=\u00bbcontent-moving\u00bb parallax_image=\u00bb694&#8243; css=\u00bb.vc_custom_1642088403473{margin-top: 0px !important;margin-bottom: 0px !important;padding-top: 100px !important;padding-bottom: 100px !important;}\u00bb][vc_column width=\u00bb1\/2&#8243;][\/vc_column][vc_column width=\u00bb1\/2&#8243;][vc_column_text css=\u00bb.vc_custom_1642089471854{border-bottom-width: 2px !important;border-bottom-color: #75faff !important;border-bottom-style: solid !important;border-radius: 2px !important;}\u00bb]<\/p>\n<h3><span style=\"color: #ffffff;\">Constituci\u00f3n de la Mesa Tecnolog\u00eda<\/span><\/h3>\n<p>[\/vc_column_text][vc_column_text]Esta mesa re\u00fane a actores claves a nivel nacional e internacional para consensuar cu\u00e1l es la tecnolog\u00eda necesaria para el buen desarrollo del proyecto, as\u00ed como todos los aspectos relativosa la correcta instalaci\u00f3n, transmisi\u00f3n, almacenamiento y procesamiento de datos obtenidos.[\/vc_column_text][\/vc_column][\/vc_row][vc_row full_width=\u00bbstretch_row\u00bb parallax=\u00bbcontent-moving\u00bb parallax_image=\u00bb691&#8243; css=\u00bb.vc_custom_1642088211312{margin-top: 0px !important;margin-bottom: 0px !important;padding-top: 100px !important;padding-bottom: 100px !important;}\u00bb][vc_column width=\u00bb1\/2&#8243;][vc_column_text css=\u00bb.vc_custom_1642539864644{border-bottom-width: 2px !important;border-bottom-color: #75faff !important;border-bottom-style: solid !important;border-radius: 2px !important;}\u00bb]<\/p>\n<h3><span style=\"color: #ffffff;\">Ubicaci\u00f3n de boyas<\/span><\/h3>\n<p>[\/vc_column_text][vc_column_text]Cada vez est\u00e1 m\u00e1s cerca la obtenci\u00f3n de todos los permisos que se requieren para la instalaci\u00f3n de las boyas.[\/vc_column_text][\/vc_column][vc_column width=\u00bb1\/2&#8243;][\/vc_column][\/vc_row][vc_row full_width=\u00bbstretch_row\u00bb parallax=\u00bbcontent-moving\u00bb parallax_image=\u00bb692&#8243; css=\u00bb.vc_custom_1642089562015{margin-top: 0px !important;margin-bottom: 0px !important;padding-top: 100px !important;padding-bottom: 100px !important;}\u00bb][vc_column width=\u00bb1\/2&#8243;][\/vc_column][vc_column width=\u00bb1\/2&#8243;][vc_column_text css=\u00bb.vc_custom_1642539902903{border-bottom-width: 2px !important;border-bottom-color: #75faff !important;border-bottom-style: solid !important;border-radius: 2px !important;}\u00bb]<\/p>\n<h3><span style=\"color: #ffffff;\">Instrumentaci\u00f3n<br \/>\n<\/span><\/h3>\n<p>[\/vc_column_text][vc_column_text]Se han definido los sensores oceanogr\u00e1ficos y los hidr\u00f3fonos que se instalar\u00e1n en las boyas.[\/vc_column_text][\/vc_column][\/vc_row][vc_row full_width=\u00bbstretch_row\u00bb parallax=\u00bbcontent-moving\u00bb parallax_image=\u00bb693&#8243; css=\u00bb.vc_custom_1642091869707{margin-top: 0px !important;margin-bottom: 0px !important;padding-top: 100px !important;padding-bottom: 100px !important;}\u00bb][vc_column width=\u00bb1\/2&#8243;][vc_column_text css=\u00bb.vc_custom_1642539962294{border-bottom-width: 2px !important;border-bottom-color: #75faff !important;border-bottom-style: solid !important;border-radius: 2px !important;}\u00bb]<\/p>\n<h3><span style=\"color: #ffffff;\">Plan de enmallamiento<\/span><\/h3>\n<p>[\/vc_column_text][vc_column_text]Se elabor\u00f3 junto a SERNAPESCA un \u201cPlan de contingencia en caso de enmallamiento\u201d que define c\u00f3mo actuar ante esta hipot\u00e9tica situaci\u00f3n.[\/vc_column_text][\/vc_column][vc_column width=\u00bb1\/2&#8243;][\/vc_column][\/vc_row][vc_row full_width=\u00bbstretch_row\u00bb parallax=\u00bbcontent-moving\u00bb parallax_image=\u00bb785&#8243; css=\u00bb.vc_custom_1642541740748{margin-top: 0px !important;margin-bottom: 0px !important;padding-top: 100px !important;padding-bottom: 100px !important;}\u00bb][vc_column width=\u00bb1\/2&#8243;][\/vc_column][vc_column width=\u00bb1\/2&#8243;][vc_column_text css=\u00bb.vc_custom_1642539840512{border-bottom-width: 2px !important;border-bottom-color: #75faff !important;border-bottom-style: solid !important;border-radius: 2px !important;}\u00bb]<\/p>\n<h3><span style=\"color: #ffffff;\">Participantes<\/span><\/h3>\n<p>[\/vc_column_text][vc_column_text]Fundaci\u00f3n Sense of Silence; Comit\u00e9 Cient\u00edfico de Cambio Clim\u00e1tico. Mesa Oc\u00e9anos;\u00a0Ministerio de Ciencia, Tecnolog\u00eda, Conocimiento e Innovaci\u00f3n;\u00a0Direcci\u00f3n General del Territorio Mar\u00edtimo y Marina Mercante;\u00a0Direcci\u00f3n de Intereses Mar\u00edtimos y Medio Ambiente Acu\u00e1tico;\u00a0Subsecretar\u00eda de Pesca y Acuicultura; Servicio Nacional de Pesca y Acuicultura;\u00a0Instituto de Fomento Pesquero;\u00a0Casco Antiguo; Environmental Defense Fund, Oce\u00e1nos, Chile y\u00a0National Oceanic and Atmospheric Administration.[\/vc_column_text][\/vc_column][\/vc_row]<\/p>\n<\/div>","protected":false},"excerpt":{"rendered":"<p>[vc_row full_width=\u00bbstretch_row\u00bb css=\u00bb.vc_custom_1642092527601{margin-bottom: 0px !important;padding-top: 200px !important;padding-bottom: 200px !important;background-image: url(https:\/\/fundacionmeri.cl\/theblueboatinitiative\/wp-content\/uploads\/2022\/01\/Banner-Mesa-Tecnologica-01.jpg?id=680) !important;background-position: center !important;background-repeat: no-repeat !important;background-size: cover !important;}\u00bb][vc_column width=\u00bb1\/2&#8243;][vc_column_text css=\u00bb.vc_custom_1642089471854{border-bottom-width: 2px&#8230;<\/p>\n","protected":false},"author":1,"featured_media":0,"parent":0,"menu_order":0,"comment_status":"closed","ping_status":"closed","template":"","meta":{"footnotes":""},"class_list":["post-678","page","type-page","status-publish"],"translation":{"provider":"WPGlobus","version":"3.0.2","language":"es","enabled_languages":["es","en"],"languages":{"es":{"title":true,"content":true,"excerpt":false},"en":{"title":true,"content":true,"excerpt":false}}},"_links":{"self":[{"href":"https:\/\/fundacionmeri.cl\/theblueboatinitiative\/wp-json\/wp\/v2\/pages\/678","targetHints":{"allow":["GET"]}}],"collection":[{"href":"https:\/\/fundacionmeri.cl\/theblueboatinitiative\/wp-json\/wp\/v2\/pages"}],"about":[{"href":"https:\/\/fundacionmeri.cl\/theblueboatinitiative\/wp-json\/wp\/v2\/types\/page"}],"author":[{"embeddable":true,"href":"https:\/\/fundacionmeri.cl\/theblueboatinitiative\/wp-json\/wp\/v2\/users\/1"}],"replies":[{"embeddable":true,"href":"https:\/\/fundacionmeri.cl\/theblueboatinitiative\/wp-json\/wp\/v2\/comments?post=678"}],"version-history":[{"count":26,"href":"https:\/\/fundacionmeri.cl\/theblueboatinitiative\/wp-json\/wp\/v2\/pages\/678\/revisions"}],"predecessor-version":[{"id":683,"href":"https:\/\/fundacionmeri.cl\/theblueboatinitiative\/wp-json\/wp\/v2\/pages\/678\/revisions\/683"}],"wp:attachment":[{"href":"https:\/\/fundacionmeri.cl\/theblueboatinitiative\/wp-json\/wp\/v2\/media?parent=678"}],"curies":[{"name":"wp","href":"https:\/\/api.w.org\/{rel}","templated":true}]}}