{"id":583,"date":"2021-11-12T15:39:25","date_gmt":"2021-11-12T18:39:25","guid":{"rendered":"https:\/\/theblueboatinitiative.org\/?page_id=583"},"modified":"2022-01-18T18:12:09","modified_gmt":"2022-01-18T21:12:09","slug":"organizacion","status":"publish","type":"page","link":"https:\/\/fundacionmeri.cl\/theblueboatinitiative\/organizacion\/","title":{"rendered":"Organizaci\u00f3n"},"content":{"rendered":"<div class=\"wpb-content-wrapper\"><p>[vc_row full_width=\u00bbstretch_row\u00bb css=\u00bb.vc_custom_1642187307080{margin-bottom: 0px !important;padding-top: 200px !important;padding-bottom: 200px !important;background-image: url(https:\/\/fundacionmeri.cl\/theblueboatinitiative\/wp-content\/uploads\/2022\/01\/Interior-Organizacion.jpg?id=772) !important;background-position: center !important;background-repeat: no-repeat !important;background-size: cover !important;}\u00bb][vc_column width=\u00bb1\/2&#8243;][vc_column_text css=\u00bb.vc_custom_1642187409000{border-bottom-width: 2px !important;border-bottom-color: #75faff !important;border-bottom-style: solid !important;border-radius: 2px !important;}\u00bb]<\/p>\n<h1><span style=\"color: #ffffff;\">Organizaci\u00f3n<\/span><\/h1>\n<p>[\/vc_column_text][\/vc_column][vc_column width=\u00bb1\/2&#8243;][\/vc_column][\/vc_row][vc_row full_width=\u00bbstretch_row\u00bb css=\u00bb.vc_custom_1636742745944{margin-top: 0px !important;margin-bottom: 0px !important;background-color: #011327 !important;}\u00bb el_id=\u00bborganizacion\u00bb][vc_column][vc_column_text css=\u00bb.vc_custom_1636742757644{padding-top: 30px !important;padding-bottom: 30px !important;}\u00bb]<\/p>\n<h2 style=\"text-align: center;\">The Blue BOAT Initiative: proyecto nacional del Ministerio del Medio Ambiente de Chile y Fundaci\u00f3n MERI<\/h2>\n<p>[\/vc_column_text][vc_column_text css=\u00bb.vc_custom_1611181166875{padding-bottom: 30px !important;}\u00bb]<\/p>\n<h4 style=\"text-align: center;\"><span style=\"color: #ffffff;\">The Blue BOAT Initiative se constituye bajo la siguiente institucionalidad:<\/span><\/h4>\n<p>[\/vc_column_text][vc_row_inner equal_height=\u00bbyes\u00bb][vc_column_inner width=\u00bb1\/2&#8243; css=\u00bb.vc_custom_1611159935739{margin-right: 10px !important;border-top-width: 2px !important;border-right-width: 2px !important;border-bottom-width: 2px !important;border-left-width: 2px !important;padding-top: 20px !important;padding-right: 20px !important;padding-bottom: 20px !important;padding-left: 20px !important;border-left-color: #74faff !important;border-left-style: solid !important;border-right-color: #74faff !important;border-right-style: solid !important;border-top-color: #74faff !important;border-top-style: solid !important;border-bottom-color: #74faff !important;border-bottom-style: solid !important;}\u00bb][vc_hoverbox image=\u00bb55&#8243; primary_title=\u00bbComit\u00e9 Ejecutivo\u00bb primary_title_font_container=\u00bbcolor:%23ffffff\u00bb primary_title_use_theme_fonts=\u00bbyes\u00bb hover_title=\u00bbComit\u00e9 Ejecutivo\u00bb hover_title_font_container=\u00bbcolor:%23ffffff\u00bb hover_title_use_theme_fonts=\u00bbyes\u00bb shape=\u00bbsquare\u00bb hover_background_color=\u00bbcustom\u00bb use_custom_fonts_primary_title=\u00bbtrue\u00bb use_custom_fonts_hover_title=\u00bbtrue\u00bb hover_custom_background=\u00bb#30303a\u00bb]Instancia a cargo de ejecutar el proyecto, conforme a los objetivos definidos.<\/p>\n<h6>Instituciones:<\/h6>\n<p>&#8211; Ministerio Medio Ambiente<br \/>\n&#8211; Fondo Monetario Internacional<br \/>\n&#8211; Fundaci\u00f3n MERI<br \/>\n&#8211; Filantrop\u00eda Cort\u00e9s Solari[\/vc_hoverbox][\/vc_column_inner][vc_column_inner width=\u00bb1\/2&#8243; css=\u00bb.vc_custom_1611159928065{margin-left: 10px !important;border-top-width: 2px !important;border-right-width: 2px !important;border-bottom-width: 2px !important;border-left-width: 2px !important;padding-top: 20px !important;padding-right: 20px !important;padding-bottom: 20px !important;padding-left: 20px !important;border-left-color: #74faff !important;border-left-style: solid !important;border-right-color: #74faff !important;border-right-style: solid !important;border-top-color: #74faff !important;border-top-style: solid !important;border-bottom-color: #74faff !important;border-bottom-style: solid !important;}\u00bb][vc_hoverbox image=\u00bb56&#8243; primary_title=\u00bbComit\u00e9 Consultivo\u00bb primary_title_font_container=\u00bbcolor:%23ffffff\u00bb primary_title_use_theme_fonts=\u00bbyes\u00bb hover_title=\u00bbComit\u00e9 Consultivo\u00bb hover_title_font_container=\u00bbcolor:%23ffffff\u00bb hover_title_use_theme_fonts=\u00bbyes\u00bb shape=\u00bbsquare\u00bb hover_background_color=\u00bbcustom\u00bb use_custom_fonts_primary_title=\u00bbtrue\u00bb use_custom_fonts_hover_title=\u00bbtrue\u00bb hover_custom_background=\u00bb#30303a\u00bb]\u00d3rgano asesor, que acompa\u00f1a la toma de decisiones estrat\u00e9gicas, aportando recomendaciones y redes para aumentar el impacto, alcance y visibilidad del proyecto.<\/p>\n<h6>Instituciones:<\/h6>\n<p>Ministerio de Medio Ambiente, Fundaci\u00f3n MERI, Ministerio de Ciencias, tecnolog\u00eda, conocimiento e innovaci\u00f3n, Ministerio de Relaciones Exteriores, DIRECTEMAR\/DIRINMAR, SUBPESCA, SERNAPESCA, Sense of Silence Foundation, Environmental Defense Fund, Intergovernmental Panel on Climate Change, National Oceanic and Atmospheric Administration, International Monetary Fund, Marcelo Mena y Cristian Rojas[\/vc_hoverbox][\/vc_column_inner][\/vc_row_inner][\/vc_column][\/vc_row][vc_row full_width=\u00bbstretch_row\u00bb css=\u00bb.vc_custom_1611179628731{margin-bottom: 0px !important;border-bottom-width: 0px !important;padding-bottom: 50px !important;background-color: #011327 !important;}\u00bb][vc_column css=\u00bb.vc_custom_1611160968085{margin-top: 20px !important;border-top-width: 2px !important;border-right-width: 2px !important;border-bottom-width: 2px !important;border-left-width: 2px !important;border-left-color: #74faff !important;border-left-style: solid !important;border-right-color: #74faff !important;border-right-style: solid !important;border-top-color: #74faff !important;border-top-style: solid !important;border-bottom-color: #74faff !important;border-bottom-style: solid !important;}\u00bb][vc_column_text]<\/p>\n<h2 style=\"text-align: center;\">Mesas de Trabajo<\/h2>\n<p>[\/vc_column_text][vc_column_text]<\/p>\n<p style=\"text-align: center;\">Instancias multisectoriales para que expertos de diferentes \u00e1reas efect\u00faen recomendaciones en tem\u00e1ticas<br \/>\nrelacionadas con la realizaci\u00f3n del proyecto en funci\u00f3n de cada etapa.<\/p>\n<p>[\/vc_column_text][vc_row_inner equal_height=\u00bbyes\u00bb][vc_column_inner width=\u00bb1\/2&#8243; css=\u00bb.vc_custom_1611160484787{margin-right: 10px !important;padding-top: 20px !important;padding-right: 20px !important;padding-bottom: 20px !important;padding-left: 20px !important;}\u00bb][vc_hoverbox image=\u00bb70&#8243; primary_title=\u00bbMesas Cient\u00edficas\u00bb primary_title_font_container=\u00bbcolor:%23ffffff\u00bb primary_title_use_theme_fonts=\u00bbyes\u00bb hover_title=\u00bb\u00bb shape=\u00bbsquare\u00bb hover_background_color=\u00bbcustom\u00bb use_custom_fonts_primary_title=\u00bbtrue\u00bb hover_custom_background=\u00bb#30303a\u00bb]Estas mesas abordar\u00e1n diversas aristas de la bioac\u00fastica, como lo son sus aplicaciones a estudios de la biodiversidad marina en general, y de las ballenas en particular, adem\u00e1s de abordar la discusi\u00f3n de los oc\u00e9anos como ecosistemas mitigadores del cambio clim\u00e1tico y el uso de la data de oceanograf\u00eda f\u00edsica. Gracias a la expertiz de los participantes se podr\u00e1 discutir sobre las tecnolog\u00edas disponibles, el an\u00e1lisis de los registros obtenidos, as\u00ed como evaluar los lugares estrat\u00e9gicos donde esta metodolog\u00eda es adecuada para replicar el proyecto en posteriores etapas.[\/vc_hoverbox][\/vc_column_inner][vc_column_inner width=\u00bb1\/2&#8243; css=\u00bb.vc_custom_1611160469332{margin-left: 10px !important;padding-top: 20px !important;padding-right: 20px !important;padding-bottom: 20px !important;padding-left: 20px !important;}\u00bb][vc_hoverbox image=\u00bb71&#8243; primary_title=\u00bbMesa Ciencia y Ciudadan\u00eda\u00bb primary_title_font_container=\u00bbcolor:%23ffffff\u00bb primary_title_use_theme_fonts=\u00bbyes\u00bb hover_title=\u00bb\u00bb shape=\u00bbsquare\u00bb hover_background_color=\u00bbcustom\u00bb use_custom_fonts_primary_title=\u00bbtrue\u00bb hover_custom_background=\u00bb#30303a\u00bb]Congrega a los principales actores de la sociedad civil y cient\u00edfica, relacionados con la conservaci\u00f3n y el rol de los servicios ecosist\u00e9micos en la mitigaci\u00f3n del cambio clim\u00e1tico, con el objetivo de proponer iniciativas que apunten a sensibilizar a la poblaci\u00f3n sobre esta tem\u00e1tica. El cambio clim\u00e1tico es un fen\u00f3meno multidimensional, que requiere de m\u00faltiples abordajes, que van desde lo ambiental, hasta lo social, cultural y econ\u00f3mico.[\/vc_hoverbox][\/vc_column_inner][\/vc_row_inner][vc_row_inner equal_height=\u00bbyes\u00bb][vc_column_inner width=\u00bb1\/2&#8243; css=\u00bb.vc_custom_1611160484787{margin-right: 10px !important;padding-top: 20px !important;padding-right: 20px !important;padding-bottom: 20px !important;padding-left: 20px !important;}\u00bb][vc_hoverbox image=\u00bb72&#8243; primary_title=\u00bbMesa Tr\u00e1fico Mar\u00edtimo\u00bb primary_title_font_container=\u00bbcolor:%23ffffff\u00bb primary_title_use_theme_fonts=\u00bbyes\u00bb hover_title=\u00bb\u00bb shape=\u00bbsquare\u00bb hover_background_color=\u00bbcustom\u00bb use_custom_fonts_primary_title=\u00bbtrue\u00bb hover_custom_background=\u00bb#30303a\u00bb]Constituida para discutir sobre c\u00f3mo impulsar una regulaci\u00f3n del tr\u00e1fico mar\u00edtimo para evitar las colisiones con cet\u00e1ceos. La reducci\u00f3n de la amenaza de las colisiones es un tema complejo de abordar, producto de la diferencia de factores seg\u00fan las regiones y estaciones. Actualmente, el 90% de las mercanc\u00edas a nivel mundial es transportado por los oc\u00e9anos, y el riesgo de colisiones con cet\u00e1ceos ha sido identificado por La Comisi\u00f3n Ballenera Internacional como una preocupaci\u00f3n de conservaci\u00f3n en todo el mundo.[\/vc_hoverbox][\/vc_column_inner][vc_column_inner width=\u00bb1\/2&#8243; css=\u00bb.vc_custom_1611160469332{margin-left: 10px !important;padding-top: 20px !important;padding-right: 20px !important;padding-bottom: 20px !important;padding-left: 20px !important;}\u00bb][vc_hoverbox image=\u00bb73&#8243; primary_title=\u00bbMesa Tecnol\u00f3gica\u00bb primary_title_font_container=\u00bbcolor:%23ffffff\u00bb primary_title_use_theme_fonts=\u00bbyes\u00bb hover_title=\u00bb\u00bb shape=\u00bbsquare\u00bb hover_background_color=\u00bbcustom\u00bb hover_btn_title=\u00bbM\u00e1s informaci\u00f3n\u00bb hover_btn_style=\u00bboutline\u00bb hover_btn_shape=\u00bbround\u00bb hover_btn_size=\u00bbsm\u00bb use_custom_fonts_primary_title=\u00bbtrue\u00bb hover_add_button=\u00bbtrue\u00bb hover_custom_background=\u00bb#30303a\u00bb hover_btn_link=\u00bburl:%2Fmesa-tecnologica%2F\u00bb]Aborda la log\u00edstica necesaria para el buen desarrollo del proyecto, desde la arista ac\u00fastica y oceanogr\u00e1fica, as\u00ed como todos los aspectos relativos a la correcta instalaci\u00f3n, transmisi\u00f3n, almacenamiento y procesamiento de datos obtenidos. Este proyecto instalar\u00e1 y conectar\u00e1 la primera red sudamericana de boyas inteligentes capaces de alertar de la presencia de ballenas para evitar sus colisiones con embarcaciones y de monitorear el impacto del cambio clim\u00e1tico en los oc\u00e9anos.[\/vc_hoverbox][\/vc_column_inner][\/vc_row_inner][\/vc_column][\/vc_row]<\/p>\n<\/div>","protected":false},"excerpt":{"rendered":"<p>[vc_row full_width=\u00bbstretch_row\u00bb css=\u00bb.vc_custom_1642187307080{margin-bottom: 0px !important;padding-top: 200px !important;padding-bottom: 200px !important;background-image: url(https:\/\/fundacionmeri.cl\/theblueboatinitiative\/wp-content\/uploads\/2022\/01\/Interior-Organizacion.jpg?id=772) !important;background-position: center !important;background-repeat: no-repeat !important;background-size: cover !important;}\u00bb][vc_column width=\u00bb1\/2&#8243;][vc_column_text css=\u00bb.vc_custom_1642187409000{border-bottom-width: 2px&#8230;<\/p>\n","protected":false},"author":1,"featured_media":0,"parent":0,"menu_order":0,"comment_status":"closed","ping_status":"closed","template":"","meta":{"footnotes":""},"class_list":["post-583","page","type-page","status-publish"],"translation":{"provider":"WPGlobus","version":"3.0.2","language":"es","enabled_languages":["es","en"],"languages":{"es":{"title":true,"content":true,"excerpt":false},"en":{"title":true,"content":true,"excerpt":false}}},"_links":{"self":[{"href":"https:\/\/fundacionmeri.cl\/theblueboatinitiative\/wp-json\/wp\/v2\/pages\/583","targetHints":{"allow":["GET"]}}],"collection":[{"href":"https:\/\/fundacionmeri.cl\/theblueboatinitiative\/wp-json\/wp\/v2\/pages"}],"about":[{"href":"https:\/\/fundacionmeri.cl\/theblueboatinitiative\/wp-json\/wp\/v2\/types\/page"}],"author":[{"embeddable":true,"href":"https:\/\/fundacionmeri.cl\/theblueboatinitiative\/wp-json\/wp\/v2\/users\/1"}],"replies":[{"embeddable":true,"href":"https:\/\/fundacionmeri.cl\/theblueboatinitiative\/wp-json\/wp\/v2\/comments?post=583"}],"version-history":[{"count":14,"href":"https:\/\/fundacionmeri.cl\/theblueboatinitiative\/wp-json\/wp\/v2\/pages\/583\/revisions"}],"predecessor-version":[{"id":782,"href":"https:\/\/fundacionmeri.cl\/theblueboatinitiative\/wp-json\/wp\/v2\/pages\/583\/revisions\/782"}],"wp:attachment":[{"href":"https:\/\/fundacionmeri.cl\/theblueboatinitiative\/wp-json\/wp\/v2\/media?parent=583"}],"curies":[{"name":"wp","href":"https:\/\/api.w.org\/{rel}","templated":true}]}}