{"id":859,"date":"2022-03-24T16:57:50","date_gmt":"2022-03-24T19:57:50","guid":{"rendered":"https:\/\/theblueboatinitiative.org\/?page_id=859"},"modified":"2022-10-31T22:46:35","modified_gmt":"2022-11-01T01:46:35","slug":"entrevista-con","status":"publish","type":"page","link":"https:\/\/fundacionmeri.cl\/theblueboatinitiative\/en\/entrevista-con\/","title":{"rendered":"Interviews"},"content":{"rendered":"<div class=\"wpb-content-wrapper\"><p>[vc_row full_width=&#8221;stretch_row&#8221; css=&#8221;.vc_custom_1648761689805{margin-bottom: 0px !important;padding-top: 200px !important;padding-bottom: 200px !important;background-image: url(https:\/\/fundacionmeri.cl\/theblueboatinitiative\/wp-content\/uploads\/2022\/03\/Banner-Nueva-Seccio\u0301n.jpg?id=860) !important;background-position: center !important;background-repeat: no-repeat !important;background-size: cover !important;}&#8221;][vc_column width=&#8221;1\/2&#8243;][vc_column_text css=&#8221;.vc_custom_1648823982086{border-bottom-width: 2px !important;border-bottom-color: #75faff !important;border-bottom-style: solid !important;border-radius: 2px !important;}&#8221;]<\/p>\n<h1><span style=\"color: #ffffff;\">Interviews<\/span><\/h1>\n<p>[\/vc_column_text][vc_column_text css_animation=&#8221;none&#8221;]<\/p>\n<p style=\"text-align: left;\">You will find everything you would like to know about our project The Blue BOAT Initiative in these interviews with well-known professionals who participate in it.<\/p>\n<p>[\/vc_column_text][\/vc_column][vc_column width=&#8221;1\/2&#8243;][\/vc_column][\/vc_row][vc_row content_placement=&#8221;middle&#8221; css=&#8221;.vc_custom_1651167253656{padding-top: 50px !important;}&#8221;][vc_column width=&#8221;1\/2&#8243;][vc_column_text]<iframe title=\"YouTube video player\" src=\"https:\/\/www.youtube.com\/embed\/qsXZpCeuF4o\" width=\"560\" height=\"315\" frameborder=\"0\" allowfullscreen=\"allowfullscreen\"><\/iframe>[\/vc_column_text][\/vc_column][vc_column width=&#8221;1\/2&#8243;][vc_column_text css=&#8221;.vc_custom_1665759554097{border-bottom-width: 2px !important;border-bottom-color: #75faff !important;border-bottom-style: solid !important;border-radius: 2px !important;}&#8221;]<\/p>\n<h3>Jacqueline Gonz\u00e1lez<\/h3>\n<p>[\/vc_column_text][vc_column_text]We talked with Jacqueline Gonz\u00e1lez, from the Sustainable Ocean Alliance (SOA).<\/p>\n<p>The conversation focused on what SOA is and its role in the protection of natural resources and biodiversity.<\/p>\n<p>We also talked about the importance of alliances to achieve great goals such as the protection of the oceans and the role that young people have in these activities.<\/p>\n<p>Don&#8217;t miss this conversation and discover what are the main threats to whales in Chile, and the challenges for the protection of cetaceans.[\/vc_column_text][\/vc_column][\/vc_row][vc_row content_placement=&#8221;middle&#8221; css=&#8221;.vc_custom_1648762694554{padding-top: 50px !important;padding-bottom: 50px !important;}&#8221;][vc_column width=&#8221;1\/2&#8243;][vc_column_text css=&#8221;.vc_custom_1665619508769{border-bottom-width: 2px !important;border-bottom-color: #75faff !important;border-bottom-style: solid !important;border-radius: 2px !important;}&#8221;]<\/p>\n<h3>Mari\u0301a Jose\u0301 Zegers<\/h3>\n<p>[\/vc_column_text][vc_column_text]We talked with Mar\u00eda Jos\u00e9 Zegers, Partner Zegers Abogados.<\/p>\n<p>The conversation focused on environmental law, what are the rights nature has, and what legal figures exist for its protection.<\/p>\n<p>We also talked about the challenges presented by the participation of citizens and NGOs in the enforcement of environmental laws and regulations, and the protection of whales.<\/p>\n<p>Don\u2019t miss this conversation and discover the importance of listening to the whales and ocean.[\/vc_column_text][\/vc_column][vc_column width=&#8221;1\/2&#8243;][vc_column_text]<iframe title=\"YouTube video player\" src=\"https:\/\/www.youtube.com\/embed\/fq8egVsFxlo\" width=\"560\" height=\"315\" frameborder=\"0\" allowfullscreen=\"allowfullscreen\"><\/iframe>[\/vc_column_text][\/vc_column][\/vc_row][vc_row content_placement=&#8221;middle&#8221; css=&#8221;.vc_custom_1651167253656{padding-top: 50px !important;}&#8221;][vc_column width=&#8221;1\/2&#8243;][vc_column_text]<iframe title=\"YouTube video player\" src=\"https:\/\/www.youtube.com\/embed\/5cva3yAIH9U\" width=\"560\" height=\"315\" frameborder=\"0\" allowfullscreen=\"allowfullscreen\"><\/iframe>[\/vc_column_text][\/vc_column][vc_column width=&#8221;1\/2&#8243;][vc_column_text css=&#8221;.vc_custom_1665613835149{border-bottom-width: 2px !important;border-bottom-color: #75faff !important;border-bottom-style: solid !important;border-radius: 2px !important;}&#8221;]<\/p>\n<h3>Viviana Pinto<\/h3>\n<p>[\/vc_column_text][vc_column_text]We spoke with Viviana Pinto, Executive Director of Plastic Oceans.<\/p>\n<p>The conversation focused on what Plastic Oceans is, and the key work they do in Chile.<\/p>\n<p>We also talked about how plastic pollution can affect the ocean and whales.<\/p>\n<p>Do not miss this conversation and find out what are the main threats to whales in Chile, and the challenges for the protection of cetaceans.[\/vc_column_text][\/vc_column][\/vc_row][vc_row content_placement=&#8221;middle&#8221; css=&#8221;.vc_custom_1648762694554{padding-top: 50px !important;padding-bottom: 50px !important;}&#8221;][vc_column width=&#8221;1\/2&#8243;][vc_column_text css=&#8221;.vc_custom_1665773460881{border-bottom-width: 2px !important;border-bottom-color: #75faff !important;border-bottom-style: solid !important;border-radius: 2px !important;}&#8221;]<\/p>\n<h3>CA LT Juan Gajardo Romero<\/h3>\n<p>[\/vc_column_text][vc_column_text]We spoke with Rear Admiral Juan Gajardo Romero, Director of Maritime Interests and Acoustic Environment.<\/p>\n<p>The conversation focused on what DIRINMAR is, and the role of the Chilean Navy in the protection of marine natural resources and biodiversity.<\/p>\n<p>In addition, we talked about the existing regulations in Chile for the protection of cetaceans and how the Chilean Navy supports in this matter.<\/p>\n<p>Do not miss the opportunity to discover what are the main threats to whales in Chile, and the challenges to protecting the cetaceans.[\/vc_column_text][\/vc_column][vc_column width=&#8221;1\/2&#8243;][vc_column_text]<iframe title=\"YouTube video player\" src=\"https:\/\/www.youtube.com\/embed\/eYaNK1WZIXc\" width=\"560\" height=\"315\" frameborder=\"0\" allowfullscreen=\"allowfullscreen\"><\/iframe>[\/vc_column_text][\/vc_column][\/vc_row][vc_row content_placement=&#8221;middle&#8221; css=&#8221;.vc_custom_1651167253656{padding-top: 50px !important;}&#8221;][vc_column width=&#8221;1\/2&#8243;][vc_column_text]<iframe title=\"YouTube video player\" src=\"https:\/\/www.youtube.com\/embed\/JBwr8CFWSZ8\" width=\"560\" height=\"315\" frameborder=\"0\" allowfullscreen=\"allowfullscreen\"><\/iframe>[\/vc_column_text][\/vc_column][vc_column width=&#8221;1\/2&#8243;][vc_column_text css=&#8221;.vc_custom_1663954465286{border-bottom-width: 2px !important;border-bottom-color: #75faff !important;border-bottom-style: solid !important;border-radius: 2px !important;}&#8221;]<\/p>\n<h3>Jaime Letelier<\/h3>\n<p>[\/vc_column_text][vc_column_text]We talked with Jaime Letelier, Oceanography and Environment Department\u2019s Head.<\/p>\n<p>The conversation was about IFOP and its role in the protection of natural resources and marine biodiversity, as well as the consequences of climate change in Chile&#8217;s oceans and how it affects fishery resources.<\/p>\n<p>Do not miss the opportunity to discover what are the main goals and challenges the project Blue BOAT Initiative faces and what results are expected to obtain.[\/vc_column_text][\/vc_column][\/vc_row][vc_row content_placement=&#8221;middle&#8221; css=&#8221;.vc_custom_1648762694554{padding-top: 50px !important;padding-bottom: 50px !important;}&#8221;][vc_column width=&#8221;1\/2&#8243;][vc_column_text css=&#8221;.vc_custom_1663954898790{border-bottom-width: 2px !important;border-bottom-color: #75faff !important;border-bottom-style: solid !important;border-radius: 2px !important;}&#8221;]<\/p>\n<h3>Ko Barrett<\/h3>\n<p>[\/vc_column_text][vc_column_text]We talked with Ko Barrett, Vice-Chair at IPPC and Senior Advisor for Climate at the National Oceanic and Atmospheric Administration (NOAA) The conversation was about what is NOAA and its role in protecting the national natural resources, biodiversity, and economy.<\/p>\n<p>Do not miss the opportunity to discover what are the main goals and challenges the project Blue BOAT Initiative faces and what results are expected to obtain.[\/vc_column_text][\/vc_column][vc_column width=&#8221;1\/2&#8243;][vc_column_text]<iframe title=\"YouTube video player\" src=\"https:\/\/www.youtube.com\/embed\/kyqBzbyNqTo\" width=\"560\" height=\"315\" frameborder=\"0\" allowfullscreen=\"allowfullscreen\"><\/iframe>[\/vc_column_text][\/vc_column][\/vc_row][vc_row content_placement=&#8221;middle&#8221; css=&#8221;.vc_custom_1651167253656{padding-top: 50px !important;}&#8221;][vc_column width=&#8221;1\/2&#8243;][vc_column_text]<iframe title=\"YouTube video player\" src=\"https:\/\/www.youtube.com\/embed\/bukuDcCptDw\" width=\"560\" height=\"315\" frameborder=\"0\" allowfullscreen=\"allowfullscreen\"><\/iframe>[\/vc_column_text][\/vc_column][vc_column width=&#8221;1\/2&#8243;][vc_column_text css=&#8221;.vc_custom_1658335359467{border-bottom-width: 2px !important;border-bottom-color: #75faff !important;border-bottom-style: solid !important;border-radius: 2px !important;}&#8221;]<\/p>\n<h3>Ralph Chami<\/h3>\n<p>[\/vc_column_text][vc_column_text]We talked with Ralph Chami, Assistant Director in the Institute for Capacity Development (ICD) International Monetary Fund (IMF).<\/p>\n<p>The conversation was about why is it important to valorize economically the ecosystem services of whales.<\/p>\n<p>Do not miss the opportunity to discover what are the main goals and challenges the project Blue BOAT Initiative faces and what results are expected to obtain.[\/vc_column_text][\/vc_column][\/vc_row][vc_row content_placement=&#8221;middle&#8221; css=&#8221;.vc_custom_1648762694554{padding-top: 50px !important;padding-bottom: 50px !important;}&#8221;][vc_column width=&#8221;1\/2&#8243;][vc_column_text css=&#8221;.vc_custom_1655916457738{border-bottom-width: 2px !important;border-bottom-color: #75faff !important;border-bottom-style: solid !important;border-radius: 2px !important;}&#8221;]<\/p>\n<h3>Mauricio Ulloa<\/h3>\n<p>[\/vc_column_text][vc_column_text]We talked with Mauricio Ulloa, National Head of the Marine Wildlife Rescue and Conservation Unit of SERNAPESCA.<\/p>\n<p>The conversation was about what is SERNAPESCA, and its role in the protection of natural resources and biodiversity, contributing to the sustainability of hydrobiological resources and the protection of the environment.<\/p>\n<p>Do not miss the opportunity to discover what are the main threats to whales in Chile, and the challenges to protecting the cetaceans.[\/vc_column_text][\/vc_column][vc_column width=&#8221;1\/2&#8243;][vc_column_text]<iframe title=\"YouTube video player\" src=\"https:\/\/www.youtube.com\/embed\/xcrFIVUGG2Q\" width=\"560\" height=\"315\" frameborder=\"0\" allowfullscreen=\"allowfullscreen\"><\/iframe>[\/vc_column_text][\/vc_column][\/vc_row][vc_row content_placement=&#8221;middle&#8221; css=&#8221;.vc_custom_1651167253656{padding-top: 50px !important;}&#8221;][vc_column width=&#8221;1\/2&#8243;][vc_column_text]<iframe title=\"YouTube video player\" src=\"https:\/\/www.youtube.com\/embed\/hkiQ_9lncQ4\" width=\"560\" height=\"315\" frameborder=\"0\" allowfullscreen=\"allowfullscreen\"><\/iframe>[\/vc_column_text][\/vc_column][vc_column width=&#8221;1\/2&#8243;][vc_column_text css=&#8221;.vc_custom_1648765143986{border-bottom-width: 2px !important;border-bottom-color: #75faff !important;border-bottom-style: solid !important;border-radius: 2px !important;}&#8221;]<\/p>\n<h3>Jos\u00e9 An\u00edbal Fern\u00e1ndez<\/h3>\n<p>[\/vc_column_text][vc_column_text]We talked with Sergio Palma, director for Chile of the Environmental Defense Fund. The conversation was about the main projects that this institution leads for the protection of the oceans, their resources and the mitigation of climate change, as well as the challenges they face with The Blue BOAT Initiative.<\/p>\n<p>Do not miss this conversation and discover the importance of science and technology in the development of communities that depend on diverse ecosystems worldwide.[\/vc_column_text][\/vc_column][\/vc_row][vc_row content_placement=&#8221;middle&#8221; css=&#8221;.vc_custom_1648762694554{padding-top: 50px !important;padding-bottom: 50px !important;}&#8221;][vc_column width=&#8221;1\/2&#8243;][vc_column_text css=&#8221;.vc_custom_1648762471106{border-bottom-width: 2px !important;border-bottom-color: #75faff !important;border-bottom-style: solid !important;border-radius: 2px !important;}&#8221;]<\/p>\n<h3>Michel Andr\u00e9<\/h3>\n<p>[\/vc_column_text][vc_column_text]We talked with Michel Andr\u00e9, president of The Sense of Silence Foundation. He told us about bioacoustic, sounds, the acoustic dimension of the ocean and how The Blue BOAT Initiative seeks to reduce the problem of ship strikes and whales.<\/p>\n<p>Don&#8217;t miss this conversation and discover the importance of listening to the whales and ocean.[\/vc_column_text][\/vc_column][vc_column width=&#8221;1\/2&#8243;][vc_column_text]<iframe title=\"YouTube video player\" src=\"https:\/\/www.youtube.com\/embed\/ly39Z1zYwtE\" width=\"560\" height=\"315\" frameborder=\"0\" allowfullscreen=\"allowfullscreen\"><\/iframe>[\/vc_column_text][\/vc_column][\/vc_row][vc_row content_placement=&#8221;middle&#8221; css=&#8221;.vc_custom_1648765848455{padding-bottom: 50px !important;}&#8221;][vc_column width=&#8221;1\/2&#8243;][vc_column_text]<iframe title=\"YouTube video player\" src=\"https:\/\/www.youtube.com\/embed\/6RAtIuUTQLs\" width=\"560\" height=\"315\" frameborder=\"0\" allowfullscreen=\"allowfullscreen\"><\/iframe>[\/vc_column_text][\/vc_column][vc_column width=&#8221;1\/2&#8243;][vc_column_text css=&#8221;.vc_custom_1648765143986{border-bottom-width: 2px !important;border-bottom-color: #75faff !important;border-bottom-style: solid !important;border-radius: 2px !important;}&#8221;]<\/p>\n<h3>Jos\u00e9 An\u00edbal Fern\u00e1ndez<\/h3>\n<p>[\/vc_column_text][vc_column_text]We talk with Jos\u00e9 An\u00edbal Fern\u00e1ndez, director at the Ministry of Foreing Affairs, Commisioner of Chile before the international Whaling Comission and member of The Blue BOAT Initiative proyect. We talk about the importance of cetaceans, their main threats and the role of Chile and the International Whaling Comission in the protection of whales. Find out more at this interview! [\/vc_column_text][\/vc_column][\/vc_row]<\/p>\n<\/div>","protected":false},"excerpt":{"rendered":"<p>[vc_row full_width=&#8221;stretch_row&#8221; css=&#8221;.vc_custom_1648761689805{margin-bottom: 0px !important;padding-top: 200px !important;padding-bottom: 200px !important;background-image: url(https:\/\/fundacionmeri.cl\/theblueboatinitiative\/wp-content\/uploads\/2022\/03\/Banner-Nueva-Seccio\u0301n.jpg?id=860) !important;background-position: center !important;background-repeat: no-repeat !important;background-size: cover !important;}&#8221;][vc_column width=&#8221;1\/2&#8243;][vc_column_text css=&#8221;.vc_custom_1648823982086{border-bottom-width: 2px&#8230;<\/p>\n","protected":false},"author":1,"featured_media":860,"parent":0,"menu_order":0,"comment_status":"closed","ping_status":"closed","template":"","meta":{"footnotes":""},"class_list":["post-859","page","type-page","status-publish","has-post-thumbnail"],"translation":{"provider":"WPGlobus","version":"3.0.2","language":"en","enabled_languages":["es","en"],"languages":{"es":{"title":true,"content":true,"excerpt":false},"en":{"title":true,"content":true,"excerpt":false}}},"_links":{"self":[{"href":"https:\/\/fundacionmeri.cl\/theblueboatinitiative\/en\/wp-json\/wp\/v2\/pages\/859","targetHints":{"allow":["GET"]}}],"collection":[{"href":"https:\/\/fundacionmeri.cl\/theblueboatinitiative\/en\/wp-json\/wp\/v2\/pages"}],"about":[{"href":"https:\/\/fundacionmeri.cl\/theblueboatinitiative\/en\/wp-json\/wp\/v2\/types\/page"}],"author":[{"embeddable":true,"href":"https:\/\/fundacionmeri.cl\/theblueboatinitiative\/en\/wp-json\/wp\/v2\/users\/1"}],"replies":[{"embeddable":true,"href":"https:\/\/fundacionmeri.cl\/theblueboatinitiative\/en\/wp-json\/wp\/v2\/comments?post=859"}],"version-history":[{"count":42,"href":"https:\/\/fundacionmeri.cl\/theblueboatinitiative\/en\/wp-json\/wp\/v2\/pages\/859\/revisions"}],"predecessor-version":[{"id":876,"href":"https:\/\/fundacionmeri.cl\/theblueboatinitiative\/en\/wp-json\/wp\/v2\/pages\/859\/revisions\/876"}],"wp:featuredmedia":[{"embeddable":true,"href":"https:\/\/fundacionmeri.cl\/theblueboatinitiative\/en\/wp-json\/wp\/v2\/media\/860"}],"wp:attachment":[{"href":"https:\/\/fundacionmeri.cl\/theblueboatinitiative\/en\/wp-json\/wp\/v2\/media?parent=859"}],"curies":[{"name":"wp","href":"https:\/\/api.w.org\/{rel}","templated":true}]}}