{"id":583,"date":"2021-11-12T15:39:25","date_gmt":"2021-11-12T18:39:25","guid":{"rendered":"https:\/\/theblueboatinitiative.org\/?page_id=583"},"modified":"2022-01-18T18:12:09","modified_gmt":"2022-01-18T21:12:09","slug":"organizacion","status":"publish","type":"page","link":"https:\/\/fundacionmeri.cl\/theblueboatinitiative\/en\/organizacion\/","title":{"rendered":"Organization"},"content":{"rendered":"<div class=\"wpb-content-wrapper\"><p>[vc_row full_width=&#8221;stretch_row&#8221; css=&#8221;.vc_custom_1642187307080{margin-bottom: 0px !important;padding-top: 200px !important;padding-bottom: 200px !important;background-image: url(https:\/\/fundacionmeri.cl\/theblueboatinitiative\/wp-content\/uploads\/2022\/01\/Interior-Organizacion.jpg?id=772) !important;background-position: center !important;background-repeat: no-repeat !important;background-size: cover !important;}&#8221;][vc_column width=&#8221;1\/2&#8243;][vc_column_text css=&#8221;.vc_custom_1642187677981{border-bottom-width: 2px !important;border-bottom-color: #75faff !important;border-bottom-style: solid !important;border-radius: 2px !important;}&#8221;]<\/p>\n<h1><span style=\"color: #ffffff;\">Organization<\/span><\/h1>\n<p>[\/vc_column_text][\/vc_column][vc_column width=&#8221;1\/2&#8243;][\/vc_column][\/vc_row][vc_row full_width=&#8221;stretch_row&#8221; css=&#8221;.vc_custom_1611265593474{margin-bottom: 0px !important;background-color: #011327 !important;}&#8221; el_id=&#8221;organizacion&#8221;][vc_column][vc_column_text css=&#8221;.vc_custom_1636742981961{padding-top: 30px !important;padding-bottom: 30px !important;}&#8221;]<\/p>\n<h2 style=\"text-align: center;\">The Blue BOAT Initiative: a national project of the Chilean Ministry of the Environment and MERI Foundation<\/h2>\n<p>[\/vc_column_text][vc_column_text css=&#8221;.vc_custom_1611266802121{padding-bottom: 30px !important;}&#8221;]<\/p>\n<h4 style=\"text-align: center;\"><span style=\"color: #ffffff;\">The Blue BOAT Initiative is organized under the following institutional framework:<\/span><\/h4>\n<p>[\/vc_column_text][vc_row_inner equal_height=&#8221;yes&#8221;][vc_column_inner width=&#8221;1\/2&#8243; css=&#8221;.vc_custom_1611159935739{margin-right: 10px !important;border-top-width: 2px !important;border-right-width: 2px !important;border-bottom-width: 2px !important;border-left-width: 2px !important;padding-top: 20px !important;padding-right: 20px !important;padding-bottom: 20px !important;padding-left: 20px !important;border-left-color: #74faff !important;border-left-style: solid !important;border-right-color: #74faff !important;border-right-style: solid !important;border-top-color: #74faff !important;border-top-style: solid !important;border-bottom-color: #74faff !important;border-bottom-style: solid !important;}&#8221;][vc_hoverbox image=&#8221;55&#8243; primary_title=&#8221;Executive Committee&#8221; primary_title_font_container=&#8221;color:%23ffffff&#8221; primary_title_use_theme_fonts=&#8221;yes&#8221; hover_title=&#8221;Executive Committee&#8221; hover_title_font_container=&#8221;color:%23ffffff&#8221; hover_title_use_theme_fonts=&#8221;yes&#8221; shape=&#8221;square&#8221; hover_background_color=&#8221;custom&#8221; use_custom_fonts_primary_title=&#8221;true&#8221; use_custom_fonts_hover_title=&#8221;true&#8221; hover_custom_background=&#8221;#30303a&#8221;]Ensuring the correct execution of the project, and defining the actions needed to fulfill the project objectives<\/p>\n<h6>Institutions:<\/h6>\n<p>&#8211; Ministry of the Environment<br \/>\n&#8211; International Monetary Fund<br \/>\n&#8211; Fundaci\u00f3n MERI<br \/>\n&#8211; Filantrop\u00eda Cort\u00e9s Solari[\/vc_hoverbox][\/vc_column_inner][vc_column_inner width=&#8221;1\/2&#8243; css=&#8221;.vc_custom_1611159928065{margin-left: 10px !important;border-top-width: 2px !important;border-right-width: 2px !important;border-bottom-width: 2px !important;border-left-width: 2px !important;padding-top: 20px !important;padding-right: 20px !important;padding-bottom: 20px !important;padding-left: 20px !important;border-left-color: #74faff !important;border-left-style: solid !important;border-right-color: #74faff !important;border-right-style: solid !important;border-top-color: #74faff !important;border-top-style: solid !important;border-bottom-color: #74faff !important;border-bottom-style: solid !important;}&#8221;][vc_hoverbox image=&#8221;56&#8243; primary_title=&#8221;Advisory Committee&#8221; primary_title_font_container=&#8221;color:%23ffffff&#8221; primary_title_use_theme_fonts=&#8221;yes&#8221; hover_title=&#8221;Advisory Committee&#8221; hover_title_font_container=&#8221;color:%23ffffff&#8221; hover_title_use_theme_fonts=&#8221;yes&#8221; shape=&#8221;square&#8221; hover_background_color=&#8221;custom&#8221; use_custom_fonts_primary_title=&#8221;true&#8221; use_custom_fonts_hover_title=&#8221;true&#8221; hover_custom_background=&#8221;#30303a&#8221;]Giving support and advice in strategic decision-making, and provide networks and recommendations to increase the project visibility, impact and scope<\/p>\n<h6>Institutions:<\/h6>\n<p>Fundaci\u00f3n Sense of Silence, Fondo Monetario Internacional, Ministerio de Relaciones Exteriores, Ministerio de Ciencia, Tecnolog\u00eda, Conocimiento e Innovaci\u00f3n, DIRECTEMAR, DIRINMAR, SUBPESCA, SERNAPESCA, EDF (Environmental Defense Fund) \u2013 Programa Oce\u00e1nos, IPCC, NOAA[\/vc_hoverbox][\/vc_column_inner][\/vc_row_inner][\/vc_column][\/vc_row][vc_row full_width=&#8221;stretch_row&#8221; css=&#8221;.vc_custom_1642187763259{margin-bottom: 50px !important;border-bottom-width: 0px !important;padding-bottom: 50px !important;background-color: #011327 !important;}&#8221;][vc_column css=&#8221;.vc_custom_1611160968085{margin-top: 20px !important;border-top-width: 2px !important;border-right-width: 2px !important;border-bottom-width: 2px !important;border-left-width: 2px !important;border-left-color: #74faff !important;border-left-style: solid !important;border-right-color: #74faff !important;border-right-style: solid !important;border-top-color: #74faff !important;border-top-style: solid !important;border-bottom-color: #74faff !important;border-bottom-style: solid !important;}&#8221;][vc_column_text]<\/p>\n<h2 style=\"text-align: center;\">Work Groups<\/h2>\n<p>[\/vc_column_text][vc_column_text]<\/p>\n<p style=\"text-align: center;\">Multi-sectoral expert groups from different areas that make recommendations on issues related to the implementation of the project according to each stage.<\/p>\n<p>[\/vc_column_text][vc_row_inner equal_height=&#8221;yes&#8221;][vc_column_inner width=&#8221;1\/2&#8243; css=&#8221;.vc_custom_1611160484787{margin-right: 10px !important;padding-top: 20px !important;padding-right: 20px !important;padding-bottom: 20px !important;padding-left: 20px !important;}&#8221;][vc_hoverbox image=&#8221;70&#8243; primary_title=&#8221;Scientific Work Group&#8221; primary_title_font_container=&#8221;color:%23ffffff&#8221; primary_title_use_theme_fonts=&#8221;yes&#8221; hover_title=&#8221;&#8221; shape=&#8221;square&#8221; hover_background_color=&#8221;custom&#8221; use_custom_fonts_primary_title=&#8221;true&#8221; hover_custom_background=&#8221;#30303a&#8221;]This group will address various aspects of Bioacoustics, such as its applications to studies of marine biodiversity in general, and whales in particular, among other matters. It will also address the discussion of the oceans as ecosystems that mitigate climate change and the use of physical oceanographic data.<br \/>\nThese expert work groups will discuss the available technologies, the analysis of the records obtained, as well as to evaluate the strategic places where this methodology is suitable to replicate the project in later stages.[\/vc_hoverbox][\/vc_column_inner][vc_column_inner width=&#8221;1\/2&#8243; css=&#8221;.vc_custom_1611160469332{margin-left: 10px !important;padding-top: 20px !important;padding-right: 20px !important;padding-bottom: 20px !important;padding-left: 20px !important;}&#8221;][vc_hoverbox image=&#8221;71&#8243; primary_title=&#8221;Science and Citizen&#8221; primary_title_font_container=&#8221;color:%23ffffff&#8221; primary_title_use_theme_fonts=&#8221;yes&#8221; hover_title=&#8221;&#8221; shape=&#8221;square&#8221; hover_background_color=&#8221;custom&#8221; use_custom_fonts_primary_title=&#8221;true&#8221; hover_custom_background=&#8221;#30303a&#8221;]This group will bring together key civil society and scientific stakeholders involved in conservation, climate change and the role of ecosystem services in climate change mitigation. Its objective will be to propose initiatives aimed at raising awareness of this issue. Climate change is a multidimensional phenomenon that requires multiple approaches, ranging from the environmental to the social, cultural and financial.[\/vc_hoverbox][\/vc_column_inner][\/vc_row_inner][vc_row_inner equal_height=&#8221;yes&#8221;][vc_column_inner width=&#8221;1\/2&#8243; css=&#8221;.vc_custom_1611160484787{margin-right: 10px !important;padding-top: 20px !important;padding-right: 20px !important;padding-bottom: 20px !important;padding-left: 20px !important;}&#8221;][vc_hoverbox image=&#8221;72&#8243; primary_title=&#8221;Maritime Traffic&#8221; primary_title_font_container=&#8221;color:%23ffffff&#8221; primary_title_use_theme_fonts=&#8221;yes&#8221; hover_title=&#8221;&#8221; shape=&#8221;square&#8221; hover_background_color=&#8221;custom&#8221; use_custom_fonts_primary_title=&#8221;true&#8221; hover_custom_background=&#8221;#30303a&#8221;]This group will discuss how to promote a mandatory regulation of maritime traffic to avoid collisions with cetaceans. Reducing the threat of collisions is a complex issue to address, due to the variation of factors depending on the region and the season. Today, 90% of the world&#8217;s freight is transported by sea, and the risk of collisions between vessels and cetaceans has been identified by the International Whaling Commission as a worldwide conservation concern.[\/vc_hoverbox][\/vc_column_inner][vc_column_inner width=&#8221;1\/2&#8243; css=&#8221;.vc_custom_1611160469332{margin-left: 10px !important;padding-top: 20px !important;padding-right: 20px !important;padding-bottom: 20px !important;padding-left: 20px !important;}&#8221;][vc_hoverbox image=&#8221;73&#8243; primary_title=&#8221;Technology Work Group&#8221; primary_title_font_container=&#8221;color:%23ffffff&#8221; primary_title_use_theme_fonts=&#8221;yes&#8221; hover_title=&#8221;&#8221; shape=&#8221;square&#8221; hover_background_color=&#8221;custom&#8221; hover_btn_title=&#8221;More information&#8221; hover_btn_style=&#8221;outline&#8221; hover_btn_shape=&#8221;round&#8221; hover_btn_size=&#8221;sm&#8221; use_custom_fonts_primary_title=&#8221;true&#8221; hover_add_button=&#8221;true&#8221; hover_custom_background=&#8221;#30303a&#8221; hover_btn_link=&#8221;url:%2Fen%2Fmesa-tecnologica%2F&#8221;]This group shall address the logistics necessary for the proper development of the project, from the acoustic and oceanographic aspects to all the aspects related to the proper installation, transmission, storage and processing of the data collected. This project will install and connect the first South American network of sonobuoys, with sensors for temperature, pH, salinity, nutrients, chlorophyll and dissolved oxygen, to record variations and serve as indicators of climate change in the oceans.[\/vc_hoverbox][\/vc_column_inner][\/vc_row_inner][\/vc_column][\/vc_row]<\/p>\n<\/div>","protected":false},"excerpt":{"rendered":"<p>[vc_row full_width=&#8221;stretch_row&#8221; css=&#8221;.vc_custom_1642187307080{margin-bottom: 0px !important;padding-top: 200px !important;padding-bottom: 200px !important;background-image: url(https:\/\/fundacionmeri.cl\/theblueboatinitiative\/wp-content\/uploads\/2022\/01\/Interior-Organizacion.jpg?id=772) !important;background-position: center !important;background-repeat: no-repeat !important;background-size: cover !important;}&#8221;][vc_column width=&#8221;1\/2&#8243;][vc_column_text css=&#8221;.vc_custom_1642187677981{border-bottom-width: 2px&#8230;<\/p>\n","protected":false},"author":1,"featured_media":0,"parent":0,"menu_order":0,"comment_status":"closed","ping_status":"closed","template":"","meta":{"footnotes":""},"class_list":["post-583","page","type-page","status-publish"],"translation":{"provider":"WPGlobus","version":"3.0.2","language":"en","enabled_languages":["es","en"],"languages":{"es":{"title":true,"content":true,"excerpt":false},"en":{"title":true,"content":true,"excerpt":false}}},"_links":{"self":[{"href":"https:\/\/fundacionmeri.cl\/theblueboatinitiative\/en\/wp-json\/wp\/v2\/pages\/583","targetHints":{"allow":["GET"]}}],"collection":[{"href":"https:\/\/fundacionmeri.cl\/theblueboatinitiative\/en\/wp-json\/wp\/v2\/pages"}],"about":[{"href":"https:\/\/fundacionmeri.cl\/theblueboatinitiative\/en\/wp-json\/wp\/v2\/types\/page"}],"author":[{"embeddable":true,"href":"https:\/\/fundacionmeri.cl\/theblueboatinitiative\/en\/wp-json\/wp\/v2\/users\/1"}],"replies":[{"embeddable":true,"href":"https:\/\/fundacionmeri.cl\/theblueboatinitiative\/en\/wp-json\/wp\/v2\/comments?post=583"}],"version-history":[{"count":14,"href":"https:\/\/fundacionmeri.cl\/theblueboatinitiative\/en\/wp-json\/wp\/v2\/pages\/583\/revisions"}],"predecessor-version":[{"id":782,"href":"https:\/\/fundacionmeri.cl\/theblueboatinitiative\/en\/wp-json\/wp\/v2\/pages\/583\/revisions\/782"}],"wp:attachment":[{"href":"https:\/\/fundacionmeri.cl\/theblueboatinitiative\/en\/wp-json\/wp\/v2\/media?parent=583"}],"curies":[{"name":"wp","href":"https:\/\/api.w.org\/{rel}","templated":true}]}}