{"id":4063,"date":"2023-06-01T18:39:38","date_gmt":"2023-06-01T18:39:38","guid":{"rendered":"https:\/\/fundacionmeri.cl\/novopangea\/?page_id=4063"},"modified":"2023-06-07T16:08:18","modified_gmt":"2023-06-07T16:08:18","slug":"novopangea-2021","status":"publish","type":"page","link":"https:\/\/fundacionmeri.cl\/novopangea\/novopangea-2021\/","title":{"rendered":"NovoPangea 2021"},"content":{"rendered":"<div class=\"wpb-content-wrapper\"><p>[vc_row css=\u00bb.vc_custom_1651179158103{margin-bottom: 0px !important;}\u00bb][vc_column]\n\t\t\t<!-- START Novo Online 2021 REVOLUTION SLIDER 6.7.38 --><p class=\"rs-p-wp-fix\"><\/p>\n\t\t\t<rs-module-wrap id=\"rev_slider_16_1_wrapper\" data-source=\"gallery\" style=\"visibility:hidden;background:transparent;padding:0;margin:0px auto;margin-top:0;margin-bottom:0;\">\n\t\t\t\t<rs-module id=\"rev_slider_16_1\" style=\"\" data-version=\"6.7.38\">\n\t\t\t\t\t<rs-slides style=\"overflow: hidden; position: absolute;\">\n\t\t\t\t\t\t<rs-slide style=\"position: absolute;\" data-key=\"rs-33\" data-title=\"Slide\" data-anim=\"adpr:false;\" data-in=\"o:0;\" data-out=\"a:false;\">\n\t\t\t\t\t\t\t<img src=\"\/\/fundacionmeri.cl\/novopangea\/wp-content\/uploads\/2023\/05\/np_banner2.jpg\" alt=\"\" title=\"np_banner2\" width=\"2000\" height=\"628\" class=\"rev-slidebg tp-rs-img\" data-no-retina>\n<!--\n\t\t\t\t\t\t\t--><rs-layer\n\t\t\t\t\t\t\t\tid=\"slider-16-slide-33-layer-0\" \n\t\t\t\t\t\t\t\tdata-type=\"text\"\n\t\t\t\t\t\t\t\tdata-rsp_ch=\"on\"\n\t\t\t\t\t\t\t\tdata-xy=\"x:c;xo:-260px,0,0,0;yo:171px,230px,178px,212px;\"\n\t\t\t\t\t\t\t\tdata-text=\"w:normal;s:50,36,36,37;l:55,40,39,41;fw:700;\"\n\t\t\t\t\t\t\t\tdata-frame_0=\"x:-100%;skX:45;\"\n\t\t\t\t\t\t\t\tdata-frame_1=\"sp:1000;\"\n\t\t\t\t\t\t\t\tdata-frame_999=\"o:0;st:w;\"\n\t\t\t\t\t\t\t\tstyle=\"z-index:5;font-family:'Fira Sans';\"\n\t\t\t\t\t\t\t>NovoPangea Online \n\t\t\t\t\t\t\t<\/rs-layer><!--\n\n\t\t\t\t\t\t\t--><rs-layer\n\t\t\t\t\t\t\t\tid=\"slider-16-slide-33-layer-1\" \n\t\t\t\t\t\t\t\tdata-type=\"text\"\n\t\t\t\t\t\t\t\tdata-rsp_ch=\"on\"\n\t\t\t\t\t\t\t\tdata-xy=\"x:c;xo:-257px,0,0,-1px;yo:237px,305px,238px,267px;\"\n\t\t\t\t\t\t\t\tdata-text=\"w:normal;s:35,23,19,23;l:52,28,24,28;fw:700;\"\n\t\t\t\t\t\t\t\tdata-dim=\"w:493px,auto,auto,auto;\"\n\t\t\t\t\t\t\t\tdata-frame_999=\"o:0;e:power4.inOut;st:w;sp:1000;\"\n\t\t\t\t\t\t\t\tstyle=\"z-index:6;font-family:'Fira Sans';\"\n\t\t\t\t\t\t\t>Unidos por la Acci\u00f3n Clim\u00e1tica \n\t\t\t\t\t\t\t<\/rs-layer><!--\n\n\t\t\t\t\t\t\t--><rs-layer\n\t\t\t\t\t\t\t\tid=\"slider-16-slide-33-layer-2\" \n\t\t\t\t\t\t\t\tdata-type=\"text\"\n\t\t\t\t\t\t\t\tdata-rsp_ch=\"on\"\n\t\t\t\t\t\t\t\tdata-xy=\"x:c;xo:-251px,5px,0,0;yo:292px,160px,115px,154px;\"\n\t\t\t\t\t\t\t\tdata-text=\"w:normal;s:50,36,36,37;l:55,40,39,41;fw:700;a:left,center,center,center;\"\n\t\t\t\t\t\t\t\tdata-frame_0=\"x:-100%;skX:45;\"\n\t\t\t\t\t\t\t\tdata-frame_1=\"sp:1000;\"\n\t\t\t\t\t\t\t\tdata-frame_999=\"o:0;st:w;\"\n\t\t\t\t\t\t\t\tstyle=\"z-index:5;font-family:'Fira Sans';\"\n\t\t\t\t\t\t\t>2021 \n\t\t\t\t\t\t\t<\/rs-layer><!--\n-->\t\t\t\t\t<\/rs-slide>\n\t\t\t\t\t<\/rs-slides>\n\t\t\t\t<\/rs-module>\n\t\t\t\t<script>\n\t\t\t\t\tsetREVStartSize({c: 'rev_slider_16_1',rl:[1240,1024,778,480],el:[620,568,560,520],gw:[2000,1024,778,570],gh:[620,568,560,520],type:'standard',justify:'',layout:'fullwidth',mh:\"0\"});if (window.RS_MODULES!==undefined && window.RS_MODULES.modules!==undefined && window.RS_MODULES.modules[\"revslider161\"]!==undefined) {window.RS_MODULES.modules[\"revslider161\"].once = false;window.revapi16 = undefined;if (window.RS_MODULES.checkMinimal!==undefined) window.RS_MODULES.checkMinimal()}\n\t\t\t\t<\/script>\n\t\t\t<\/rs-module-wrap>\n\t\t\t<!-- END REVOLUTION SLIDER -->\n[\/vc_column][\/vc_row][vc_row full_width=\u00bbstretch_row_content\u00bb content_placement=\u00bbmiddle\u00bb css=\u00bb.vc_custom_1686154095406{margin-top: 0px !important;margin-bottom: 0px !important;}\u00bb][vc_column width=\u00bb3\/5&#8243;][vc_row_inner content_placement=\u00bbmiddle\u00bb][vc_column_inner width=\u00bb1\/4&#8243;][\/vc_column_inner][vc_column_inner width=\u00bb1\/2&#8243;][vc_column_text css_animation=\u00bbfadeInLeft\u00bb]<\/p>\n<h2>Conferencia<br \/>\nNovoPangea Latinoam\u00e9rica<\/h2>\n<p>[\/vc_column_text][vc_column_text css_animation=\u00bbfadeIn\u00bb]Fundaci\u00f3n MERI organiza la Conferencia Regional sobre el IPCC para el Cambio Clim\u00e1tico, llamada NovoPangea Latinoam\u00e9rica: Unidos por la Acci\u00f3n Clim\u00e1tica.<\/p>\n<p>NovoPangea busca acercar a la ciudadan\u00eda con diversos actores de la regi\u00f3n creando instancias de di\u00e1logo y colaboraci\u00f3n para la mitigaci\u00f3n y adaptaci\u00f3n del Cambio Clim\u00e1tico, enfoc\u00e1ndonos en los reportes desarrollados por el IPCC.<\/p>\n<hr class=\"barrita\" \/>\n<p>[\/vc_column_text][\/vc_column_inner][vc_column_inner width=\u00bb1\/4&#8243;][\/vc_column_inner][\/vc_row_inner][\/vc_column][vc_column width=\u00bb2\/5&#8243; css=\u00bb.vc_custom_1651278846965{padding-top: 130px !important;padding-bottom: 130px !important;background-image: url(https:\/\/fundacionmeri.cl\/novopangea\/wp-content\/uploads\/2022\/04\/Colores.png?id=20) !important;background-position: center !important;background-repeat: no-repeat !important;background-size: cover !important;}\u00bb][vc_row_inner el_disable_tablet=\u00bb1&#8243; el_disable_mobile=\u00bb1&#8243; el_class=\u00bbvideo\u00bb][vc_column_inner][vc_column_text css_animation=\u00bbfadeInRight\u00bb]<iframe class=\"iframe1\" title=\"YouTube video player\" src=\"https:\/\/www.youtube.com\/embed\/Lo30r-WyK2w\" width=\"560\" height=\"315\" frameborder=\"0\" allowfullscreen=\"allowfullscreen\"><\/iframe>[\/vc_column_text][\/vc_column_inner][\/vc_row_inner][vc_row_inner el_disable_desktop=\u00bb1&#8243;][vc_column_inner][vc_column_text css_animation=\u00bbfadeInRight\u00bb]<iframe class=\"iframe1\" title=\"YouTube video player\" src=\"https:\/\/www.youtube.com\/embed\/Lo30r-WyK2w\" width=\"350\" height=\"225\" frameborder=\"0\" allowfullscreen=\"allowfullscreen\"><\/iframe>[\/vc_column_text][\/vc_column_inner][\/vc_row_inner][\/vc_column][\/vc_row][vc_row full_width=\u00bbstretch_row\u00bb parallax=\u00bbcontent-moving\u00bb parallax_image=\u00bb68286&#8243; parallax_speed_bg=\u00bb1&#8243; css=\u00bb.vc_custom_1685644382622{margin-bottom: 0px !important;background-color: #e8ecef !important;}\u00bb][vc_column width=\u00bb1\/6&#8243;][\/vc_column][vc_column width=\u00bb2\/3&#8243;][vc_column_text css=\u00bb.vc_custom_1685644388756{padding-top: 30px !important;}\u00bb]<\/p>\n<h1 style=\"text-align: center;\">D\u00eda 1<\/h1>\n<p>[\/vc_column_text][\/vc_column][vc_column width=\u00bb1\/6&#8243;][\/vc_column][\/vc_row][vc_row full_width=\u00bbstretch_row\u00bb css=\u00bb.vc_custom_1685644590623{margin-top: 0px !important;margin-bottom: 0px !important;padding-top: 20px !important;padding-bottom: 30px !important;background-color: #e8ecef !important;}\u00bb][vc_column width=\u00bb1\/6&#8243;][\/vc_column][vc_column width=\u00bb2\/3&#8243;][vc_tta_tour style=\u00bbflat\u00bb shape=\u00bbsquare\u00bb spacing=\u00bb20&#8243; gap=\u00bb20&#8243; controls_size=\u00bbmd\u00bb active_section=\u00bb1&#8243;][vc_tta_section title=\u00bbBienvenida\u00bb tab_id=\u00bb1620159028753-a2c743cb-8232&#8243;][vc_column_text]<\/p>\n<h2>Bienvenida<\/h2>\n<p>1. Marta Delgado- Subsecretaria para Asuntos Multilaterales Mexico:<br \/>\n2. Andres Couve- Ministro de Ciencia<br \/>\n3. Thelma Krug &#8211; Vice Presidenta del IPCC (Panel Intergubernamental de Naciones Unidas para el Cambio Clim\u00e1tico)<br \/>\n4. Francisca Cortes Solari &#8211; Presidente Ejecutiva Fundaci\u00f3n MERI<\/p>\n<p><iframe title=\"YouTube video player\" src=\"https:\/\/www.youtube.com\/embed\/Lo30r-WyK2w\" width=\"100%\" height=\"400\" frameborder=\"0\" allowfullscreen=\"allowfullscreen\"><\/iframe>[\/vc_column_text][\/vc_tta_section][vc_tta_section title=\u00bbReporte IPCC: Calentamiento Global de 1.5 \u00baC\u00bb tab_id=\u00bb1620159028779-7ed0fa84-ef4d\u00bb][vc_column_text]<\/p>\n<h2>Calentamiento Global de 1.5 \u00baC<\/h2>\n<p>1. Thelma Krug &#8211; Vice Presidenta del IPCC (Panel Intergubernamental de Naciones Unidas para el Cambio Clim\u00e1tico) &#8211; <a href=\"https:\/\/fundacionmeri.cl\/wp-content\/uploads\/2021\/06\/SR15-Spanish_CHILE.pdf\" target=\"_blank\" rel=\"noopener\">Presentaci\u00f3n PDF<\/a><\/p>\n<p><iframe title=\"YouTube video player\" src=\"https:\/\/www.youtube.com\/embed\/PMPmUkr_af0\" width=\"100%\" height=\"400\" frameborder=\"0\" allowfullscreen=\"allowfullscreen\"><\/iframe>[\/vc_column_text][\/vc_tta_section][vc_tta_section title=\u00bbPanel 1&#8243; tab_id=\u00bb1620163204860-f9de08dd-388a\u00bb][vc_column_text]<\/p>\n<h2>Cambio clim\u00e1tico y desarrollo sostenible (Pobreza y desigualdad)<\/h2>\n<p>Nombres panelistas:<\/p>\n<p>1. Jos\u00e9 Luis Samaniego &#8211; Director de la Divisi\u00f3n de Desarrollo Sostenible y Asentamientos Humanos de la CEPAL<\/p>\n<p>2. Maria Amparo Martinez &#8211; Directora General del Instituto Nacional de Ecolog\u00eda y Cambio Clim\u00e1tico<\/p>\n<p>3. Ralph Chami &#8211; Subdirector y Jefe de la Divisi\u00f3n de Pol\u00edticas Financieras del Instituto de Desarrollo de Capacidades del Fondo Monetario Internacional. &#8211; <a href=\"https:\/\/fundacionmeri.cl\/wp-content\/uploads\/2021\/06\/Ralph-Chami.pdf\" target=\"_blank\" rel=\"noopener\">Presentaci\u00f3n PDF<\/a><\/p>\n<p>4. Cintya Leny Vargas Amurrio- Jefa de la Unidad de Madre Tierra y Agua del Ministerio de Relaciones Exteriores de M\u00e9xico.<\/p>\n<p>5. Patricia Morales -Gerente General Filantrop\u00eda Cortes Solari<\/p>\n<p>Nombre moderador: Thelma Krug &#8211; Vice Presidenta del IPCC (Panel Intergubernamental de Naciones Unidas para el Cambio Clim\u00e1tico)<\/p>\n<p><iframe title=\"YouTube video player\" src=\"https:\/\/www.youtube.com\/embed\/RJryZN2mG9s\" width=\"100%\" height=\"400\" frameborder=\"0\" allowfullscreen=\"allowfullscreen\"><\/iframe>[\/vc_column_text][\/vc_tta_section][vc_tta_section title=\u00bbPanel 2&#8243; tab_id=\u00bb1620163344200-44e992f7-a82e\u00bb][vc_column_text]<\/p>\n<h2>Soluciones de mitigaci\u00f3n y adaptaci\u00f3n (urbanas y energ\u00edas)<\/h2>\n<p>Nombres panelistas:<\/p>\n<p>1. Aromar Revi &#8211; Director del Instituto Indio de Asentamientos Humanos (IIHS)<\/p>\n<p>2. Debora Ley &#8211; Oficial de Asuntos Econ\u00f3micos, Energ\u00eda y Recursos Naturales de la CEPAL, autora L\u00edder del Reporte Especial del IPCC sobre Calentamiento Global a 1.5\u00b0C y del AR6 &#8211; <a href=\"https:\/\/fundacionmeri.cl\/wp-content\/uploads\/2021\/06\/Panel-2-Debora-Ley.pdf\" target=\"_blank\" rel=\"noopener\">Presentaci\u00f3n PDF<\/a><\/p>\n<p>3. Hanoch Barlevi &#8211; Especialista Regional en Clima, Medio Ambiente y Riesgo de Desastres en UNICEF LACRO &#8211; <a href=\"https:\/\/fundacionmeri.cl\/wp-content\/uploads\/2021\/06\/Hanoch.pdf\" target=\"_blank\" rel=\"noopener\">Presentaci\u00f3n PDF<\/a><\/p>\n<p>4. Patricia Romero cient\u00edfica senior en el Laboratorio Nacional de Energ\u00eda Renovable &#8211; <a href=\"https:\/\/fundacionmeri.cl\/wp-content\/uploads\/2021\/06\/Patricia-Romero.pdf\" target=\"_blank\" rel=\"noopener\">Presentaci\u00f3n PDF<\/a><\/p>\n<p>Nombre moderador: Marcelo Mena. Director Fundaci\u00f3n MERI<\/p>\n<p><iframe title=\"YouTube video player\" src=\"https:\/\/www.youtube.com\/embed\/T5KQYbMbwfA\" width=\"100%\" height=\"400\" frameborder=\"0\" allowfullscreen=\"allowfullscreen\"><\/iframe>[\/vc_column_text][\/vc_tta_section][vc_tta_section title=\u00bbReporte IPCC: Cambio Clim\u00e1tico y suelo\u00bb tab_id=\u00bb1620163386689-e5156662-412c\u00bb][vc_column_text]<\/p>\n<h2>Cambio Clim\u00e1tico y Suelo<\/h2>\n<p><iframe title=\"YouTube video player\" src=\"https:\/\/www.youtube.com\/embed\/ieYhajPsAkA\" width=\"100%\" height=\"400\" frameborder=\"0\" allowfullscreen=\"allowfullscreen\"><\/iframe><\/p>\n<p>1. Thelma Krug &#8211; Vice Presidenta del IPCC (Panel Intergubernamental de Naciones Unidas para el Cambio Clim\u00e1tico) &#8211; <a href=\"https:\/\/fundacionmeri.cl\/wp-content\/uploads\/2021\/06\/SRCCL-Chile-Espan\u0303ol.pdf\" target=\"_blank\" rel=\"noopener\">Presentaci\u00f3n PDF<\/a>[\/vc_column_text][\/vc_tta_section][vc_tta_section title=\u00bbPanel 3&#8243; tab_id=\u00bb1620163401126-a159035c-2a78&#8243;][vc_column_text]<\/p>\n<h2>Desertificaci\u00f3n en LAC<\/h2>\n<p>Nombres panelistas: En orden de exposici\u00f3n:<br \/>\n1. Ranses Jos\u00e9 V\u00e1zquez. Autor IPCC<\/p>\n<p>2. Tanja Lieuw. Oficial de Pol\u00edticas de Cambio Clim\u00e1tico y Medio Ambiente, Oficina Regional de la FAO para Am\u00e9rica Latina y el Caribe &#8211; <a href=\"https:\/\/fundacionmeri.cl\/wp-content\/uploads\/2021\/06\/Tanja-Lieuw.pdf\" target=\"_blank\" rel=\"noopener\">Presentaci\u00f3n PDF<\/a><\/p>\n<p>3. Rocio Sancha Madrigal. Directora Ejecutiva Fundaci\u00f3n Tremendas<\/p>\n<p>4. Adrian Huaman<\/p>\n<p>Nombre moderador: Maria Jos\u00e9 Martinez &#8211; Investigadora adjunta de la Pontificia Universidad Cat\u00f3lica de Chile.<\/p>\n<p><iframe title=\"YouTube video player\" src=\"https:\/\/www.youtube.com\/embed\/cUVOigqoj18\" width=\"100%\" height=\"400\" frameborder=\"0\" allowfullscreen=\"allowfullscreen\"><\/iframe>[\/vc_column_text][\/vc_tta_section][vc_tta_section title=\u00bbPanel 4&#8243; tab_id=\u00bb1620163411095-b4a2013d-c266&#8243;][vc_column_text]<\/p>\n<h2>Seguridad alimentaria<\/h2>\n<p>Nombres panelistas:<\/p>\n<p>1. Ornella Tiboni &#8211; Consultora en Nutrici\u00f3n y Sistemas Alimentarios, Oficina Regional de la FAO en Chile &#8211; <a href=\"https:\/\/fundacionmeri.cl\/wp-content\/uploads\/2021\/06\/Ornella-Tiboli-ppt.pdf\" target=\"_blank\" rel=\"noopener\">Presentaci\u00f3n PDF<\/a><\/p>\n<p>2. Erik Mencos Contreras &#8211; Investigador en el Earth Institute de la Universidad de Columbia en Nueva York &#8211; <a href=\"https:\/\/fundacionmeri.cl\/wp-content\/uploads\/2021\/06\/Eric-Mencos-Contreras.pdf\" target=\"_blank\" rel=\"noopener\">Presentaci\u00f3n PDF<\/a><\/p>\n<p>3. Wilma Reyes Huenupe &#8211; Dirigente Mapuche &#8211; <a href=\"https:\/\/fundacionmeri.cl\/wp-content\/uploads\/2021\/06\/Wilma-Reyes-Huenupe.pdf\" target=\"_blank\" rel=\"noopener\">Presentaci\u00f3n PDF<\/a><\/p>\n<p>Nombre moderador: Marcelo Mena- Director Fundaci\u00f3n MERI<\/p>\n<p><iframe title=\"YouTube video player\" src=\"https:\/\/www.youtube.com\/embed\/Iuve4TrPLEk\" width=\"100%\" height=\"400\" frameborder=\"0\" allowfullscreen=\"allowfullscreen\"><\/iframe>[\/vc_column_text][\/vc_tta_section][vc_tta_section title=\u00bbPanel 5&#8243; tab_id=\u00bb1620163418468-021e69e4-161f\u00bb][vc_column_text]<\/p>\n<h2>Manejo de riesgos y toma de decisiones<\/h2>\n<p>Nombres panelistas:<br \/>\n1. Adelle Thomas- Directora del Centro de Investigaci\u00f3n sobre Adaptaci\u00f3n y Resiliencia al Cambio Clim\u00e1tico de la Universidad de las Bahamas e investigadora asociado senior de Climate Analytics.<\/p>\n<p>2. Rodrigo Cienfuegos &#8211; Director del Centro de Investigaci\u00f3n para la Gesti\u00f3n Integrada del Riesgo de Desastres (CIGIDEN) &#8211; <a href=\"https:\/\/fundacionmeri.cl\/wp-content\/uploads\/2021\/06\/Rodrigo-CIENFUEGOS.pdf\" target=\"_blank\" rel=\"noopener\">Presentaci\u00f3n PDF<\/a><\/p>\n<p>3. Annie Dufey &#8211; Directora en Espacio P\u00fablico &#8211; <a href=\"https:\/\/fundacionmeri.cl\/wp-content\/uploads\/2021\/06\/Annie-Dufey.pdf\" target=\"_blank\" rel=\"noopener\">Presentaci\u00f3n PDF<\/a><\/p>\n<p>4. Debora Ley &#8211; Oficial de Asuntos Econ\u00f3micos, Energ\u00eda y Recursos Naturales de la CEPAL, autora L\u00edder del Reporte Especial del IPCC sobre Calentamiento Global a 1.5\u00b0C y del AR6<\/p>\n<p>5. Isabella Villanueva- Co-fundadora y presidenta de la ONG CEUS Chile<\/p>\n<p>Nombre moderador: Maria Jose Martinez- Investigadora adjunta de la Pontificia Universidad Cat\u00f3lica de Chile.<\/p>\n<p><iframe title=\"YouTube video player\" src=\"https:\/\/www.youtube.com\/embed\/Fgs9XODWmuE\" width=\"100%\" height=\"400\" frameborder=\"0\" allowfullscreen=\"allowfullscreen\"><\/iframe>[\/vc_column_text][\/vc_tta_section][\/vc_tta_tour][\/vc_column][vc_column width=\u00bb1\/6&#8243;][\/vc_column][\/vc_row][vc_row full_width=\u00bbstretch_row\u00bb parallax=\u00bbcontent-moving\u00bb parallax_image=\u00bb68285&#8243; css=\u00bb.vc_custom_1685644643514{margin-bottom: 0px !important;background-color: #e8ecef !important;}\u00bb effects_enabled_delay=\u00bb1&#8243;][vc_column width=\u00bb1\/6&#8243;][\/vc_column][vc_column width=\u00bb2\/3&#8243;][vc_column_text]<\/p>\n<h1 style=\"text-align: center;\">D\u00eda 2<\/h1>\n<p>[\/vc_column_text][\/vc_column][vc_column width=\u00bb1\/6&#8243;][\/vc_column][\/vc_row][vc_row full_width=\u00bbstretch_row\u00bb css=\u00bb.vc_custom_1685644584792{margin-top: 0px !important;margin-bottom: 0px !important;padding-top: 20px !important;padding-bottom: 50px !important;background-color: #e8ecef !important;}\u00bb][vc_column width=\u00bb1\/6&#8243;][\/vc_column][vc_column width=\u00bb2\/3&#8243;][vc_tta_tour style=\u00bbflat\u00bb shape=\u00bbsquare\u00bb spacing=\u00bb20&#8243; gap=\u00bb20&#8243; controls_size=\u00bbmd\u00bb active_section=\u00bb1&#8243;][vc_tta_section title=\u00bbBienvenida\u00bb tab_id=\u00bb1620227002844-c2096924-18fe\u00bb][vc_column_text]<\/p>\n<h2>Bienvenida<\/h2>\n<p>1. Thelma Krug &#8211; Vice Presidenta del IPCC (Panel Intergubernamental de Naciones Unidas para el Cambio Clim\u00e1tico)<br \/>\n2. Francisca Cortes Solari &#8211; Presidente Ejecutiva Fundaci\u00f3n MERI<\/p>\n<p><iframe title=\"YouTube video player\" src=\"https:\/\/www.youtube.com\/embed\/Sh-abEfsmZg\" width=\"100%\" height=\"400\" frameborder=\"0\" allowfullscreen=\"allowfullscreen\"><\/iframe>[\/vc_column_text][\/vc_tta_section][vc_tta_section title=\u00bbReporte IPCC: Oc\u00e9ano y Cri\u00f3sfera\u00bb tab_id=\u00bb1620227003974-d23104f0-11bc\u00bb][vc_column_text]<\/p>\n<h2>Oc\u00e9ano y Cri\u00f3sfera<\/h2>\n<p>1. Thelma Krug &#8211; Vice Presidenta del IPCC (Panel Intergubernamental de Naciones Unidas para el Cambio Clim\u00e1tico)<\/p>\n<p><iframe title=\"YouTube video player\" src=\"https:\/\/www.youtube.com\/embed\/Q23N8T5Ng8g\" width=\"100%\" height=\"400\" frameborder=\"0\" allowfullscreen=\"allowfullscreen\"><\/iframe>[\/vc_column_text][\/vc_tta_section][vc_tta_section title=\u00bbPanel 6&#8243; tab_id=\u00bb1620227005097-1d5634e0-e100&#8243;][vc_column_text]<\/p>\n<h2>Oc\u00e9anos cambiantes, Ecosistemas marinos y soluciones basadas en la naturaleza<\/h2>\n<p>Nombres panelistas:<br \/>\n1. Nathalie Hilmi &#8211; Autora del IPCC, Reporte especial en Cambio clim\u00e1tico AR6 y WGII &#8211; <a href=\"https:\/\/fundacionmeri.cl\/wp-content\/uploads\/2021\/06\/Nathalie-Hilmi-ppt.pdf\" target=\"_blank\" rel=\"noopener\">Presentaci\u00f3n PDF<\/a><\/p>\n<p>2. Lorenzo Rosenzweig- Fundador y consejero del Fondo para el Sistema Arrecifal Mesoamericano o MAR-Fund\u201d &#8211; <a href=\"https:\/\/fundacionmeri.cl\/wp-content\/uploads\/2021\/06\/Lorenzo-Rosenzweig.pdf\" target=\"_blank\" rel=\"noopener\">Presentaci\u00f3n PDF<\/a><\/p>\n<p>3. Juan Jos\u00e9 Donoso &#8211; Jefe de Recursos Naturales y Biodiversidad, en Ministerio de Medio Ambiente &#8211; <a href=\"https:\/\/fundacionmeri.cl\/wp-content\/uploads\/2021\/06\/PPT_Juan-Jose-Donoso.pdf\" target=\"_blank\" rel=\"noopener\">Presentaci\u00f3n PDF<\/a><\/p>\n<p>4. Ana Mar\u00eda Molina \u2013 Directora Ejecutiva Fundaci\u00f3n MERI &#8211; <a href=\"https:\/\/fundacionmeri.cl\/wp-content\/uploads\/2021\/06\/Ana-MAria-Molina.pdf\" target=\"_blank\" rel=\"noopener\">Presentaci\u00f3n PDF<\/a><\/p>\n<p>Nombre moderador: Ko Barret (Vice Presidenta del IPCC, EEUU)<\/p>\n<p><iframe title=\"YouTube video player\" src=\"https:\/\/www.youtube.com\/embed\/M48_Df8Dpko\" width=\"100%\" height=\"400\" frameborder=\"0\" allowfullscreen=\"allowfullscreen\"><\/iframe>[\/vc_column_text][\/vc_tta_section][vc_tta_section title=\u00bbPanel 7&#8243; tab_id=\u00bb1620227006228-2a6291b5-cce0&#8243;][vc_column_text]<\/p>\n<h2>Cambio clim\u00e1tico y conservaci\u00f3n de los Oc\u00e9anos<\/h2>\n<p>Nombres panelistas:<br \/>\n1. Waldemar Coutts &#8211; Director de Medio Ambiente y Asuntos Mar\u00edtimos, en Ministerio de RREE de Chile<br \/>\n2. Sylvia Earle &#8211; Fundadora Mission Blue<br \/>\n3. Laura Ramajo &#8211; Investigadora en CEAZA &#8211; <a href=\"https:\/\/fundacionmeri.cl\/wp-content\/uploads\/2021\/06\/Laura-Ramajo-ppt.pdf\" target=\"_blank\" rel=\"noopener\">Presentaci\u00f3n PDF<\/a><br \/>\n4. Philipp Hamilton &#8211; Ambientalista<\/p>\n<p>Nombre moderador: Paloma \u00c1vila &#8211; Periodista CNN Chile<\/p>\n<p><iframe title=\"YouTube video player\" src=\"https:\/\/www.youtube.com\/embed\/6AmYYWWfqr8\" width=\"100%\" height=\"400\" frameborder=\"0\" allowfullscreen=\"allowfullscreen\"><\/iframe>[\/vc_column_text][\/vc_tta_section][vc_tta_section title=\u00bbReporte IPCC: Novedades \u2013 Nuevos reportes AR6&#8243; tab_id=\u00bb1620227007686-ab9d6507-ec97&#8243;][vc_column_text]<\/p>\n<h2>Novedades \u2013 Nuevos reportes AR6<\/h2>\n<p>Eduardo Calvo Buend\u00eda. Co Presidente GTI (Grupo de trabajo I)- IPCC<\/p>\n<p><iframe title=\"YouTube video player\" src=\"https:\/\/www.youtube.com\/embed\/Xjs-HmRD5OE\" width=\"100%\" height=\"400\" frameborder=\"0\" allowfullscreen=\"allowfullscreen\"><\/iframe>[\/vc_column_text][\/vc_tta_section][vc_tta_section title=\u00bbPanel 8&#8243; tab_id=\u00bb1620227009451-5daa5456-5c1f\u00bb][vc_column_text]<\/p>\n<h2>Incremento del nivel del Mar y sus efectos sobre las areas costeras y sus comunidades<\/h2>\n<p>Nombres panelistas:<\/p>\n<p>1. Federico Isla &#8211; Autor del IPCC, en cap\u00edtulo Oc\u00e9ano y Cri\u00f3sfera. &#8211; <a href=\"https:\/\/fundacionmeri.cl\/wp-content\/uploads\/2021\/06\/Federico-Islas.pdf\" target=\"_blank\" rel=\"noopener\">Presentaci\u00f3n PDF<\/a><\/p>\n<p>2. Max Bello (Mision Blue)<\/p>\n<p>3. Vairoa Ika &#8211; Directora de la Direcci\u00f3n de Medioambiente de la Municipalidad de Rapa Nui<\/p>\n<p>4. Mark Mineboo &#8211; Director Regional para America Latina de Plastic Oceans &#8211; <a href=\"https:\/\/fundacionmeri.cl\/wp-content\/uploads\/2021\/06\/Presentation-Mark-Minneboo-CORLAC.pdf\" target=\"_blank\" rel=\"noopener\">Presentaci\u00f3n PDF<\/a><\/p>\n<p>Nombre moderador: Thelma Krug. (Vice Presidenta del IPCC, EEUU)<\/p>\n<p><iframe title=\"YouTube video player\" src=\"https:\/\/www.youtube.com\/embed\/gjIs0IdAz0k\" width=\"100%\" height=\"400\" frameborder=\"0\" allowfullscreen=\"allowfullscreen\"><\/iframe>[\/vc_column_text][\/vc_tta_section][vc_tta_section title=\u00bbPanel 9&#8243; tab_id=\u00bb1620227011135-80191a17-dd1c\u00bb][vc_column_text]<\/p>\n<h2>Gobernanza<\/h2>\n<p>1. Ralph Chami &#8211; Subdirector y Jefe de la Divisi\u00f3n de Pol\u00edticas Financieras del Instituto de Desarrollo de Capacidades del Fondo Monetario Internacional. &#8211; <a href=\"https:\/\/fundacionmeri.cl\/wp-content\/uploads\/2021\/06\/Chami.pdf\" target=\"_blank\" rel=\"noopener\">Presentaci\u00f3n PDF<\/a><\/p>\n<p>2. Marcelo Mena &#8211; Director Fundaci\u00f3n MERI<\/p>\n<p>3. Nashieli Valencia. Zapoteca del Istmo de Oaxaca, M\u00e9xico<\/p>\n<p>4. Julio Cordano &#8211; Consejero de la Misi\u00f3n Permanente de Chile ante las Naciones Unidas en Nueva York.<\/p>\n<p><iframe title=\"YouTube video player\" src=\"https:\/\/www.youtube.com\/embed\/KQKZfvetYY4\" width=\"100%\" height=\"400\" frameborder=\"0\" allowfullscreen=\"allowfullscreen\"><\/iframe>[\/vc_column_text][\/vc_tta_section][\/vc_tta_tour][\/vc_column][vc_column width=\u00bb1\/6&#8243;][\/vc_column][\/vc_row]<\/p>\n<\/div>","protected":false},"excerpt":{"rendered":"<p>[vc_row css=\u00bb.vc_custom_1651179158103{margin-bottom: 0px !important;}\u00bb][vc_column][\/vc_column][\/vc_row][vc_row full_width=\u00bbstretch_row_content\u00bb content_placement=\u00bbmiddle\u00bb css=\u00bb.vc_custom_1686154095406{margin-top: 0px !important;margin-bottom: 0px !important;}\u00bb][vc_column width=\u00bb3\/5&#8243;][vc_row_inner content_placement=\u00bbmiddle\u00bb][vc_column_inner width=\u00bb1\/4&#8243;][\/vc_column_inner][vc_column_inner width=\u00bb1\/2&#8243;][vc_column_text css_animation=\u00bbfadeInLeft\u00bb] Conferencia NovoPangea Latinoam\u00e9rica [\/vc_column_text][vc_column_text&#8230;<\/p>\n","protected":false},"author":1,"featured_media":3893,"parent":0,"menu_order":0,"comment_status":"closed","ping_status":"closed","template":"","meta":{"footnotes":""},"class_list":["post-4063","page","type-page","status-publish","has-post-thumbnail"],"translation":{"provider":"WPGlobus","version":"3.0.1","language":"es","enabled_languages":["es","en"],"languages":{"es":{"title":true,"content":true,"excerpt":false},"en":{"title":false,"content":false,"excerpt":false}}},"_links":{"self":[{"href":"https:\/\/fundacionmeri.cl\/novopangea\/wp-json\/wp\/v2\/pages\/4063","targetHints":{"allow":["GET"]}}],"collection":[{"href":"https:\/\/fundacionmeri.cl\/novopangea\/wp-json\/wp\/v2\/pages"}],"about":[{"href":"https:\/\/fundacionmeri.cl\/novopangea\/wp-json\/wp\/v2\/types\/page"}],"author":[{"embeddable":true,"href":"https:\/\/fundacionmeri.cl\/novopangea\/wp-json\/wp\/v2\/users\/1"}],"replies":[{"embeddable":true,"href":"https:\/\/fundacionmeri.cl\/novopangea\/wp-json\/wp\/v2\/comments?post=4063"}],"version-history":[{"count":16,"href":"https:\/\/fundacionmeri.cl\/novopangea\/wp-json\/wp\/v2\/pages\/4063\/revisions"}],"predecessor-version":[{"id":4076,"href":"https:\/\/fundacionmeri.cl\/novopangea\/wp-json\/wp\/v2\/pages\/4063\/revisions\/4076"}],"wp:featuredmedia":[{"embeddable":true,"href":"https:\/\/fundacionmeri.cl\/novopangea\/wp-json\/wp\/v2\/media\/3893"}],"wp:attachment":[{"href":"https:\/\/fundacionmeri.cl\/novopangea\/wp-json\/wp\/v2\/media?parent=4063"}],"curies":[{"name":"wp","href":"https:\/\/api.w.org\/{rel}","templated":true}]}}