{"id":4037,"date":"2023-05-31T15:08:51","date_gmt":"2023-05-31T15:08:51","guid":{"rendered":"https:\/\/fundacionmeri.cl\/novopangea\/?page_id=4037"},"modified":"2023-06-13T21:39:33","modified_gmt":"2023-06-13T21:39:33","slug":"novopangea-chile","status":"publish","type":"page","link":"https:\/\/fundacionmeri.cl\/novopangea\/novopangea-chile\/","title":{"rendered":"NovoPangea Chile 2020"},"content":{"rendered":"<div class=\"wpb-content-wrapper\"><p>[vc_row css=\u00bb.vc_custom_1651179158103{margin-bottom: 0px !important;}\u00bb][vc_column]\n\t\t\t<!-- START Novo Chile 2020 ES REVOLUTION SLIDER 6.7.38 --><p class=\"rs-p-wp-fix\"><\/p>\n\t\t\t<rs-module-wrap id=\"rev_slider_15_1_wrapper\" data-source=\"gallery\" style=\"visibility:hidden;background:transparent;padding:0;margin:0px auto;margin-top:0;margin-bottom:0;\">\n\t\t\t\t<rs-module id=\"rev_slider_15_1\" style=\"\" data-version=\"6.7.38\">\n\t\t\t\t\t<rs-slides style=\"overflow: hidden; position: absolute;\">\n\t\t\t\t\t\t<rs-slide style=\"position: absolute;\" data-key=\"rs-32\" data-title=\"Slide\" data-anim=\"adpr:false;\" data-in=\"o:0;\" data-out=\"a:false;\">\n\t\t\t\t\t\t\t<img src=\"\/\/fundacionmeri.cl\/novopangea\/wp-content\/uploads\/2023\/05\/np_banner5.jpg\" alt=\"\" title=\"np_banner5\" width=\"2000\" height=\"628\" class=\"rev-slidebg tp-rs-img\" data-no-retina>\n<!--\n\t\t\t\t\t\t\t--><rs-layer\n\t\t\t\t\t\t\t\tid=\"slider-15-slide-32-layer-0\" \n\t\t\t\t\t\t\t\tdata-type=\"text\"\n\t\t\t\t\t\t\t\tdata-rsp_ch=\"on\"\n\t\t\t\t\t\t\t\tdata-xy=\"x:c;xo:-257px,0,0,0;yo:171px,230px,178px,212px;\"\n\t\t\t\t\t\t\t\tdata-text=\"w:normal;s:50,36,36,37;l:55,40,39,41;fw:700;\"\n\t\t\t\t\t\t\t\tdata-frame_0=\"x:-100%;skX:45;\"\n\t\t\t\t\t\t\t\tdata-frame_1=\"sp:1000;\"\n\t\t\t\t\t\t\t\tdata-frame_999=\"o:0;st:w;\"\n\t\t\t\t\t\t\t\tstyle=\"z-index:5;font-family:'Fira Sans';\"\n\t\t\t\t\t\t\t>NovoPangea Chile \n\t\t\t\t\t\t\t<\/rs-layer><!--\n\n\t\t\t\t\t\t\t--><rs-layer\n\t\t\t\t\t\t\t\tid=\"slider-15-slide-32-layer-1\" \n\t\t\t\t\t\t\t\tdata-type=\"text\"\n\t\t\t\t\t\t\t\tdata-rsp_ch=\"on\"\n\t\t\t\t\t\t\t\tdata-xy=\"x:c;xo:-257px,0,0,-1px;yo:237px,305px,238px,267px;\"\n\t\t\t\t\t\t\t\tdata-text=\"w:normal;s:35,23,19,23;l:52,28,24,28;fw:700;\"\n\t\t\t\t\t\t\t\tdata-dim=\"w:493px,auto,auto,auto;\"\n\t\t\t\t\t\t\t\tdata-frame_999=\"o:0;e:power4.inOut;st:w;sp:1000;\"\n\t\t\t\t\t\t\t\tstyle=\"z-index:6;font-family:'Fira Sans';\"\n\t\t\t\t\t\t\t>Unidos por la Acci\u00f3n Clim\u00e1tica \n\t\t\t\t\t\t\t<\/rs-layer><!--\n\n\t\t\t\t\t\t\t--><rs-layer\n\t\t\t\t\t\t\t\tid=\"slider-15-slide-32-layer-2\" \n\t\t\t\t\t\t\t\tdata-type=\"text\"\n\t\t\t\t\t\t\t\tdata-rsp_ch=\"on\"\n\t\t\t\t\t\t\t\tdata-xy=\"x:c;xo:-251px,5px,0,0;yo:292px,160px,115px,154px;\"\n\t\t\t\t\t\t\t\tdata-text=\"w:normal;s:50,36,36,37;l:55,40,39,41;fw:700;a:left,center,center,center;\"\n\t\t\t\t\t\t\t\tdata-frame_0=\"x:-100%;skX:45;\"\n\t\t\t\t\t\t\t\tdata-frame_1=\"sp:1000;\"\n\t\t\t\t\t\t\t\tdata-frame_999=\"o:0;st:w;\"\n\t\t\t\t\t\t\t\tstyle=\"z-index:5;font-family:'Fira Sans';\"\n\t\t\t\t\t\t\t>2020 \n\t\t\t\t\t\t\t<\/rs-layer><!--\n-->\t\t\t\t\t<\/rs-slide>\n\t\t\t\t\t<\/rs-slides>\n\t\t\t\t<\/rs-module>\n\t\t\t\t<script>\n\t\t\t\t\tsetREVStartSize({c: 'rev_slider_15_1',rl:[1240,1024,778,480],el:[620,568,560,520],gw:[2000,1024,778,570],gh:[620,568,560,520],type:'standard',justify:'',layout:'fullwidth',mh:\"0\"});if (window.RS_MODULES!==undefined && window.RS_MODULES.modules!==undefined && window.RS_MODULES.modules[\"revslider151\"]!==undefined) {window.RS_MODULES.modules[\"revslider151\"].once = false;window.revapi15 = undefined;if (window.RS_MODULES.checkMinimal!==undefined) window.RS_MODULES.checkMinimal()}\n\t\t\t\t<\/script>\n\t\t\t<\/rs-module-wrap>\n\t\t\t<!-- END REVOLUTION SLIDER -->\n[\/vc_column][\/vc_row][vc_row full_width=\u00bbstretch_row_content\u00bb content_placement=\u00bbmiddle\u00bb css=\u00bb.vc_custom_1651278555727{margin-top: 0px !important;margin-bottom: 0px !important;}\u00bb el_id=\u00bbconferencia\u00bb][vc_column width=\u00bb3\/5&#8243;][vc_row_inner content_placement=\u00bbmiddle\u00bb][vc_column_inner width=\u00bb1\/4&#8243;][\/vc_column_inner][vc_column_inner width=\u00bb1\/2&#8243;][vc_column_text css_animation=\u00bbfadeInLeft\u00bb]<\/p>\n<h2>Conferencia<br \/>\nNovoPangea Chile 2020<\/h2>\n<p>[\/vc_column_text][vc_column_text css_animation=\u00bbfadeIn\u00bb]Primera Conferencia sobre Cambio Clim\u00e1tico, Evidencia Cient\u00edfica y Pol\u00edticas P\u00fablicas para Am\u00e9rica Latina y el Caribe.<\/p>\n<hr class=\"barrita\" \/>\n<p>[\/vc_column_text][\/vc_column_inner][vc_column_inner width=\u00bb1\/4&#8243;][\/vc_column_inner][\/vc_row_inner][\/vc_column][vc_column width=\u00bb2\/5&#8243; css=\u00bb.vc_custom_1651278846965{padding-top: 130px !important;padding-bottom: 130px !important;background-image: url(https:\/\/fundacionmeri.cl\/novopangea\/wp-content\/uploads\/2022\/04\/Colores.png?id=20) !important;background-position: center !important;background-repeat: no-repeat !important;background-size: cover !important;}\u00bb][vc_row_inner el_disable_tablet=\u00bb1&#8243; el_disable_mobile=\u00bb1&#8243; el_class=\u00bbvideo\u00bb][vc_column_inner][vc_column_text css_animation=\u00bbfadeInRight\u00bb]<iframe class=\"iframe1\" title=\"YouTube video player\" src=\"https:\/\/www.youtube.com\/embed\/kIk5yZPw9m4\" width=\"560\" height=\"315\" frameborder=\"0\" allowfullscreen=\"allowfullscreen\"><\/iframe>[\/vc_column_text][\/vc_column_inner][\/vc_row_inner][vc_row_inner el_disable_desktop=\u00bb1&#8243;][vc_column_inner][vc_column_text css_animation=\u00bbfadeInRight\u00bb]<iframe class=\"iframe1\" title=\"YouTube video player\" src=\"https:\/\/www.youtube.com\/embed\/kIk5yZPw9m4\" width=\"350\" height=\"225\" frameborder=\"0\" allowfullscreen=\"allowfullscreen\"><\/iframe>[\/vc_column_text][\/vc_column_inner][\/vc_row_inner][\/vc_column][\/vc_row][vc_row full_width=\u00bbstretch_row\u00bb parallax=\u00bbcontent-moving\u00bb parallax_image=\u00bb68227&#8243; parallax_speed_bg=\u00bb1&#8243; css=\u00bb.vc_custom_1685570253889{margin-bottom: 0px !important;background-color: #e8ecef !important;}\u00bb][vc_column width=\u00bb1\/6&#8243;][\/vc_column][vc_column width=\u00bb2\/3&#8243;][vc_column_text css=\u00bb.vc_custom_1685570475653{padding-top: 30px !important;}\u00bb]<\/p>\n<h1 style=\"text-align: center;\">D\u00eda 1<\/h1>\n<p>[\/vc_column_text][\/vc_column][vc_column width=\u00bb1\/6&#8243;][\/vc_column][\/vc_row][vc_row full_width=\u00bbstretch_row\u00bb css=\u00bb.vc_custom_1685570419425{margin-top: 0px !important;margin-bottom: 0px !important;padding-top: 20px !important;padding-bottom: 30px !important;background-color: #e8ecef !important;}\u00bb][vc_column width=\u00bb1\/6&#8243;][\/vc_column][vc_column width=\u00bb2\/3&#8243;][vc_tta_tour style=\u00bbflat\u00bb shape=\u00bbsquare\u00bb spacing=\u00bb20&#8243; gap=\u00bb20&#8243; controls_size=\u00bbmd\u00bb active_section=\u00bb1&#8243;][vc_tta_section title=\u00bbBienvenida\u00bb tab_id=\u00bb1620159028753-a2c743cb-8232&#8243;][vc_column_text]<\/p>\n<h2>Bienvenida<\/h2>\n<p>Palabras de bienvenida de autoridades primer d\u00eda \u201cPrimera Conferencia sobre Cambio Clim\u00e1tico, Evidencia Cient\u00edfica y Pol\u00edticas P\u00fablicas para Am\u00e9rica Latina y el Caribe\u201d.<\/p>\n<ol>\n<li>Carolina Schmidt, Ministra de Medio Ambiente<\/li>\n<li>Thelma Krug, Vice-Chair IPCC<\/li>\n<li>Francisca Cort\u00e9s Solari, Presidente Ejecutiva FCS<\/li>\n<li>Maisa Rojas, Comit\u00e9 Cient\u00edfico Asesor de Cambio Clim\u00e1tico de Chile<\/li>\n<li>Eve Crowley, Representante FAO Chile<\/li>\n<\/ol>\n<p><iframe src=\"https:\/\/www.youtube.com\/embed\/kIk5yZPw9m4\" width=\"100%\" height=\"450\" frameborder=\"0\" allowfullscreen=\"allowfullscreen\"><\/iframe>[\/vc_column_text][\/vc_tta_section][vc_tta_section title=\u00bbIntroducci\u00f3n\u00bb tab_id=\u00bb1620159028779-7ed0fa84-ef4d\u00bb][vc_column_text]<\/p>\n<h2>El rol del IPCC en Am\u00e9rica Latina y el Caribe para la toma de decisiones en Adaptaci\u00f3n<\/h2>\n<ol>\n<li>Dra. Thelma Krug, Vicepresidenta del IPCC (Key note speaker)<\/li>\n<li>Dra. Carolina Vera, Vicepresidenta de Grupo de Trabajo I del IPCC (panelista)<\/li>\n<li>Dra. Maisa Rojas, Autora l\u00edder del IPCC (panelista) \u2013\u00a0<a href=\"https:\/\/www.filantropiacortessolari.cl\/wp-content\/uploads\/2020\/03\/Maisa-Rojas.pdf\" target=\"_blank\" rel=\"noopener noreferrer\">Presentaci\u00f3n PDF<\/a><\/li>\n<li>Dr. Carlos M\u00e9ndez, Vicepresidente de Grupo de Trabajo I del IPCC (panelista)<\/li>\n<\/ol>\n<p>Modera: Patricia Morales, Gerente General Filantrop\u00eda Cort\u00e9s Solari<\/p>\n<p><iframe src=\"https:\/\/www.youtube.com\/embed\/Us5IdpXcOTA\" width=\"100%\" height=\"450\" frameborder=\"0\" allowfullscreen=\"allowfullscreen\"><\/iframe>[\/vc_column_text][\/vc_tta_section][vc_tta_section title=\u00bbOc\u00e9ano y la cri\u00f3sfera\u00bb tab_id=\u00bb1620163204860-f9de08dd-388a\u00bb][vc_column_text]<\/p>\n<h2>Informe especial del IPCC sobre el oc\u00e9ano y la cri\u00f3sfera en un clima cambiante<\/h2>\n<p>Dra. Evelia Rivera, Autora l\u00edder del IPCC \u2013\u00a0<a href=\"https:\/\/www.filantropiacortessolari.cl\/wp-content\/uploads\/2020\/03\/Evelia-Rivera.pdf\" target=\"_blank\" rel=\"noopener noreferrer\">Presentaci\u00f3n PDF<\/a><br \/>\n<iframe src=\"https:\/\/www.youtube.com\/embed\/i2pY2j3u8Hg\" width=\"100%\" height=\"450\" frameborder=\"0\" allowfullscreen=\"allowfullscreen\"><\/iframe>[\/vc_column_text][\/vc_tta_section][vc_tta_section title=\u00bbPanel 1&#8243; tab_id=\u00bb1620163344200-44e992f7-a82e\u00bb][vc_column_text]<\/p>\n<h2>Panel 1 Oc\u00e9anos: desaf\u00edos y soluciones<\/h2>\n<ol>\n<li>Sonia Espa\u00f1ol, L\u00edder \u00e1rea investigaci\u00f3n cet\u00e1ceos, Fundaci\u00f3n MERI \u2013\u00a0<a href=\"https:\/\/www.filantropiacortessolari.cl\/wp-content\/uploads\/2020\/03\/6.-Sonia-Espa%C3%B1ol.pdf\" target=\"_blank\" rel=\"noopener noreferrer\">Presentaci\u00f3n PDF<\/a><\/li>\n<li>Jos\u00e9 Luis Iriarte, Universidad Austral \u2013\u00a0<a href=\"https:\/\/www.filantropiacortessolari.cl\/wp-content\/uploads\/2020\/03\/1.-Jos%C3%A9-Luis-Iriarte.pdf\" target=\"_blank\" rel=\"noopener noreferrer\">Presentaci\u00f3n PDF<\/a><\/li>\n<li>Carolina Urmeneta, Ministerio Medio Ambiente<\/li>\n<li>Laura Ramajo, CEAZA \u2013\u00a0<a href=\"https:\/\/www.filantropiacortessolari.cl\/wp-content\/uploads\/2020\/03\/3.Laura-Ramajo.pdf\" target=\"_blank\" rel=\"noopener noreferrer\">Presentaci\u00f3n PDF<\/a><\/li>\n<li>Ralph Chami, Fondo Monetario Internacional<\/li>\n<li>Gustavo San Mart\u00edn, Subpesca \u2013\u00a0<a href=\"https:\/\/www.filantropiacortessolari.cl\/wp-content\/uploads\/2020\/03\/4.Gustavo-San-Mart%C3%ADn.pdf\" target=\"_blank\" rel=\"noopener noreferrer\">Presentaci\u00f3n PDF<\/a><\/li>\n<\/ol>\n<p>Modera: Juan Luis Orellana, Ministerio de Medio Ambiente<\/p>\n<p>Coordina: Sonia Espa\u00f1ol.<\/p>\n<p><iframe src=\"https:\/\/www.youtube.com\/embed\/-hedl6SiayQ\" width=\"100%\" height=\"350\" frameborder=\"0\" allowfullscreen=\"allowfullscreen\"><\/iframe>[\/vc_column_text][\/vc_tta_section][vc_tta_section title=\u00bbCambio Clim\u00e1tico y la Tierra\u00bb tab_id=\u00bb1620163386689-e5156662-412c\u00bb][vc_column_text]<\/p>\n<h2>Informe especial del IPCC sobre el Cambio Clim\u00e1tico y la Tierra<\/h2>\n<ol>\n<li>Thelma Krug, Vicepresidenta del IPCC<\/li>\n<\/ol>\n<p><iframe src=\"https:\/\/www.youtube.com\/embed\/-TkgCJJuSe8\" width=\"100%\" height=\"350\" frameborder=\"0\" allowfullscreen=\"allowfullscreen\"><\/iframe>[\/vc_column_text][\/vc_tta_section][vc_tta_section title=\u00bbPanel 2&#8243; tab_id=\u00bb1620163401126-a159035c-2a78&#8243;][vc_column_text]<\/p>\n<h2>Panel 2 Agricultura Sustentable y Seguridad Alimentaria<\/h2>\n<ol>\n<li>Juan Antonio Carlos Correa, Org. Intercultural<\/li>\n<li>Francisco Meza, PUC. Centro del Cambio Global \u2013\u00a0<a href=\"https:\/\/www.filantropiacortessolari.cl\/wp-content\/uploads\/2020\/03\/3.Francisco-Meza.pdf\" target=\"_blank\" rel=\"noopener noreferrer\">Presentaci\u00f3n PDF<\/a><\/li>\n<li>Ornella Tiboni, FAO<\/li>\n<li>Maria Emilia Undurraga, Directora ODEPA \u2013\u00a0<a href=\"https:\/\/www.filantropiacortessolari.cl\/wp-content\/uploads\/2020\/03\/5.Mar%C3%ADa-Emilia-Undurraga.pdf\" target=\"_blank\" rel=\"noopener noreferrer\">Presentaci\u00f3n PDF<\/a><\/li>\n<li>Thelma Krug, Vicepresidenta del IPCC<\/li>\n<\/ol>\n<p>Coordinador: Ornella Tiboni<\/p>\n<p><iframe src=\"https:\/\/www.youtube.com\/embed\/yCIJoVENmEA\" width=\"100%\" height=\"450\" frameborder=\"0\" allowfullscreen=\"allowfullscreen\"><\/iframe><\/p>\n<p>Juan Antonio Carlos Correa, Org. Intercultural<\/p>\n<div style=\"width: 610px;\" class=\"wp-video\"><video class=\"wp-video-shortcode\" id=\"video-4037-1\" width=\"610\" height=\"350\" preload=\"metadata\" controls=\"controls\"><source type=\"video\/mp4\" src=\"https:\/\/www.filantropiacortessolari.cl\/wp-content\/uploads\/2020\/03\/2.Juan-Antonio-Correa.mp4?_=1\" \/><a href=\"https:\/\/www.filantropiacortessolari.cl\/wp-content\/uploads\/2020\/03\/2.Juan-Antonio-Correa.mp4\">https:\/\/www.filantropiacortessolari.cl\/wp-content\/uploads\/2020\/03\/2.Juan-Antonio-Correa.mp4<\/a><\/video><\/div>\n<p>[\/vc_column_text][\/vc_tta_section][vc_tta_section title=\u00bbCalentamiento Global\u00bb tab_id=\u00bb1620163411095-b4a2013d-c266&#8243;][vc_column_text]<\/p>\n<h2>Informe IPCC Calentamiento Global de 1.5\u00b0<\/h2>\n<ol>\n<li>Dra. Carolina Vera, Vicepresidenta de Grupo de Trabajo I del IPCC (Argentina) \u2013\u00a0<a href=\"https:\/\/www.filantropiacortessolari.cl\/wp-content\/uploads\/2020\/03\/Carolina-Vera.pdf\" target=\"_blank\" rel=\"noopener noreferrer\">Presentaci\u00f3n PDF<\/a><\/li>\n<li>Dr. Carlos M\u00e9ndez, Vicepresidente de Grupo de Trabajo I del IPCC (Venezuela) \u2013\u00a0<a href=\"https:\/\/www.filantropiacortessolari.cl\/wp-content\/uploads\/2020\/03\/Carlos-M%C3%A9ndez.pdf\" target=\"_blank\" rel=\"noopener noreferrer\">Presentaci\u00f3n PDF<\/a><\/li>\n<\/ol>\n<p><iframe src=\"https:\/\/www.youtube.com\/embed\/RylJfy4bC8Y\" width=\"100%\" height=\"350\" frameborder=\"0\" allowfullscreen=\"allowfullscreen\"><\/iframe>[\/vc_column_text][\/vc_tta_section][vc_tta_section title=\u00bbPanel 3&#8243; tab_id=\u00bb1620163418468-021e69e4-161f\u00bb][vc_column_text]<\/p>\n<h2>Panel 3 Modelo de desarrollo sustentable (ODS)\u00a0 y Cambio Clim\u00e1tico<\/h2>\n<ol>\n<li>Mar\u00eda Mercedes Proa\u00f1o (FAO)<\/li>\n<li>Marcelino Collio, Asociaci\u00f3n Mapuche We Kuyen \u2013\u00a0<a href=\"https:\/\/www.filantropiacortessolari.cl\/wp-content\/uploads\/2020\/03\/2.Marcelino-Collio.pdf\" target=\"_blank\" rel=\"noopener noreferrer\">Presentaci\u00f3n PDF<\/a><\/li>\n<li>In\u00e9s Camilloni (ARG)<\/li>\n<li>Pablo Marquet (PUC)<\/li>\n<li>Josefina Lema. Naci\u00f3n Kichwa Otavalo. Ecuador.<\/li>\n<li>Luiz Krieger (CEPAL)<\/li>\n<\/ol>\n<p>Coordinadora: Thelma Krug, Vicepresidenta del IPCC.<\/p>\n<p><iframe src=\"https:\/\/www.youtube.com\/embed\/qb_rY26ysuc\" width=\"100%\" height=\"450\" frameborder=\"0\" allowfullscreen=\"allowfullscreen\"><\/iframe>[\/vc_column_text][\/vc_tta_section][\/vc_tta_tour][\/vc_column][vc_column width=\u00bb1\/6&#8243;][\/vc_column][\/vc_row][vc_row full_width=\u00bbstretch_row\u00bb parallax=\u00bbcontent-moving\u00bb parallax_image=\u00bb68228&#8243; css=\u00bb.vc_custom_1685570326681{margin-bottom: 0px !important;background-color: #e8ecef !important;}\u00bb effects_enabled_delay=\u00bb1&#8243;][vc_column width=\u00bb1\/6&#8243;][\/vc_column][vc_column width=\u00bb2\/3&#8243;][vc_column_text]<\/p>\n<h1 style=\"text-align: center;\">D\u00eda 2<\/h1>\n<p>[\/vc_column_text][\/vc_column][vc_column width=\u00bb1\/6&#8243;][\/vc_column][\/vc_row][vc_row full_width=\u00bbstretch_row\u00bb css=\u00bb.vc_custom_1685570369370{margin-top: 0px !important;margin-bottom: 0px !important;padding-top: 20px !important;padding-bottom: 50px !important;background-color: #e8ecef !important;}\u00bb][vc_column width=\u00bb1\/6&#8243;][\/vc_column][vc_column width=\u00bb2\/3&#8243;][vc_tta_tour style=\u00bbflat\u00bb shape=\u00bbsquare\u00bb spacing=\u00bb20&#8243; gap=\u00bb20&#8243; controls_size=\u00bbmd\u00bb active_section=\u00bb1&#8243;][vc_tta_section title=\u00bbBienvenida\u00bb tab_id=\u00bb1620227002844-c2096924-18fe\u00bb][vc_column_text]<\/p>\n<h2>Bienvenida<\/h2>\n<p>Palabras de bienvenida de autoridades segundo d\u00eda \u00abPrimera Conferencia sobre Cambio Clim\u00e1tico, Evidencia Cient\u00edfica y Pol\u00edticas P\u00fablicas para Am\u00e9rica Latina y el Caribe\u00bb<\/p>\n<ol>\n<li>Andr\u00e9s Couve, Ministro de Ciencia<\/li>\n<li>Thelma Krug, Vice-Chair IPCC<\/li>\n<li>Francisca Cort\u00e9s Solari, Presidenta Ejecutiva Filantrop\u00eda Cort\u00e9s Solari<\/li>\n<li>Alicia B\u00e1rcena, Secretaria Ejecutiva para Am\u00e9rica Latina, CEPAL<\/li>\n<\/ol>\n<p><iframe src=\"https:\/\/www.youtube.com\/embed\/IGcLzpGkwrQ\" width=\"100%\" height=\"450\" frameborder=\"0\" allowfullscreen=\"allowfullscreen\"><\/iframe>[\/vc_column_text][\/vc_tta_section][vc_tta_section title=\u00bbMitigaci\u00f3n\u00bb tab_id=\u00bb1620227003974-d23104f0-11bc\u00bb][vc_column_text]<\/p>\n<h2>El rol del IPCC en Am\u00e9rica Latina y el Caribe para la toma de decisiones en Mitigaci\u00f3n<\/h2>\n<ol>\n<li>Dra. Thelma Krug, Vicepresidenta del IPCC (Key note speaker)<\/li>\n<li>Dra. Carolina Vera, Vicepresidenta de Grupo de Trabajo I del IPCC<\/li>\n<li>Dra. Maisa Rojas, Autora l\u00edder del IPCC(panelista) &#8211; <a href=\"https:\/\/www.filantropiacortessolari.cl\/wp-content\/uploads\/2020\/03\/3.Maisa-Rojas.pdf\" target=\"_blank\" rel=\"noopener noreferrer\">Presentaci\u00f3n PDF<\/a><\/li>\n<li>Dr. Carlos M\u00e9ndez, Vicepresidente de Grupo de Trabajo I del IPCC<\/li>\n<\/ol>\n<p>Modera: Patricia Morales<\/p>\n<p><iframe src=\"https:\/\/www.youtube.com\/embed\/Zdd4HSao7wE\" width=\"100%\" height=\"450\" frameborder=\"0\" allowfullscreen=\"allowfullscreen\"><\/iframe>[\/vc_column_text][\/vc_tta_section][vc_tta_section title=\u00bbGobernanza Clim\u00e1tica\u00bb tab_id=\u00bb1620227005097-1d5634e0-e100&#8243;][vc_column_text]<\/p>\n<h2>Resultados del IPCC: Gobernanza Clim\u00e1tica<\/h2>\n<ol>\n<li>Dra. Pilar Moraga, Investigadora principal de la l\u00ednea de gobernanza e interfaz ciencia-pol\u00edtica del (CR2) &#8211; <a href=\"https:\/\/www.filantropiacortessolari.cl\/wp-content\/uploads\/2020\/03\/Pilar-Moraga.pdf\" target=\"_blank\" rel=\"noopener noreferrer\">Presentaci\u00f3n PDF<\/a><\/li>\n<\/ol>\n<p><iframe src=\"https:\/\/www.youtube.com\/embed\/DjOdP9SVjHU\" width=\"100%\" height=\"450\" frameborder=\"0\" allowfullscreen=\"allowfullscreen\"><\/iframe>[\/vc_column_text][\/vc_tta_section][vc_tta_section title=\u00bbPanel 4&#8243; tab_id=\u00bb1620227006228-2a6291b5-cce0&#8243;][vc_column_text]<\/p>\n<h2>Panel 4 Gobernanza y Cambio Clim\u00e1tico<\/h2>\n<ol>\n<li>Marcelo Mena, Profesor PUC<\/li>\n<li>Maximiliano Reyes, Secretario de Relaciones Exteriores M\u00e9xico &#8211; <a href=\"https:\/\/www.filantropiacortessolari.cl\/wp-content\/uploads\/2020\/03\/2.Maximiliano-Reyes.pdf\" target=\"_blank\" rel=\"noopener noreferrer\">Presentaci\u00f3n PDF<\/a><\/li>\n<li>Ciro Colombara, Abogado socio RCZ<\/li>\n<li>Leonardo Mu\u00f1oz, Representante Ministerio de Ciencia<\/li>\n<li>Dra. Carolina Vera, Vicepresidenta de Grupo de Trabajo I del IPCC<\/li>\n<li>Thelma Krug, Vicepresidenta del IPCC<\/li>\n<li>Jose Eduardo Alatorre, Representante CEPAL<\/li>\n<\/ol>\n<p>Coordinadora: Patricia Morales, Gerente General Filantrop\u00eda Cort\u00e9s Solari<\/p>\n<p><iframe src=\"https:\/\/www.youtube.com\/embed\/K2aWQA5sV7w\" width=\"100%\" height=\"450\" frameborder=\"0\" allowfullscreen=\"allowfullscreen\"><\/iframe>[\/vc_column_text][\/vc_tta_section][vc_tta_section title=\u00bbOc\u00e9anos y Cri\u00f3sfera\u00bb tab_id=\u00bb1620227007686-ab9d6507-ec97&#8243;][vc_column_text]<\/p>\n<h2>Informe IPCC Oc\u00e9anos y Cri\u00f3sfera. Cap\u00edtulo de zonas de altas monta\u00f1as<\/h2>\n<ol>\n<li>Sebasti\u00e1n Vicu\u00f1a, Director del Centro de Cambio Global &#8211; <a href=\"https:\/\/www.filantropiacortessolari.cl\/wp-content\/uploads\/2020\/03\/Sebasti\u00e1n-Vicu\u00f1a.pdf\" target=\"_blank\" rel=\"noopener noreferrer\">Presentaci\u00f3n PDF<\/a><\/li>\n<\/ol>\n<p><iframe src=\"https:\/\/www.youtube.com\/embed\/HQnF339u6Lk\" width=\"100%\" height=\"450\" frameborder=\"0\" allowfullscreen=\"allowfullscreen\"><\/iframe>[\/vc_column_text][\/vc_tta_section][vc_tta_section title=\u00bbPanel 5&#8243; tab_id=\u00bb1620227009451-5daa5456-5c1f\u00bb][vc_column_text]<\/p>\n<h2>Panel 5 Naturaleza y Sociedad: reconciliando las necesidades por agua<\/h2>\n<ol>\n<li>Gustavo Chiang, Director Cient\u00edfico, Fundaci\u00f3n MERI &#8211; <a href=\"https:\/\/www.filantropiacortessolari.cl\/wp-content\/uploads\/2020\/04\/1.Panel-agua-GChiang.pdf\" target=\"_blank\" rel=\"noopener noreferrer\">Presentaci\u00f3n PDF<\/a><\/li>\n<li>In\u00e9s Camilloni, Representante del Centro de Investigaciones del Mar y la Atm\u00f3sfera (CIMA) &#8211; <a href=\"https:\/\/www.filantropiacortessolari.cl\/wp-content\/uploads\/2020\/04\/2.Panel-5-Agua_Camilloni-2020.pdf\" target=\"_blank\" rel=\"noopener noreferrer\">Presentaci\u00f3n PDF<\/a><\/li>\n<li>Dra. Carolina Vera, Vicepresidenta de Grupo de Trabajo I del IPCC<\/li>\n<li>Gloria Ushigua Santi, Coordinadora, Asociaci\u00f3n de Mujeres S\u00e1para.<\/li>\n<li>Timothy Spuck, STEM Development Officer, Associated Universities Inc.<\/li>\n<\/ol>\n<p>Coordinardora: Alejandra Sther, Directora del\u00a0Centro de Ciencias Ambientales Eula-Chile<\/p>\n<p><iframe src=\"https:\/\/www.youtube.com\/embed\/WcMNLfD5ks0\" width=\"100%\" height=\"450\" frameborder=\"0\" allowfullscreen=\"allowfullscreen\"><\/iframe>[\/vc_column_text][\/vc_tta_section][vc_tta_section title=\u00bbPanel 6&#8243; tab_id=\u00bb1620227011135-80191a17-dd1c\u00bb][vc_column_text]<\/p>\n<h2>Modelos de Conservaci\u00f3n Efectiva<\/h2>\n<ol>\n<li>Patricia Morales, Gerenta General Filantrop\u00eda Cort\u00e9s Solari<\/li>\n<li>Flavia Liberona, Fundaci\u00f3n Terram &#8211; <a href=\"https:\/\/www.filantropiacortessolari.cl\/wp-content\/uploads\/2020\/03\/2.Flavia-Liberona.pdf\" target=\"_blank\" rel=\"noopener noreferrer\">Presentaci\u00f3n PDF<\/a><\/li>\n<li>Adison Altamirano, Profesor Universidad de la Frontera &#8211; <a href=\"https:\/\/www.filantropiacortessolari.cl\/wp-content\/uploads\/2020\/03\/3.Adison-Altamirano.pdf\" target=\"_blank\" rel=\"noopener noreferrer\">Presentaci\u00f3n PDF<\/a><\/li>\n<li>Leonel Tapia, Proyecto de Pago por Resultado, captura de CO2 por los bosques nativos (FAO) &#8211; <a href=\"https:\/\/www.filantropiacortessolari.cl\/wp-content\/uploads\/2020\/03\/4.Leonel-Tapia.pdf\" target=\"_blank\" rel=\"noopener noreferrer\">Presentaci\u00f3n PDF<\/a><\/li>\n<li>Sergio Araya, UAI &#8211; <a href=\"https:\/\/www.filantropiacortessolari.cl\/wp-content\/uploads\/2020\/03\/5.Sergio-Araya.pdf\" target=\"_blank\" rel=\"noopener noreferrer\">Presentaci\u00f3n PDF<\/a><\/li>\n<li>Dra. Evelia Rivera, Autora l\u00edder del IPCC<\/li>\n<\/ol>\n<p>Coordinador: Diego Flores (Jefe Depto. \u00c1reas Protegidas Ministerio de Medio Ambiente)<\/p>\n<p><iframe src=\"https:\/\/www.youtube.com\/embed\/TOiFi4DdVjE\" width=\"100%\" height=\"450\" frameborder=\"0\" allowfullscreen=\"allowfullscreen\"><\/iframe>[\/vc_column_text][\/vc_tta_section][\/vc_tta_tour][\/vc_column][vc_column width=\u00bb1\/6&#8243;][\/vc_column][\/vc_row]<\/p>\n<\/div>","protected":false},"excerpt":{"rendered":"<p>[vc_row css=\u00bb.vc_custom_1651179158103{margin-bottom: 0px !important;}\u00bb][vc_column][\/vc_column][\/vc_row][vc_row full_width=\u00bbstretch_row_content\u00bb content_placement=\u00bbmiddle\u00bb css=\u00bb.vc_custom_1651278555727{margin-top: 0px !important;margin-bottom: 0px !important;}\u00bb el_id=\u00bbconferencia\u00bb][vc_column width=\u00bb3\/5&#8243;][vc_row_inner content_placement=\u00bbmiddle\u00bb][vc_column_inner width=\u00bb1\/4&#8243;][\/vc_column_inner][vc_column_inner width=\u00bb1\/2&#8243;][vc_column_text css_animation=\u00bbfadeInLeft\u00bb] Conferencia NovoPangea Chile&#8230;<\/p>\n","protected":false},"author":1,"featured_media":3893,"parent":0,"menu_order":0,"comment_status":"closed","ping_status":"closed","template":"","meta":{"footnotes":""},"class_list":["post-4037","page","type-page","status-publish","has-post-thumbnail"],"translation":{"provider":"WPGlobus","version":"3.0.1","language":"es","enabled_languages":["es","en"],"languages":{"es":{"title":true,"content":true,"excerpt":false},"en":{"title":true,"content":true,"excerpt":false}}},"_links":{"self":[{"href":"https:\/\/fundacionmeri.cl\/novopangea\/wp-json\/wp\/v2\/pages\/4037","targetHints":{"allow":["GET"]}}],"collection":[{"href":"https:\/\/fundacionmeri.cl\/novopangea\/wp-json\/wp\/v2\/pages"}],"about":[{"href":"https:\/\/fundacionmeri.cl\/novopangea\/wp-json\/wp\/v2\/types\/page"}],"author":[{"embeddable":true,"href":"https:\/\/fundacionmeri.cl\/novopangea\/wp-json\/wp\/v2\/users\/1"}],"replies":[{"embeddable":true,"href":"https:\/\/fundacionmeri.cl\/novopangea\/wp-json\/wp\/v2\/comments?post=4037"}],"version-history":[{"count":16,"href":"https:\/\/fundacionmeri.cl\/novopangea\/wp-json\/wp\/v2\/pages\/4037\/revisions"}],"predecessor-version":[{"id":4137,"href":"https:\/\/fundacionmeri.cl\/novopangea\/wp-json\/wp\/v2\/pages\/4037\/revisions\/4137"}],"wp:featuredmedia":[{"embeddable":true,"href":"https:\/\/fundacionmeri.cl\/novopangea\/wp-json\/wp\/v2\/media\/3893"}],"wp:attachment":[{"href":"https:\/\/fundacionmeri.cl\/novopangea\/wp-json\/wp\/v2\/media?parent=4037"}],"curies":[{"name":"wp","href":"https:\/\/api.w.org\/{rel}","templated":true}]}}