{"id":4027,"date":"2023-05-30T20:06:15","date_gmt":"2023-05-30T20:06:15","guid":{"rendered":"https:\/\/fundacionmeri.cl\/novopangea\/?page_id=4027"},"modified":"2023-06-12T16:21:58","modified_gmt":"2023-06-12T16:21:58","slug":"novopangea-latinoamerica","status":"publish","type":"page","link":"https:\/\/fundacionmeri.cl\/novopangea\/novopangea-latinoamerica\/","title":{"rendered":"NovoPangea Latinoam\u00e9rica"},"content":{"rendered":"<div class=\"wpb-content-wrapper\"><p>[vc_row css=\u00bb.vc_custom_1651179158103{margin-bottom: 0px !important;}\u00bb][vc_column]\n\t\t\t<!-- START Novo Latam ES REVOLUTION SLIDER 6.7.38 --><p class=\"rs-p-wp-fix\"><\/p>\n\t\t\t<rs-module-wrap id=\"rev_slider_9_1_wrapper\" data-source=\"gallery\" style=\"visibility:hidden;background:transparent;padding:0;margin:0px auto;margin-top:0;margin-bottom:0;\">\n\t\t\t\t<rs-module id=\"rev_slider_9_1\" style=\"\" data-version=\"6.7.38\">\n\t\t\t\t\t<rs-slides style=\"overflow: hidden; position: absolute;\">\n\t\t\t\t\t\t<rs-slide style=\"position: absolute;\" data-key=\"rs-20\" data-title=\"Slide\" data-thumb=\"\/\/fundacionmeri.cl\/novopangea\/wp-content\/uploads\/2022\/05\/Banner-Principal-Novo-01-50x100.jpg\" data-anim=\"adpr:false;\" data-in=\"o:0;\" data-out=\"a:false;\">\n\t\t\t\t\t\t\t<img src=\"\/\/fundacionmeri.cl\/novopangea\/wp-content\/uploads\/2022\/05\/Banner-Principal-Novo-01.jpg\" alt=\"\" title=\"Banner-Principal-Novo-01\" width=\"2000\" height=\"628\" class=\"rev-slidebg tp-rs-img\" data-no-retina>\n<!--\n\t\t\t\t\t\t\t--><rs-layer\n\t\t\t\t\t\t\t\tid=\"slider-9-slide-20-layer-0\" \n\t\t\t\t\t\t\t\tdata-type=\"text\"\n\t\t\t\t\t\t\t\tdata-rsp_ch=\"on\"\n\t\t\t\t\t\t\t\tdata-xy=\"x:c;xo:-356px,0,0,0;yo:173px,230px,178px,212px;\"\n\t\t\t\t\t\t\t\tdata-text=\"w:normal;s:50,36,36,37;l:55,40,39,41;fw:700;\"\n\t\t\t\t\t\t\t\tdata-frame_0=\"x:-100%;skX:45;\"\n\t\t\t\t\t\t\t\tdata-frame_1=\"sp:1000;\"\n\t\t\t\t\t\t\t\tdata-frame_999=\"o:0;st:w;\"\n\t\t\t\t\t\t\t\tstyle=\"z-index:5;font-family:'Fira Sans';\"\n\t\t\t\t\t\t\t>NovoPangea: \n\t\t\t\t\t\t\t<\/rs-layer><!--\n\n\t\t\t\t\t\t\t--><rs-layer\n\t\t\t\t\t\t\t\tid=\"slider-9-slide-20-layer-1\" \n\t\t\t\t\t\t\t\tdata-type=\"text\"\n\t\t\t\t\t\t\t\tdata-rsp_ch=\"on\"\n\t\t\t\t\t\t\t\tdata-xy=\"x:c;xo:-257px,0,0,-1px;yo:237px,305px,238px,267px;\"\n\t\t\t\t\t\t\t\tdata-text=\"w:normal;s:35,23,19,23;l:52,28,24,28;fw:700;\"\n\t\t\t\t\t\t\t\tdata-dim=\"w:493px,auto,auto,auto;\"\n\t\t\t\t\t\t\t\tdata-frame_999=\"o:0;e:power4.inOut;st:w;sp:1000;\"\n\t\t\t\t\t\t\t\tstyle=\"z-index:6;font-family:'Fira Sans';\"\n\t\t\t\t\t\t\t>Unidos por la Acci\u00f3n Clim\u00e1tica \n\t\t\t\t\t\t\t<\/rs-layer><!--\n-->\t\t\t\t\t<\/rs-slide>\n\t\t\t\t\t\t<rs-slide style=\"position: absolute;\" data-key=\"rs-19\" data-title=\"Slide\" data-thumb=\"\/\/fundacionmeri.cl\/novopangea\/wp-content\/uploads\/2022\/04\/Banner-Principal-50x100.jpg\" data-anim=\"adpr:false;\" data-in=\"o:0;\" data-out=\"a:false;\">\n\t\t\t\t\t\t\t<img src=\"\/\/fundacionmeri.cl\/novopangea\/wp-content\/uploads\/2022\/04\/Banner-Principal.jpg\" alt=\"\" title=\"Banner-Principal\" width=\"2000\" height=\"628\" class=\"rev-slidebg tp-rs-img\" data-no-retina>\n<!--\n\t\t\t\t\t\t\t--><rs-layer\n\t\t\t\t\t\t\t\tid=\"slider-9-slide-19-layer-0\" \n\t\t\t\t\t\t\t\tdata-type=\"text\"\n\t\t\t\t\t\t\t\tdata-rsp_ch=\"on\"\n\t\t\t\t\t\t\t\tdata-xy=\"x:c;xo:0,-1px,0,0;yo:176px,205px,178px,212px;\"\n\t\t\t\t\t\t\t\tdata-text=\"w:normal;s:50,32,36,32;l:55,36,39,35;fw:700;\"\n\t\t\t\t\t\t\t\tdata-frame_0=\"x:-100%;skX:45;\"\n\t\t\t\t\t\t\t\tdata-frame_1=\"sp:1000;\"\n\t\t\t\t\t\t\t\tdata-frame_999=\"o:0;st:w;sR:8000;\"\n\t\t\t\t\t\t\t\tstyle=\"z-index:5;font-family:'Fira Sans';\"\n\t\t\t\t\t\t\t>NovoPangea: \n\t\t\t\t\t\t\t<\/rs-layer><!--\n\n\t\t\t\t\t\t\t--><rs-layer\n\t\t\t\t\t\t\t\tid=\"slider-9-slide-19-layer-1\" \n\t\t\t\t\t\t\t\tdata-type=\"text\"\n\t\t\t\t\t\t\t\tdata-rsp_ch=\"on\"\n\t\t\t\t\t\t\t\tdata-xy=\"x:c;yo:256px,276px,251px,278px;\"\n\t\t\t\t\t\t\t\tdata-text=\"w:normal;s:27,18,18,19;l:34,22,23,23;fw:700;a:center;\"\n\t\t\t\t\t\t\t\tdata-dim=\"w:auto,auto,auto,283.227px;\"\n\t\t\t\t\t\t\t\tdata-frame_1=\"st:190;sp:920;sR:190;\"\n\t\t\t\t\t\t\t\tdata-frame_999=\"o:0;e:power4.inOut;st:w;sp:1000;sR:7890;\"\n\t\t\t\t\t\t\t\tstyle=\"z-index:6;font-family:'Fira Sans';\"\n\t\t\t\t\t\t\t>\u00bfTe imaginas si todos habit\u00e1ramos en un solo gran <br \/>\ncontinente llamado NovoPangea en 300 millones de a\u00f1os? \n\t\t\t\t\t\t\t<\/rs-layer><!--\n-->\t\t\t\t\t<\/rs-slide>\n\t\t\t\t\t<\/rs-slides>\n\t\t\t\t<\/rs-module>\n\t\t\t\t<script>\n\t\t\t\t\tsetREVStartSize({c: 'rev_slider_9_1',rl:[1240,1024,778,480],el:[620,568,560,520],gw:[2000,1024,778,570],gh:[620,568,560,520],type:'standard',justify:'',layout:'fullwidth',mh:\"0\"});if (window.RS_MODULES!==undefined && window.RS_MODULES.modules!==undefined && window.RS_MODULES.modules[\"revslider91\"]!==undefined) {window.RS_MODULES.modules[\"revslider91\"].once = false;window.revapi9 = undefined;if (window.RS_MODULES.checkMinimal!==undefined) window.RS_MODULES.checkMinimal()}\n\t\t\t\t<\/script>\n\t\t\t<\/rs-module-wrap>\n\t\t\t<!-- END REVOLUTION SLIDER -->\n[\/vc_column][\/vc_row][vc_row full_width=\u00bbstretch_row_content\u00bb content_placement=\u00bbmiddle\u00bb css=\u00bb.vc_custom_1685477933359{margin-top: 0px !important;margin-bottom: 0px !important;}\u00bb][vc_column width=\u00bb3\/5&#8243;][vc_row_inner content_placement=\u00bbmiddle\u00bb][vc_column_inner width=\u00bb1\/4&#8243;][\/vc_column_inner][vc_column_inner width=\u00bb1\/2&#8243;][vc_column_text css_animation=\u00bbfadeInLeft\u00bb]<\/p>\n<h2>Conferencia<br \/>\nNovoPangea Latinoam\u00e9rica<\/h2>\n<p>[\/vc_column_text][vc_column_text css_animation=\u00bbfadeIn\u00bb]Fundaci\u00f3n MERI organiza la Conferencia Regional sobre el IPCC para el Cambio Clim\u00e1tico, llamada NovoPangea Latinoam\u00e9rica: Unidos por la Acci\u00f3n Clim\u00e1tica.<\/p>\n<p>NovoPangea busca acercar a la ciudadan\u00eda con diversos actores de la regi\u00f3n creando instancias de di\u00e1logo y colaboraci\u00f3n para la mitigaci\u00f3n y adaptaci\u00f3n del Cambio Clim\u00e1tico, enfoc\u00e1ndonos en los reportes desarrollados por el IPCC.<\/p>\n<hr class=\"barrita\" \/>\n<p>[\/vc_column_text][\/vc_column_inner][vc_column_inner width=\u00bb1\/4&#8243;][\/vc_column_inner][\/vc_row_inner][\/vc_column][vc_column width=\u00bb2\/5&#8243; css=\u00bb.vc_custom_1651278846965{padding-top: 130px !important;padding-bottom: 130px !important;background-image: url(https:\/\/fundacionmeri.cl\/novopangea\/wp-content\/uploads\/2022\/04\/Colores.png?id=20) !important;background-position: center !important;background-repeat: no-repeat !important;background-size: cover !important;}\u00bb][vc_row_inner el_disable_tablet=\u00bb1&#8243; el_disable_mobile=\u00bb1&#8243; el_class=\u00bbvideo\u00bb][vc_column_inner][vc_column_text css_animation=\u00bbfadeInRight\u00bb]<iframe class=\"iframe1\" title=\"YouTube video player\" src=\"https:\/\/www.youtube.com\/embed\/mIOOjtysPxM\" width=\"560\" height=\"315\" frameborder=\"0\" allowfullscreen=\"allowfullscreen\"><\/iframe>[\/vc_column_text][\/vc_column_inner][\/vc_row_inner][vc_row_inner el_disable_desktop=\u00bb1&#8243;][vc_column_inner][vc_column_text css_animation=\u00bbfadeInRight\u00bb]<iframe class=\"iframe1\" title=\"YouTube video player\" src=\"https:\/\/www.youtube.com\/embed\/mIOOjtysPxM\" width=\"350\" height=\"225\" frameborder=\"0\" allowfullscreen=\"allowfullscreen\"><\/iframe>[\/vc_column_text][\/vc_column_inner][\/vc_row_inner][\/vc_column][\/vc_row][vc_row full_width=\u00bbstretch_row\u00bb css=\u00bb.vc_custom_1686170629356{margin-top: 0px !important;margin-bottom: 0px !important;padding-top: 50px !important;padding-bottom: 100px !important;background-color: #e8ecef !important;}\u00bb][vc_column][vc_column_text css_animation=\u00bbfadeInLeft\u00bb css=\u00bb.vc_custom_1686170604929{padding-bottom: 60px !important;}\u00bb]<\/p>\n<h2 style=\"text-align: center;\">Revisa todas las conferencias<\/h2>\n<p>[\/vc_column_text][vc_row_inner][vc_column_inner width=\u00bb1\/2&#8243;][vc_column_text]<a href=\"https:\/\/fundacionmeri.cl\/novopangea\/novopangea-colombia\/\"><img class=\"imgnovo1 aligncenter size-full wp-image-4105\" src=\"https:\/\/fundacionmeri.cl\/novopangea\/wp-content\/uploads\/2023\/06\/np_col.jpg\" alt=\"\" width=\"1920\" height=\"1080\" srcset=\"https:\/\/fundacionmeri.cl\/novopangea\/wp-content\/uploads\/2023\/06\/np_col.jpg 1920w, https:\/\/fundacionmeri.cl\/novopangea\/wp-content\/uploads\/2023\/06\/np_col-300x169.jpg 300w, https:\/\/fundacionmeri.cl\/novopangea\/wp-content\/uploads\/2023\/06\/np_col-1024x576.jpg 1024w, https:\/\/fundacionmeri.cl\/novopangea\/wp-content\/uploads\/2023\/06\/np_col-768x432.jpg 768w, https:\/\/fundacionmeri.cl\/novopangea\/wp-content\/uploads\/2023\/06\/np_col-1536x864.jpg 1536w\" sizes=\"(max-width: 1920px) 100vw, 1920px\" \/><\/a>[\/vc_column_text][\/vc_column_inner][vc_column_inner width=\u00bb1\/2&#8243;][vc_column_text]<a href=\"https:\/\/fundacionmeri.cl\/novopangea\/novopangea-2022\/\"><img class=\"imgnovo1 aligncenter size-full wp-image-4104\" src=\"https:\/\/fundacionmeri.cl\/novopangea\/wp-content\/uploads\/2023\/06\/np_2022-1.jpg\" alt=\"\" width=\"1920\" height=\"1080\" \/><\/a>[\/vc_column_text][\/vc_column_inner][\/vc_row_inner][vc_row_inner][vc_column_inner width=\u00bb1\/2&#8243;][vc_column_text]<a href=\"https:\/\/fundacionmeri.cl\/novopangea\/novopangea-2021\/\"><img class=\"imgnovo1 aligncenter size-full wp-image-4103\" src=\"https:\/\/fundacionmeri.cl\/novopangea\/wp-content\/uploads\/2023\/06\/np_2021-1.jpg\" alt=\"\" width=\"1920\" height=\"1080\" \/><\/a>[\/vc_column_text][\/vc_column_inner][vc_column_inner width=\u00bb1\/2&#8243;][vc_column_text]<a href=\"https:\/\/fundacionmeri.cl\/novopangea\/novopangea-chile\/\"><img class=\"imgnovo1 aligncenter size-full wp-image-4102\" src=\"https:\/\/fundacionmeri.cl\/novopangea\/wp-content\/uploads\/2023\/06\/np_2020.jpg\" alt=\"\" width=\"1920\" height=\"1080\" srcset=\"https:\/\/fundacionmeri.cl\/novopangea\/wp-content\/uploads\/2023\/06\/np_2020.jpg 1920w, https:\/\/fundacionmeri.cl\/novopangea\/wp-content\/uploads\/2023\/06\/np_2020-300x169.jpg 300w, https:\/\/fundacionmeri.cl\/novopangea\/wp-content\/uploads\/2023\/06\/np_2020-1024x576.jpg 1024w, https:\/\/fundacionmeri.cl\/novopangea\/wp-content\/uploads\/2023\/06\/np_2020-768x432.jpg 768w, https:\/\/fundacionmeri.cl\/novopangea\/wp-content\/uploads\/2023\/06\/np_2020-1536x864.jpg 1536w\" sizes=\"(max-width: 1920px) 100vw, 1920px\" \/><\/a>[\/vc_column_text][\/vc_column_inner][\/vc_row_inner][\/vc_column][\/vc_row]<\/p>\n<\/div>","protected":false},"excerpt":{"rendered":"<p>[vc_row css=\u00bb.vc_custom_1651179158103{margin-bottom: 0px !important;}\u00bb][vc_column][\/vc_column][\/vc_row][vc_row full_width=\u00bbstretch_row_content\u00bb content_placement=\u00bbmiddle\u00bb css=\u00bb.vc_custom_1685477933359{margin-top: 0px !important;margin-bottom: 0px !important;}\u00bb][vc_column width=\u00bb3\/5&#8243;][vc_row_inner content_placement=\u00bbmiddle\u00bb][vc_column_inner width=\u00bb1\/4&#8243;][\/vc_column_inner][vc_column_inner width=\u00bb1\/2&#8243;][vc_column_text css_animation=\u00bbfadeInLeft\u00bb] Conferencia NovoPangea Latinoam\u00e9rica [\/vc_column_text][vc_column_text&#8230;<\/p>\n","protected":false},"author":1,"featured_media":3892,"parent":0,"menu_order":0,"comment_status":"closed","ping_status":"closed","template":"","meta":{"footnotes":""},"class_list":["post-4027","page","type-page","status-publish","has-post-thumbnail"],"translation":{"provider":"WPGlobus","version":"3.0.1","language":"es","enabled_languages":["es","en"],"languages":{"es":{"title":true,"content":true,"excerpt":false},"en":{"title":true,"content":true,"excerpt":false}}},"_links":{"self":[{"href":"https:\/\/fundacionmeri.cl\/novopangea\/wp-json\/wp\/v2\/pages\/4027","targetHints":{"allow":["GET"]}}],"collection":[{"href":"https:\/\/fundacionmeri.cl\/novopangea\/wp-json\/wp\/v2\/pages"}],"about":[{"href":"https:\/\/fundacionmeri.cl\/novopangea\/wp-json\/wp\/v2\/types\/page"}],"author":[{"embeddable":true,"href":"https:\/\/fundacionmeri.cl\/novopangea\/wp-json\/wp\/v2\/users\/1"}],"replies":[{"embeddable":true,"href":"https:\/\/fundacionmeri.cl\/novopangea\/wp-json\/wp\/v2\/comments?post=4027"}],"version-history":[{"count":15,"href":"https:\/\/fundacionmeri.cl\/novopangea\/wp-json\/wp\/v2\/pages\/4027\/revisions"}],"predecessor-version":[{"id":4135,"href":"https:\/\/fundacionmeri.cl\/novopangea\/wp-json\/wp\/v2\/pages\/4027\/revisions\/4135"}],"wp:featuredmedia":[{"embeddable":true,"href":"https:\/\/fundacionmeri.cl\/novopangea\/wp-json\/wp\/v2\/media\/3892"}],"wp:attachment":[{"href":"https:\/\/fundacionmeri.cl\/novopangea\/wp-json\/wp\/v2\/media?parent=4027"}],"curies":[{"name":"wp","href":"https:\/\/api.w.org\/{rel}","templated":true}]}}