{"id":4037,"date":"2023-05-31T15:08:51","date_gmt":"2023-05-31T15:08:51","guid":{"rendered":"https:\/\/fundacionmeri.cl\/novopangea\/?page_id=4037"},"modified":"2023-06-13T21:39:33","modified_gmt":"2023-06-13T21:39:33","slug":"novopangea-chile","status":"publish","type":"page","link":"https:\/\/fundacionmeri.cl\/novopangea\/en\/novopangea-chile\/","title":{"rendered":"NovoPangea Chile 2020"},"content":{"rendered":"<div class=\"wpb-content-wrapper\"><p>[vc_row css=&#8221;.vc_custom_1651179158103{margin-bottom: 0px !important;}&#8221;][vc_column]\n\t\t\t<!-- START Novo Chile 2020 EN REVOLUTION SLIDER 6.7.38 --><p class=\"rs-p-wp-fix\"><\/p>\n\t\t\t<rs-module-wrap id=\"rev_slider_20_1_wrapper\" data-source=\"gallery\" style=\"visibility:hidden;background:transparent;padding:0;margin:0px auto;margin-top:0;margin-bottom:0;\">\n\t\t\t\t<rs-module id=\"rev_slider_20_1\" style=\"\" data-version=\"6.7.38\">\n\t\t\t\t\t<rs-slides style=\"overflow: hidden; position: absolute;\">\n\t\t\t\t\t\t<rs-slide style=\"position: absolute;\" data-key=\"rs-40\" data-title=\"Slide\" data-anim=\"adpr:false;\" data-in=\"o:0;\" data-out=\"a:false;\">\n\t\t\t\t\t\t\t<img src=\"\/\/fundacionmeri.cl\/novopangea\/wp-content\/uploads\/2023\/05\/np_banner5.jpg\" alt=\"\" title=\"np_banner5\" width=\"2000\" height=\"628\" class=\"rev-slidebg tp-rs-img\" data-no-retina>\n<!--\n\t\t\t\t\t\t\t--><rs-layer\n\t\t\t\t\t\t\t\tid=\"slider-20-slide-40-layer-0\" \n\t\t\t\t\t\t\t\tdata-type=\"text\"\n\t\t\t\t\t\t\t\tdata-rsp_ch=\"on\"\n\t\t\t\t\t\t\t\tdata-xy=\"x:c;xo:-257px,0,0,0;yo:171px,230px,178px,212px;\"\n\t\t\t\t\t\t\t\tdata-text=\"w:normal;s:50,36,36,37;l:55,40,39,41;fw:700;\"\n\t\t\t\t\t\t\t\tdata-frame_0=\"x:-100%;skX:45;\"\n\t\t\t\t\t\t\t\tdata-frame_1=\"sp:1000;\"\n\t\t\t\t\t\t\t\tdata-frame_999=\"o:0;st:w;\"\n\t\t\t\t\t\t\t\tstyle=\"z-index:5;font-family:'Fira Sans';\"\n\t\t\t\t\t\t\t>NovoPangea Chile \n\t\t\t\t\t\t\t<\/rs-layer><!--\n\n\t\t\t\t\t\t\t--><rs-layer\n\t\t\t\t\t\t\t\tid=\"slider-20-slide-40-layer-1\" \n\t\t\t\t\t\t\t\tdata-type=\"text\"\n\t\t\t\t\t\t\t\tdata-rsp_ch=\"on\"\n\t\t\t\t\t\t\t\tdata-xy=\"x:c;xo:-257px,0,0,-1px;yo:237px,305px,238px,267px;\"\n\t\t\t\t\t\t\t\tdata-text=\"w:normal;s:35,23,19,23;l:52,28,24,28;fw:700;\"\n\t\t\t\t\t\t\t\tdata-dim=\"w:528px,auto,auto,auto;\"\n\t\t\t\t\t\t\t\tdata-frame_999=\"o:0;e:power4.inOut;st:w;sp:1000;\"\n\t\t\t\t\t\t\t\tstyle=\"z-index:6;font-family:'Fira Sans';\"\n\t\t\t\t\t\t\t>Global  Action for Climate Change \n\t\t\t\t\t\t\t<\/rs-layer><!--\n\n\t\t\t\t\t\t\t--><rs-layer\n\t\t\t\t\t\t\t\tid=\"slider-20-slide-40-layer-2\" \n\t\t\t\t\t\t\t\tdata-type=\"text\"\n\t\t\t\t\t\t\t\tdata-rsp_ch=\"on\"\n\t\t\t\t\t\t\t\tdata-xy=\"x:c;xo:-251px,5px,0,0;yo:292px,160px,115px,154px;\"\n\t\t\t\t\t\t\t\tdata-text=\"w:normal;s:50,36,36,37;l:55,40,39,41;fw:700;a:left,center,center,center;\"\n\t\t\t\t\t\t\t\tdata-frame_0=\"x:-100%;skX:45;\"\n\t\t\t\t\t\t\t\tdata-frame_1=\"sp:1000;\"\n\t\t\t\t\t\t\t\tdata-frame_999=\"o:0;st:w;\"\n\t\t\t\t\t\t\t\tstyle=\"z-index:5;font-family:'Fira Sans';\"\n\t\t\t\t\t\t\t>2020 \n\t\t\t\t\t\t\t<\/rs-layer><!--\n-->\t\t\t\t\t<\/rs-slide>\n\t\t\t\t\t<\/rs-slides>\n\t\t\t\t<\/rs-module>\n\t\t\t\t<script>\n\t\t\t\t\tsetREVStartSize({c: 'rev_slider_20_1',rl:[1240,1024,778,480],el:[620,568,560,520],gw:[2000,1024,778,570],gh:[620,568,560,520],type:'standard',justify:'',layout:'fullwidth',mh:\"0\"});if (window.RS_MODULES!==undefined && window.RS_MODULES.modules!==undefined && window.RS_MODULES.modules[\"revslider201\"]!==undefined) {window.RS_MODULES.modules[\"revslider201\"].once = false;window.revapi20 = undefined;if (window.RS_MODULES.checkMinimal!==undefined) window.RS_MODULES.checkMinimal()}\n\t\t\t\t<\/script>\n\t\t\t<\/rs-module-wrap>\n\t\t\t<!-- END REVOLUTION SLIDER -->\n[\/vc_column][\/vc_row][vc_row full_width=&#8221;stretch_row_content&#8221; content_placement=&#8221;middle&#8221; css=&#8221;.vc_custom_1651278555727{margin-top: 0px !important;margin-bottom: 0px !important;}&#8221; el_id=&#8221;conferencia&#8221;][vc_column width=&#8221;3\/5&#8243;][vc_row_inner content_placement=&#8221;middle&#8221;][vc_column_inner width=&#8221;1\/4&#8243;][\/vc_column_inner][vc_column_inner width=&#8221;1\/2&#8243;][vc_column_text css_animation=&#8221;fadeInLeft&#8221;]<\/p>\n<h2>Conference<br \/>\nNovoPangea Chile 2020<\/h2>\n<p>[\/vc_column_text][vc_column_text css_animation=&#8221;fadeIn&#8221;]First Conference on Climate Change, Scientific Evidence and Public Policy for Latin America and the Caribbean.<\/p>\n<hr class=\"barrita\" \/>\n<p>[\/vc_column_text][\/vc_column_inner][vc_column_inner width=&#8221;1\/4&#8243;][\/vc_column_inner][\/vc_row_inner][\/vc_column][vc_column width=&#8221;2\/5&#8243; css=&#8221;.vc_custom_1651278846965{padding-top: 130px !important;padding-bottom: 130px !important;background-image: url(https:\/\/fundacionmeri.cl\/novopangea\/wp-content\/uploads\/2022\/04\/Colores.png?id=20) !important;background-position: center !important;background-repeat: no-repeat !important;background-size: cover !important;}&#8221;][vc_row_inner el_disable_tablet=&#8221;1&#8243; el_disable_mobile=&#8221;1&#8243; el_class=&#8221;video&#8221;][vc_column_inner][vc_column_text css_animation=&#8221;fadeInRight&#8221;]<iframe class=\"iframe1\" title=\"YouTube video player\" src=\"https:\/\/www.youtube.com\/embed\/kIk5yZPw9m4\" width=\"560\" height=\"315\" frameborder=\"0\" allowfullscreen=\"allowfullscreen\"><\/iframe>[\/vc_column_text][\/vc_column_inner][\/vc_row_inner][vc_row_inner el_disable_desktop=&#8221;1&#8243;][vc_column_inner][vc_column_text css_animation=&#8221;fadeInRight&#8221;]<iframe class=\"iframe1\" title=\"YouTube video player\" src=\"https:\/\/www.youtube.com\/embed\/kIk5yZPw9m4\" width=\"350\" height=\"225\" frameborder=\"0\" allowfullscreen=\"allowfullscreen\"><\/iframe>[\/vc_column_text][\/vc_column_inner][\/vc_row_inner][\/vc_column][\/vc_row][vc_row full_width=&#8221;stretch_row&#8221; parallax=&#8221;content-moving&#8221; parallax_image=&#8221;68227&#8243; parallax_speed_bg=&#8221;1&#8243; css=&#8221;.vc_custom_1685570253889{margin-bottom: 0px !important;background-color: #e8ecef !important;}&#8221;][vc_column width=&#8221;1\/6&#8243;][\/vc_column][vc_column width=&#8221;2\/3&#8243;][vc_column_text css=&#8221;.vc_custom_1686589632501{padding-top: 30px !important;}&#8221;]<\/p>\n<h1 style=\"text-align: center;\">Day 1<\/h1>\n<p>[\/vc_column_text][\/vc_column][vc_column width=&#8221;1\/6&#8243;][\/vc_column][\/vc_row][vc_row full_width=&#8221;stretch_row&#8221; css=&#8221;.vc_custom_1685570419425{margin-top: 0px !important;margin-bottom: 0px !important;padding-top: 20px !important;padding-bottom: 30px !important;background-color: #e8ecef !important;}&#8221;][vc_column width=&#8221;1\/6&#8243;][\/vc_column][vc_column width=&#8221;2\/3&#8243;][vc_tta_tour style=&#8221;flat&#8221; shape=&#8221;square&#8221; spacing=&#8221;20&#8243; gap=&#8221;20&#8243; controls_size=&#8221;md&#8221; active_section=&#8221;1&#8243;][vc_tta_section title=&#8221;Welcome&#8221; tab_id=&#8221;1620159028753-a2c743cb-8232&#8243;][vc_column_text]<\/p>\n<h2>Welcome<\/h2>\n<p>Welcoming remarks by authorities on the first day of the \u201cFirst Conference on Climate Change, Scientific Evidence and Public Policy for Latin America and the Caribbean\u201d.<\/p>\n<ol>\n<li>Carolina Schmidt, Chilean Minister of the Environment of Chile<\/li>\n<li>Thelma Krug, Vice-Chair IPCC<\/li>\n<li>Francisca Cort\u00e9s Solari, Executive President of FCS<\/li>\n<li>Maisa Rojas, Scientific Advisory Committee on Climate Change of Chile<\/li>\n<li>Eve Crowley, FAO Chile Representative<\/li>\n<\/ol>\n<p><iframe src=\"https:\/\/www.youtube.com\/embed\/kIk5yZPw9m4\" width=\"100%\" height=\"450\" frameborder=\"0\" allowfullscreen=\"allowfullscreen\"><\/iframe>[\/vc_column_text][\/vc_tta_section][vc_tta_section title=&#8221;Introduction&#8221; tab_id=&#8221;1620159028779-7ed0fa84-ef4d&#8221;][vc_column_text]<\/p>\n<h2>The Role of the IPCC in Latin America and the Caribbean for Adaptation Decision-Making<\/h2>\n<ol>\n<li>Dr. Thelma Krug, IPCC Vice-Chair (Key note speaker)<\/li>\n<li>Dr. Carolina Vera, Vice-Chair of Working Group I of the IPCC (Panelist)<\/li>\n<li>Dr. Maisa Rojas, IPCC Lead Author (Panelist) &#8211;\u00a0<a href=\"https:\/\/www.filantropiacortessolari.cl\/wp-content\/uploads\/2020\/03\/Maisa-Rojas.pdf\" target=\"_blank\" rel=\"noopener noreferrer\">PDF presentation<\/a><\/li>\n<li>Dr. Carlos M\u00e9ndez, Vice-Chair of Working Group I of the IPCC (Panelist)<\/li>\n<\/ol>\n<p>Moderator: Patricia Morales, CEO of Filantrop\u00eda Cort\u00e9s Solari<\/p>\n<p><iframe src=\"https:\/\/www.youtube.com\/embed\/Us5IdpXcOTA\" width=\"100%\" height=\"450\" frameborder=\"0\" allowfullscreen=\"allowfullscreen\"><\/iframe>[\/vc_column_text][\/vc_tta_section][vc_tta_section title=&#8221;Ocean and Cryosphere&#8221; tab_id=&#8221;1620163204860-f9de08dd-388a&#8221;][vc_column_text]<\/p>\n<h2>IPCC Special Report on the Ocean and Cryosphere in a Changing Climate<\/h2>\n<p>Dr. Evelia Rivera, IPCC Lead Author &#8211; <a href=\"https:\/\/www.filantropiacortessolari.cl\/wp-content\/uploads\/2020\/03\/Evelia-Rivera.pdf\" target=\"_blank\" rel=\"noopener noreferrer\">PDF presentation<\/a><br \/>\n<iframe src=\"https:\/\/www.youtube.com\/embed\/i2pY2j3u8Hg\" width=\"100%\" height=\"450\" frameborder=\"0\" allowfullscreen=\"allowfullscreen\"><\/iframe>[\/vc_column_text][\/vc_tta_section][vc_tta_section title=&#8221;Panel 1&#8243; tab_id=&#8221;1620163344200-44e992f7-a82e&#8221;][vc_column_text]<\/p>\n<h2><span style=\"color: #ffffff;\">Panel 1 Oceans: Challenges and Solutions<\/span><\/h2>\n<ol>\n<li>Sonia Espa\u00f1ol, Cetacean Research Area Leader of MERI Foundation &#8211; <a href=\"https:\/\/www.filantropiacortessolari.cl\/wp-content\/uploads\/2020\/03\/6.-Sonia-Espa\u00f1ol.pdf\" target=\"_blank\" rel=\"noopener noreferrer\">PDF presentation<\/a><\/li>\n<li>Jos\u00e9 Luis Iriarte, Universidad Austral &#8211; <a href=\"https:\/\/www.filantropiacortessolari.cl\/wp-content\/uploads\/2020\/03\/1.-Jos\u00e9-Luis-Iriarte.pdf\" target=\"_blank\" rel=\"noopener noreferrer\">PDF presentation<\/a><\/li>\n<li>Carolina Urmeneta, Ministry of the Environment of Chile<\/li>\n<li>Laura Ramajo, CEAZA &#8211; <a href=\"https:\/\/www.filantropiacortessolari.cl\/wp-content\/uploads\/2020\/03\/3.Laura-Ramajo.pdf\" target=\"_blank\" rel=\"noopener noreferrer\">PDF presentation<\/a><\/li>\n<li>Ralph Chami, International Monetary Fund<\/li>\n<li>Gustavo San Mart\u00edn, Subpesca &#8211; <a href=\"https:\/\/www.filantropiacortessolari.cl\/wp-content\/uploads\/2020\/03\/4.Gustavo-San-Mart\u00edn.pdf\" target=\"_blank\" rel=\"noopener noreferrer\">PDF presentation<\/a><\/li>\n<\/ol>\n<p>Moderator: Juan Luis Orellana, Ministry of the Environment of Chile<\/p>\n<p>Coordinator: Sonia Espa\u00f1ol.<\/p>\n<p><iframe src=\"https:\/\/www.youtube.com\/embed\/-hedl6SiayQ\" width=\"100%\" height=\"350\" frameborder=\"0\" allowfullscreen=\"allowfullscreen\"><\/iframe>[\/vc_column_text][\/vc_tta_section][vc_tta_section title=&#8221;Climate Change and Land&#8221; tab_id=&#8221;1620163386689-e5156662-412c&#8221;][vc_column_text]<\/p>\n<h2>IPCC Special Report on Climate Change and Land<\/h2>\n<ol>\n<li>Thelma Krug, IPCC Vice-Chair<\/li>\n<\/ol>\n<p><iframe src=\"https:\/\/www.youtube.com\/embed\/-TkgCJJuSe8\" width=\"100%\" height=\"350\" frameborder=\"0\" allowfullscreen=\"allowfullscreen\"><\/iframe>[\/vc_column_text][\/vc_tta_section][vc_tta_section title=&#8221;Panel 2&#8243; tab_id=&#8221;1620163401126-a159035c-2a78&#8243;][vc_column_text]<\/p>\n<h2>Panel 2 Sustainable Agriculture and Food Security<\/h2>\n<ol>\n<li>Juan Antonio Carlos Correa, Intercultural Org.<\/li>\n<li>Francisco Meza, PUC. Centro del Cambio Global &#8211; <a href=\"https:\/\/www.filantropiacortessolari.cl\/wp-content\/uploads\/2020\/03\/3.Francisco-Meza.pdf\" target=\"_blank\" rel=\"noopener noreferrer\">PDF presentation<\/a><\/li>\n<li>Ornella Tiboni, FAO<\/li>\n<li>Maria Emilia Undurraga, ODEPA Director &#8211; <a href=\"https:\/\/www.filantropiacortessolari.cl\/wp-content\/uploads\/2020\/03\/5.Mar\u00eda-Emilia-Undurraga.pdf\" target=\"_blank\" rel=\"noopener noreferrer\">PDF presentation<\/a><\/li>\n<li>Thelma Krug, IPCC Vice-Chair<\/li>\n<\/ol>\n<p>Coordinator: Ornella Tiboni<\/p>\n<p><iframe src=\"https:\/\/www.youtube.com\/embed\/yCIJoVENmEA\" width=\"100%\" height=\"450\" frameborder=\"0\" allowfullscreen=\"allowfullscreen\"><\/iframe><\/p>\n<p>Juan Antonio Carlos Correa, Org. Intercultural<\/p>\n<div style=\"width: 610px;\" class=\"wp-video\"><video class=\"wp-video-shortcode\" id=\"video-4037-1\" width=\"610\" height=\"350\" preload=\"metadata\" controls=\"controls\"><source type=\"video\/mp4\" src=\"https:\/\/www.filantropiacortessolari.cl\/wp-content\/uploads\/2020\/03\/2.Juan-Antonio-Correa.mp4?_=1\" \/><a href=\"https:\/\/www.filantropiacortessolari.cl\/wp-content\/uploads\/2020\/03\/2.Juan-Antonio-Correa.mp4\">https:\/\/www.filantropiacortessolari.cl\/wp-content\/uploads\/2020\/03\/2.Juan-Antonio-Correa.mp4<\/a><\/video><\/div>\n<p>[\/vc_column_text][\/vc_tta_section][vc_tta_section title=&#8221;Global Warming&#8221; tab_id=&#8221;1620163411095-b4a2013d-c266&#8243;][vc_column_text]<\/p>\n<h2>IPCC Special Report on the Impacts of Global Warming of 1.5\u00baC<\/h2>\n<ol>\n<li style=\"list-style-type: none;\">\n<ol>\n<li>Dr. Carolina Vera, Vice-Chair of Working Group I of the IPCC (Argentina) &#8211; <a href=\"https:\/\/www.filantropiacortessolari.cl\/wp-content\/uploads\/2020\/03\/Carolina-Vera.pdf\" target=\"_blank\" rel=\"noopener noreferrer\">PDF presentation<\/a><\/li>\n<li>Dr. Carlos M\u00e9ndez, Vice-Chair of Working Group I of the IPCC (Venezuela) &#8211; <a href=\"https:\/\/www.filantropiacortessolari.cl\/wp-content\/uploads\/2020\/03\/Carlos-M\u00e9ndez.pdf\" target=\"_blank\" rel=\"noopener noreferrer\">PDF presentation<\/a><\/li>\n<\/ol>\n<\/li>\n<\/ol>\n<p><iframe src=\"https:\/\/www.youtube.com\/embed\/RylJfy4bC8Y\" width=\"100%\" height=\"350\" frameborder=\"0\" allowfullscreen=\"allowfullscreen\"><\/iframe>[\/vc_column_text][\/vc_tta_section][vc_tta_section title=&#8221;Panel 3&#8243; tab_id=&#8221;1620163418468-021e69e4-161f&#8221;][vc_column_text]<\/p>\n<h2>Panel 3 Modelo de desarrollo sustentable (ODS)\u00a0 y Cambio Clim\u00e1tico<\/h2>\n<ol>\n<li style=\"list-style-type: none;\">\n<ol>\n<li style=\"list-style-type: none;\">\n<ol>\n<li>Mar\u00eda Mercedes Proa\u00f1o (FAO)<\/li>\n<li>Marcelino Collio, Asociaci\u00f3n Mapuche We Kuyen \u2013\u00a0<a href=\"https:\/\/www.filantropiacortessolari.cl\/wp-content\/uploads\/2020\/03\/2.Marcelino-Collio.pdf\" target=\"_blank\" rel=\"noopener noreferrer\">Presentaci\u00f3n PDF<\/a><\/li>\n<li>In\u00e9s Camilloni (ARG)<\/li>\n<li>Pablo Marquet (PUC)<\/li>\n<li>Josefina Lema. Naci\u00f3n Kichwa Otavalo. Ecuador.<\/li>\n<li>Luiz Krieger (CEPAL)<\/li>\n<\/ol>\n<\/li>\n<\/ol>\n<\/li>\n<\/ol>\n<p>Coordinadora: Thelma Krug, Vicepresidenta del IPCC.<\/p>\n<p><iframe src=\"https:\/\/www.youtube.com\/embed\/qb_rY26ysuc\" width=\"100%\" height=\"450\" frameborder=\"0\" allowfullscreen=\"allowfullscreen\"><\/iframe>[\/vc_column_text][\/vc_tta_section][\/vc_tta_tour][\/vc_column][vc_column width=&#8221;1\/6&#8243;][\/vc_column][\/vc_row][vc_row full_width=&#8221;stretch_row&#8221; parallax=&#8221;content-moving&#8221; parallax_image=&#8221;68228&#8243; css=&#8221;.vc_custom_1685570326681{margin-bottom: 0px !important;background-color: #e8ecef !important;}&#8221; effects_enabled_delay=&#8221;1&#8243;][vc_column width=&#8221;1\/6&#8243;][\/vc_column][vc_column width=&#8221;2\/3&#8243;][vc_column_text]<\/p>\n<h1 style=\"text-align: center;\">Day 2<\/h1>\n<p>[\/vc_column_text][\/vc_column][vc_column width=&#8221;1\/6&#8243;][\/vc_column][\/vc_row][vc_row full_width=&#8221;stretch_row&#8221; css=&#8221;.vc_custom_1685570369370{margin-top: 0px !important;margin-bottom: 0px !important;padding-top: 20px !important;padding-bottom: 50px !important;background-color: #e8ecef !important;}&#8221;][vc_column width=&#8221;1\/6&#8243;][\/vc_column][vc_column width=&#8221;2\/3&#8243;][vc_tta_tour style=&#8221;flat&#8221; shape=&#8221;square&#8221; spacing=&#8221;20&#8243; gap=&#8221;20&#8243; controls_size=&#8221;md&#8221; active_section=&#8221;1&#8243;][vc_tta_section title=&#8221;Welcome&#8221; tab_id=&#8221;1620227002844-c2096924-18fe&#8221;][vc_column_text]<\/p>\n<h2>Welcome<\/h2>\n<p>Welcoming remarks by authorities on the second day of the \u201cFirst Conference on Climate Change, Scientific Evidence and Public Policy for Latin America and the Caribbean\u201d.<\/p>\n<ol>\n<li style=\"list-style-type: none;\">\n<ol>\n<li style=\"list-style-type: none;\">\n<ol>\n<li>Andr\u00e9s Couve, Minister of Science of Chile<\/li>\n<li>Thelma Krug, Vice-Chair IPCC<\/li>\n<li>Francisca Cort\u00e9s Solari, Executive President of Filantrop\u00eda Cort\u00e9s Solari<\/li>\n<li>Alicia B\u00e1rcena, Executive Secretary for Latin America, ECLAC<\/li>\n<\/ol>\n<\/li>\n<\/ol>\n<\/li>\n<\/ol>\n<p><iframe src=\"https:\/\/www.youtube.com\/embed\/IGcLzpGkwrQ\" width=\"100%\" height=\"450\" frameborder=\"0\" allowfullscreen=\"allowfullscreen\"><\/iframe>[\/vc_column_text][\/vc_tta_section][vc_tta_section title=&#8221;Mitigation&#8221; tab_id=&#8221;1620227003974-d23104f0-11bc&#8221;][vc_column_text]<\/p>\n<h2>The role of the IPCC in Latin America and the Caribbean in Mitigation Decision Making<\/h2>\n<ol>\n<li style=\"list-style-type: none;\">\n<ol>\n<li style=\"list-style-type: none;\">\n<ol>\n<li>Dr. Thelma Krug, IPCC Vice-Chair (Key note speaker)<\/li>\n<li>Dr. Carolina Vera, Vice-Chair of Working Group I of the IPCC<\/li>\n<li>Dr. Maisa Rojas, IPCC Lead Author (Panelist) &#8211; <a href=\"https:\/\/www.filantropiacortessolari.cl\/wp-content\/uploads\/2020\/03\/3.Maisa-Rojas.pdf\" target=\"_blank\" rel=\"noopener noreferrer\">PDF presentation<\/a><\/li>\n<li>Dr. Carlos M\u00e9ndez, Vice-Chair of Working Group I of the IPCC<\/li>\n<\/ol>\n<\/li>\n<\/ol>\n<\/li>\n<\/ol>\n<p>Moderator: Patricia Morales<\/p>\n<p><iframe src=\"https:\/\/www.youtube.com\/embed\/Zdd4HSao7wE\" width=\"100%\" height=\"450\" frameborder=\"0\" allowfullscreen=\"allowfullscreen\"><\/iframe>[\/vc_column_text][\/vc_tta_section][vc_tta_section title=&#8221;Climate Governance&#8221; tab_id=&#8221;1620227005097-1d5634e0-e100&#8243;][vc_column_text]<\/p>\n<h2>IPCC Results: Climate Governance<\/h2>\n<ol>\n<li style=\"list-style-type: none;\">\n<ol>\n<li style=\"list-style-type: none;\">\n<ol>\n<li>Dr. Pilar Moraga, Principal Investigator of the Governance and Science-Policy Interface Research Line (CR2) &#8211; <a href=\"https:\/\/www.filantropiacortessolari.cl\/wp-content\/uploads\/2020\/03\/Pilar-Moraga.pdf\" target=\"_blank\" rel=\"noopener noreferrer\">PDF presentation<\/a><\/li>\n<\/ol>\n<\/li>\n<\/ol>\n<\/li>\n<\/ol>\n<p><iframe src=\"https:\/\/www.youtube.com\/embed\/DjOdP9SVjHU\" width=\"100%\" height=\"450\" frameborder=\"0\" allowfullscreen=\"allowfullscreen\"><\/iframe>[\/vc_column_text][\/vc_tta_section][vc_tta_section title=&#8221;Panel 4&#8243; tab_id=&#8221;1620227006228-2a6291b5-cce0&#8243;][vc_column_text]<\/p>\n<h2><span style=\"color: #ffffff;\">Panel 4 Governance and Climate Change<\/span><\/h2>\n<ol>\n<li style=\"list-style-type: none;\">\n<ol>\n<li style=\"list-style-type: none;\">\n<ol>\n<li>Marcelo Mena, PUC Professor<\/li>\n<li>Maximiliano Reyes, Secretary of Foreign Affairs of Mexico &#8211; <a href=\"https:\/\/www.filantropiacortessolari.cl\/wp-content\/uploads\/2020\/03\/2.Maximiliano-Reyes.pdf\" target=\"_blank\" rel=\"noopener noreferrer\">PDF presentation<\/a><\/li>\n<li>Ciro Colombara, Lawyer and partner of RCZ Abogados<\/li>\n<li>Leonardo Mu\u00f1oz, Representative of the Ministry of Science of Chile<\/li>\n<li>Dr. Carolina Vera, Vice-Chair of Working Group I of the IPCC<\/li>\n<li>Thelma Krug, IPCC Vice-Chair<\/li>\n<li>Jose Eduardo Alatorre, ECLAC Representative<\/li>\n<\/ol>\n<\/li>\n<\/ol>\n<\/li>\n<\/ol>\n<p>Coordinator: Patricia Morales, CEO of Filantrop\u00eda Cort\u00e9s Solari<\/p>\n<p><iframe src=\"https:\/\/www.youtube.com\/embed\/K2aWQA5sV7w\" width=\"100%\" height=\"450\" frameborder=\"0\" allowfullscreen=\"allowfullscreen\"><\/iframe>[\/vc_column_text][\/vc_tta_section][vc_tta_section title=&#8221;Oceans and Cryosphere&#8221; tab_id=&#8221;1620227007686-ab9d6507-ec97&#8243;][vc_column_text]<\/p>\n<h2>IPCC Report on Oceans and Cryosphere. High Mountain Areas Chapter.<\/h2>\n<ol>\n<li style=\"list-style-type: none;\">\n<ol>\n<li style=\"list-style-type: none;\">\n<ol>\n<li>Sebasti\u00e1n Vicu\u00f1a, Director of the Center for Global Change &#8211; <a href=\"https:\/\/www.filantropiacortessolari.cl\/wp-content\/uploads\/2020\/03\/Sebasti\u00e1n-Vicu\u00f1a.pdf\" target=\"_blank\" rel=\"noopener noreferrer\">PDF presentation<\/a><\/li>\n<\/ol>\n<\/li>\n<\/ol>\n<\/li>\n<\/ol>\n<p><iframe src=\"https:\/\/www.youtube.com\/embed\/HQnF339u6Lk\" width=\"100%\" height=\"450\" frameborder=\"0\" allowfullscreen=\"allowfullscreen\"><\/iframe>[\/vc_column_text][\/vc_tta_section][vc_tta_section title=&#8221;Panel 5&#8243; tab_id=&#8221;1620227009451-5daa5456-5c1f&#8221;][vc_column_text]<\/p>\n<h2>Panel 5 Nature and Society: Reconciling Needs for Water<\/h2>\n<ol>\n<li style=\"list-style-type: none;\">\n<ol>\n<li style=\"list-style-type: none;\">\n<ol>\n<li>Gustavo Chiang, Scientific Director, MERI Foundation &#8211; <a href=\"https:\/\/www.filantropiacortessolari.cl\/wp-content\/uploads\/2020\/04\/1.Panel-agua-GChiang.pdf\" target=\"_blank\" rel=\"noopener noreferrer\">PDF presentation<\/a><\/li>\n<li>2. In\u00e9s Camilloni, Representative of the Centro de Investigaciones del Mar y la Atm\u00f3sfera (CIMA) &#8211; <a href=\"https:\/\/www.filantropiacortessolari.cl\/wp-content\/uploads\/2020\/04\/2.Panel-5-Agua_Camilloni-2020.pdf\" target=\"_blank\" rel=\"noopener noreferrer\">PDF presentation<\/a><\/li>\n<li>Dr. Carolina Vera, Vice-Chair of Working Group I of the IPCC<\/li>\n<li>Gloria Ushigua Santi, Coordinator, Mujeres S\u00e1para Association.<\/li>\n<li>Timothy Spuck, STEM Development Officer, Associated Universities Inc.<\/li>\n<\/ol>\n<\/li>\n<\/ol>\n<\/li>\n<\/ol>\n<p>Coordinator: Alejandra Sther, Director of the Centro de Ciencias Ambientales Eula-Chile<\/p>\n<p><iframe src=\"https:\/\/www.youtube.com\/embed\/WcMNLfD5ks0\" width=\"100%\" height=\"450\" frameborder=\"0\" allowfullscreen=\"allowfullscreen\"><\/iframe>[\/vc_column_text][\/vc_tta_section][vc_tta_section title=&#8221;Panel 6&#8243; tab_id=&#8221;1620227011135-80191a17-dd1c&#8221;][vc_column_text]<\/p>\n<h2>Effective Conservation Models<\/h2>\n<ol>\n<li style=\"list-style-type: none;\">\n<ol>\n<li style=\"list-style-type: none;\">\n<ol>\n<li>Patricia Morales, CEO of Filantrop\u00eda Cort\u00e9s Solari<\/li>\n<li>Flavia Liberona, Terram Foundation \u2013 <a href=\"https:\/\/www.filantropiacortessolari.cl\/wp-content\/uploads\/2020\/03\/2.Flavia-Liberona.pdf\" target=\"_blank\" rel=\"noopener noreferrer\">PDF presentation<\/a><\/li>\n<li>Adison Altamirano, Universidad de la Frontera Professor &#8211; <a href=\"https:\/\/www.filantropiacortessolari.cl\/wp-content\/uploads\/2020\/03\/3.Adison-Altamirano.pdf\" target=\"_blank\" rel=\"noopener noreferrer\">PDF presentation<\/a><\/li>\n<li>Leonel Tapia, Pago por Resultados Project, CO2 sequestration by native forests (FAO) &#8211; <a href=\"https:\/\/www.filantropiacortessolari.cl\/wp-content\/uploads\/2020\/03\/4.Leonel-Tapia.pdf\" target=\"_blank\" rel=\"noopener noreferrer\">PDF presentation<\/a><\/li>\n<li>Sergio Araya, UAI &#8211; <a href=\"https:\/\/www.filantropiacortessolari.cl\/wp-content\/uploads\/2020\/03\/5.Sergio-Araya.pdf\" target=\"_blank\" rel=\"noopener noreferrer\">PDF presentation<\/a><\/li>\n<li>Dr. Evelia Rivera, IPCC Lead Author<\/li>\n<\/ol>\n<\/li>\n<\/ol>\n<\/li>\n<\/ol>\n<p>Coordinator: Diego Flores (Head of Protected Areas Dept. Ministry of the Environment)<\/p>\n<p><iframe src=\"https:\/\/www.youtube.com\/embed\/TOiFi4DdVjE\" width=\"100%\" height=\"450\" frameborder=\"0\" allowfullscreen=\"allowfullscreen\"><\/iframe>[\/vc_column_text][\/vc_tta_section][\/vc_tta_tour][\/vc_column][vc_column width=&#8221;1\/6&#8243;][\/vc_column][\/vc_row]<\/p>\n<\/div>","protected":false},"excerpt":{"rendered":"<p>[vc_row css=&#8221;.vc_custom_1651179158103{margin-bottom: 0px !important;}&#8221;][vc_column][\/vc_column][\/vc_row][vc_row full_width=&#8221;stretch_row_content&#8221; content_placement=&#8221;middle&#8221; css=&#8221;.vc_custom_1651278555727{margin-top: 0px !important;margin-bottom: 0px !important;}&#8221; el_id=&#8221;conferencia&#8221;][vc_column width=&#8221;3\/5&#8243;][vc_row_inner content_placement=&#8221;middle&#8221;][vc_column_inner width=&#8221;1\/4&#8243;][\/vc_column_inner][vc_column_inner width=&#8221;1\/2&#8243;][vc_column_text css_animation=&#8221;fadeInLeft&#8221;] Conference NovoPangea Chile&#8230;<\/p>\n","protected":false},"author":1,"featured_media":3893,"parent":0,"menu_order":0,"comment_status":"closed","ping_status":"closed","template":"","meta":{"footnotes":""},"class_list":["post-4037","page","type-page","status-publish","has-post-thumbnail"],"translation":{"provider":"WPGlobus","version":"3.0.1","language":"en","enabled_languages":["es","en"],"languages":{"es":{"title":true,"content":true,"excerpt":false},"en":{"title":true,"content":true,"excerpt":false}}},"_links":{"self":[{"href":"https:\/\/fundacionmeri.cl\/novopangea\/en\/wp-json\/wp\/v2\/pages\/4037","targetHints":{"allow":["GET"]}}],"collection":[{"href":"https:\/\/fundacionmeri.cl\/novopangea\/en\/wp-json\/wp\/v2\/pages"}],"about":[{"href":"https:\/\/fundacionmeri.cl\/novopangea\/en\/wp-json\/wp\/v2\/types\/page"}],"author":[{"embeddable":true,"href":"https:\/\/fundacionmeri.cl\/novopangea\/en\/wp-json\/wp\/v2\/users\/1"}],"replies":[{"embeddable":true,"href":"https:\/\/fundacionmeri.cl\/novopangea\/en\/wp-json\/wp\/v2\/comments?post=4037"}],"version-history":[{"count":16,"href":"https:\/\/fundacionmeri.cl\/novopangea\/en\/wp-json\/wp\/v2\/pages\/4037\/revisions"}],"predecessor-version":[{"id":4137,"href":"https:\/\/fundacionmeri.cl\/novopangea\/en\/wp-json\/wp\/v2\/pages\/4037\/revisions\/4137"}],"wp:featuredmedia":[{"embeddable":true,"href":"https:\/\/fundacionmeri.cl\/novopangea\/en\/wp-json\/wp\/v2\/media\/3893"}],"wp:attachment":[{"href":"https:\/\/fundacionmeri.cl\/novopangea\/en\/wp-json\/wp\/v2\/media?parent=4037"}],"curies":[{"name":"wp","href":"https:\/\/api.w.org\/{rel}","templated":true}]}}