{"id":71794,"date":"2024-03-07T12:14:39","date_gmt":"2024-03-07T15:14:39","guid":{"rendered":"https:\/\/fundacionmeri.cl\/?page_id=71794"},"modified":"2024-03-18T10:10:00","modified_gmt":"2024-03-18T13:10:00","slug":"monaco-ocean-week","status":"publish","type":"page","link":"https:\/\/fundacionmeri.cl\/en\/monaco-ocean-week\/","title":{"rendered":"Monaco Ocean Week"},"content":{"rendered":"<div class=\"wpb-content-wrapper\"><p>[vc_row full_width=&#8221;stretch_row&#8221; css=&#8221;.vc_custom_1709149540490{margin-top: 0px !important;margin-bottom: 0px !important;padding-top: 30px !important;padding-bottom: 100px !important;background-image: url(https:\/\/fundacionmeri.cl\/wp-content\/uploads\/2024\/02\/Banner_01.webp?id=71574) !important;background-position: center !important;background-repeat: no-repeat !important;background-size: cover !important;}&#8221;][vc_column css=&#8221;.vc_custom_1708617693862{padding-top: 70px !important;}&#8221;][vc_column_text]<img class=\"aligncenter size-full wp-image-71578\" src=\"https:\/\/fundacionmeri.cl\/wp-content\/uploads\/2024\/02\/Logo_Monaco_Blanco-1.png\" alt=\"\" width=\"359\" height=\"113\" srcset=\"https:\/\/fundacionmeri.cl\/wp-content\/uploads\/2024\/02\/Logo_Monaco_Blanco-1.png 359w, https:\/\/fundacionmeri.cl\/wp-content\/uploads\/2024\/02\/Logo_Monaco_Blanco-1-300x94.png 300w\" sizes=\"(max-width: 359px) 100vw, 359px\" \/><\/p>\n<h2 style=\"text-align: center;\">March 19th and 20th 2024<\/h2>\n<p>[\/vc_column_text][\/vc_column][\/vc_row][vc_row full_width=&#8221;stretch_row&#8221; css=&#8221;.vc_custom_1709838438764{margin-top: 0px !important;margin-bottom: 0px !important;padding-top: 70px !important;background-color: #f0f0f0 !important;}&#8221;][vc_column width=&#8221;1\/2&#8243;][vc_column_text css=&#8221;.vc_custom_1709824819135{border-left-width: 10px !important;padding-left: 20px !important;border-left-color: #00bcd4 !important;border-left-style: solid !important;}&#8221;]<\/p>\n<div class=\"title-h2\"><span style=\"color: #1c405b;\">Monaco Ocean Week<\/span><\/div>\n<p>[\/vc_column_text][vc_column_text]<span style=\"color: #1c405b;\">Monaco Ocean Week is a unique space for dialogue, organized by the Principality of Monaco, which brings together important actors and leaders in marine conservation and governance to reflect on the main challenges facing the ocean and to move towards concrete actions for its conservation.<\/span><\/p>\n<p><span style=\"color: #1c405b;\">For more information, visit: <a href=\"https:\/\/www.monacooceanweek.org\/en\/the-monaco-ocean-week\/\" target=\"_blank\" rel=\"noopener\">https:\/\/www.monacooceanweek.org\/en\/the-monaco-ocean-week\/<\/a> <\/span>[\/vc_column_text]<style type=\"text\/css\">.thegem-button-69d07bee68751620 .gem-button {opacity:0}<\/style><div class=\"gem-button-container gem-button-position-center thegem-button-69d07bee68751620     thegem-button-animate thegem-button-animation-fade-right\"  ><a class=\"gem-button gem-button-size-medium gem-button-style-flat gem-button-text-weight-normal gem-button-no-uppercase\" style=\"border-radius: 30px;\" onmouseleave=\"\" onmouseenter=\"\" href=\"https:\/\/www.monacoblueinitiative.org\/fr\/restitutions\/\" target=\"_blank\">Previous editions<\/a><\/div> [\/vc_column][vc_column width=&#8221;1\/2&#8243;][vc_column_text css_animation=&#8221;fadeInRight&#8221;]<img class=\"aligncenter wp-image-71521\" src=\"https:\/\/fundacionmeri.cl\/wp-content\/uploads\/2024\/02\/Fotos-Todos-MOW.png\" alt=\"\" width=\"1124\" height=\"664\" srcset=\"https:\/\/fundacionmeri.cl\/wp-content\/uploads\/2024\/02\/Fotos-Todos-MOW.png 779w, https:\/\/fundacionmeri.cl\/wp-content\/uploads\/2024\/02\/Fotos-Todos-MOW-300x177.png 300w, https:\/\/fundacionmeri.cl\/wp-content\/uploads\/2024\/02\/Fotos-Todos-MOW-768x454.png 768w\" sizes=\"(max-width: 1124px) 100vw, 1124px\" \/>[\/vc_column_text][\/vc_column][\/vc_row][vc_row full_width=&#8221;stretch_row&#8221; css=&#8221;.vc_custom_1709838490912{margin-top: 0px !important;margin-bottom: 0px !important;border-top-width: 0px !important;border-bottom-width: 0px !important;padding-top: 0px !important;padding-bottom: 0px !important;background-color: #f0f0f0 !important;}&#8221;][vc_column][vc_column_text]<\/p>\n<h3 style=\"text-align: center;\"><span style=\"color: #1c405b;\">Our partners<\/span><br \/>\n<img class=\"aligncenter size-full wp-image-71829\" src=\"https:\/\/fundacionmeri.cl\/wp-content\/uploads\/2024\/03\/Logos-Socios.png\" alt=\"\" width=\"1027\" height=\"124\" srcset=\"https:\/\/fundacionmeri.cl\/wp-content\/uploads\/2024\/03\/Logos-Socios.png 1027w, https:\/\/fundacionmeri.cl\/wp-content\/uploads\/2024\/03\/Logos-Socios-300x36.png 300w, https:\/\/fundacionmeri.cl\/wp-content\/uploads\/2024\/03\/Logos-Socios-1024x124.png 1024w, https:\/\/fundacionmeri.cl\/wp-content\/uploads\/2024\/03\/Logos-Socios-768x93.png 768w\" sizes=\"(max-width: 1027px) 100vw, 1027px\" \/><\/h3>\n<p>[\/vc_column_text][\/vc_column][\/vc_row][vc_row full_width=&#8221;stretch_row_content&#8221; css=&#8221;.vc_custom_1709820049164{margin-top: 0px !important;margin-bottom: 0px !important;background-color: #f0f0f0 !important;}&#8221;][vc_column width=&#8221;1\/2&#8243; css=&#8221;.vc_custom_1710246647127{padding-top: 70px !important;padding-bottom: 70px !important;background-image: url(https:\/\/fundacionmeri.cl\/wp-content\/uploads\/2024\/03\/Banner_Evento_1.webp?id=71744) !important;background-position: center !important;background-repeat: no-repeat !important;background-size: cover !important;}&#8221;]<style type=\"text\/css\">.thegem-button-69d07bee687b28892 .gem-button {opacity:0;animation-duration:6000ms !important}<\/style><div class=\"gem-button-container gem-button-position-center thegem-button-69d07bee687b28892     thegem-button-animate thegem-button-animation-fade-right\"  ><a class=\"gem-button gem-button-size-medium gem-button-style-flat gem-button-text-weight-normal gem-button-no-uppercase\" style=\"border-radius: 30px;\" onmouseleave=\"\" onmouseenter=\"\" href=\"https:\/\/fundacionmeri.cl\/monaco-ocean-week-blue-economy-round-table-2024\/\" target=\"_self\">Blue Economy Round Table<\/a><\/div> [vc_column_text]<\/p>\n<h3 style=\"text-align: center;\">March 19th and 20th 2024<\/h3>\n<p>[\/vc_column_text][vc_column_text]<img class=\"aligncenter size-full wp-image-71724\" src=\"https:\/\/fundacionmeri.cl\/wp-content\/uploads\/2021\/04\/logos-2.png\" alt=\"\" width=\"600\" height=\"47\" srcset=\"https:\/\/fundacionmeri.cl\/wp-content\/uploads\/2021\/04\/logos-2.png 600w, https:\/\/fundacionmeri.cl\/wp-content\/uploads\/2021\/04\/logos-2-300x24.png 300w\" sizes=\"(max-width: 600px) 100vw, 600px\" \/>[\/vc_column_text][\/vc_column][vc_column width=&#8221;1\/2&#8243; css=&#8221;.vc_custom_1710246654074{padding-top: 70px !important;padding-bottom: 70px !important;background-image: url(https:\/\/fundacionmeri.cl\/wp-content\/uploads\/2024\/03\/Banner_Evento_2.webp?id=71745) !important;background-position: center !important;background-repeat: no-repeat !important;background-size: cover !important;}&#8221;]<style type=\"text\/css\">.thegem-button-69d07bee687f51518 .gem-button {opacity:0;animation-duration:6000ms !important}<\/style><div class=\"gem-button-container gem-button-position-center thegem-button-69d07bee687f51518     thegem-button-animate thegem-button-animation-fade-right\"  ><a class=\"gem-button gem-button-size-medium gem-button-style-flat gem-button-text-weight-normal gem-button-no-uppercase\" style=\"border-radius: 30px;\" onmouseleave=\"\" onmouseenter=\"\" href=\"https:\/\/fundacionmeri.cl\/monaco-ocean-week-ocean-philantrophy-2024\/\" target=\"_self\">Ocean Philantrophy<\/a><\/div> [vc_column_text]<\/p>\n<h3 style=\"text-align: center;\">March 19th 2024<\/h3>\n<p>[\/vc_column_text][vc_column_text]<img class=\"aligncenter size-full wp-image-71724\" src=\"https:\/\/fundacionmeri.cl\/wp-content\/uploads\/2021\/04\/logos-2.png\" alt=\"\" width=\"600\" height=\"47\" srcset=\"https:\/\/fundacionmeri.cl\/wp-content\/uploads\/2021\/04\/logos-2.png 600w, https:\/\/fundacionmeri.cl\/wp-content\/uploads\/2021\/04\/logos-2-300x24.png 300w\" sizes=\"(max-width: 600px) 100vw, 600px\" \/>[\/vc_column_text][\/vc_column][\/vc_row][vc_row full_width=&#8221;stretch_row&#8221; disable_element=&#8221;yes&#8221; css=&#8221;.vc_custom_1710167505648{margin-top: 0px !important;margin-bottom: 0px !important;padding-top: 70px !important;padding-bottom: 70px !important;background-color: #ffffff !important;}&#8221;][vc_column width=&#8221;1\/2&#8243;][vc_column_text css=&#8221;.vc_custom_1709824626054{border-left-width: 10px !important;padding-left: 20px !important;border-left-color: #00bcd4 !important;border-left-style: solid !important;}&#8221;]<\/p>\n<h2><span style=\"color: #1c405b;\">MERI En Monaco Ocean Week<\/span><\/h2>\n<p>[\/vc_column_text][vc_column_text]<span style=\"color: #1c405b;\">El a\u00f1o 2021, Filantrop\u00eda Cort\u00e9s Solari, a trav\u00e9s de Fundaci\u00f3n MERI, fue invitada a participar del Workshop sobre Oc\u00e9anos y Econom\u00eda, organizado en ese entonces por el Centro Cient\u00edfico de M\u00f3naco (CSM).<\/span><\/p>\n<p><span style=\"color: #1c405b;\">Lo anterior dio inicio a una fructuosa colaboraci\u00f3n entre Fundaci\u00f3n MERI, el Centro Cient\u00edfico de M\u00f3naco y la Fundaci\u00f3n pr\u00edncipe Alberto II (FPA2).<\/span><\/p>\n<p><span style=\"color: #1c405b;\">Esta colaboraci\u00f3n se tradujo en:<\/span><\/p>\n<p><span style=\"color: #1c405b;\">a. La participaci\u00f3n de FCS, a trav\u00e9s de Fundaci\u00f3n MERI, en las Monaco Ocean Week del a\u00f1o 2022, 2023 y 2024.<\/span><br \/>\n<span style=\"color: #1c405b;\">b. El desarrollo conjunto del Workshop The Blue Economy Round Table, iniciado el a\u00f1o 2023 y de una duraci\u00f3n de cinco a\u00f1os.<\/span><\/p>\n<p><span style=\"color: #1c405b;\">Este evento, de dos d\u00edas de duraci\u00f3n y co-organizado entre el CSM, la FPA2 y MERI, tuvo por objeto convocar a representantes del sector p\u00fablico, privado y sociedad civil, de diversas instituciones, para fomentar el alcance de m\u00ednimos comunes en diversas tem\u00e1ticas asociadas a la conservaci\u00f3n de oc\u00e9anos (pesca, transporte mar\u00edtimo, etc.).<\/span>[\/vc_column_text][\/vc_column][vc_column width=&#8221;1\/2&#8243;][vc_row_inner][vc_column_inner]<style>.gem-gallery-grid#style-69d07bee689b1 .gallery-item { padding: calc(32px\/2) !important; }.gem-gallery-grid#style-69d07bee689b1 .gallery-set { margin-top: calc(-32px\/2); margin-bottom: calc(-32px\/2); }.gem-gallery-grid#style-69d07bee689b1 .not-fullwidth-block .gallery-set, .gem-gallery-grid#style-69d07bee689b1 .not-fullwidth-block .portfolio-item-size-container { margin-left: calc(-32px\/2); margin-right: calc(-32px\/2); }.gem-gallery-grid#style-69d07bee689b1 .fullwidth-block { padding-left: calc(32px\/2); padding-right: calc(32px\/2); }.gem-gallery-grid#style-69d07bee689b1 .portfolio-filters { text-align: center }<\/style><div id=\"style-preloader-69d07bee689b1\" class=\"preloader save-space\"><div class=\"preloader-spin\"><\/div><\/div> <div class=\"gallery-preloader-wrapper\"> <div class=\"row\"> <div id=\"style-69d07bee689b1\" class=\"gem-gallery-grid col-lg-12 col-md-12 col-sm-12 gallery-style-masonry hover-default gallery-items-masonry columns-2 columns-tablet-2 columns-mobile-1 gaps-margin \" data-hover=\"default\" data-uid=\"69d07bee689b1\" data-filter=\"[]\"> <div class=\"portfolio not-fullwidth-block \"> <ul class=\"gallery-set clearfix\" data-max-row-height=\"380\"> <li class=\"gallery-item gallery-0 col-xs-12 col-sm-6 col-md-6 single-icon post-71794 page type-page status-publish\" style=\"\"> <div class=\"wrap gem-wrapbox-style-default\"> <div class=\"overlay-wrap\"> <div class=\"image-wrap \"> <picture> <img src=\"https:\/\/fundacionmeri.cl\/wp-content\/uploads\/2021\/04\/Enmascarar-grupo-4.png\" width=\"362\" height=\"538\" class=\"attachment-thegem-portfolio-masonry\" alt=\"Enmascarar grupo 4\" \/> <\/picture> <\/div> <div class=\"overlay \"> <div class=\"overlay-circle\"><\/div> <a href=\"https:\/\/fundacionmeri.cl\/wp-content\/uploads\/2021\/04\/Enmascarar-grupo-4.png\" class=\"gallery-item-link fancy-gallery\" data-fancybox=\"gallery-69d07bee689b1\" aria-label=\"Fullsize Image: Enmascarar grupo 4\"> <span class=\"slide-info\"> <\/span> <\/a> <div class=\"overlay-content\"> <div class=\"overlay-content-center\"> <div class=\"overlay-content-inner\"> <\/div> <\/div> <\/div> <\/div> <\/div> <\/div> <\/li> <li class=\"gallery-item gallery-0 col-xs-12 col-sm-6 col-md-6 single-icon post-71794 page type-page status-publish\" style=\"\"> <div class=\"wrap gem-wrapbox-style-default\"> <div class=\"overlay-wrap\"> <div class=\"image-wrap \"> <picture> <img src=\"https:\/\/fundacionmeri.cl\/wp-content\/uploads\/2021\/04\/Enmascarar-grupo-1.png\" width=\"362\" height=\"251\" class=\"attachment-thegem-portfolio-masonry\" alt=\"Enmascarar grupo 1\" \/> <\/picture> <\/div> <div class=\"overlay \"> <div class=\"overlay-circle\"><\/div> <a href=\"https:\/\/fundacionmeri.cl\/wp-content\/uploads\/2021\/04\/Enmascarar-grupo-1.png\" class=\"gallery-item-link fancy-gallery\" data-fancybox=\"gallery-69d07bee689b1\" aria-label=\"Fullsize Image: Enmascarar grupo 1\"> <span class=\"slide-info\"> <\/span> <\/a> <div class=\"overlay-content\"> <div class=\"overlay-content-center\"> <div class=\"overlay-content-inner\"> <\/div> <\/div> <\/div> <\/div> <\/div> <\/div> <\/li> <li class=\"gallery-item gallery-0 col-xs-12 col-sm-6 col-md-6 single-icon post-71794 page type-page status-publish\" style=\"\"> <div class=\"wrap gem-wrapbox-style-default\"> <div class=\"overlay-wrap\"> <div class=\"image-wrap \"> <picture> <img src=\"https:\/\/fundacionmeri.cl\/wp-content\/uploads\/2021\/04\/Enmascarar-grupo-2.png\" width=\"362\" height=\"538\" class=\"attachment-thegem-portfolio-masonry\" alt=\"Enmascarar grupo 2\" \/> <\/picture> <\/div> <div class=\"overlay \"> <div class=\"overlay-circle\"><\/div> <a href=\"https:\/\/fundacionmeri.cl\/wp-content\/uploads\/2021\/04\/Enmascarar-grupo-2.png\" class=\"gallery-item-link fancy-gallery\" data-fancybox=\"gallery-69d07bee689b1\" aria-label=\"Fullsize Image: Enmascarar grupo 2\"> <span class=\"slide-info\"> <\/span> <\/a> <div class=\"overlay-content\"> <div class=\"overlay-content-center\"> <div class=\"overlay-content-inner\"> <\/div> <\/div> <\/div> <\/div> <\/div> <\/div> <\/li> <li class=\"gallery-item gallery-0 col-xs-12 col-sm-6 col-md-6 single-icon post-71794 page type-page status-publish\" style=\"\"> <div class=\"wrap gem-wrapbox-style-default\"> <div class=\"overlay-wrap\"> <div class=\"image-wrap \"> <picture> <img src=\"https:\/\/fundacionmeri.cl\/wp-content\/uploads\/2021\/04\/Enmascarar-grupo-3.png\" width=\"362\" height=\"251\" class=\"attachment-thegem-portfolio-masonry\" alt=\"Enmascarar grupo 3\" \/> <\/picture> <\/div> <div class=\"overlay \"> <div class=\"overlay-circle\"><\/div> <a href=\"https:\/\/fundacionmeri.cl\/wp-content\/uploads\/2021\/04\/Enmascarar-grupo-3.png\" class=\"gallery-item-link fancy-gallery\" data-fancybox=\"gallery-69d07bee689b1\" aria-label=\"Fullsize Image: Enmascarar grupo 3\"> <span class=\"slide-info\"> <\/span> <\/a> <div class=\"overlay-content\"> <div class=\"overlay-content-center\"> <div class=\"overlay-content-inner\"> <\/div> <\/div> <\/div> <\/div> <\/div> <\/div> <\/li> <\/ul> <div class=\"portfolio-item-size-container\"> <li class=\"gallery-item size-item col-xs-12 col-sm-6 col-md-6 post-71794 page type-page status-publish\" style=\"\"> <\/li> <\/div> <\/div> <\/div> <\/div> <\/div>[\/vc_column_inner][\/vc_row_inner][\/vc_column][\/vc_row][vc_row full_width=&#8221;stretch_row&#8221; css=&#8221;.vc_custom_1709825207464{margin-top: 0px !important;margin-bottom: 0px !important;padding-top: 70px !important;padding-bottom: 70px !important;background-color: #ffffff !important;}&#8221;][vc_column width=&#8221;1\/2&#8243;][vc_row_inner][vc_column_inner][vc_column_text]<img class=\"aligncenter size-full wp-image-71634\" src=\"https:\/\/fundacionmeri.cl\/wp-content\/uploads\/2024\/02\/Enmascarar-grupo-5.png\" alt=\"\" width=\"603\" height=\"373\" srcset=\"https:\/\/fundacionmeri.cl\/wp-content\/uploads\/2024\/02\/Enmascarar-grupo-5.png 603w, https:\/\/fundacionmeri.cl\/wp-content\/uploads\/2024\/02\/Enmascarar-grupo-5-300x186.png 300w\" sizes=\"(max-width: 603px) 100vw, 603px\" \/>[\/vc_column_text][vc_column_text]<img class=\"aligncenter size-full wp-image-71634\" src=\"https:\/\/fundacionmeri.cl\/wp-content\/uploads\/2024\/02\/Enmascarar-grupo-7.png\" alt=\"\" width=\"603\" height=\"373\" \/>[\/vc_column_text][\/vc_column_inner][\/vc_row_inner][\/vc_column][vc_column width=&#8221;1\/2&#8243;][vc_column_text]<\/p>\n<h2><span style=\"color: #1c405b;\">Milestones Workshop Centre de Recherche Scientifique de Monaco<\/span><\/h2>\n<p>[\/vc_column_text][vc_tta_tabs style=&#8221;outline&#8221; active_section=&#8221;1&#8243;][vc_tta_section title=&#8221;2021&#8243; tab_id=&#8221;1710357438143-0858ce77-6ac1&#8243;][vc_column_text]<span style=\"color: #1c405b;\">Participation in workshop on Ocean Economics and Acidification (Oct 2021).<\/span><\/p>\n<p><span style=\"color: #1c405b;\"><strong>Was presented:<\/strong><\/span><\/p>\n<ul>\n<li><span style=\"color: #1c405b;\">BBI and valorization of ecosystem services.<\/span><\/li>\n<li><span style=\"color: #1c405b;\">Multidimensional Effective Conservation Model.<br \/>\n<\/span><\/li>\n<\/ul>\n<p>[\/vc_column_text][\/vc_tta_section][vc_tta_section title=&#8221;2022&#8243; tab_id=&#8221;1710357438165-2fb5ae2d-25c7&#8243;][vc_column_text]<span style=\"color: #1c405b;\">-Monaco-MERI collaboration agreement that enshrines three lines of action by 2022:<\/span><\/p>\n<ul>\n<li><span style=\"color: #1c405b;\"><strong>Science:<\/strong> Conservation of strategic ecosystems to CC mitigation \/ BBI.<\/span><\/li>\n<li><span style=\"color: #1c405b;\"><strong>Economic:<\/strong> promotion of the blue economy, carbon neutral investments.<\/span><\/li>\n<li><span style=\"color: #1c405b;\"><strong>Outreach\/ Advocacy:<\/strong> COP 26, advocacy.<\/span><\/li>\n<\/ul>\n<p>[\/vc_column_text][\/vc_tta_section][vc_tta_section title=&#8221;2023&#8243; tab_id=&#8221;1710357462757-b2f199ac-f035&#8243;]<style type=\"text\/css\">.thegem-button-69d07bee6957d948 .gem-button {opacity:0;animation-duration:6000ms !important}<\/style><div class=\"gem-button-container gem-button-position-center thegem-button-69d07bee6957d948     thegem-button-animate thegem-button-animation-fade-right\"  ><a class=\"gem-button gem-button-size-medium gem-button-style-flat gem-button-text-weight-normal gem-button-no-uppercase\" style=\"border-radius: 30px;\" onmouseleave=\"\" onmouseenter=\"\" href=\"https:\/\/fundacionmeri.cl\/wp-content\/uploads\/2024\/03\/Program-2023.pdf\" target=\"_self\">Program<\/a><\/div> <style type=\"text\/css\">.thegem-button-69d07bee695d78930 .gem-button {opacity:0;animation-duration:6000ms !important}<\/style><div class=\"gem-button-container gem-button-position-center thegem-button-69d07bee695d78930     thegem-button-animate thegem-button-animation-fade-right\"  ><a class=\"gem-button gem-button-size-medium gem-button-style-flat gem-button-text-weight-normal gem-button-no-uppercase\" style=\"border-radius: 30px;\" onmouseleave=\"\" onmouseenter=\"\" href=\"https:\/\/fundacionmeri.cl\/wp-content\/uploads\/2024\/03\/2023Brochure-Blue_Economy_Final_14_08_2023.pdf\" target=\"_blank\">Brochure<\/a><\/div> [\/vc_tta_section][\/vc_tta_tabs][\/vc_column][\/vc_row][vc_row full_width=&#8221;stretch_row&#8221; disable_element=&#8221;yes&#8221; parallax=&#8221;content-moving&#8221; parallax_image=&#8221;71642&#8243; css=&#8221;.vc_custom_1709665041893{margin-top: 0px !important;margin-bottom: 0px !important;padding-top: 50px !important;padding-bottom: 50px !important;background-color: #ffffff !important;}&#8221;][vc_column][vc_column_text]<img class=\"aligncenter size-full wp-image-71645\" src=\"https:\/\/fundacionmeri.cl\/wp-content\/uploads\/2024\/02\/Logo_CSM.png\" alt=\"\" width=\"243\" height=\"91\" \/>[\/vc_column_text][vc_column_text]<\/p>\n<div class=\"title-h2\" style=\"text-align: center;\">Conoce el plan de trabajo 2022 &#8211; 2030<\/div>\n<p>[\/vc_column_text]<style type=\"text\/css\">.thegem-button-69d07bee696174835 .gem-button {opacity:0;animation-duration:6000ms !important}<\/style><style type=\"text\/css\">.thegem-button-69d07bee696174835 .gem-button svg {fill: #1c405b;}.thegem-button-69d07bee696174835 .gem-button:hover svg {fill: #1c405b;}<\/style><div class=\"gem-button-container gem-button-position-center thegem-button-69d07bee696174835     thegem-button-animate thegem-button-animation-fade-right\"  ><a class=\"gem-button gem-button-size-medium gem-button-style-flat gem-button-text-weight-normal gem-button-no-uppercase\" style=\"border-radius: 30px;background-color: #ffffff;color: #1c405b;\" onmouseleave=\"this.style.backgroundColor='#ffffff';this.style.color='#1c405b';\" onmouseenter=\"this.style.backgroundColor='#ffffff';this.style.color='#1c405b';\" href=\"https:\/\/fundacionmeri.cl\/wp-content\/uploads\/2024\/03\/Pdf-Meri-Plan-01.pdf\" target=\"_blank\">Descargar<\/a><\/div> [\/vc_column][\/vc_row][vc_row full_width=&#8221;stretch_row&#8221; css=&#8221;.vc_custom_1709824944983{margin-top: 0px !important;background-color: #f0f0f0 !important;}&#8221;][vc_column][vc_column_text]<\/p>\n<h2 style=\"text-align: center;\"><span style=\"color: #1c405b;\">View Previous Panels<\/span><\/h2>\n<p>[\/vc_column_text][vc_tta_pageable no_fill_content_area=&#8221;true&#8221; active_section=&#8221;1&#8243; pagination_color=&#8221;turquoise&#8221; css_animation=&#8221;fadeInUp&#8221;][vc_tta_section title=&#8221;Secci\u00f3n 1&#8243; tab_id=&#8221;1707333496379-f77ae8c9-bc84&#8243;][vc_column_text]<\/p>\n<p style=\"text-align: center;\"><iframe title=\"Monaco Ocean Week - Panel 1 (Espa\u00f1ol)\" src=\"https:\/\/www.youtube.com\/embed\/CQuETo58FHI\" width=\"500\" height=\"300\" frameborder=\"0\" allowfullscreen=\"allowfullscreen\"><span data-mce-type=\"bookmark\" style=\"display: inline-block; width: 0px; overflow: hidden; line-height: 0;\" class=\"mce_SELRES_start\">\ufeff<\/span><\/iframe><\/p>\n<p>[\/vc_column_text][\/vc_tta_section][vc_tta_section title=&#8221;Secci\u00f3n 2&#8243; tab_id=&#8221;1707333496422-0a52fc95-620f&#8221;][vc_column_text]<\/p>\n<p style=\"text-align: center;\"><iframe title=\"Monaco Ocean Week - Panel 2 (Espa\u00f1ol)\" src=\"https:\/\/www.youtube.com\/embed\/ElBQfrw5HxA\" width=\"500\" height=\"300\" frameborder=\"0\" allowfullscreen=\"allowfullscreen\"><span data-mce-type=\"bookmark\" style=\"display: inline-block; width: 0px; overflow: hidden; line-height: 0;\" class=\"mce_SELRES_start\">\ufeff<\/span><\/iframe><\/p>\n<p>[\/vc_column_text][\/vc_tta_section][vc_tta_section title=&#8221;Secci\u00f3n&#8221; tab_id=&#8221;1707333636671-177a16bd-9a7d&#8221;][vc_column_text]<\/p>\n<p style=\"text-align: center;\"><iframe title=\"Monaco Ocean Week - Panel 3 (Espa\u00f1ol)\" src=\"https:\/\/www.youtube.com\/embed\/Etuzuf34uFw\" width=\"500\" height=\"300\" frameborder=\"0\" allowfullscreen=\"allowfullscreen\"><\/iframe><\/p>\n<p>[\/vc_column_text][\/vc_tta_section][\/vc_tta_pageable][\/vc_column][\/vc_row]<\/p>\n<\/div>","protected":false},"excerpt":{"rendered":"<p>[vc_row full_width=&#8221;stretch_row&#8221; css=&#8221;.vc_custom_1709149540490{margin-top: 0px !important;margin-bottom: 0px !important;padding-top: 30px !important;padding-bottom: 100px !important;background-image: url(https:\/\/fundacionmeri.cl\/wp-content\/uploads\/2024\/02\/Banner_01.webp?id=71574) !important;background-position: center !important;background-repeat: no-repeat !important;background-size: cover !important;}&#8221;][vc_column css=&#8221;.vc_custom_1708617693862{padding-top:&#8230;<\/p>\n","protected":false},"author":1,"featured_media":0,"parent":0,"menu_order":0,"comment_status":"closed","ping_status":"closed","template":"","meta":{"footnotes":""},"class_list":["post-71794","page","type-page","status-publish"],"translation":{"provider":"WPGlobus","version":"3.0.2","language":"en","enabled_languages":["es","en"],"languages":{"es":{"title":true,"content":true,"excerpt":false},"en":{"title":true,"content":true,"excerpt":false}}},"_links":{"self":[{"href":"https:\/\/fundacionmeri.cl\/en\/wp-json\/wp\/v2\/pages\/71794","targetHints":{"allow":["GET"]}}],"collection":[{"href":"https:\/\/fundacionmeri.cl\/en\/wp-json\/wp\/v2\/pages"}],"about":[{"href":"https:\/\/fundacionmeri.cl\/en\/wp-json\/wp\/v2\/types\/page"}],"author":[{"embeddable":true,"href":"https:\/\/fundacionmeri.cl\/en\/wp-json\/wp\/v2\/users\/1"}],"replies":[{"embeddable":true,"href":"https:\/\/fundacionmeri.cl\/en\/wp-json\/wp\/v2\/comments?post=71794"}],"version-history":[{"count":0,"href":"https:\/\/fundacionmeri.cl\/en\/wp-json\/wp\/v2\/pages\/71794\/revisions"}],"wp:attachment":[{"href":"https:\/\/fundacionmeri.cl\/en\/wp-json\/wp\/v2\/media?parent=71794"}],"curies":[{"name":"wp","href":"https:\/\/api.w.org\/{rel}","templated":true}]}}