{"id":71182,"date":"2023-09-28T10:04:22","date_gmt":"2023-09-28T13:04:22","guid":{"rendered":"https:\/\/fundacionmeri.cl\/?page_id=71182"},"modified":"2023-10-08T20:08:58","modified_gmt":"2023-10-08T23:08:58","slug":"conferencia-condor-andino-comportamientos-y-particularidades-de-nuestra-especie-emblema","status":"publish","type":"page","link":"https:\/\/fundacionmeri.cl\/en\/conferencia-condor-andino-comportamientos-y-particularidades-de-nuestra-especie-emblema\/","title":{"rendered":"Conferencia c\u00f3ndor andino:  comportamientos y particularidades de nuestra especie emblema"},"content":{"rendered":"<div class=\"wpb-content-wrapper\"><p>[vc_row full_width=&#8221;stretch_row&#8221; parallax=&#8221;content-moving&#8221; parallax_speed_bg=&#8221;1.1&#8243; css=&#8221;.vc_custom_1695911749514{margin-bottom: 0px !important;padding-top: 150px !important;padding-bottom: 150px !important;background-image: url(https:\/\/fundacionmeri.cl\/wp-content\/uploads\/2023\/09\/2000&#215;800.jpg?id=71189) !important;background-position: center;background-repeat: no-repeat !important;background-size: cover !important;}&#8221;][vc_column width=&#8221;1\/6&#8243;][\/vc_column][vc_column width=&#8221;2\/3&#8243;][vc_column_text]<\/p>\n<h1 style=\"text-align: center;\">SAVE THE DATE<\/h1>\n<h2 style=\"text-align: center;\">Conferencia c\u00f3ndor andino: comportamientos y particularidades de nuestra especie emblema<\/h2>\n<p>[\/vc_column_text][\/vc_column][vc_column width=&#8221;1\/6&#8243;][\/vc_column][\/vc_row][vc_row][vc_column width=&#8221;1\/6&#8243;][\/vc_column][vc_column width=&#8221;2\/3&#8243;][vc_column_text]<img class=\"alignleft size-full wp-image-71200\" src=\"https:\/\/fundacionmeri.cl\/wp-content\/uploads\/2021\/04\/logos2.png\" alt=\"\" width=\"881\" height=\"272\" srcset=\"https:\/\/fundacionmeri.cl\/wp-content\/uploads\/2021\/04\/logos2.png 881w, https:\/\/fundacionmeri.cl\/wp-content\/uploads\/2021\/04\/logos2-300x93.png 300w, https:\/\/fundacionmeri.cl\/wp-content\/uploads\/2021\/04\/logos2-768x237.png 768w\" sizes=\"(max-width: 881px) 100vw, 881px\" \/>[\/vc_column_text][vc_column_text]Francisca Cort\u00e9s Solari, Presidenta Ejecutiva de Filantrop\u00eda Cort\u00e9s Solari, junto a Carlos Gonz\u00e1lez, Director de la Escuela de Medicina Veterinaria de la Universidad Andr\u00e9s Bello, Eduardo P\u00e1vez, Director de la Uni\u00f3n de Ornit\u00f3logos de Chile y Martin del Rio, Director de Ladera Sur, te invitan a conocer los primeros resultados cient\u00edficos respecto a c\u00f3ndores andinos liberados en la zona central de Chile y la Patagonia, post rehabilitaci\u00f3n, y conversar sobre los desaf\u00edos de esta especie en su h\u00e1bitat actual.[\/vc_column_text][\/vc_column][vc_column width=&#8221;1\/6&#8243;][\/vc_column][\/vc_row][vc_row][vc_column width=&#8221;1\/4&#8243;][\/vc_column][vc_column width=&#8221;1\/2&#8243;]<div class=\"gem-textbox \"  ><div class=\"gem-textbox-inner\" style=\"\"><div class=\"gem-textbox-content\" style=\"background-color: #00abea;background-position: center top;\">[vc_column_text]<\/p>\n<p style=\"text-align: center;\">Jueves 05 de octubre, Santiago de Chile<br \/>\n10:00 a 12:00 hrs. (hora de Chile)<br \/>\nTeatro Z\u00f3calo, UNAB Campus Antonio Varas.<br \/>\nAntonio Varas 810, Providencia.<br \/>\nRSVP:<span style=\"color: #ffffff;\"> <a style=\"color: #ffffff;\" href=\"mailto:info@fundacionmeri.cl\">info@fundacionmeri.cl<\/a><\/span><\/p>\n<p>[\/vc_column_text]<\/div><\/div><\/div>[\/vc_column][vc_column width=&#8221;1\/4&#8243;][\/vc_column][\/vc_row][vc_row][vc_column width=&#8221;1\/6&#8243;][\/vc_column][vc_column width=&#8221;2\/3&#8243;][vc_column_text]<\/p>\n<h2 style=\"text-align: center;\">Revive la conferencia<\/h2>\n<p align=\"center\"><iframe title=\"YouTube video player\" src=\"https:\/\/www.youtube.com\/embed\/TvQKvfbj6Ws?si=KrbuiKK_yiRIS20D\" width=\"560\" height=\"315\" frameborder=\"0\" allowfullscreen=\"allowfullscreen\"><\/iframe><\/p>\n<p>[\/vc_column_text][\/vc_column][vc_column width=&#8221;1\/6&#8243;][\/vc_column][\/vc_row][vc_row][vc_column width=&#8221;1\/6&#8243;][\/vc_column][vc_column width=&#8221;2\/3&#8243;][vc_column_text]<\/p>\n<h2 style=\"text-align: center;\">Programa<\/h2>\n<p>En esta charla magistral, Eduardo P\u00e1vez, Veterinario y Director de la Uni\u00f3n de Ornit\u00f3logos de Chile y referencia obligada en la materia, nos comentar\u00e1, por primera vez, los principales resultados arrojados por el estudio georreferencial de los c\u00f3ndores andinos liberados en la Zona Central y la Patagonia Norte, despu\u00e9s de haber sido rehabilitados en la Reserva Elemental Likandes, en San Jos\u00e9 de Maipo y en Patagonia Norte.[\/vc_column_text][\/vc_column][vc_column width=&#8221;1\/6&#8243;][\/vc_column][\/vc_row][vc_row][vc_column width=&#8221;1\/6&#8243;][\/vc_column][vc_column width=&#8221;2\/3&#8243;][vc_raw_html]JTIwJTIwJTNDdGFibGUlMjBzdHlsZSUzRCUyMndpZHRoJTNBJTIwMTAwJTI1JTNCJTIyJTNFJTBBJTIwJTIwJTIwJTIwJTIwJTIwJTIwJTIwJTNDdGhlYWQlM0UlMEElMjAlMjAlMjAlMjAlMjAlMjAlMjAlMjAlM0N0ciUzRSUwQSUyMCUyMCUyMCUyMCUyMCUyMCUyMCUyMCUzQ3RoJTNFJTBBJTIwJTIwJTIwJTIwJTIwJTIwJTIwJTIwJTNDaDYlM0VIb3JhJTNDJTJGaDYlM0UlMEElMjAlMjAlMjAlMjAlMjAlMjAlMjAlMjAlM0MlMkZ0aCUzRSUwQSUyMCUyMCUyMCUyMCUyMCUyMCUyMCUyMCUzQ3RoJTNFJTBBJTIwJTIwJTIwJTIwJTIwJTIwJTIwJTIwJTNDaDYlM0VBY3RpdmlkYWQlM0MlMkZoNiUzRSUwQSUyMCUyMCUyMCUyMCUyMCUyMCUyMCUyMCUzQyUyRnRoJTNFJTBBJTIwJTIwJTIwJTIwJTIwJTIwJTIwJTIwJTNDdGglM0UlMEElMjAlMjAlMjAlMjAlMjAlMjAlMjAlMjAlM0NoNiUzRVBhcnRpY2lwYW50ZXMlM0MlMkZoNiUzRSUwQSUyMCUyMCUyMCUyMCUyMCUyMCUyMCUyMCUzQyUyRnRoJTNFJTBBJTIwJTIwJTIwJTIwJTIwJTIwJTIwJTIwJTNDJTJGdHIlM0UlMEElMjAlMjAlMjAlMjAlMjAlMjAlMjAlMjAlM0MlMkZ0aGVhZCUzRSUwQSUyMCUyMCUyMCUyMCUyMCUyMCUyMCUyMCUzQ3Rib2R5JTNFJTBBJTIwJTIwJTIwJTIwJTIwJTIwJTIwJTIwJTNDdHIlM0UlMEElMjAlMjAlMjAlMjAlMjAlMjAlMjAlMjAlM0N0ZCUzRTEwJTNBMDAlMjAtJTIwMTAlM0ExNSUzQyUyRnRkJTNFJTBBJTIwJTIwJTIwJTIwJTIwJTIwJTIwJTIwJTNDdGQlM0VCaWVudmVuaWRhJTNDJTJGdGQlM0UlMEElMjAlMjAlMjAlMjAlMjAlMjAlMjAlMjAlM0N0ZCUzRSUzQ3AlM0VGcmFuY2lzY2ElMjBDJUMzJUIzcnRlcyUyMFNvbGFyaSUyQyUyMFByZXNpZGVudGElMjBFamVjdXRpdmElMjBkZSUyMEZpbGFudHJvcCVDMyVBRGElMjBDb3J0JUMzJUE5cyUyMFNvbGFyaSUyMHklMjBGdW5kYWNpJUMzJUIzbiUyME1FUkklM0MlMkZwJTNFJTBBJTIwJTIwJTIwJTIwJTIwJTIwJTIwJTIwJTIwJTIwJTIwJTIwJTNDcCUzRUNhcm9saW5hJTIwUyVDMyVBMW5jaGV6JTJDJTIwRW5jYXJnYWRhJTIwZGUlMjBjZW50cm8lMjBkZSUyMHJlaGFiaWxpdGFjaSVDMyVCM24lMjBVRkFTJTNDJTJGcCUzRSUwQSUyMCUyMCUyMCUyMCUyMCUyMCUyMCUyMCUzQyUyRnRkJTNFJTBBJTIwJTIwJTIwJTIwJTIwJTIwJTIwJTIwJTNDJTJGdHIlM0UlMEElMEElMjAlMjAlMjAlMjAlMjAlMjAlMjAlMjAlM0N0ciUzRSUwQSUyMCUyMCUyMCUyMCUyMCUyMCUyMCUyMCUyMCUyMCUyMCUyMCUzQ3RkJTNFMTAlM0ExNSUyMC0lMjAxMSUzQTE1JTNDJTJGdGQlM0UlMEElMjAlMjAlMjAlMjAlMjAlMjAlMjAlMjAlMjAlMjAlMjAlMjAlM0N0ZCUzRSUzQ3AlM0VQcmVzZW50YWNpJUMzJUIzbiUyMHByaW5jaXBhbCUzQSUzQyUyRnAlM0UlMEElMjAlMjAlMjAlMjAlMjAlMjAlMjAlMjAlMjAlMjAlMjAlMjAlMjAlMjAlMjAlMjAlM0NwJTNFRWwlMjBDJUMzJUIzbmRvciUyMEFuZGlubyUyMGVuJTIwc3UlMjBoJUMzJUExYml0YXQlMjBhY3R1YWwlM0ElMjBmb3J0YWxlemFzJTIweSUyMGFtZW5hemFzLiUzQyUyRnAlM0UlMEElMjAlMjAlMjAlMjAlMjAlMjAlMjAlMjAlMjAlMjAlMjAlMjAlMjAlMjAlMjAlMjAlM0MlMkZ0ZCUzRSUwQSUyMCUyMCUyMCUyMCUyMCUyMCUyMCUyMCUyMCUyMCUyMCUyMCUzQ3RkJTNFJTNDcCUzRUVkdWFyZG8lMjBQJUMzJUExdmV6JTBBJTIwJTIwJTIwJTIwJTIwJTIwJTIwJTIwJTIwJTIwJTIwJTIwJTIwJTIwJTIwJTIwJTNDJTJGcCUzRSUwQSUyMCUyMCUyMCUyMCUyMCUyMCUyMCUyMCUyMCUyMCUyMCUyMCUyMCUyMCUyMCUyMCUzQ3AlM0VEaXJlY3RvciUyMGRlJTIwbGElMjBVbmklQzMlQjNuJTIwZGUlMjBPcm5pdCVDMyVCM2xvZ29zJTIwZGUlMjBDaGlsZS4lM0MlMkZwJTNFJTBBJTIwJTIwJTIwJTIwJTIwJTIwJTIwJTIwJTIwJTIwJTIwJTIwJTNDJTJGdGQlM0UlMEElMjAlMjAlMjAlMjAlMjAlMjAlMjAlMjAlMjAlMjAlMjAlMjAlM0MlMkZ0ciUzRSUwQSUwQSUyMCUyMCUyMCUyMCUyMCUyMCUyMCUyMCUyMCUyMCUyMCUyMCUzQ3RyJTNFJTBBJTIwJTIwJTIwJTIwJTIwJTIwJTIwJTIwJTIwJTIwJTIwJTIwJTIwJTIwJTIwJTIwJTNDdGQlM0UxMSUzQTE1JTIwLSUyMDExJTNBNDUlM0MlMkZ0ZCUzRSUwQSUyMCUyMCUyMCUyMCUyMCUyMCUyMCUyMCUyMCUyMCUyMCUyMCUyMCUyMCUyMCUyMCUzQ3RkJTNFJTNDcCUzRVJlZmxleGlvbmVzJTNDJTJGcCUzRSUwQSUyMCUyMCUyMCUyMCUyMCUyMCUyMCUyMCUyMCUyMCUyMCUyMCUyMCUyMCUyMCUyMCUyMCUyMCUyMCUyMCUzQ3AlM0VFbCUyMEMlQzMlQjNuZG9yJTIwQW5kaW5vJTIwZW4lMjBzdSUyMGglQzMlQTFiaXRhdCUyMGFjdHVhbCUzQSUyMGZvcnRhbGV6YXMlMjB5JTIwYW1lbmF6YXMuJTNDJTJGcCUzRSUwQSUyMCUyMCUyMCUyMCUyMCUyMCUyMCUyMCUyMCUyMCUyMCUyMCUyMCUyMCUyMCUyMCUyMCUyMCUyMCUyMCUzQyUyRnRkJTNFJTBBJTIwJTIwJTIwJTIwJTIwJTIwJTIwJTIwJTIwJTIwJTIwJTIwJTIwJTIwJTIwJTIwJTNDdGQlM0UlM0NwJTNFUGFuZWxpc3RhcyUzQSUwQSUyMCUyMCUyMCUyMCUyMCUyMCUyMCUyMCUyMCUyMCUyMCUyMCUyMCUyMCUyMCUyMCUyMCUyMCUyMCUyMCUzQyUyRnAlM0UlMEElMjAlMjAlMjAlMjAlMjAlMjAlMjAlMjAlMjAlMjAlMjAlMjAlMjAlMjAlMjAlMjAlMjAlMjAlMjAlMjAlM0NwJTNFRWR1YXJkbyUyMFAlQzMlQTF2ZXolMkMlMjBVbmklQzMlQjNuJTIwZGUlMjBPcm5pdCVDMyVCM2xvZ29zJTIwZGUlMjBDaGlsZSUyMENhcm9saW5hJTIwUyVDMyVBMW5jaGV6JTJDJTIwVUZBUyUwQSUyMCUyMCUyMCUyMCUyMCUyMCUyMCUyMCUyMCUyMCUyMCUyMCUyMCUyMCUyMCUyMCUyMCUyMCUyMCUyMCUyMCUyMCUyMCUyMCUzQyUyRnAlM0UlMEElMjAlMjAlMjAlMjAlMjAlMjAlMjAlMjAlMjAlMjAlMjAlMjAlMjAlMjAlMjAlMjAlM0MlMkZ0ZCUzRSUwQSUyMCUyMCUyMCUyMCUyMCUyMCUyMCUyMCUyMCUyMCUyMCUyMCUyMCUyMCUyMCUyMCUzQyUyRnRyJTNFJTBBJTIwJTIwJTIwJTIwJTIwJTIwJTIwJTIwJTBBJTIwJTIwJTIwJTIwJTIwJTIwJTIwJTIwJTBBJTIwJTIwJTIwJTIwJTIwJTIwJTIwJTIwJTNDJTJGdGJvZHklM0UlMEElMjAlMjAlMjAlMjAlMjAlMjAlMjAlMjAlM0MlMkZ0YWJsZSUzRQ==[\/vc_raw_html][\/vc_column][vc_column width=&#8221;1\/6&#8243;][\/vc_column][\/vc_row][vc_row][vc_column width=&#8221;1\/6&#8243;][\/vc_column][vc_column width=&#8221;2\/3&#8243;][vc_column_text]Esta actividad se desarrolla en el marco del Proyecto Manku, del cual participan Filantrop\u00eda Cort\u00e9s Solari a trav\u00e9s de Fundaci\u00f3n MERI y la Uni\u00f3n de Ornit\u00f3logos de Chile. Evento moderado por Mart\u00edn del R\u00edo de Ladera Sur, y transmitido v\u00eda streaming por el canal <a href=\"https:\/\/fcs.tv\/\">www.fcs.tv<\/a>[\/vc_column_text][\/vc_column][vc_column width=&#8221;1\/6&#8243;][\/vc_column][\/vc_row]<\/p>\n<\/div>","protected":false},"excerpt":{"rendered":"<p>[vc_row full_width=&#8221;stretch_row&#8221; parallax=&#8221;content-moving&#8221; parallax_speed_bg=&#8221;1.1&#8243; css=&#8221;.vc_custom_1695911749514{margin-bottom: 0px !important;padding-top: 150px !important;padding-bottom: 150px !important;background-image: url(https:\/\/fundacionmeri.cl\/wp-content\/uploads\/2023\/09\/2000&#215;800.jpg?id=71189) !important;background-position: center;background-repeat: no-repeat !important;background-size: cover !important;}&#8221;][vc_column width=&#8221;1\/6&#8243;][\/vc_column][vc_column width=&#8221;2\/3&#8243;][vc_column_text]&#8230;<\/p>\n","protected":false},"author":1,"featured_media":70595,"parent":0,"menu_order":0,"comment_status":"closed","ping_status":"closed","template":"","meta":{"footnotes":""},"class_list":["post-71182","page","type-page","status-publish","has-post-thumbnail"],"translation":{"provider":"WPGlobus","version":"3.0.2","language":"en","enabled_languages":["es","en"],"languages":{"es":{"title":true,"content":true,"excerpt":false},"en":{"title":false,"content":false,"excerpt":false}}},"_links":{"self":[{"href":"https:\/\/fundacionmeri.cl\/en\/wp-json\/wp\/v2\/pages\/71182","targetHints":{"allow":["GET"]}}],"collection":[{"href":"https:\/\/fundacionmeri.cl\/en\/wp-json\/wp\/v2\/pages"}],"about":[{"href":"https:\/\/fundacionmeri.cl\/en\/wp-json\/wp\/v2\/types\/page"}],"author":[{"embeddable":true,"href":"https:\/\/fundacionmeri.cl\/en\/wp-json\/wp\/v2\/users\/1"}],"replies":[{"embeddable":true,"href":"https:\/\/fundacionmeri.cl\/en\/wp-json\/wp\/v2\/comments?post=71182"}],"version-history":[{"count":0,"href":"https:\/\/fundacionmeri.cl\/en\/wp-json\/wp\/v2\/pages\/71182\/revisions"}],"wp:featuredmedia":[{"embeddable":true,"href":"https:\/\/fundacionmeri.cl\/en\/wp-json\/wp\/v2\/media\/70595"}],"wp:attachment":[{"href":"https:\/\/fundacionmeri.cl\/en\/wp-json\/wp\/v2\/media?parent=71182"}],"curies":[{"name":"wp","href":"https:\/\/api.w.org\/{rel}","templated":true}]}}