{"id":71090,"date":"2023-05-16T12:33:38","date_gmt":"2023-05-16T15:33:38","guid":{"rendered":"https:\/\/fundacionmeri.cl\/?page_id=71090"},"modified":"2023-05-16T13:48:30","modified_gmt":"2023-05-16T16:48:30","slug":"celebracion-del-dia-mundial-del-flamenco-en-san-pedro-de-atacama","status":"publish","type":"page","link":"https:\/\/fundacionmeri.cl\/en\/celebracion-del-dia-mundial-del-flamenco-en-san-pedro-de-atacama\/","title":{"rendered":"Celebraci\u00f3n del d\u00eda mundial del flamenco en San Pedro de Atacama"},"content":{"rendered":"<div class=\"wpb-content-wrapper\"><p>[vc_row full_width=&#8221;stretch_row&#8221; parallax=&#8221;content-moving&#8221; parallax_image=&#8221;71087&#8243; parallax_speed_bg=&#8221;1.1&#8243; css=&#8221;.vc_custom_1684255688356{margin-bottom: 0px !important;padding-top: 200px !important;padding-bottom: 200px !important;}&#8221;][vc_column width=&#8221;1\/6&#8243;][\/vc_column][vc_column width=&#8221;2\/3&#8243;][\/vc_column][vc_column width=&#8221;1\/6&#8243;][\/vc_column][\/vc_row][vc_row full_width=&#8221;stretch_row&#8221; css=&#8221;.vc_custom_1684167737184{margin-top: 0px !important;margin-bottom: 0px !important;background-color: #ffffff !important;}&#8221;][vc_column width=&#8221;1\/6&#8243;][\/vc_column][vc_column width=&#8221;2\/3&#8243;][vc_column_text]<\/p>\n<h2><span style=\"color: #b2639e;\">CELEBRACI\u00d3N DEL D\u00cdA MUNDIAL DEL FLAMENCO EN SAN PEDRO DE ATACAMA<\/span><\/h2>\n<p><span style=\"color: #000000;\">Celebraci\u00f3n a realizarse en la Plaza principal de San Pedro de Atacama por primera vez.<\/span><\/p>\n<p><span style=\"color: #000000;\">Consistir\u00e1 de actividades l\u00fadicas para ni\u00f1os y charla de informaci\u00f3n sobre los flamencos andinos.<\/span>[\/vc_column_text][\/vc_column][vc_column width=&#8221;1\/6&#8243;][\/vc_column][\/vc_row][vc_row full_width=&#8221;stretch_row&#8221; css=&#8221;.vc_custom_1684167856315{margin-top: 0px !important;margin-bottom: 0px !important;padding-bottom: 75px !important;background-color: #ffffff !important;}&#8221;][vc_column]<style>.gem-gallery-grid#style-69e460a4ad834 .gallery-item { padding: calc(30px\/2) !important; }.gem-gallery-grid#style-69e460a4ad834 .gallery-set { margin-top: calc(-30px\/2); margin-bottom: calc(-30px\/2); }.gem-gallery-grid#style-69e460a4ad834 .not-fullwidth-block .gallery-set, .gem-gallery-grid#style-69e460a4ad834 .not-fullwidth-block .portfolio-item-size-container { margin-left: calc(-30px\/2); margin-right: calc(-30px\/2); }.gem-gallery-grid#style-69e460a4ad834 .fullwidth-block { padding-left: calc(30px\/2); padding-right: calc(30px\/2); }.gem-gallery-grid#style-69e460a4ad834 .portfolio-filters { text-align: center }<\/style><div id=\"style-preloader-69e460a4ad834\" class=\"preloader save-space\"><div class=\"preloader-spin\"><\/div><\/div> <div class=\"gallery-preloader-wrapper\"> <div class=\"row\"> <div id=\"style-69e460a4ad834\" class=\"gem-gallery-grid col-lg-12 col-md-12 col-sm-12 gallery-style-metro hover-vertical-sliding loading-animation item-animation-move-up metro columns-4 columns-tablet-2 columns-mobile-1 without-padding metro-item-style-default \" data-hover=\"vertical-sliding\" data-uid=\"69e460a4ad834\" data-filter=\"[]\"> <div class=\"portfolio not-fullwidth-block \"> <ul class=\"gallery-set clearfix\" data-max-row-height=\"280\"> <li class=\"gallery-item gallery-0 col-xs-12 col-sm-6 col-md-3 item-animations-not-inited single-icon post-71090 page type-page status-publish has-post-thumbnail\" style=\"\"> <div class=\"wrap gem-wrapbox-style-default\"> <div class=\"overlay-wrap\"> <div class=\"image-wrap \"> <picture> <source srcset=\"https:\/\/fundacionmeri.cl\/wp-content\/uploads\/2021\/04\/hito21-thegem-portfolio-metro.jpeg 1x\" sizes=\"100vw\"> <img src=\"https:\/\/fundacionmeri.cl\/wp-content\/uploads\/2021\/04\/hito21-thegem-portfolio-metro.jpeg\" width=\"750\" height=\"500\" class=\"attachment-thegem-portfolio-metro\" alt=\"hito21\" \/> <\/picture> <\/div> <div class=\"overlay \"> <div class=\"overlay-circle\"><\/div> <a href=\"https:\/\/fundacionmeri.cl\/wp-content\/uploads\/2021\/04\/hito21.jpeg\" class=\"gallery-item-link fancy-gallery\" data-fancybox=\"gallery-69e460a4ad834\" aria-label=\"Fullsize Image: hito21\"> <span class=\"slide-info\"> <\/span> <\/a> <div class=\"overlay-content\"> <div class=\"overlay-content-center\"> <div class=\"overlay-content-inner\"> <a href=\"https:\/\/fundacionmeri.cl\/wp-content\/uploads\/2021\/04\/hito21.jpeg\" class=\"icon photo \" aria-label=\"Fullsize Image: hito21\"> <\/a> <div class=\"overlay-line\"><\/div> <\/div> <\/div> <\/div> <\/div> <\/div> <\/div> <\/li> <li class=\"gallery-item gallery-0 col-xs-12 col-sm-6 col-md-3 item-animations-not-inited single-icon post-71090 page type-page status-publish has-post-thumbnail\" style=\"\"> <div class=\"wrap gem-wrapbox-style-default\"> <div class=\"overlay-wrap\"> <div class=\"image-wrap \"> <picture> <source srcset=\"https:\/\/fundacionmeri.cl\/wp-content\/uploads\/2021\/04\/hito22-thegem-portfolio-metro.jpeg 1x\" sizes=\"100vw\"> <img src=\"https:\/\/fundacionmeri.cl\/wp-content\/uploads\/2021\/04\/hito22-thegem-portfolio-metro.jpeg\" width=\"750\" height=\"500\" class=\"attachment-thegem-portfolio-metro\" alt=\"hito22\" \/> <\/picture> <\/div> <div class=\"overlay \"> <div class=\"overlay-circle\"><\/div> <a href=\"https:\/\/fundacionmeri.cl\/wp-content\/uploads\/2021\/04\/hito22.jpeg\" class=\"gallery-item-link fancy-gallery\" data-fancybox=\"gallery-69e460a4ad834\" aria-label=\"Fullsize Image: hito22\"> <span class=\"slide-info\"> <\/span> <\/a> <div class=\"overlay-content\"> <div class=\"overlay-content-center\"> <div class=\"overlay-content-inner\"> <a href=\"https:\/\/fundacionmeri.cl\/wp-content\/uploads\/2021\/04\/hito22.jpeg\" class=\"icon photo \" aria-label=\"Fullsize Image: hito22\"> <\/a> <div class=\"overlay-line\"><\/div> <\/div> <\/div> <\/div> <\/div> <\/div> <\/div> <\/li> <li class=\"gallery-item gallery-0 col-xs-12 col-sm-6 col-md-3 item-animations-not-inited single-icon post-71090 page type-page status-publish has-post-thumbnail\" style=\"\"> <div class=\"wrap gem-wrapbox-style-default\"> <div class=\"overlay-wrap\"> <div class=\"image-wrap \"> <picture> <source srcset=\"https:\/\/fundacionmeri.cl\/wp-content\/uploads\/2021\/04\/hito23-thegem-portfolio-metro.jpeg 1x\" sizes=\"100vw\"> <img src=\"https:\/\/fundacionmeri.cl\/wp-content\/uploads\/2021\/04\/hito23-thegem-portfolio-metro.jpeg\" width=\"750\" height=\"500\" class=\"attachment-thegem-portfolio-metro\" alt=\"hito23\" \/> <\/picture> <\/div> <div class=\"overlay \"> <div class=\"overlay-circle\"><\/div> <a href=\"https:\/\/fundacionmeri.cl\/wp-content\/uploads\/2021\/04\/hito23.jpeg\" class=\"gallery-item-link fancy-gallery\" data-fancybox=\"gallery-69e460a4ad834\" aria-label=\"Fullsize Image: hito23\"> <span class=\"slide-info\"> <\/span> <\/a> <div class=\"overlay-content\"> <div class=\"overlay-content-center\"> <div class=\"overlay-content-inner\"> <a href=\"https:\/\/fundacionmeri.cl\/wp-content\/uploads\/2021\/04\/hito23.jpeg\" class=\"icon photo \" aria-label=\"Fullsize Image: hito23\"> <\/a> <div class=\"overlay-line\"><\/div> <\/div> <\/div> <\/div> <\/div> <\/div> <\/div> <\/li> <li class=\"gallery-item gallery-0 col-xs-12 col-sm-6 col-md-3 item-animations-not-inited single-icon post-71090 page type-page status-publish has-post-thumbnail\" style=\"\"> <div class=\"wrap gem-wrapbox-style-default\"> <div class=\"overlay-wrap\"> <div class=\"image-wrap \"> <picture> <source srcset=\"https:\/\/fundacionmeri.cl\/wp-content\/uploads\/2021\/04\/hito24-thegem-portfolio-metro.jpeg 1x\" sizes=\"100vw\"> <img src=\"https:\/\/fundacionmeri.cl\/wp-content\/uploads\/2021\/04\/hito24-thegem-portfolio-metro.jpeg\" width=\"750\" height=\"500\" class=\"attachment-thegem-portfolio-metro\" alt=\"hito24\" \/> <\/picture> <\/div> <div class=\"overlay \"> <div class=\"overlay-circle\"><\/div> <a href=\"https:\/\/fundacionmeri.cl\/wp-content\/uploads\/2021\/04\/hito24.jpeg\" class=\"gallery-item-link fancy-gallery\" data-fancybox=\"gallery-69e460a4ad834\" aria-label=\"Fullsize Image: hito24\"> <span class=\"slide-info\"> <\/span> <\/a> <div class=\"overlay-content\"> <div class=\"overlay-content-center\"> <div class=\"overlay-content-inner\"> <a href=\"https:\/\/fundacionmeri.cl\/wp-content\/uploads\/2021\/04\/hito24.jpeg\" class=\"icon photo \" aria-label=\"Fullsize Image: hito24\"> <\/a> <div class=\"overlay-line\"><\/div> <\/div> <\/div> <\/div> <\/div> <\/div> <\/div> <\/li> <li class=\"gallery-item gallery-0 col-xs-12 col-sm-6 col-md-3 item-animations-not-inited single-icon post-71090 page type-page status-publish has-post-thumbnail\" style=\"\"> <div class=\"wrap gem-wrapbox-style-default\"> <div class=\"overlay-wrap\"> <div class=\"image-wrap \"> <picture> <source srcset=\"https:\/\/fundacionmeri.cl\/wp-content\/uploads\/2021\/04\/hito25-thegem-portfolio-metro.jpeg 1x\" sizes=\"100vw\"> <img src=\"https:\/\/fundacionmeri.cl\/wp-content\/uploads\/2021\/04\/hito25-thegem-portfolio-metro.jpeg\" width=\"333\" height=\"500\" class=\"attachment-thegem-portfolio-metro\" alt=\"hito25\" \/> <\/picture> <\/div> <div class=\"overlay \"> <div class=\"overlay-circle\"><\/div> <a href=\"https:\/\/fundacionmeri.cl\/wp-content\/uploads\/2021\/04\/hito25.jpeg\" class=\"gallery-item-link fancy-gallery\" data-fancybox=\"gallery-69e460a4ad834\" aria-label=\"Fullsize Image: hito25\"> <span class=\"slide-info\"> <\/span> <\/a> <div class=\"overlay-content\"> <div class=\"overlay-content-center\"> <div class=\"overlay-content-inner\"> <a href=\"https:\/\/fundacionmeri.cl\/wp-content\/uploads\/2021\/04\/hito25.jpeg\" class=\"icon photo \" aria-label=\"Fullsize Image: hito25\"> <\/a> <div class=\"overlay-line\"><\/div> <\/div> <\/div> <\/div> <\/div> <\/div> <\/div> <\/li> <li class=\"gallery-item gallery-0 col-xs-12 col-sm-6 col-md-3 item-animations-not-inited single-icon post-71090 page type-page status-publish has-post-thumbnail\" style=\"\"> <div class=\"wrap gem-wrapbox-style-default\"> <div class=\"overlay-wrap\"> <div class=\"image-wrap \"> <picture> <source srcset=\"https:\/\/fundacionmeri.cl\/wp-content\/uploads\/2021\/04\/hito26-thegem-portfolio-metro.jpeg 1x\" sizes=\"100vw\"> <img src=\"https:\/\/fundacionmeri.cl\/wp-content\/uploads\/2021\/04\/hito26-thegem-portfolio-metro.jpeg\" width=\"750\" height=\"500\" class=\"attachment-thegem-portfolio-metro\" alt=\"hito26\" \/> <\/picture> <\/div> <div class=\"overlay \"> <div class=\"overlay-circle\"><\/div> <a href=\"https:\/\/fundacionmeri.cl\/wp-content\/uploads\/2021\/04\/hito26.jpeg\" class=\"gallery-item-link fancy-gallery\" data-fancybox=\"gallery-69e460a4ad834\" aria-label=\"Fullsize Image: hito26\"> <span class=\"slide-info\"> <\/span> <\/a> <div class=\"overlay-content\"> <div class=\"overlay-content-center\"> <div class=\"overlay-content-inner\"> <a href=\"https:\/\/fundacionmeri.cl\/wp-content\/uploads\/2021\/04\/hito26.jpeg\" class=\"icon photo \" aria-label=\"Fullsize Image: hito26\"> <\/a> <div class=\"overlay-line\"><\/div> <\/div> <\/div> <\/div> <\/div> <\/div> <\/div> <\/li> <li class=\"gallery-item gallery-0 col-xs-12 col-sm-6 col-md-3 item-animations-not-inited single-icon post-71090 page type-page status-publish has-post-thumbnail\" style=\"\"> <div class=\"wrap gem-wrapbox-style-default\"> <div class=\"overlay-wrap\"> <div class=\"image-wrap \"> <picture> <source srcset=\"https:\/\/fundacionmeri.cl\/wp-content\/uploads\/2021\/04\/hito27-thegem-portfolio-metro.jpeg 1x\" sizes=\"100vw\"> <img src=\"https:\/\/fundacionmeri.cl\/wp-content\/uploads\/2021\/04\/hito27-thegem-portfolio-metro.jpeg\" width=\"333\" height=\"500\" class=\"attachment-thegem-portfolio-metro\" alt=\"hito27\" \/> <\/picture> <\/div> <div class=\"overlay \"> <div class=\"overlay-circle\"><\/div> <a href=\"https:\/\/fundacionmeri.cl\/wp-content\/uploads\/2021\/04\/hito27.jpeg\" class=\"gallery-item-link fancy-gallery\" data-fancybox=\"gallery-69e460a4ad834\" aria-label=\"Fullsize Image: hito27\"> <span class=\"slide-info\"> <\/span> <\/a> <div class=\"overlay-content\"> <div class=\"overlay-content-center\"> <div class=\"overlay-content-inner\"> <a href=\"https:\/\/fundacionmeri.cl\/wp-content\/uploads\/2021\/04\/hito27.jpeg\" class=\"icon photo \" aria-label=\"Fullsize Image: hito27\"> <\/a> <div class=\"overlay-line\"><\/div> <\/div> <\/div> <\/div> <\/div> <\/div> <\/div> <\/li> <li class=\"gallery-item gallery-0 col-xs-12 col-sm-6 col-md-3 item-animations-not-inited single-icon post-71090 page type-page status-publish has-post-thumbnail\" style=\"\"> <div class=\"wrap gem-wrapbox-style-default\"> <div class=\"overlay-wrap\"> <div class=\"image-wrap \"> <picture> <source srcset=\"https:\/\/fundacionmeri.cl\/wp-content\/uploads\/2021\/04\/hito28-thegem-portfolio-metro.jpeg 1x\" sizes=\"100vw\"> <img src=\"https:\/\/fundacionmeri.cl\/wp-content\/uploads\/2021\/04\/hito28-thegem-portfolio-metro.jpeg\" width=\"333\" height=\"500\" class=\"attachment-thegem-portfolio-metro\" alt=\"hito28\" \/> <\/picture> <\/div> <div class=\"overlay \"> <div class=\"overlay-circle\"><\/div> <a href=\"https:\/\/fundacionmeri.cl\/wp-content\/uploads\/2021\/04\/hito28.jpeg\" class=\"gallery-item-link fancy-gallery\" data-fancybox=\"gallery-69e460a4ad834\" aria-label=\"Fullsize Image: hito28\"> <span class=\"slide-info\"> <\/span> <\/a> <div class=\"overlay-content\"> <div class=\"overlay-content-center\"> <div class=\"overlay-content-inner\"> <a href=\"https:\/\/fundacionmeri.cl\/wp-content\/uploads\/2021\/04\/hito28.jpeg\" class=\"icon photo \" aria-label=\"Fullsize Image: hito28\"> <\/a> <div class=\"overlay-line\"><\/div> <\/div> <\/div> <\/div> <\/div> <\/div> <\/div> <\/li> <li class=\"gallery-item gallery-0 col-xs-12 col-sm-6 col-md-3 item-animations-not-inited single-icon post-71090 page type-page status-publish has-post-thumbnail\" style=\"\"> <div class=\"wrap gem-wrapbox-style-default\"> <div class=\"overlay-wrap\"> <div class=\"image-wrap \"> <picture> <source srcset=\"https:\/\/fundacionmeri.cl\/wp-content\/uploads\/2021\/04\/hito29-thegem-portfolio-metro.jpeg 1x\" sizes=\"100vw\"> <img src=\"https:\/\/fundacionmeri.cl\/wp-content\/uploads\/2021\/04\/hito29-thegem-portfolio-metro.jpeg\" width=\"749\" height=\"500\" class=\"attachment-thegem-portfolio-metro\" alt=\"hito29\" \/> <\/picture> <\/div> <div class=\"overlay \"> <div class=\"overlay-circle\"><\/div> <a href=\"https:\/\/fundacionmeri.cl\/wp-content\/uploads\/2021\/04\/hito29.jpeg\" class=\"gallery-item-link fancy-gallery\" data-fancybox=\"gallery-69e460a4ad834\" aria-label=\"Fullsize Image: hito29\"> <span class=\"slide-info\"> <\/span> <\/a> <div class=\"overlay-content\"> <div class=\"overlay-content-center\"> <div class=\"overlay-content-inner\"> <a href=\"https:\/\/fundacionmeri.cl\/wp-content\/uploads\/2021\/04\/hito29.jpeg\" class=\"icon photo \" aria-label=\"Fullsize Image: hito29\"> <\/a> <div class=\"overlay-line\"><\/div> <\/div> <\/div> <\/div> <\/div> <\/div> <\/div> <\/li> <li class=\"gallery-item gallery-0 col-xs-12 col-sm-6 col-md-3 item-animations-not-inited single-icon post-71090 page type-page status-publish has-post-thumbnail\" style=\"\"> <div class=\"wrap gem-wrapbox-style-default\"> <div class=\"overlay-wrap\"> <div class=\"image-wrap \"> <picture> <source srcset=\"https:\/\/fundacionmeri.cl\/wp-content\/uploads\/2021\/04\/hito210-thegem-portfolio-metro.jpeg 1x\" sizes=\"100vw\"> <img src=\"https:\/\/fundacionmeri.cl\/wp-content\/uploads\/2021\/04\/hito210-thegem-portfolio-metro.jpeg\" width=\"749\" height=\"500\" class=\"attachment-thegem-portfolio-metro\" alt=\"hito210\" \/> <\/picture> <\/div> <div class=\"overlay \"> <div class=\"overlay-circle\"><\/div> <a href=\"https:\/\/fundacionmeri.cl\/wp-content\/uploads\/2021\/04\/hito210.jpeg\" class=\"gallery-item-link fancy-gallery\" data-fancybox=\"gallery-69e460a4ad834\" aria-label=\"Fullsize Image: hito210\"> <span class=\"slide-info\"> <\/span> <\/a> <div class=\"overlay-content\"> <div class=\"overlay-content-center\"> <div class=\"overlay-content-inner\"> <a href=\"https:\/\/fundacionmeri.cl\/wp-content\/uploads\/2021\/04\/hito210.jpeg\" class=\"icon photo \" aria-label=\"Fullsize Image: hito210\"> <\/a> <div class=\"overlay-line\"><\/div> <\/div> <\/div> <\/div> <\/div> <\/div> <\/div> <\/li> <li class=\"gallery-item gallery-0 col-xs-12 col-sm-6 col-md-3 item-animations-not-inited single-icon post-71090 page type-page status-publish has-post-thumbnail\" style=\"\"> <div class=\"wrap gem-wrapbox-style-default\"> <div class=\"overlay-wrap\"> <div class=\"image-wrap \"> <picture> <source srcset=\"https:\/\/fundacionmeri.cl\/wp-content\/uploads\/2021\/04\/hito211-thegem-portfolio-metro.jpeg 1x\" sizes=\"100vw\"> <img src=\"https:\/\/fundacionmeri.cl\/wp-content\/uploads\/2021\/04\/hito211-thegem-portfolio-metro.jpeg\" width=\"749\" height=\"500\" class=\"attachment-thegem-portfolio-metro\" alt=\"hito211\" \/> <\/picture> <\/div> <div class=\"overlay \"> <div class=\"overlay-circle\"><\/div> <a href=\"https:\/\/fundacionmeri.cl\/wp-content\/uploads\/2021\/04\/hito211.jpeg\" class=\"gallery-item-link fancy-gallery\" data-fancybox=\"gallery-69e460a4ad834\" aria-label=\"Fullsize Image: hito211\"> <span class=\"slide-info\"> <\/span> <\/a> <div class=\"overlay-content\"> <div class=\"overlay-content-center\"> <div class=\"overlay-content-inner\"> <a href=\"https:\/\/fundacionmeri.cl\/wp-content\/uploads\/2021\/04\/hito211.jpeg\" class=\"icon photo \" aria-label=\"Fullsize Image: hito211\"> <\/a> <div class=\"overlay-line\"><\/div> <\/div> <\/div> <\/div> <\/div> <\/div> <\/div> <\/li> <li class=\"gallery-item gallery-0 col-xs-12 col-sm-6 col-md-3 item-animations-not-inited single-icon post-71090 page type-page status-publish has-post-thumbnail\" style=\"\"> <div class=\"wrap gem-wrapbox-style-default\"> <div class=\"overlay-wrap\"> <div class=\"image-wrap \"> <picture> <source srcset=\"https:\/\/fundacionmeri.cl\/wp-content\/uploads\/2021\/04\/hito212-thegem-portfolio-metro.jpeg 1x\" sizes=\"100vw\"> <img src=\"https:\/\/fundacionmeri.cl\/wp-content\/uploads\/2021\/04\/hito212-thegem-portfolio-metro.jpeg\" width=\"749\" height=\"500\" class=\"attachment-thegem-portfolio-metro\" alt=\"hito212\" \/> <\/picture> <\/div> <div class=\"overlay \"> <div class=\"overlay-circle\"><\/div> <a href=\"https:\/\/fundacionmeri.cl\/wp-content\/uploads\/2021\/04\/hito212.jpeg\" class=\"gallery-item-link fancy-gallery\" data-fancybox=\"gallery-69e460a4ad834\" aria-label=\"Fullsize Image: hito212\"> <span class=\"slide-info\"> <\/span> <\/a> <div class=\"overlay-content\"> <div class=\"overlay-content-center\"> <div class=\"overlay-content-inner\"> <a href=\"https:\/\/fundacionmeri.cl\/wp-content\/uploads\/2021\/04\/hito212.jpeg\" class=\"icon photo \" aria-label=\"Fullsize Image: hito212\"> <\/a> <div class=\"overlay-line\"><\/div> <\/div> <\/div> <\/div> <\/div> <\/div> <\/div> <\/li> <li class=\"gallery-item gallery-0 col-xs-12 col-sm-6 col-md-3 item-animations-not-inited single-icon post-71090 page type-page status-publish has-post-thumbnail\" style=\"\"> <div class=\"wrap gem-wrapbox-style-default\"> <div class=\"overlay-wrap\"> <div class=\"image-wrap \"> <picture> <source srcset=\"https:\/\/fundacionmeri.cl\/wp-content\/uploads\/2021\/04\/hito213-thegem-portfolio-metro.jpeg 1x\" sizes=\"100vw\"> <img src=\"https:\/\/fundacionmeri.cl\/wp-content\/uploads\/2021\/04\/hito213-thegem-portfolio-metro.jpeg\" width=\"749\" height=\"500\" class=\"attachment-thegem-portfolio-metro\" alt=\"hito213\" \/> <\/picture> <\/div> <div class=\"overlay \"> <div class=\"overlay-circle\"><\/div> <a href=\"https:\/\/fundacionmeri.cl\/wp-content\/uploads\/2021\/04\/hito213.jpeg\" class=\"gallery-item-link fancy-gallery\" data-fancybox=\"gallery-69e460a4ad834\" aria-label=\"Fullsize Image: hito213\"> <span class=\"slide-info\"> <\/span> <\/a> <div class=\"overlay-content\"> <div class=\"overlay-content-center\"> <div class=\"overlay-content-inner\"> <a href=\"https:\/\/fundacionmeri.cl\/wp-content\/uploads\/2021\/04\/hito213.jpeg\" class=\"icon photo \" aria-label=\"Fullsize Image: hito213\"> <\/a> <div class=\"overlay-line\"><\/div> <\/div> <\/div> <\/div> <\/div> <\/div> <\/div> <\/li> <\/ul> <div class=\"portfolio-item-size-container\"> <li class=\"gallery-item size-item col-xs-12 col-sm-6 col-md-3 post-71090 page type-page status-publish has-post-thumbnail\" style=\"\"> <\/li> <\/div> <\/div> <\/div> <\/div> <\/div>[\/vc_column][\/vc_row]<\/p>\n<\/div>","protected":false},"excerpt":{"rendered":"<p>[vc_row full_width=&#8221;stretch_row&#8221; parallax=&#8221;content-moving&#8221; parallax_image=&#8221;71087&#8243; parallax_speed_bg=&#8221;1.1&#8243; css=&#8221;.vc_custom_1684255688356{margin-bottom: 0px !important;padding-top: 200px !important;padding-bottom: 200px !important;}&#8221;][vc_column width=&#8221;1\/6&#8243;][\/vc_column][vc_column width=&#8221;2\/3&#8243;][\/vc_column][vc_column width=&#8221;1\/6&#8243;][\/vc_column][\/vc_row][vc_row full_width=&#8221;stretch_row&#8221; css=&#8221;.vc_custom_1684167737184{margin-top: 0px !important;margin-bottom: 0px&#8230;<\/p>\n","protected":false},"author":1,"featured_media":70595,"parent":0,"menu_order":0,"comment_status":"closed","ping_status":"closed","template":"","meta":{"footnotes":""},"class_list":["post-71090","page","type-page","status-publish","has-post-thumbnail"],"translation":{"provider":"WPGlobus","version":"3.0.2","language":"en","enabled_languages":["es","en"],"languages":{"es":{"title":true,"content":true,"excerpt":false},"en":{"title":false,"content":false,"excerpt":false}}},"_links":{"self":[{"href":"https:\/\/fundacionmeri.cl\/en\/wp-json\/wp\/v2\/pages\/71090","targetHints":{"allow":["GET"]}}],"collection":[{"href":"https:\/\/fundacionmeri.cl\/en\/wp-json\/wp\/v2\/pages"}],"about":[{"href":"https:\/\/fundacionmeri.cl\/en\/wp-json\/wp\/v2\/types\/page"}],"author":[{"embeddable":true,"href":"https:\/\/fundacionmeri.cl\/en\/wp-json\/wp\/v2\/users\/1"}],"replies":[{"embeddable":true,"href":"https:\/\/fundacionmeri.cl\/en\/wp-json\/wp\/v2\/comments?post=71090"}],"version-history":[{"count":0,"href":"https:\/\/fundacionmeri.cl\/en\/wp-json\/wp\/v2\/pages\/71090\/revisions"}],"wp:featuredmedia":[{"embeddable":true,"href":"https:\/\/fundacionmeri.cl\/en\/wp-json\/wp\/v2\/media\/70595"}],"wp:attachment":[{"href":"https:\/\/fundacionmeri.cl\/en\/wp-json\/wp\/v2\/media?parent=71090"}],"curies":[{"name":"wp","href":"https:\/\/api.w.org\/{rel}","templated":true}]}}