{"id":70999,"date":"2023-05-15T10:57:21","date_gmt":"2023-05-15T13:57:21","guid":{"rendered":"https:\/\/fundacionmeri.cl\/?page_id=70999"},"modified":"2023-05-16T12:24:01","modified_gmt":"2023-05-16T15:24:01","slug":"festival-del-flamenco-altoandino-2023","status":"publish","type":"page","link":"https:\/\/fundacionmeri.cl\/en\/festival-del-flamenco-altoandino-2023\/","title":{"rendered":"Festival del flamenco altoandino 2023"},"content":{"rendered":"<div class=\"wpb-content-wrapper\"><p>[vc_row full_width=&#8221;stretch_row&#8221; parallax=&#8221;content-moving&#8221; parallax_image=&#8221;71086&#8243; parallax_speed_bg=&#8221;1.2&#8243; css=&#8221;.vc_custom_1684250613599{margin-bottom: 0px !important;padding-top: 200px !important;padding-bottom: 200px !important;}&#8221;][vc_column width=&#8221;1\/6&#8243;][\/vc_column][vc_column width=&#8221;2\/3&#8243;][\/vc_column][vc_column width=&#8221;1\/6&#8243;][\/vc_column][\/vc_row][vc_row full_width=&#8221;stretch_row&#8221; css=&#8221;.vc_custom_1684167737184{margin-top: 0px !important;margin-bottom: 0px !important;background-color: #ffffff !important;}&#8221;][vc_column width=&#8221;1\/6&#8243;][\/vc_column][vc_column width=&#8221;2\/3&#8243;][vc_column_text]<\/p>\n<h2><span style=\"color: #b2639e;\">FESTIVAL DEL FLAMENCO ALTOANDINO 2023<\/span><\/h2>\n<p><span style=\"color: #000000;\">El festival del flamenco es el evento principal de la semana del flamenco, comenz\u00f3 el a\u00f1o 2022 para complementar el programa de Fundaci\u00f3n MERI y el Zool\u00f3gico Nacional sobre flamencos altoandinos. Est\u00e1 segunda versi\u00f3n se realizar\u00e1 el viernes 28 de abril en la Reserva elemental de Puribeter ubicada en San Pedro de Atacama en la regi\u00f3n de Antofagasta. La reserva elemental consta de 47 hect\u00e1reas e infraestructura para recibir actividades culturales.<\/span><\/p>\n<p><span style=\"color: #000000;\">El festival del flamenco altoandino, est\u00e1 dise\u00f1ado para educar e informar al espectador, el p\u00fablico objetivo es la gente local, tour operadores, gu\u00edas tur\u00edsticos y personas claves para la conservaci\u00f3n de la especie y sus ecosistemas.<\/span>[\/vc_column_text][\/vc_column][vc_column width=&#8221;1\/6&#8243;][\/vc_column][\/vc_row][vc_row full_width=&#8221;stretch_row&#8221; css=&#8221;.vc_custom_1684167856315{margin-top: 0px !important;margin-bottom: 0px !important;padding-bottom: 75px !important;background-color: #ffffff !important;}&#8221;][vc_column]<style>.gem-gallery-grid#style-69e5f067077e9 .gallery-item { padding: calc(30px\/2) !important; }.gem-gallery-grid#style-69e5f067077e9 .gallery-set { margin-top: calc(-30px\/2); margin-bottom: calc(-30px\/2); }.gem-gallery-grid#style-69e5f067077e9 .not-fullwidth-block .gallery-set, .gem-gallery-grid#style-69e5f067077e9 .not-fullwidth-block .portfolio-item-size-container { margin-left: calc(-30px\/2); margin-right: calc(-30px\/2); }.gem-gallery-grid#style-69e5f067077e9 .fullwidth-block { padding-left: calc(30px\/2); padding-right: calc(30px\/2); }.gem-gallery-grid#style-69e5f067077e9 .portfolio-filters { text-align: center }<\/style><div id=\"style-preloader-69e5f067077e9\" class=\"preloader save-space\"><div class=\"preloader-spin\"><\/div><\/div> <div class=\"gallery-preloader-wrapper\"> <div class=\"row\"> <div id=\"style-69e5f067077e9\" class=\"gem-gallery-grid col-lg-12 col-md-12 col-sm-12 gallery-style-metro hover-vertical-sliding loading-animation item-animation-move-up metro columns-4 columns-tablet-2 columns-mobile-1 without-padding metro-item-style-default \" data-hover=\"vertical-sliding\" data-uid=\"69e5f067077e9\" data-filter=\"[]\"> <div class=\"portfolio not-fullwidth-block \"> <ul class=\"gallery-set clearfix\" data-max-row-height=\"280\"> <li class=\"gallery-item gallery-0 col-xs-12 col-sm-6 col-md-3 item-animations-not-inited single-icon post-70999 page type-page status-publish has-post-thumbnail\" style=\"\"> <div class=\"wrap gem-wrapbox-style-default\"> <div class=\"overlay-wrap\"> <div class=\"image-wrap \"> <picture> <source srcset=\"https:\/\/fundacionmeri.cl\/wp-content\/uploads\/2021\/04\/hito11-thegem-portfolio-metro.jpg 1x\" sizes=\"100vw\"> <img src=\"https:\/\/fundacionmeri.cl\/wp-content\/uploads\/2021\/04\/hito11-thegem-portfolio-metro.jpg\" width=\"750\" height=\"500\" class=\"attachment-thegem-portfolio-metro\" alt=\"hito11\" \/> <\/picture> <\/div> <div class=\"overlay \"> <div class=\"overlay-circle\"><\/div> <a href=\"https:\/\/fundacionmeri.cl\/wp-content\/uploads\/2021\/04\/hito11.jpg\" class=\"gallery-item-link fancy-gallery\" data-fancybox=\"gallery-69e5f067077e9\" aria-label=\"Fullsize Image: hito11\"> <span class=\"slide-info\"> <\/span> <\/a> <div class=\"overlay-content\"> <div class=\"overlay-content-center\"> <div class=\"overlay-content-inner\"> <a href=\"https:\/\/fundacionmeri.cl\/wp-content\/uploads\/2021\/04\/hito11.jpg\" class=\"icon photo \" aria-label=\"Fullsize Image: hito11\"> <\/a> <div class=\"overlay-line\"><\/div> <\/div> <\/div> <\/div> <\/div> <\/div> <\/div> <\/li> <li class=\"gallery-item gallery-0 col-xs-12 col-sm-6 col-md-3 item-animations-not-inited single-icon post-70999 page type-page status-publish has-post-thumbnail\" style=\"\"> <div class=\"wrap gem-wrapbox-style-default\"> <div class=\"overlay-wrap\"> <div class=\"image-wrap \"> <picture> <source srcset=\"https:\/\/fundacionmeri.cl\/wp-content\/uploads\/2021\/04\/hito12-thegem-portfolio-metro.jpg 1x\" sizes=\"100vw\"> <img src=\"https:\/\/fundacionmeri.cl\/wp-content\/uploads\/2021\/04\/hito12-thegem-portfolio-metro.jpg\" width=\"750\" height=\"500\" class=\"attachment-thegem-portfolio-metro\" alt=\"hito12\" \/> <\/picture> <\/div> <div class=\"overlay \"> <div class=\"overlay-circle\"><\/div> <a href=\"https:\/\/fundacionmeri.cl\/wp-content\/uploads\/2021\/04\/hito12.jpg\" class=\"gallery-item-link fancy-gallery\" data-fancybox=\"gallery-69e5f067077e9\" aria-label=\"Fullsize Image: hito12\"> <span class=\"slide-info\"> <\/span> <\/a> <div class=\"overlay-content\"> <div class=\"overlay-content-center\"> <div class=\"overlay-content-inner\"> <a href=\"https:\/\/fundacionmeri.cl\/wp-content\/uploads\/2021\/04\/hito12.jpg\" class=\"icon photo \" aria-label=\"Fullsize Image: hito12\"> <\/a> <div class=\"overlay-line\"><\/div> <\/div> <\/div> <\/div> <\/div> <\/div> <\/div> <\/li> <li class=\"gallery-item gallery-0 col-xs-12 col-sm-6 col-md-3 item-animations-not-inited single-icon post-70999 page type-page status-publish has-post-thumbnail\" style=\"\"> <div class=\"wrap gem-wrapbox-style-default\"> <div class=\"overlay-wrap\"> <div class=\"image-wrap \"> <picture> <source srcset=\"https:\/\/fundacionmeri.cl\/wp-content\/uploads\/2021\/04\/hito13-thegem-portfolio-metro.jpg 1x\" sizes=\"100vw\"> <img src=\"https:\/\/fundacionmeri.cl\/wp-content\/uploads\/2021\/04\/hito13-thegem-portfolio-metro.jpg\" width=\"750\" height=\"500\" class=\"attachment-thegem-portfolio-metro\" alt=\"hito13\" \/> <\/picture> <\/div> <div class=\"overlay \"> <div class=\"overlay-circle\"><\/div> <a href=\"https:\/\/fundacionmeri.cl\/wp-content\/uploads\/2021\/04\/hito13.jpg\" class=\"gallery-item-link fancy-gallery\" data-fancybox=\"gallery-69e5f067077e9\" aria-label=\"Fullsize Image: hito13\"> <span class=\"slide-info\"> <\/span> <\/a> <div class=\"overlay-content\"> <div class=\"overlay-content-center\"> <div class=\"overlay-content-inner\"> <a href=\"https:\/\/fundacionmeri.cl\/wp-content\/uploads\/2021\/04\/hito13.jpg\" class=\"icon photo \" aria-label=\"Fullsize Image: hito13\"> <\/a> <div class=\"overlay-line\"><\/div> <\/div> <\/div> <\/div> <\/div> <\/div> <\/div> <\/li> <li class=\"gallery-item gallery-0 col-xs-12 col-sm-6 col-md-3 item-animations-not-inited single-icon post-70999 page type-page status-publish has-post-thumbnail\" style=\"\"> <div class=\"wrap gem-wrapbox-style-default\"> <div class=\"overlay-wrap\"> <div class=\"image-wrap \"> <picture> <source srcset=\"https:\/\/fundacionmeri.cl\/wp-content\/uploads\/2021\/04\/hito14-thegem-portfolio-metro.jpg 1x\" sizes=\"100vw\"> <img src=\"https:\/\/fundacionmeri.cl\/wp-content\/uploads\/2021\/04\/hito14-thegem-portfolio-metro.jpg\" width=\"750\" height=\"500\" class=\"attachment-thegem-portfolio-metro\" alt=\"hito14\" \/> <\/picture> <\/div> <div class=\"overlay \"> <div class=\"overlay-circle\"><\/div> <a href=\"https:\/\/fundacionmeri.cl\/wp-content\/uploads\/2021\/04\/hito14.jpg\" class=\"gallery-item-link fancy-gallery\" data-fancybox=\"gallery-69e5f067077e9\" aria-label=\"Fullsize Image: hito14\"> <span class=\"slide-info\"> <\/span> <\/a> <div class=\"overlay-content\"> <div class=\"overlay-content-center\"> <div class=\"overlay-content-inner\"> <a href=\"https:\/\/fundacionmeri.cl\/wp-content\/uploads\/2021\/04\/hito14.jpg\" class=\"icon photo \" aria-label=\"Fullsize Image: hito14\"> <\/a> <div class=\"overlay-line\"><\/div> <\/div> <\/div> <\/div> <\/div> <\/div> <\/div> <\/li> <li class=\"gallery-item gallery-0 col-xs-12 col-sm-6 col-md-3 item-animations-not-inited single-icon post-70999 page type-page status-publish has-post-thumbnail\" style=\"\"> <div class=\"wrap gem-wrapbox-style-default\"> <div class=\"overlay-wrap\"> <div class=\"image-wrap \"> <picture> <source srcset=\"https:\/\/fundacionmeri.cl\/wp-content\/uploads\/2021\/04\/hito15-thegem-portfolio-metro.jpg 1x\" sizes=\"100vw\"> <img src=\"https:\/\/fundacionmeri.cl\/wp-content\/uploads\/2021\/04\/hito15-thegem-portfolio-metro.jpg\" width=\"750\" height=\"500\" class=\"attachment-thegem-portfolio-metro\" alt=\"hito15\" \/> <\/picture> <\/div> <div class=\"overlay \"> <div class=\"overlay-circle\"><\/div> <a href=\"https:\/\/fundacionmeri.cl\/wp-content\/uploads\/2021\/04\/hito15.jpg\" class=\"gallery-item-link fancy-gallery\" data-fancybox=\"gallery-69e5f067077e9\" aria-label=\"Fullsize Image: hito15\"> <span class=\"slide-info\"> <\/span> <\/a> <div class=\"overlay-content\"> <div class=\"overlay-content-center\"> <div class=\"overlay-content-inner\"> <a href=\"https:\/\/fundacionmeri.cl\/wp-content\/uploads\/2021\/04\/hito15.jpg\" class=\"icon photo \" aria-label=\"Fullsize Image: hito15\"> <\/a> <div class=\"overlay-line\"><\/div> <\/div> <\/div> <\/div> <\/div> <\/div> <\/div> <\/li> <li class=\"gallery-item gallery-0 col-xs-12 col-sm-6 col-md-3 item-animations-not-inited single-icon post-70999 page type-page status-publish has-post-thumbnail\" style=\"\"> <div class=\"wrap gem-wrapbox-style-default\"> <div class=\"overlay-wrap\"> <div class=\"image-wrap \"> <picture> <source srcset=\"https:\/\/fundacionmeri.cl\/wp-content\/uploads\/2021\/04\/hito16-thegem-portfolio-metro.jpg 1x\" sizes=\"100vw\"> <img src=\"https:\/\/fundacionmeri.cl\/wp-content\/uploads\/2021\/04\/hito16-thegem-portfolio-metro.jpg\" width=\"750\" height=\"500\" class=\"attachment-thegem-portfolio-metro\" alt=\"hito16\" \/> <\/picture> <\/div> <div class=\"overlay \"> <div class=\"overlay-circle\"><\/div> <a href=\"https:\/\/fundacionmeri.cl\/wp-content\/uploads\/2021\/04\/hito16.jpg\" class=\"gallery-item-link fancy-gallery\" data-fancybox=\"gallery-69e5f067077e9\" aria-label=\"Fullsize Image: hito16\"> <span class=\"slide-info\"> <\/span> <\/a> <div class=\"overlay-content\"> <div class=\"overlay-content-center\"> <div class=\"overlay-content-inner\"> <a href=\"https:\/\/fundacionmeri.cl\/wp-content\/uploads\/2021\/04\/hito16.jpg\" class=\"icon photo \" aria-label=\"Fullsize Image: hito16\"> <\/a> <div class=\"overlay-line\"><\/div> <\/div> <\/div> <\/div> <\/div> <\/div> <\/div> <\/li> <li class=\"gallery-item gallery-0 col-xs-12 col-sm-6 col-md-3 item-animations-not-inited single-icon post-70999 page type-page status-publish has-post-thumbnail\" style=\"\"> <div class=\"wrap gem-wrapbox-style-default\"> <div class=\"overlay-wrap\"> <div class=\"image-wrap \"> <picture> <source srcset=\"https:\/\/fundacionmeri.cl\/wp-content\/uploads\/2021\/04\/hito17-thegem-portfolio-metro.jpg 1x\" sizes=\"100vw\"> <img src=\"https:\/\/fundacionmeri.cl\/wp-content\/uploads\/2021\/04\/hito17-thegem-portfolio-metro.jpg\" width=\"750\" height=\"500\" class=\"attachment-thegem-portfolio-metro\" alt=\"hito17\" \/> <\/picture> <\/div> <div class=\"overlay \"> <div class=\"overlay-circle\"><\/div> <a href=\"https:\/\/fundacionmeri.cl\/wp-content\/uploads\/2021\/04\/hito17.jpg\" class=\"gallery-item-link fancy-gallery\" data-fancybox=\"gallery-69e5f067077e9\" aria-label=\"Fullsize Image: hito17\"> <span class=\"slide-info\"> <\/span> <\/a> <div class=\"overlay-content\"> <div class=\"overlay-content-center\"> <div class=\"overlay-content-inner\"> <a href=\"https:\/\/fundacionmeri.cl\/wp-content\/uploads\/2021\/04\/hito17.jpg\" class=\"icon photo \" aria-label=\"Fullsize Image: hito17\"> <\/a> <div class=\"overlay-line\"><\/div> <\/div> <\/div> <\/div> <\/div> <\/div> <\/div> <\/li> <li class=\"gallery-item gallery-0 col-xs-12 col-sm-6 col-md-3 item-animations-not-inited single-icon post-70999 page type-page status-publish has-post-thumbnail\" style=\"\"> <div class=\"wrap gem-wrapbox-style-default\"> <div class=\"overlay-wrap\"> <div class=\"image-wrap \"> <picture> <source srcset=\"https:\/\/fundacionmeri.cl\/wp-content\/uploads\/2021\/04\/hito18-thegem-portfolio-metro.jpg 1x\" sizes=\"100vw\"> <img src=\"https:\/\/fundacionmeri.cl\/wp-content\/uploads\/2021\/04\/hito18-thegem-portfolio-metro.jpg\" width=\"750\" height=\"500\" class=\"attachment-thegem-portfolio-metro\" alt=\"hito18\" \/> <\/picture> <\/div> <div class=\"overlay \"> <div class=\"overlay-circle\"><\/div> <a href=\"https:\/\/fundacionmeri.cl\/wp-content\/uploads\/2021\/04\/hito18.jpg\" class=\"gallery-item-link fancy-gallery\" data-fancybox=\"gallery-69e5f067077e9\" aria-label=\"Fullsize Image: hito18\"> <span class=\"slide-info\"> <\/span> <\/a> <div class=\"overlay-content\"> <div class=\"overlay-content-center\"> <div class=\"overlay-content-inner\"> <a href=\"https:\/\/fundacionmeri.cl\/wp-content\/uploads\/2021\/04\/hito18.jpg\" class=\"icon photo \" aria-label=\"Fullsize Image: hito18\"> <\/a> <div class=\"overlay-line\"><\/div> <\/div> <\/div> <\/div> <\/div> <\/div> <\/div> <\/li> <li class=\"gallery-item gallery-0 col-xs-12 col-sm-6 col-md-3 item-animations-not-inited single-icon post-70999 page type-page status-publish has-post-thumbnail\" style=\"\"> <div class=\"wrap gem-wrapbox-style-default\"> <div class=\"overlay-wrap\"> <div class=\"image-wrap \"> <picture> <source srcset=\"https:\/\/fundacionmeri.cl\/wp-content\/uploads\/2021\/04\/hito19-thegem-portfolio-metro.jpg 1x\" sizes=\"100vw\"> <img src=\"https:\/\/fundacionmeri.cl\/wp-content\/uploads\/2021\/04\/hito19-thegem-portfolio-metro.jpg\" width=\"750\" height=\"500\" class=\"attachment-thegem-portfolio-metro\" alt=\"hito19\" \/> <\/picture> <\/div> <div class=\"overlay \"> <div class=\"overlay-circle\"><\/div> <a href=\"https:\/\/fundacionmeri.cl\/wp-content\/uploads\/2021\/04\/hito19.jpg\" class=\"gallery-item-link fancy-gallery\" data-fancybox=\"gallery-69e5f067077e9\" aria-label=\"Fullsize Image: hito19\"> <span class=\"slide-info\"> <\/span> <\/a> <div class=\"overlay-content\"> <div class=\"overlay-content-center\"> <div class=\"overlay-content-inner\"> <a href=\"https:\/\/fundacionmeri.cl\/wp-content\/uploads\/2021\/04\/hito19.jpg\" class=\"icon photo \" aria-label=\"Fullsize Image: hito19\"> <\/a> <div class=\"overlay-line\"><\/div> <\/div> <\/div> <\/div> <\/div> <\/div> <\/div> <\/li> <li class=\"gallery-item gallery-0 col-xs-12 col-sm-6 col-md-3 item-animations-not-inited single-icon post-70999 page type-page status-publish has-post-thumbnail\" style=\"\"> <div class=\"wrap gem-wrapbox-style-default\"> <div class=\"overlay-wrap\"> <div class=\"image-wrap \"> <picture> <source srcset=\"https:\/\/fundacionmeri.cl\/wp-content\/uploads\/2021\/04\/hito110-thegem-portfolio-metro.jpg 1x\" sizes=\"100vw\"> <img src=\"https:\/\/fundacionmeri.cl\/wp-content\/uploads\/2021\/04\/hito110-thegem-portfolio-metro.jpg\" width=\"750\" height=\"500\" class=\"attachment-thegem-portfolio-metro\" alt=\"hito110\" \/> <\/picture> <\/div> <div class=\"overlay \"> <div class=\"overlay-circle\"><\/div> <a href=\"https:\/\/fundacionmeri.cl\/wp-content\/uploads\/2021\/04\/hito110.jpg\" class=\"gallery-item-link fancy-gallery\" data-fancybox=\"gallery-69e5f067077e9\" aria-label=\"Fullsize Image: hito110\"> <span class=\"slide-info\"> <\/span> <\/a> <div class=\"overlay-content\"> <div class=\"overlay-content-center\"> <div class=\"overlay-content-inner\"> <a href=\"https:\/\/fundacionmeri.cl\/wp-content\/uploads\/2021\/04\/hito110.jpg\" class=\"icon photo \" aria-label=\"Fullsize Image: hito110\"> <\/a> <div class=\"overlay-line\"><\/div> <\/div> <\/div> <\/div> <\/div> <\/div> <\/div> <\/li> <li class=\"gallery-item gallery-0 col-xs-12 col-sm-6 col-md-3 item-animations-not-inited single-icon post-70999 page type-page status-publish has-post-thumbnail\" style=\"\"> <div class=\"wrap gem-wrapbox-style-default\"> <div class=\"overlay-wrap\"> <div class=\"image-wrap \"> <picture> <source srcset=\"https:\/\/fundacionmeri.cl\/wp-content\/uploads\/2021\/04\/hito111-thegem-portfolio-metro.jpg 1x\" sizes=\"100vw\"> <img src=\"https:\/\/fundacionmeri.cl\/wp-content\/uploads\/2021\/04\/hito111-thegem-portfolio-metro.jpg\" width=\"750\" height=\"500\" class=\"attachment-thegem-portfolio-metro\" alt=\"hito111\" \/> <\/picture> <\/div> <div class=\"overlay \"> <div class=\"overlay-circle\"><\/div> <a href=\"https:\/\/fundacionmeri.cl\/wp-content\/uploads\/2021\/04\/hito111.jpg\" class=\"gallery-item-link fancy-gallery\" data-fancybox=\"gallery-69e5f067077e9\" aria-label=\"Fullsize Image: hito111\"> <span class=\"slide-info\"> <\/span> <\/a> <div class=\"overlay-content\"> <div class=\"overlay-content-center\"> <div class=\"overlay-content-inner\"> <a href=\"https:\/\/fundacionmeri.cl\/wp-content\/uploads\/2021\/04\/hito111.jpg\" class=\"icon photo \" aria-label=\"Fullsize Image: hito111\"> <\/a> <div class=\"overlay-line\"><\/div> <\/div> <\/div> <\/div> <\/div> <\/div> <\/div> <\/li> <li class=\"gallery-item gallery-0 col-xs-12 col-sm-6 col-md-3 item-animations-not-inited single-icon post-70999 page type-page status-publish has-post-thumbnail\" style=\"\"> <div class=\"wrap gem-wrapbox-style-default\"> <div class=\"overlay-wrap\"> <div class=\"image-wrap \"> <picture> <source srcset=\"https:\/\/fundacionmeri.cl\/wp-content\/uploads\/2021\/04\/hito112-thegem-portfolio-metro.jpg 1x\" sizes=\"100vw\"> <img src=\"https:\/\/fundacionmeri.cl\/wp-content\/uploads\/2021\/04\/hito112-thegem-portfolio-metro.jpg\" width=\"750\" height=\"500\" class=\"attachment-thegem-portfolio-metro\" alt=\"hito112\" \/> <\/picture> <\/div> <div class=\"overlay \"> <div class=\"overlay-circle\"><\/div> <a href=\"https:\/\/fundacionmeri.cl\/wp-content\/uploads\/2021\/04\/hito112.jpg\" class=\"gallery-item-link fancy-gallery\" data-fancybox=\"gallery-69e5f067077e9\" aria-label=\"Fullsize Image: hito112\"> <span class=\"slide-info\"> <\/span> <\/a> <div class=\"overlay-content\"> <div class=\"overlay-content-center\"> <div class=\"overlay-content-inner\"> <a href=\"https:\/\/fundacionmeri.cl\/wp-content\/uploads\/2021\/04\/hito112.jpg\" class=\"icon photo \" aria-label=\"Fullsize Image: hito112\"> <\/a> <div class=\"overlay-line\"><\/div> <\/div> <\/div> <\/div> <\/div> <\/div> <\/div> <\/li> <li class=\"gallery-item gallery-0 col-xs-12 col-sm-6 col-md-3 item-animations-not-inited single-icon post-70999 page type-page status-publish has-post-thumbnail\" style=\"\"> <div class=\"wrap gem-wrapbox-style-default\"> <div class=\"overlay-wrap\"> <div class=\"image-wrap \"> <picture> <source srcset=\"https:\/\/fundacionmeri.cl\/wp-content\/uploads\/2021\/04\/hito113-thegem-portfolio-metro.jpg 1x\" sizes=\"100vw\"> <img src=\"https:\/\/fundacionmeri.cl\/wp-content\/uploads\/2021\/04\/hito113-thegem-portfolio-metro.jpg\" width=\"750\" height=\"500\" class=\"attachment-thegem-portfolio-metro\" alt=\"hito113\" \/> <\/picture> <\/div> <div class=\"overlay \"> <div class=\"overlay-circle\"><\/div> <a href=\"https:\/\/fundacionmeri.cl\/wp-content\/uploads\/2021\/04\/hito113.jpg\" class=\"gallery-item-link fancy-gallery\" data-fancybox=\"gallery-69e5f067077e9\" aria-label=\"Fullsize Image: hito113\"> <span class=\"slide-info\"> <\/span> <\/a> <div class=\"overlay-content\"> <div class=\"overlay-content-center\"> <div class=\"overlay-content-inner\"> <a href=\"https:\/\/fundacionmeri.cl\/wp-content\/uploads\/2021\/04\/hito113.jpg\" class=\"icon photo \" aria-label=\"Fullsize Image: hito113\"> <\/a> <div class=\"overlay-line\"><\/div> <\/div> <\/div> <\/div> <\/div> <\/div> <\/div> <\/li> <li class=\"gallery-item gallery-0 col-xs-12 col-sm-6 col-md-3 item-animations-not-inited single-icon post-70999 page type-page status-publish has-post-thumbnail\" style=\"\"> <div class=\"wrap gem-wrapbox-style-default\"> <div class=\"overlay-wrap\"> <div class=\"image-wrap \"> <picture> <source srcset=\"https:\/\/fundacionmeri.cl\/wp-content\/uploads\/2021\/04\/hito114-thegem-portfolio-metro.jpg 1x\" sizes=\"100vw\"> <img src=\"https:\/\/fundacionmeri.cl\/wp-content\/uploads\/2021\/04\/hito114-thegem-portfolio-metro.jpg\" width=\"750\" height=\"500\" class=\"attachment-thegem-portfolio-metro\" alt=\"hito114\" \/> <\/picture> <\/div> <div class=\"overlay \"> <div class=\"overlay-circle\"><\/div> <a href=\"https:\/\/fundacionmeri.cl\/wp-content\/uploads\/2021\/04\/hito114.jpg\" class=\"gallery-item-link fancy-gallery\" data-fancybox=\"gallery-69e5f067077e9\" aria-label=\"Fullsize Image: hito114\"> <span class=\"slide-info\"> <\/span> <\/a> <div class=\"overlay-content\"> <div class=\"overlay-content-center\"> <div class=\"overlay-content-inner\"> <a href=\"https:\/\/fundacionmeri.cl\/wp-content\/uploads\/2021\/04\/hito114.jpg\" class=\"icon photo \" aria-label=\"Fullsize Image: hito114\"> <\/a> <div class=\"overlay-line\"><\/div> <\/div> <\/div> <\/div> <\/div> <\/div> <\/div> <\/li> <li class=\"gallery-item gallery-0 col-xs-12 col-sm-6 col-md-3 item-animations-not-inited single-icon post-70999 page type-page status-publish has-post-thumbnail\" style=\"\"> <div class=\"wrap gem-wrapbox-style-default\"> <div class=\"overlay-wrap\"> <div class=\"image-wrap \"> <picture> <source srcset=\"https:\/\/fundacionmeri.cl\/wp-content\/uploads\/2021\/04\/hito115-thegem-portfolio-metro.jpg 1x\" sizes=\"100vw\"> <img src=\"https:\/\/fundacionmeri.cl\/wp-content\/uploads\/2021\/04\/hito115-thegem-portfolio-metro.jpg\" width=\"750\" height=\"500\" class=\"attachment-thegem-portfolio-metro\" alt=\"hito115\" \/> <\/picture> <\/div> <div class=\"overlay \"> <div class=\"overlay-circle\"><\/div> <a href=\"https:\/\/fundacionmeri.cl\/wp-content\/uploads\/2021\/04\/hito115.jpg\" class=\"gallery-item-link fancy-gallery\" data-fancybox=\"gallery-69e5f067077e9\" aria-label=\"Fullsize Image: hito115\"> <span class=\"slide-info\"> <\/span> <\/a> <div class=\"overlay-content\"> <div class=\"overlay-content-center\"> <div class=\"overlay-content-inner\"> <a href=\"https:\/\/fundacionmeri.cl\/wp-content\/uploads\/2021\/04\/hito115.jpg\" class=\"icon photo \" aria-label=\"Fullsize Image: hito115\"> <\/a> <div class=\"overlay-line\"><\/div> <\/div> <\/div> <\/div> <\/div> <\/div> <\/div> <\/li> <\/ul> <div class=\"portfolio-item-size-container\"> <li class=\"gallery-item size-item col-xs-12 col-sm-6 col-md-3 post-70999 page type-page status-publish has-post-thumbnail\" style=\"\"> <\/li> <\/div> <\/div> <\/div> <\/div> <\/div>[\/vc_column][\/vc_row]<\/p>\n<\/div>","protected":false},"excerpt":{"rendered":"<p>[vc_row full_width=&#8221;stretch_row&#8221; parallax=&#8221;content-moving&#8221; parallax_image=&#8221;71086&#8243; parallax_speed_bg=&#8221;1.2&#8243; css=&#8221;.vc_custom_1684250613599{margin-bottom: 0px !important;padding-top: 200px !important;padding-bottom: 200px !important;}&#8221;][vc_column width=&#8221;1\/6&#8243;][\/vc_column][vc_column width=&#8221;2\/3&#8243;][\/vc_column][vc_column width=&#8221;1\/6&#8243;][\/vc_column][\/vc_row][vc_row full_width=&#8221;stretch_row&#8221; css=&#8221;.vc_custom_1684167737184{margin-top: 0px !important;margin-bottom: 0px&#8230;<\/p>\n","protected":false},"author":1,"featured_media":70595,"parent":0,"menu_order":0,"comment_status":"closed","ping_status":"closed","template":"","meta":{"footnotes":""},"class_list":["post-70999","page","type-page","status-publish","has-post-thumbnail"],"translation":{"provider":"WPGlobus","version":"3.0.2","language":"en","enabled_languages":["es","en"],"languages":{"es":{"title":true,"content":true,"excerpt":false},"en":{"title":false,"content":false,"excerpt":false}}},"_links":{"self":[{"href":"https:\/\/fundacionmeri.cl\/en\/wp-json\/wp\/v2\/pages\/70999","targetHints":{"allow":["GET"]}}],"collection":[{"href":"https:\/\/fundacionmeri.cl\/en\/wp-json\/wp\/v2\/pages"}],"about":[{"href":"https:\/\/fundacionmeri.cl\/en\/wp-json\/wp\/v2\/types\/page"}],"author":[{"embeddable":true,"href":"https:\/\/fundacionmeri.cl\/en\/wp-json\/wp\/v2\/users\/1"}],"replies":[{"embeddable":true,"href":"https:\/\/fundacionmeri.cl\/en\/wp-json\/wp\/v2\/comments?post=70999"}],"version-history":[{"count":0,"href":"https:\/\/fundacionmeri.cl\/en\/wp-json\/wp\/v2\/pages\/70999\/revisions"}],"wp:featuredmedia":[{"embeddable":true,"href":"https:\/\/fundacionmeri.cl\/en\/wp-json\/wp\/v2\/media\/70595"}],"wp:attachment":[{"href":"https:\/\/fundacionmeri.cl\/en\/wp-json\/wp\/v2\/media?parent=70999"}],"curies":[{"name":"wp","href":"https:\/\/api.w.org\/{rel}","templated":true}]}}