{"id":70833,"date":"2023-01-27T16:15:11","date_gmt":"2023-01-27T19:15:11","guid":{"rendered":"https:\/\/fundacionmeri.cl\/?page_id=70833"},"modified":"2023-01-31T10:26:20","modified_gmt":"2023-01-31T13:26:20","slug":"panel-porvenir-turquesa-congreso-futuro","status":"publish","type":"page","link":"https:\/\/fundacionmeri.cl\/en\/panel-porvenir-turquesa-congreso-futuro\/","title":{"rendered":"Panel Porvenir Turquesa &#8211; Congreso Futuro"},"content":{"rendered":"<div class=\"wpb-content-wrapper\"><p>[vc_row full_width=&#8221;stretch_row&#8221; parallax=&#8221;content-moving&#8221; parallax_image=&#8221;70834&#8243; css=&#8221;.vc_custom_1674847457698{padding-top: 100px !important;padding-bottom: 100px !important;}&#8221;][vc_column width=&#8221;1\/6&#8243;][\/vc_column][vc_column width=&#8221;2\/3&#8243;][vc_column_text]<img class=\"aligncenter size-full wp-image-70838\" src=\"https:\/\/fundacionmeri.cl\/wp-content\/uploads\/2023\/01\/sinlimite.jpeg\" alt=\"\" width=\"1000\" height=\"563\" srcset=\"https:\/\/fundacionmeri.cl\/wp-content\/uploads\/2023\/01\/sinlimite.jpeg 1000w, https:\/\/fundacionmeri.cl\/wp-content\/uploads\/2023\/01\/sinlimite-300x169.jpeg 300w, https:\/\/fundacionmeri.cl\/wp-content\/uploads\/2023\/01\/sinlimite-768x432.jpeg 768w\" sizes=\"(max-width: 1000px) 100vw, 1000px\" \/>[\/vc_column_text][\/vc_column][vc_column width=&#8221;1\/6&#8243;][\/vc_column][\/vc_row][vc_row css=&#8221;.vc_custom_1597680653099{margin-top: 50px !important;}&#8221;][vc_column width=&#8221;1\/6&#8243;][\/vc_column][vc_column width=&#8221;2\/3&#8243;][vc_column_text]<img class=\"aligncenter size-full wp-image-70835\" src=\"https:\/\/fundacionmeri.cl\/wp-content\/uploads\/2023\/01\/Logos.png\" alt=\"\" width=\"529\" height=\"121\" srcset=\"https:\/\/fundacionmeri.cl\/wp-content\/uploads\/2023\/01\/Logos.png 529w, https:\/\/fundacionmeri.cl\/wp-content\/uploads\/2023\/01\/Logos-300x69.png 300w\" sizes=\"(max-width: 529px) 100vw, 529px\" \/>[\/vc_column_text][\/vc_column][vc_column width=&#8221;1\/6&#8243;][\/vc_column][\/vc_row][vc_row][vc_column width=&#8221;1\/6&#8243;][\/vc_column][vc_column width=&#8221;2\/3&#8243;][vc_column_text]<\/p>\n<h2 style=\"text-align: center;\">\u00bfQu\u00e9 es Congreso Futuro?<\/h2>\n<p>Congreso Futuro es uno de los eventos cient\u00edficos, tecnol\u00f3gicos y culturales m\u00e1s importantes en Am\u00e9rica Latina, que re\u00fane a cientos de cient\u00edficos de nivel mundial para exponer sobre tem\u00e1ticas relevantes.<\/p>\n<p>En 2023 por primera vez en su historia incluy\u00f3 un panel de conversaci\u00f3n denominado \u201cPorvenir Turquesa\u201d, en donde se abord\u00f3 el futuro de los oc\u00e9anos mediante la Cultura Oc\u00e9anica y la Educaci\u00f3n Ambiental y, tambi\u00e9n, se relevaron los desaf\u00edos y oportunidades que enfrentamos en materia de conservaci\u00f3n de los oc\u00e9anos para el desarrollo sostenible y la mitigaci\u00f3n del Cambio Clim\u00e1tico.[\/vc_column_text][\/vc_column][vc_column width=&#8221;1\/6&#8243;][\/vc_column][\/vc_row][vc_row][vc_column width=&#8221;1\/6&#8243;][\/vc_column][vc_column width=&#8221;2\/3&#8243;][vc_column_text]<iframe title=\"YouTube video player\" src=\"https:\/\/www.youtube.com\/embed\/dP4Di98KqNU\" width=\"100%\" height=\"415\" frameborder=\"0\" allowfullscreen=\"allowfullscreen\"><\/iframe>[\/vc_column_text][\/vc_column][vc_column width=&#8221;1\/6&#8243;][\/vc_column][\/vc_row][vc_row][vc_column width=&#8221;1\/6&#8243;][\/vc_column][vc_column width=&#8221;2\/3&#8243;][vc_column_text]El Panel Porvenir Turquesa cont\u00f3 con la participaci\u00f3n de la Directora Ejecutiva de <a href=\"https:\/\/fundacionmeri.cl\/\">Fundaci\u00f3n MER<\/a>I y Directora de <a href=\"https:\/\/theblueboatinitiative.org\/\" target=\"_blank\" rel=\"noopener\">The Blue BOAT Initiative<\/a>, <a href=\"\/sonia-espanol-jimenez\/\">Sonia Espa\u00f1ol-Jim\u00e9nez<\/a>, quien expuso sobre la importancia de la ac\u00fastica marina para ver, entender y gestionar el oc\u00e9ano y las \u00c1reas Marinas Protegidas y de c\u00f3mo el proyecto <a href=\"https:\/\/theblueboatinitiative.org\/\" target=\"_blank\" rel=\"noopener\">The Blue BOAT Initiative<\/a>, est\u00e1 cambiando la forma en c\u00f3mo protegemos a los ecosistemas marinos.[\/vc_column_text][\/vc_column][vc_column width=&#8221;1\/6&#8243;][\/vc_column][\/vc_row][vc_row][vc_column width=&#8221;1\/6&#8243;][\/vc_column][vc_column width=&#8221;2\/3&#8243;][vc_column_text]<iframe title=\"YouTube video player\" src=\"https:\/\/www.youtube.com\/embed\/5iApyMq3PZA\" width=\"100%\" height=\"415\" frameborder=\"0\" allowfullscreen=\"allowfullscreen\"><\/iframe>[\/vc_column_text][\/vc_column][vc_column width=&#8221;1\/6&#8243;][\/vc_column][\/vc_row]<\/p>\n<\/div>","protected":false},"excerpt":{"rendered":"<p>[vc_row full_width=&#8221;stretch_row&#8221; parallax=&#8221;content-moving&#8221; parallax_image=&#8221;70834&#8243; css=&#8221;.vc_custom_1674847457698{padding-top: 100px !important;padding-bottom: 100px !important;}&#8221;][vc_column width=&#8221;1\/6&#8243;][\/vc_column][vc_column width=&#8221;2\/3&#8243;][vc_column_text][\/vc_column_text][\/vc_column][vc_column width=&#8221;1\/6&#8243;][\/vc_column][\/vc_row][vc_row css=&#8221;.vc_custom_1597680653099{margin-top: 50px !important;}&#8221;][vc_column width=&#8221;1\/6&#8243;][\/vc_column][vc_column width=&#8221;2\/3&#8243;][vc_column_text][\/vc_column_text][\/vc_column][vc_column width=&#8221;1\/6&#8243;][\/vc_column][\/vc_row][vc_row][vc_column width=&#8221;1\/6&#8243;][\/vc_column][vc_column width=&#8221;2\/3&#8243;][vc_column_text]&#8230;<\/p>\n","protected":false},"author":1,"featured_media":70595,"parent":0,"menu_order":0,"comment_status":"closed","ping_status":"closed","template":"","meta":{"footnotes":""},"class_list":["post-70833","page","type-page","status-publish","has-post-thumbnail"],"translation":{"provider":"WPGlobus","version":"3.0.2","language":"en","enabled_languages":["es","en"],"languages":{"es":{"title":true,"content":true,"excerpt":false},"en":{"title":false,"content":false,"excerpt":false}}},"_links":{"self":[{"href":"https:\/\/fundacionmeri.cl\/en\/wp-json\/wp\/v2\/pages\/70833","targetHints":{"allow":["GET"]}}],"collection":[{"href":"https:\/\/fundacionmeri.cl\/en\/wp-json\/wp\/v2\/pages"}],"about":[{"href":"https:\/\/fundacionmeri.cl\/en\/wp-json\/wp\/v2\/types\/page"}],"author":[{"embeddable":true,"href":"https:\/\/fundacionmeri.cl\/en\/wp-json\/wp\/v2\/users\/1"}],"replies":[{"embeddable":true,"href":"https:\/\/fundacionmeri.cl\/en\/wp-json\/wp\/v2\/comments?post=70833"}],"version-history":[{"count":0,"href":"https:\/\/fundacionmeri.cl\/en\/wp-json\/wp\/v2\/pages\/70833\/revisions"}],"wp:featuredmedia":[{"embeddable":true,"href":"https:\/\/fundacionmeri.cl\/en\/wp-json\/wp\/v2\/media\/70595"}],"wp:attachment":[{"href":"https:\/\/fundacionmeri.cl\/en\/wp-json\/wp\/v2\/media?parent=70833"}],"curies":[{"name":"wp","href":"https:\/\/api.w.org\/{rel}","templated":true}]}}