{"id":70155,"date":"2022-09-15T11:40:18","date_gmt":"2022-09-15T14:40:18","guid":{"rendered":"https:\/\/fundacionmeri.cl\/?page_id=70155"},"modified":"2022-11-10T12:29:50","modified_gmt":"2022-11-10T15:29:50","slug":"empoderamiento-en-accion-climatica-para-jovenes","status":"publish","type":"page","link":"https:\/\/fundacionmeri.cl\/en\/empoderamiento-en-accion-climatica-para-jovenes\/","title":{"rendered":"Empoderamiento en Acci\u00f3n Clim\u00e1tica para J\u00f3venes"},"content":{"rendered":"<div class=\"wpb-content-wrapper\"><p>[vc_row][vc_column]\n\t\t\t<!-- START concurso unicef REVOLUTION SLIDER 6.7.40 --><p class=\"rs-p-wp-fix\"><\/p>\n\t\t\t<rs-module-wrap id=\"rev_slider_21_1_wrapper\" data-source=\"gallery\" style=\"visibility:hidden;background:transparent;padding:0;margin:0px auto;margin-top:0;margin-bottom:0;\">\n\t\t\t\t<rs-module id=\"rev_slider_21_1\" style=\"\" data-version=\"6.7.40\">\n\t\t\t\t\t<rs-slides style=\"overflow: hidden; position: absolute;\">\n\t\t\t\t\t\t<rs-slide style=\"position: absolute;\" data-key=\"rs-129\" data-title=\"Slide\" data-anim=\"adpr:false;\" data-in=\"o:0;\" data-out=\"a:false;\">\n\t\t\t\t\t\t\t<img src=\"\/\/fundacionmeri.cl\/wp-content\/plugins\/revslider\/sr6\/assets\/assets\/dummy.png\" alt=\"\" title=\"meri\" width=\"2000\" height=\"690\" class=\"rev-slidebg tp-rs-img rs-lazyload\" data-lazyload=\"\/\/fundacionmeri.cl\/wp-content\/uploads\/2021\/04\/meri-1.jpg\" data-no-retina>\n<!--\n\t\t\t\t\t\t\t--><rs-layer\n\t\t\t\t\t\t\t\tid=\"slider-21-slide-129-layer-0\" \n\t\t\t\t\t\t\t\tdata-type=\"text\"\n\t\t\t\t\t\t\t\tdata-color=\"#000000\"\n\t\t\t\t\t\t\t\tdata-rsp_ch=\"on\"\n\t\t\t\t\t\t\t\tdata-xy=\"x:c;xo:-16px,0,0,-4px;y:m;yo:-133px,-146px,-133px,-91px;\"\n\t\t\t\t\t\t\t\tdata-text=\"w:normal;s:38,34,29,26;l:41,37,32,27;fw:700;a:center;\"\n\t\t\t\t\t\t\t\tdata-dim=\"w:532px,465px,406px,391px;h:91px,82px,72px,64px;\"\n\t\t\t\t\t\t\t\tdata-border=\"bos:solid;boc:#000000;bow:3px,3px,3px,3px;\"\n\t\t\t\t\t\t\t\tdata-frame_0=\"x:100%;\"\n\t\t\t\t\t\t\t\tdata-frame_0_mask=\"u:t;\"\n\t\t\t\t\t\t\t\tdata-frame_1=\"st:160;sp:1000;sR:160;\"\n\t\t\t\t\t\t\t\tdata-frame_1_mask=\"u:t;\"\n\t\t\t\t\t\t\t\tdata-frame_999=\"o:0;st:w;sR:7840;\"\n\t\t\t\t\t\t\t\tstyle=\"z-index:5;font-family:'Source Sans Pro';\"\n\t\t\t\t\t\t\t>EMPODERAMIENTO EN ACCI\u00d3N<br \/>\nCLIM\u00c1TICA PARA J\u00d3VENES \n\t\t\t\t\t\t\t<\/rs-layer><!--\n\n\t\t\t\t\t\t\t--><rs-layer\n\t\t\t\t\t\t\t\tid=\"slider-21-slide-129-layer-4\" \n\t\t\t\t\t\t\t\tdata-type=\"image\"\n\t\t\t\t\t\t\t\tdata-rsp_ch=\"on\"\n\t\t\t\t\t\t\t\tdata-xy=\"x:c;xo:0,0,0,-5px;yo:252px,228px,244px,278px;\"\n\t\t\t\t\t\t\t\tdata-text=\"w:normal;\"\n\t\t\t\t\t\t\t\tdata-dim=\"w:467px,474px,436px,362px;h:208px,211px,194px,161px;\"\n\t\t\t\t\t\t\t\tdata-frame_0=\"skX:-85;\"\n\t\t\t\t\t\t\t\tdata-frame_1=\"sp:1000;\"\n\t\t\t\t\t\t\t\tdata-frame_999=\"o:0;st:w;\"\n\t\t\t\t\t\t\t\tstyle=\"z-index:7;\"\n\t\t\t\t\t\t\t><img src=\"\/\/fundacionmeri.cl\/wp-content\/plugins\/revslider\/sr6\/assets\/assets\/dummy.png\" alt=\"\" class=\"tp-rs-img rs-lazyload\" width=\"1094\" height=\"487\" data-lazyload=\"\/\/fundacionmeri.cl\/wp-content\/uploads\/2021\/04\/Personas-02.png\" data-no-retina> \n\t\t\t\t\t\t\t<\/rs-layer><!--\n\n\t\t\t\t\t\t\t--><rs-layer\n\t\t\t\t\t\t\t\tid=\"slider-21-slide-129-layer-5\" \n\t\t\t\t\t\t\t\tdata-type=\"text\"\n\t\t\t\t\t\t\t\tdata-rsp_ch=\"on\"\n\t\t\t\t\t\t\t\tdata-xy=\"x:c;y:m;yo:-217px,-217px,-202px,-155px;\"\n\t\t\t\t\t\t\t\tdata-text=\"w:normal;s:23,23,24,23;l:24,25,26,24;fw:700;a:center;\"\n\t\t\t\t\t\t\t\tdata-dim=\"w:190,198,207,206;h:28,31,30,31;\"\n\t\t\t\t\t\t\t\tdata-border=\"bos:solid;boc:#000000;bow:3px,3px,3px,3px;\"\n\t\t\t\t\t\t\t\tdata-frame_0=\"x:100%;\"\n\t\t\t\t\t\t\t\tdata-frame_0_mask=\"u:t;\"\n\t\t\t\t\t\t\t\tdata-frame_1=\"st:160;sp:1000;sR:160;\"\n\t\t\t\t\t\t\t\tdata-frame_1_mask=\"u:t;\"\n\t\t\t\t\t\t\t\tdata-frame_999=\"o:0;st:w;sR:7840;\"\n\t\t\t\t\t\t\t\tstyle=\"z-index:5;background-color:#000000;font-family:'Source Sans Pro';\"\n\t\t\t\t\t\t\t>CURSO GRATUITO \n\t\t\t\t\t\t\t<\/rs-layer><!--\n-->\t\t\t\t\t<\/rs-slide>\n\t\t\t\t\t<\/rs-slides>\n\t\t\t\t<\/rs-module>\n\t\t\t\t<script>\n\t\t\t\t\tsetREVStartSize({c: 'rev_slider_21_1',rl:[1240,1024,778,480],el:[600,600,600,600],gw:[2000,1024,778,570],gh:[600,600,600,600],type:'standard',justify:'',layout:'fullwidth',mh:\"0\"});if (window.RS_MODULES!==undefined && window.RS_MODULES.modules!==undefined && window.RS_MODULES.modules[\"revslider211\"]!==undefined) {window.RS_MODULES.modules[\"revslider211\"].once = false;window.revapi21 = undefined;if (window.RS_MODULES.checkMinimal!==undefined) window.RS_MODULES.checkMinimal()}\n\t\t\t\t<\/script>\n\t\t\t<\/rs-module-wrap>\n\t\t\t<!-- END REVOLUTION SLIDER -->\n[\/vc_column][\/vc_row][vc_row][vc_column width=&#8221;1\/6&#8243;][\/vc_column][vc_column width=&#8221;2\/3&#8243;][vc_column_text css=&#8221;.vc_custom_1667999977985{margin-top: 30px !important;}&#8221;]<\/p>\n<h2>Bienvenido al curso gratuito de Empoderamiento en Acci\u00f3n Clim\u00e1tica para J\u00f3venes.<\/h2>\n<p>Este curso nace de la conversaci\u00f3n con j\u00f3venes l\u00edderes en acci\u00f3n clim\u00e1tica en Latinoam\u00e9rica donde se visibiliza la necesidad de seguir adquiriendo habilidades y compartir experiencias. A trav\u00e9s de un cuestionario a dichos j\u00f3venes, se pudieron identificar las tem\u00e1ticas m\u00e1s relevantes para su desarrollo, as\u00ed como las iniciativas que podr\u00edan ser un aporte para cada \u00e1rea.<\/p>\n<p>Gracias a la participaci\u00f3n de la Delegaci\u00f3n Joven, Fundaci\u00f3n MERI pudo dise\u00f1ar un curso a medida y espec\u00edfico para j\u00f3venes de Latinoam\u00e9rica y el Caribe interesados en acci\u00f3n clim\u00e1tica, incidencia pol\u00edtica y educaci\u00f3n ambiental.<\/p>\n<p>Este curso contiene 5 talleres online en espa\u00f1ol de aproximadamente 3 horas cada uno, los cuale son:<\/p>\n<p>1) Liderazgo<\/p>\n<p>2) Educaci\u00f3n Ambiental<\/p>\n<p>3) Comunicaciones y Redes Sociales<\/p>\n<p>4) Negociaci\u00f3n en Cambio Clim\u00e1tico<\/p>\n<p>5) Financiamiento en Iniciativas de Acci\u00f3n Clim\u00e1tica<\/p>\n<p>El objetivo principal es acercar, compartir herramientas y estrategias para la incidencia en pol\u00edticas p\u00fablicas, mediante el intercambio de conocimientos, experiencias y estrategias de expertos y expertas de distintas \u00e1reas y edades. El curso integra charlas metodol\u00f3gicas con din\u00e1micas grupales de participaci\u00f3n y pr\u00e1ctica.<\/p>\n<p>La inscripci\u00f3n fue abierta y gratuita para j\u00f3venes entre 16-26 a\u00f1os de Latinoam\u00e9rica.<\/p>\n<p>Las instituciones que colaboran en esta iniciativa son: Ministerio de Relaciones Exteriores de Chile, UNICEF, The Millennials Movement, Uno.Cinco, Global Methane Hub, Fundaci\u00f3n Caserta, Climate Reality Leadership Corps y Hub de Finanzas Sostenibles M\u00e9xico, Grupo GFLAC, Pontificia Universidad Cat\u00f3lica de Valpara\u00edso y Centro de Investigaci\u00f3n Did\u00e1ctica STEAM.[\/vc_column_text][\/vc_column][vc_column width=&#8221;1\/6&#8243;][\/vc_column][\/vc_row][vc_row][vc_column width=&#8221;1\/4&#8243;][\/vc_column][vc_column width=&#8221;1\/2&#8243;][vc_column_text]<\/p>\n<h2 style=\"text-align: center;\">Detalle del curso<\/h2>\n<p>[\/vc_column_text][\/vc_column][vc_column width=&#8221;1\/4&#8243;][\/vc_column][\/vc_row][vc_row][vc_column width=&#8221;1\/6&#8243;][\/vc_column][vc_column width=&#8221;2\/3&#8243;][vc_row_inner][vc_column_inner width=&#8221;1\/2&#8243;]<div class=\"gem-textbox \"  ><div class=\"gem-textbox-inner\" style=\"\"><div class=\"gem-textbox-content\" style=\"color: #000000;background-color: #5fcff6;background-position: center top;\">[vc_column_text]<\/p>\n<div class=\"tituloconcurso\">Taller 1: Liderazgo<\/div>\n<p><strong>Objetivo:<\/strong> acercar estrategias de liderazgo y promover el desarrollo de iniciativas en equipo.<br \/>\n<strong>Fecha:<\/strong> 3 octubre, 10:00 \u2013 13:00 horas (CHILE)<br \/>\n<strong>Realizado por:<\/strong> Carolina Albornoz, Carolina Herrera, Mar\u00eda Jos\u00e9 Tapia de Fundaci\u00f3n Caserta[\/vc_column_text]<style type=\"text\/css\">.thegem-button-6a008a2ef0e618728 .gem-button svg {fill: #ffffff;}.thegem-button-6a008a2ef0e618728 .gem-button:hover svg {fill: #ffffff;}<\/style><div class=\"gem-button-container gem-button-position-inline thegem-button-6a008a2ef0e618728    \"  ><a class=\"gem-button gem-button-size-small gem-button-style-flat gem-button-text-weight-normal gem-button-no-uppercase\" data-ll-effect=\"drop-right-without-wrap\" style=\"border-radius: 20px;background-color: #00bcd4;color: #ffffff;\" onmouseleave=\"this.style.backgroundColor='#00bcd4';this.style.color='#ffffff';\" onmouseenter=\"this.style.backgroundColor='#00bcd4';this.style.color='#ffffff';\" href=\"https:\/\/youtu.be\/9RDeTE-W5io\" target=\"_blank\">Video del taller completo<\/a><\/div> <\/div><\/div><\/div><div class=\"gem-textbox \"  ><div class=\"gem-textbox-inner\" style=\"\"><div class=\"gem-textbox-content\" style=\"color: #000000;background-color: #5fcff6;background-position: center top;\">[vc_column_text]<\/p>\n<div class=\"tituloconcurso\">Taller 3: Comunicaciones y redes sociales<\/div>\n<p><strong>Objetivo:<\/strong> Acercar estrategias para la comunicaci\u00f3n de la ciencia, buscando un lenguaje no s\u00f3lo m\u00e1s asequible, sino que tambi\u00e9n motive a participar y tomar decisiones responsables. Comprender mejor el uso de las redes sociales como herramienta en la comunicaci\u00f3n, conociendo estrategias de medici\u00f3n de p\u00fablico, ranking, etc.<br \/>\n<strong>Fecha:<\/strong>17 octubre, 10:00 \u2013 13:00 horas (CHILE)<br \/>\n<strong>Realizado por:<\/strong> UNICEF, Fundaci\u00f3n MERI y Uno.Cinco.[\/vc_column_text]<style type=\"text\/css\">.thegem-button-6a008a2ef0f0b8544 .gem-button svg {fill: #ffffff;}.thegem-button-6a008a2ef0f0b8544 .gem-button:hover svg {fill: #ffffff;}<\/style><div class=\"gem-button-container gem-button-position-inline thegem-button-6a008a2ef0f0b8544    \"  ><a class=\"gem-button gem-button-size-small gem-button-style-flat gem-button-text-weight-normal gem-button-no-uppercase\" data-ll-effect=\"drop-right-without-wrap\" style=\"border-radius: 20px;background-color: #00bcd4;color: #ffffff;\" onmouseleave=\"this.style.backgroundColor='#00bcd4';this.style.color='#ffffff';\" onmouseenter=\"this.style.backgroundColor='#00bcd4';this.style.color='#ffffff';\" href=\"https:\/\/youtu.be\/SiAwzvfnCp0\" target=\"_blank\">Video del taller completo<\/a><\/div> <\/div><\/div><\/div><div class=\"gem-textbox \"  ><div class=\"gem-textbox-inner\" style=\"\"><div class=\"gem-textbox-content\" style=\"color: #000000;background-color: #5fcff6;background-position: center top;\">[vc_column_text]<\/p>\n<div class=\"tituloconcurso\">Taller 5: Financiamiento en iniciativas de acci\u00f3n clim\u00e1tica<\/div>\n<p><strong>Objetivo:<\/strong> Compartir metodolog\u00edas para transformar una idea en un proyecto y movilizar en la b\u00fasqueda de recursos. Conocer los diferentes fondos y financiamientos para proyectos relacionados con acci\u00f3n clim\u00e1tica, liderados por j\u00f3venes.<br \/>\n<strong>Fecha:<\/strong> 27 octubre, 10:00 \u2013 13:00 horas (CHILE)<br \/>\n<strong>Realizado por:<\/strong> Sandra Guzm\u00e1n, Grupo GFCLAC (Grupo de Financiamiento para Latinoam\u00e9rica y el Caribe); Luis Gerardo Carvajal, Climate Reality Leadership Corps y Hub de Finanzas Sostenibles M\u00e9xico; Eduardo Beffermann, Banchile.[\/vc_column_text]<style type=\"text\/css\">.thegem-button-6a008a2ef0f923588 .gem-button svg {fill: #ffffff;}.thegem-button-6a008a2ef0f923588 .gem-button:hover svg {fill: #ffffff;}<\/style><div class=\"gem-button-container gem-button-position-inline thegem-button-6a008a2ef0f923588    \"  ><a class=\"gem-button gem-button-size-small gem-button-style-flat gem-button-text-weight-normal gem-button-no-uppercase\" data-ll-effect=\"drop-right-without-wrap\" style=\"border-radius: 20px;background-color: #00bcd4;color: #ffffff;\" onmouseleave=\"this.style.backgroundColor='#00bcd4';this.style.color='#ffffff';\" onmouseenter=\"this.style.backgroundColor='#00bcd4';this.style.color='#ffffff';\" href=\"https:\/\/youtu.be\/L7q6shwt540\" target=\"_blank\">Video del taller completo<\/a><\/div> <\/div><\/div><\/div>[\/vc_column_inner][vc_column_inner width=&#8221;1\/2&#8243;]<div class=\"gem-textbox \"  ><div class=\"gem-textbox-inner\" style=\"\"><div class=\"gem-textbox-content\" style=\"color: #000000;background-color: #5fcff6;background-position: center top;\">[vc_column_text]<\/p>\n<div class=\"tituloconcurso\">Taller 2: Educaci\u00f3n ambiental<\/div>\n<p><strong>Objetivo:<\/strong> acercar metodolog\u00edas para el dise\u00f1o e implementaci\u00f3n de actividades de educaci\u00f3n ambiental enfocado en tem\u00e1ticas de cambio clim\u00e1tico. Compartir ejemplos de trabajo en did\u00e1ctica y educaci\u00f3n ambiental tanto en educaci\u00f3n formal como no formal. Actividad pr\u00e1ctica de dise\u00f1o de una actividad.<br \/>\n<strong>Fecha:<\/strong> 11 octubre, 10:00 \u2013 13:00 horas (CHILE)<br \/>\n<strong>Realizado por:<\/strong> V\u00edctor Salinas, Pontificia Universidad Cat\u00f3lica de Valpara\u00edso y Centro de Investigaci\u00f3n Did\u00e1ctica STEAM; Nicole Reyes, Expedici\u00f3n Clim\u00e1tica y The Millennials Movement; Yolanda S\u00e1nchez, Fundaci\u00f3n MERI.[\/vc_column_text]<style type=\"text\/css\">.thegem-button-6a008a2ef10121354 .gem-button svg {fill: #ffffff;}.thegem-button-6a008a2ef10121354 .gem-button:hover svg {fill: #ffffff;}<\/style><div class=\"gem-button-container gem-button-position-inline thegem-button-6a008a2ef10121354    \"  ><a class=\"gem-button gem-button-size-small gem-button-style-flat gem-button-text-weight-normal gem-button-no-uppercase\" data-ll-effect=\"drop-right-without-wrap\" style=\"border-radius: 20px;background-color: #00bcd4;color: #ffffff;\" onmouseleave=\"this.style.backgroundColor='#00bcd4';this.style.color='#ffffff';\" onmouseenter=\"this.style.backgroundColor='#00bcd4';this.style.color='#ffffff';\" href=\"https:\/\/youtu.be\/l8JRdi2aWA8\" target=\"_blank\">Video del taller completo<\/a><\/div> <\/div><\/div><\/div><div class=\"gem-textbox \"  ><div class=\"gem-textbox-inner\" style=\"\"><div class=\"gem-textbox-content\" style=\"color: #000000;background-color: #5fcff6;background-position: center top;\">[vc_column_text]<\/p>\n<div class=\"tituloconcurso\">Taller 4: Negociaci\u00f3n en Cambio Clim\u00e1tico<\/div>\n<p><strong>Objetivo:<\/strong> Compartir experiencia en negociaciones clim\u00e1ticas a nivel nacional (Chile) e internacional. Acercar herramientas para planificar y llevar a cabo una negociaci\u00f3n. Ejercicio pr\u00e1ctico de negociaci\u00f3n.<br \/>\n<strong>Fecha:<\/strong> 24 octubre, 10:00 \u2013 13:00 horas (CHILE)<br \/>\n<strong>Realizado por:<\/strong> Julio Cordano, Ministerio Relaciones Exteriores Chile; Carolina Urmeneta, Global Methane Hub; Daniela Miranda Contreras, Uno.Cinco y Joven Negociadora para la delegaci\u00f3n de Chile en la COP26.[\/vc_column_text]<style type=\"text\/css\">.thegem-button-6a008a2ef108b7546 .gem-button svg {fill: #ffffff;}.thegem-button-6a008a2ef108b7546 .gem-button:hover svg {fill: #ffffff;}<\/style><div class=\"gem-button-container gem-button-position-inline thegem-button-6a008a2ef108b7546    \"  ><a class=\"gem-button gem-button-size-small gem-button-style-flat gem-button-text-weight-normal gem-button-no-uppercase\" data-ll-effect=\"drop-right-without-wrap\" style=\"border-radius: 20px;background-color: #00bcd4;color: #ffffff;\" onmouseleave=\"this.style.backgroundColor='#00bcd4';this.style.color='#ffffff';\" onmouseenter=\"this.style.backgroundColor='#00bcd4';this.style.color='#ffffff';\" href=\"https:\/\/youtu.be\/JubZXCMvobA\" target=\"_blank\">Video del taller completo<\/a><\/div> <\/div><\/div><\/div>[\/vc_column_inner][\/vc_row_inner][\/vc_column][vc_column width=&#8221;1\/6&#8243;][\/vc_column][\/vc_row][vc_row][vc_column width=&#8221;1\/6&#8243;][\/vc_column][vc_column width=&#8221;1\/6&#8243;][\/vc_column][\/vc_row]<\/p>\n<\/div>","protected":false},"excerpt":{"rendered":"<p>[vc_row][vc_column][\/vc_column][\/vc_row][vc_row][vc_column width=&#8221;1\/6&#8243;][\/vc_column][vc_column width=&#8221;2\/3&#8243;][vc_column_text css=&#8221;.vc_custom_1667999977985{margin-top: 30px !important;}&#8221;] Bienvenido al curso gratuito de Empoderamiento en Acci\u00f3n Clim\u00e1tica para J\u00f3venes. Este curso nace&#8230;<\/p>\n","protected":false},"author":1,"featured_media":0,"parent":0,"menu_order":0,"comment_status":"closed","ping_status":"closed","template":"","meta":{"footnotes":""},"class_list":["post-70155","page","type-page","status-publish"],"translation":{"provider":"WPGlobus","version":"3.0.2","language":"en","enabled_languages":["es","en"],"languages":{"es":{"title":true,"content":true,"excerpt":false},"en":{"title":false,"content":false,"excerpt":false}}},"_links":{"self":[{"href":"https:\/\/fundacionmeri.cl\/en\/wp-json\/wp\/v2\/pages\/70155","targetHints":{"allow":["GET"]}}],"collection":[{"href":"https:\/\/fundacionmeri.cl\/en\/wp-json\/wp\/v2\/pages"}],"about":[{"href":"https:\/\/fundacionmeri.cl\/en\/wp-json\/wp\/v2\/types\/page"}],"author":[{"embeddable":true,"href":"https:\/\/fundacionmeri.cl\/en\/wp-json\/wp\/v2\/users\/1"}],"replies":[{"embeddable":true,"href":"https:\/\/fundacionmeri.cl\/en\/wp-json\/wp\/v2\/comments?post=70155"}],"version-history":[{"count":0,"href":"https:\/\/fundacionmeri.cl\/en\/wp-json\/wp\/v2\/pages\/70155\/revisions"}],"wp:attachment":[{"href":"https:\/\/fundacionmeri.cl\/en\/wp-json\/wp\/v2\/media?parent=70155"}],"curies":[{"name":"wp","href":"https:\/\/api.w.org\/{rel}","templated":true}]}}