{"id":70036,"date":"2022-08-24T18:48:32","date_gmt":"2022-08-24T21:48:32","guid":{"rendered":"https:\/\/fundacionmeri.cl\/?page_id=70036"},"modified":"2022-08-24T19:18:28","modified_gmt":"2022-08-24T22:18:28","slug":"conferencia-un-ocean-2022","status":"publish","type":"page","link":"https:\/\/fundacionmeri.cl\/en\/conferencia-un-ocean-2022\/","title":{"rendered":"Conferencia Un Ocean 2022"},"content":{"rendered":"<div class=\"wpb-content-wrapper\"><p>[vc_row full_width=&#8221;stretch_row&#8221; css=&#8221;.vc_custom_1661370074317{padding-top: 120px !important;padding-bottom: 120px !important;background-image: url(https:\/\/fundacionmeri.cl\/wp-content\/uploads\/2022\/08\/Banner-Seccion.jpg?id=70037) !important;background-position: center !important;background-repeat: no-repeat !important;background-size: cover !important;}&#8221;][vc_column width=&#8221;1\/6&#8243;][\/vc_column][vc_column width=&#8221;2\/3&#8243;][vc_column_text css_animation=&#8221;fadeIn&#8221;]<img class=\"aligncenter size-full wp-image-70049\" src=\"https:\/\/fundacionmeri.cl\/wp-content\/uploads\/2022\/08\/Logo-03.png\" alt=\"\" width=\"500\" height=\"181\" srcset=\"https:\/\/fundacionmeri.cl\/wp-content\/uploads\/2022\/08\/Logo-03.png 500w, https:\/\/fundacionmeri.cl\/wp-content\/uploads\/2022\/08\/Logo-03-300x109.png 300w\" sizes=\"(max-width: 500px) 100vw, 500px\" \/>[\/vc_column_text][\/vc_column][vc_column width=&#8221;1\/6&#8243;][\/vc_column][\/vc_row][vc_row][vc_column width=&#8221;1\/6&#8243;][\/vc_column][vc_column width=&#8221;2\/3&#8243;][vc_column_text]<\/p>\n<h2 style=\"text-align: center;\">\u00bfQu\u00e9 es?<\/h2>\n<p>La Conferencia sobre los Oc\u00e9anos de las Naciones Unidas realizada en Lisboa, Portugal, es una instancia que re\u00fane a gobiernos y referentes mundiales en materia oce\u00e1nica, con el fin de unir esfuerzos para movilizar, crear y promover soluciones que permitan alcanzar los 17 Objetivos de Desarrollo Sostenible antes de 2030. UN Ocean tuvo como principal eje promover una serie de soluciones innovadoras con base cient\u00edfica para iniciar un nuevo cap\u00edtulo en la acci\u00f3n mundial para los oc\u00e9anos.[\/vc_column_text][\/vc_column][vc_column width=&#8221;1\/6&#8243;][\/vc_column][\/vc_row][vc_row][vc_column width=&#8221;1\/6&#8243;][\/vc_column][vc_column width=&#8221;2\/3&#8243;][vc_column_text]<img class=\"aligncenter size-large wp-image-70055\" src=\"https:\/\/fundacionmeri.cl\/wp-content\/uploads\/2022\/08\/fotos-1024x558.jpg\" alt=\"\" width=\"1024\" height=\"558\" srcset=\"https:\/\/fundacionmeri.cl\/wp-content\/uploads\/2022\/08\/fotos-1024x558.jpg 1024w, https:\/\/fundacionmeri.cl\/wp-content\/uploads\/2022\/08\/fotos-300x163.jpg 300w, https:\/\/fundacionmeri.cl\/wp-content\/uploads\/2022\/08\/fotos-768x418.jpg 768w, https:\/\/fundacionmeri.cl\/wp-content\/uploads\/2022\/08\/fotos.jpg 1432w\" sizes=\"(max-width: 1024px) 100vw, 1024px\" \/>[\/vc_column_text][\/vc_column][vc_column width=&#8221;1\/6&#8243;][\/vc_column][\/vc_row][vc_row][vc_column width=&#8221;1\/6&#8243;][\/vc_column][vc_column width=&#8221;2\/3&#8243;][vc_column_text]<\/p>\n<h2 style=\"text-align: center;\">Participaci\u00f3n MERI<\/h2>\n<p>En el marco de la conferencia Fundaci\u00f3n MERI realiz\u00f3 junto a la Canciller\u00eda de Chile el panel &#8220;Chile: un centro de innovaci\u00f3n multisectorial para la conservaci\u00f3n efectiva de los oc\u00e9anos&#8221;.[\/vc_column_text][vc_row_inner css=&#8221;.vc_custom_1661374478215{margin-left: 0px !important;}&#8221;][vc_column_inner width=&#8221;1\/2&#8243; css=&#8221;.vc_custom_1661376042631{margin-right: 0px !important;}&#8221;][vc_column_text css=&#8221;.vc_custom_1661375909018{margin-right: 0px !important;margin-left: 0px !important;}&#8221;]<img class=\"aligncenter size-full wp-image-70057\" src=\"https:\/\/fundacionmeri.cl\/wp-content\/uploads\/2022\/08\/fotos2.jpg\" alt=\"\" width=\"702\" height=\"1224\" srcset=\"https:\/\/fundacionmeri.cl\/wp-content\/uploads\/2022\/08\/fotos2.jpg 702w, https:\/\/fundacionmeri.cl\/wp-content\/uploads\/2022\/08\/fotos2-172x300.jpg 172w, https:\/\/fundacionmeri.cl\/wp-content\/uploads\/2022\/08\/fotos2-587x1024.jpg 587w\" sizes=\"(max-width: 702px) 100vw, 702px\" \/>[\/vc_column_text][\/vc_column_inner][vc_column_inner width=&#8221;1\/2&#8243; css=&#8221;.vc_custom_1661376093786{margin-left: 0px !important;padding-right: 0px !important;padding-left: 0px !important;}&#8221;][vc_column_text]Socios organizadores: Fundaci\u00f3n MERI, The Pew Charitable Trusts, Environmental Defense Fund, Alianza para la Naturaleza Azul y Coalici\u00f3n de Arrecifes de Coral de Alta Mar.<\/p>\n<p>Foco de la conversaci\u00f3n estuvo centrada en:<br \/>\nLa cogesti\u00f3n, protecci\u00f3n, conservaci\u00f3n y restauraci\u00f3n de los ecosistemas costeros y marinos con un fuerte enfoque de derechos. Para ello, Chile destac\u00f3 iniciativas muy importantes de las que forma parte: En primer lugar, el proyecto &#8220;The Blue BOAT Initiative\u201d, de Fundaci\u00f3n MERI, que consiste en la instalaci\u00f3n de boyas con sensores oceanogr\u00e1ficos en la zona del norte de la Patagonia Norte para monitorear el tr\u00e1nsito de ballenas, informando a las embarcaciones de su ubicaci\u00f3n para evitar colisiones.<\/p>\n<p>En segundo lugar, Chile destac\u00f3 los esfuerzos realizados por el gobierno y las comunidades locales del pa\u00eds en el \u00e1mbito de la protecci\u00f3n de los oc\u00e9anos mediante el establecimiento de \u00e1reas marinas protegidas, trabajo que no puede realizarse sin la participaci\u00f3n de las comunidades locales y de una sociedad civil organizada. Los miembros de la comunidad local y m\u00faltiples socios clave de la sociedad civil compartieron su trabajo para construir una gesti\u00f3n de \u00e1reas marinas protegidas eficaz, equitativa y duradera en el pa\u00eds.[\/vc_column_text][\/vc_column_inner][\/vc_row_inner][vc_column_text]Chile est\u00e1 mirando m\u00e1s all\u00e1 de su zona econ\u00f3mica exclusiva, trabajando con la Coalici\u00f3n de Arrecifes de Coral de la Coalici\u00f3n de Alta Mar para caracterizar cient\u00edficamente y trabajar en la protecci\u00f3n de las \u00e1reas marinas protegidas de Sala y G\u00f3mez y Nazca. Sala y G\u00f3mez y la cordillera de Nazca, una cadena de montes submarinos de gran importancia ecol\u00f3gica y cultural de montes submarinos de importancia ecol\u00f3gica y cultural.<\/p>\n<p>Este panel se aline\u00f3 con el Objetivo de Desarrollo Sostenible 14, com\u00fanmente conocido como &#8220;Vida Submarina&#8221;, dado que Chile est\u00e1 convencido que la ciencia y la investigaci\u00f3n deben utilizarse para mejorar la calidad de la informaci\u00f3n sobre el oc\u00e9ano y sus ecosistemas. Es en este sentido el proyecto &#8220;The Blue BOAT Initiative&#8221; est\u00e1 directamente relacionado con el ODS14 y con el tema principal de esta Conferencia (innovaci\u00f3n para la protecci\u00f3n de los oc\u00e9anos), ya que busca, a trav\u00e9s de la aplicaci\u00f3n de nuevos mecanismos tecnol\u00f3gicos en las boyas, resolver el problema de las colisiones de ballenas con embarcaciones que navegan por el sur del pa\u00eds. Se trata de un proyecto innovador que Chile desea destacar.[\/vc_column_text][\/vc_column][vc_column width=&#8221;1\/6&#8243;][\/vc_column][\/vc_row][vc_row][vc_column width=&#8221;1\/6&#8243;][\/vc_column][vc_column width=&#8221;2\/3&#8243;][vc_column_text css=&#8221;.vc_custom_1661379164405{padding-bottom: 30px !important;}&#8221;]<\/p>\n<h2 style=\"text-align: center;\">UN Ocean 2022 Galer\u00eda<\/h2>\n<p>[\/vc_column_text]<style>.gem-gallery-grid#style-69e487fe39955 .gallery-item { padding: calc(25px\/2) !important; }.gem-gallery-grid#style-69e487fe39955 .gallery-set { margin-top: calc(-25px\/2); margin-bottom: calc(-25px\/2); }.gem-gallery-grid#style-69e487fe39955 .not-fullwidth-block .gallery-set, .gem-gallery-grid#style-69e487fe39955 .not-fullwidth-block .portfolio-item-size-container { margin-left: calc(-25px\/2); margin-right: calc(-25px\/2); }.gem-gallery-grid#style-69e487fe39955 .fullwidth-block { padding-left: calc(25px\/2); padding-right: calc(25px\/2); }.gem-gallery-grid#style-69e487fe39955 .portfolio-filters { text-align: center }<\/style><div id=\"style-preloader-69e487fe39955\" class=\"preloader save-space\"><div class=\"preloader-spin\"><\/div><\/div> <div class=\"gallery-preloader-wrapper\"> <div class=\"row\"> <div id=\"style-69e487fe39955\" class=\"gem-gallery-grid col-lg-12 col-md-12 col-sm-12 gallery-style-metro hover-vertical-sliding loading-animation item-animation-move-up metro columns-2 columns-tablet-2 columns-mobile-1 without-padding metro-item-style-default \" data-hover=\"vertical-sliding\" data-uid=\"69e487fe39955\" data-filter=\"[]\"> <div class=\"portfolio not-fullwidth-block \"> <ul class=\"gallery-set clearfix\" data-max-row-height=\"380\"> <li class=\"gallery-item gallery-0 col-xs-12 col-sm-6 col-md-6 item-animations-not-inited single-icon post-70036 page type-page status-publish\" style=\"\"> <div class=\"wrap gem-wrapbox-style-default\"> <div class=\"overlay-wrap\"> <div class=\"image-wrap \"> <picture> <source srcset=\"https:\/\/fundacionmeri.cl\/wp-content\/uploads\/2022\/08\/Foto-11-thegem-portfolio-metro-large.jpg 1x\" sizes=\"100vw\"> <img src=\"https:\/\/fundacionmeri.cl\/wp-content\/uploads\/2022\/08\/Foto-11-thegem-portfolio-metro-large.jpg\" width=\"1061\" height=\"600\" class=\"attachment-thegem-portfolio-metro-large\" alt=\"Foto-11\" \/> <\/picture> <\/div> <div class=\"overlay \"> <div class=\"overlay-circle\"><\/div> <a href=\"https:\/\/fundacionmeri.cl\/wp-content\/uploads\/2022\/08\/Foto-11.jpg\" class=\"gallery-item-link fancy-gallery\" data-fancybox=\"gallery-69e487fe39955\" aria-label=\"Fullsize Image: Foto-11\"> <span class=\"slide-info\"> <\/span> <\/a> <div class=\"overlay-content\"> <div class=\"overlay-content-center\"> <div class=\"overlay-content-inner\"> <a href=\"https:\/\/fundacionmeri.cl\/wp-content\/uploads\/2022\/08\/Foto-11.jpg\" class=\"icon photo \" aria-label=\"Fullsize Image: Foto-11\"> <\/a> <div class=\"overlay-line\"><\/div> <\/div> <\/div> <\/div> <\/div> <\/div> <\/div> <\/li> <li class=\"gallery-item gallery-0 col-xs-12 col-sm-6 col-md-6 item-animations-not-inited single-icon post-70036 page type-page status-publish\" style=\"\"> <div class=\"wrap gem-wrapbox-style-default\"> <div class=\"overlay-wrap\"> <div class=\"image-wrap \"> <picture> <source srcset=\"https:\/\/fundacionmeri.cl\/wp-content\/uploads\/2022\/08\/Foto-07-thegem-portfolio-metro-large.jpg 1x\" sizes=\"100vw\"> <img src=\"https:\/\/fundacionmeri.cl\/wp-content\/uploads\/2022\/08\/Foto-07-thegem-portfolio-metro-large.jpg\" width=\"450\" height=\"600\" class=\"attachment-thegem-portfolio-metro-large\" alt=\"Foto-07\" \/> <\/picture> <\/div> <div class=\"overlay \"> <div class=\"overlay-circle\"><\/div> <a href=\"https:\/\/fundacionmeri.cl\/wp-content\/uploads\/2022\/08\/Foto-07.jpg\" class=\"gallery-item-link fancy-gallery\" data-fancybox=\"gallery-69e487fe39955\" aria-label=\"Fullsize Image: Foto-07\"> <span class=\"slide-info\"> <\/span> <\/a> <div class=\"overlay-content\"> <div class=\"overlay-content-center\"> <div class=\"overlay-content-inner\"> <a href=\"https:\/\/fundacionmeri.cl\/wp-content\/uploads\/2022\/08\/Foto-07.jpg\" class=\"icon photo \" aria-label=\"Fullsize Image: Foto-07\"> <\/a> <div class=\"overlay-line\"><\/div> <\/div> <\/div> <\/div> <\/div> <\/div> <\/div> <\/li> <li class=\"gallery-item gallery-0 col-xs-12 col-sm-6 col-md-6 item-animations-not-inited single-icon post-70036 page type-page status-publish\" style=\"\"> <div class=\"wrap gem-wrapbox-style-default\"> <div class=\"overlay-wrap\"> <div class=\"image-wrap \"> <picture> <source srcset=\"https:\/\/fundacionmeri.cl\/wp-content\/uploads\/2022\/08\/Foto-10-thegem-portfolio-metro-large.jpg 1x\" sizes=\"100vw\"> <img src=\"https:\/\/fundacionmeri.cl\/wp-content\/uploads\/2022\/08\/Foto-10-thegem-portfolio-metro-large.jpg\" width=\"1067\" height=\"600\" class=\"attachment-thegem-portfolio-metro-large\" alt=\"Foto-10\" \/> <\/picture> <\/div> <div class=\"overlay \"> <div class=\"overlay-circle\"><\/div> <a href=\"https:\/\/fundacionmeri.cl\/wp-content\/uploads\/2022\/08\/Foto-10.jpg\" class=\"gallery-item-link fancy-gallery\" data-fancybox=\"gallery-69e487fe39955\" aria-label=\"Fullsize Image: Foto-10\"> <span class=\"slide-info\"> <\/span> <\/a> <div class=\"overlay-content\"> <div class=\"overlay-content-center\"> <div class=\"overlay-content-inner\"> <a href=\"https:\/\/fundacionmeri.cl\/wp-content\/uploads\/2022\/08\/Foto-10.jpg\" class=\"icon photo \" aria-label=\"Fullsize Image: Foto-10\"> <\/a> <div class=\"overlay-line\"><\/div> <\/div> <\/div> <\/div> <\/div> <\/div> <\/div> <\/li> <li class=\"gallery-item gallery-0 col-xs-12 col-sm-6 col-md-6 item-animations-not-inited single-icon post-70036 page type-page status-publish\" style=\"\"> <div class=\"wrap gem-wrapbox-style-default\"> <div class=\"overlay-wrap\"> <div class=\"image-wrap \"> <picture> <source srcset=\"https:\/\/fundacionmeri.cl\/wp-content\/uploads\/2022\/08\/Foto-09-thegem-portfolio-metro-large.jpg 1x\" sizes=\"100vw\"> <img src=\"https:\/\/fundacionmeri.cl\/wp-content\/uploads\/2022\/08\/Foto-09-thegem-portfolio-metro-large.jpg\" width=\"800\" height=\"600\" class=\"attachment-thegem-portfolio-metro-large\" alt=\"Foto-09\" \/> <\/picture> <\/div> <div class=\"overlay \"> <div class=\"overlay-circle\"><\/div> <a href=\"https:\/\/fundacionmeri.cl\/wp-content\/uploads\/2022\/08\/Foto-09.jpg\" class=\"gallery-item-link fancy-gallery\" data-fancybox=\"gallery-69e487fe39955\" aria-label=\"Fullsize Image: Foto-09\"> <span class=\"slide-info\"> <\/span> <\/a> <div class=\"overlay-content\"> <div class=\"overlay-content-center\"> <div class=\"overlay-content-inner\"> <a href=\"https:\/\/fundacionmeri.cl\/wp-content\/uploads\/2022\/08\/Foto-09.jpg\" class=\"icon photo \" aria-label=\"Fullsize Image: Foto-09\"> <\/a> <div class=\"overlay-line\"><\/div> <\/div> <\/div> <\/div> <\/div> <\/div> <\/div> <\/li> <li class=\"gallery-item gallery-0 col-xs-12 col-sm-6 col-md-6 item-animations-not-inited single-icon post-70036 page type-page status-publish\" style=\"\"> <div class=\"wrap gem-wrapbox-style-default\"> <div class=\"overlay-wrap\"> <div class=\"image-wrap \"> <picture> <source srcset=\"https:\/\/fundacionmeri.cl\/wp-content\/uploads\/2022\/08\/Foto-08-thegem-portfolio-metro-large.jpg 1x\" sizes=\"100vw\"> <img src=\"https:\/\/fundacionmeri.cl\/wp-content\/uploads\/2022\/08\/Foto-08-thegem-portfolio-metro-large.jpg\" width=\"749\" height=\"600\" class=\"attachment-thegem-portfolio-metro-large\" alt=\"Foto-08\" \/> <\/picture> <\/div> <div class=\"overlay \"> <div class=\"overlay-circle\"><\/div> <a href=\"https:\/\/fundacionmeri.cl\/wp-content\/uploads\/2022\/08\/Foto-08.jpg\" class=\"gallery-item-link fancy-gallery\" data-fancybox=\"gallery-69e487fe39955\" aria-label=\"Fullsize Image: Foto-08\"> <span class=\"slide-info\"> <\/span> <\/a> <div class=\"overlay-content\"> <div class=\"overlay-content-center\"> <div class=\"overlay-content-inner\"> <a href=\"https:\/\/fundacionmeri.cl\/wp-content\/uploads\/2022\/08\/Foto-08.jpg\" class=\"icon photo \" aria-label=\"Fullsize Image: Foto-08\"> <\/a> <div class=\"overlay-line\"><\/div> <\/div> <\/div> <\/div> <\/div> <\/div> <\/div> <\/li> <li class=\"gallery-item gallery-0 col-xs-12 col-sm-6 col-md-6 item-animations-not-inited single-icon post-70036 page type-page status-publish\" style=\"\"> <div class=\"wrap gem-wrapbox-style-default\"> <div class=\"overlay-wrap\"> <div class=\"image-wrap \"> <picture> <source srcset=\"https:\/\/fundacionmeri.cl\/wp-content\/uploads\/2022\/08\/Foto-06-thegem-portfolio-metro-large.jpg 1x\" sizes=\"100vw\"> <img src=\"https:\/\/fundacionmeri.cl\/wp-content\/uploads\/2022\/08\/Foto-06-thegem-portfolio-metro-large.jpg\" width=\"1067\" height=\"600\" class=\"attachment-thegem-portfolio-metro-large\" alt=\"Foto-06\" \/> <\/picture> <\/div> <div class=\"overlay \"> <div class=\"overlay-circle\"><\/div> <a href=\"https:\/\/fundacionmeri.cl\/wp-content\/uploads\/2022\/08\/Foto-06.jpg\" class=\"gallery-item-link fancy-gallery\" data-fancybox=\"gallery-69e487fe39955\" aria-label=\"Fullsize Image: Foto-06\"> <span class=\"slide-info\"> <\/span> <\/a> <div class=\"overlay-content\"> <div class=\"overlay-content-center\"> <div class=\"overlay-content-inner\"> <a href=\"https:\/\/fundacionmeri.cl\/wp-content\/uploads\/2022\/08\/Foto-06.jpg\" class=\"icon photo \" aria-label=\"Fullsize Image: Foto-06\"> <\/a> <div class=\"overlay-line\"><\/div> <\/div> <\/div> <\/div> <\/div> <\/div> <\/div> <\/li> <\/ul> <div class=\"portfolio-item-size-container\"> <li class=\"gallery-item size-item col-xs-12 col-sm-6 col-md-6 post-70036 page type-page status-publish\" style=\"\"> <\/li> <\/div> <\/div> <\/div> <\/div> <\/div>[\/vc_column][vc_column width=&#8221;1\/6&#8243;][\/vc_column][\/vc_row]<\/p>\n<\/div>","protected":false},"excerpt":{"rendered":"<p>[vc_row full_width=&#8221;stretch_row&#8221; css=&#8221;.vc_custom_1661370074317{padding-top: 120px !important;padding-bottom: 120px !important;background-image: url(https:\/\/fundacionmeri.cl\/wp-content\/uploads\/2022\/08\/Banner-Seccion.jpg?id=70037) !important;background-position: center !important;background-repeat: no-repeat !important;background-size: cover !important;}&#8221;][vc_column width=&#8221;1\/6&#8243;][\/vc_column][vc_column width=&#8221;2\/3&#8243;][vc_column_text css_animation=&#8221;fadeIn&#8221;][\/vc_column_text][\/vc_column][vc_column width=&#8221;1\/6&#8243;][\/vc_column][\/vc_row][vc_row][vc_column width=&#8221;1\/6&#8243;][\/vc_column][vc_column&#8230;<\/p>\n","protected":false},"author":1,"featured_media":0,"parent":0,"menu_order":0,"comment_status":"closed","ping_status":"closed","template":"","meta":{"footnotes":""},"class_list":["post-70036","page","type-page","status-publish"],"translation":{"provider":"WPGlobus","version":"3.0.2","language":"en","enabled_languages":["es","en"],"languages":{"es":{"title":true,"content":true,"excerpt":false},"en":{"title":false,"content":false,"excerpt":false}}},"_links":{"self":[{"href":"https:\/\/fundacionmeri.cl\/en\/wp-json\/wp\/v2\/pages\/70036","targetHints":{"allow":["GET"]}}],"collection":[{"href":"https:\/\/fundacionmeri.cl\/en\/wp-json\/wp\/v2\/pages"}],"about":[{"href":"https:\/\/fundacionmeri.cl\/en\/wp-json\/wp\/v2\/types\/page"}],"author":[{"embeddable":true,"href":"https:\/\/fundacionmeri.cl\/en\/wp-json\/wp\/v2\/users\/1"}],"replies":[{"embeddable":true,"href":"https:\/\/fundacionmeri.cl\/en\/wp-json\/wp\/v2\/comments?post=70036"}],"version-history":[{"count":0,"href":"https:\/\/fundacionmeri.cl\/en\/wp-json\/wp\/v2\/pages\/70036\/revisions"}],"wp:attachment":[{"href":"https:\/\/fundacionmeri.cl\/en\/wp-json\/wp\/v2\/media?parent=70036"}],"curies":[{"name":"wp","href":"https:\/\/api.w.org\/{rel}","templated":true}]}}