{"id":69921,"date":"2022-08-10T13:49:52","date_gmt":"2022-08-10T16:49:52","guid":{"rendered":"https:\/\/fundacionmeri.cl\/?page_id=69921"},"modified":"2022-08-10T13:59:48","modified_gmt":"2022-08-10T16:59:48","slug":"conferencia-our-ocean-palau-2022","status":"publish","type":"page","link":"https:\/\/fundacionmeri.cl\/en\/conferencia-our-ocean-palau-2022\/","title":{"rendered":"Our Ocean Palau 2022 Conference"},"content":{"rendered":"<div class=\"wpb-content-wrapper\"><p>[vc_row full_width=&#8221;stretch_row&#8221; css=&#8221;.vc_custom_1660150034066{padding-top: 120px !important;padding-bottom: 120px !important;background-image: url(https:\/\/fundacionmeri.cl\/wp-content\/uploads\/2022\/08\/Conferencia-our-ocean-.jpg?id=69922) !important;background-position: center !important;background-repeat: no-repeat !important;background-size: cover !important;}&#8221;][vc_column width=&#8221;1\/6&#8243;][\/vc_column][vc_column width=&#8221;2\/3&#8243;][vc_column_text]<\/p>\n<h1 style=\"text-align: center;\">Our Ocean Palau 2022 Conference<\/h1>\n<p>[\/vc_column_text][\/vc_column][vc_column width=&#8221;1\/6&#8243;][\/vc_column][\/vc_row][vc_row][vc_column width=&#8221;1\/6&#8243;][\/vc_column][vc_column width=&#8221;2\/3&#8243;][vc_column_text]<\/p>\n<h2>The Blue BOAT Initiative has been announced as a concrete country commitment of Chile at the 7th \u201cOur Ocean Palau 2022 Conference\u201d<\/h2>\n<p>On April 14, The Blue Boat Initiative, led by Fundaci\u00f3n MERI and the Ministry of the Environment, was presented as a concrete commitment of Chile for the protection of the oceans. This project was presented at the seventh version of Our Ocean Conference, Palau 2022, a key event where countries, civil society and industries take on new challenges and ambitious goals for the protection of the oceans and the environment.<\/p>\n<p>The Chilean Chancellor, Antonia Urrejola, presented this project as an emblematic initiative for the protection of the oceans that will mark a before and after in the use of technology for the conservation of marine ecosystems.<\/p>\n<p>This pilot project, which is unique in South America, will install intelligent buoys with oceanographic sensors in the Northern Patagonia area. The main purpose is to monitor whales, alert vessels of their presence and thus avoid collisions, along with measuring the impact of climate change on marine ecosystems.<\/p>\n<p>\u201cThese are intelligent buoys equipped with hydrophones, oceanographic sensors and transmitters. In September will be the placement of the first buoy, a step that will be a milestone for Chile and a worldwide reference of concrete actions for the effective protection of the environment\u201d, adds Sonia Espa\u00f1ol Jim\u00e9nez, executive director of Fundaci\u00f3n MERI.<\/p>\n<p>The Blue BOAT Initiative will begin operating in September of this year by installing the first buoy, after 5 years of project development by Fundaci\u00f3n MERI.[\/vc_column_text][\/vc_column][vc_column width=&#8221;1\/6&#8243;][\/vc_column][\/vc_row][vc_row][vc_column width=&#8221;1\/6&#8243;][\/vc_column][vc_column width=&#8221;2\/3&#8243;][vc_column_text]<iframe title=\"YouTube video player\" src=\"https:\/\/www.youtube.com\/embed\/rGIIwFGYVKI\" width=\"100%\" height=\"415\" frameborder=\"0\" allowfullscreen=\"allowfullscreen\"><\/iframe>[\/vc_column_text][\/vc_column][vc_column width=&#8221;1\/6&#8243;][\/vc_column][\/vc_row]<\/p>\n<\/div>","protected":false},"excerpt":{"rendered":"<p>[vc_row full_width=&#8221;stretch_row&#8221; css=&#8221;.vc_custom_1660150034066{padding-top: 120px !important;padding-bottom: 120px !important;background-image: url(https:\/\/fundacionmeri.cl\/wp-content\/uploads\/2022\/08\/Conferencia-our-ocean-.jpg?id=69922) !important;background-position: center !important;background-repeat: no-repeat !important;background-size: cover !important;}&#8221;][vc_column width=&#8221;1\/6&#8243;][\/vc_column][vc_column width=&#8221;2\/3&#8243;][vc_column_text] Our Ocean Palau&#8230;<\/p>\n","protected":false},"author":1,"featured_media":0,"parent":0,"menu_order":0,"comment_status":"closed","ping_status":"closed","template":"","meta":{"footnotes":""},"class_list":["post-69921","page","type-page","status-publish"],"translation":{"provider":"WPGlobus","version":"3.0.2","language":"en","enabled_languages":["es","en"],"languages":{"es":{"title":true,"content":true,"excerpt":false},"en":{"title":true,"content":true,"excerpt":false}}},"_links":{"self":[{"href":"https:\/\/fundacionmeri.cl\/en\/wp-json\/wp\/v2\/pages\/69921","targetHints":{"allow":["GET"]}}],"collection":[{"href":"https:\/\/fundacionmeri.cl\/en\/wp-json\/wp\/v2\/pages"}],"about":[{"href":"https:\/\/fundacionmeri.cl\/en\/wp-json\/wp\/v2\/types\/page"}],"author":[{"embeddable":true,"href":"https:\/\/fundacionmeri.cl\/en\/wp-json\/wp\/v2\/users\/1"}],"replies":[{"embeddable":true,"href":"https:\/\/fundacionmeri.cl\/en\/wp-json\/wp\/v2\/comments?post=69921"}],"version-history":[{"count":0,"href":"https:\/\/fundacionmeri.cl\/en\/wp-json\/wp\/v2\/pages\/69921\/revisions"}],"wp:attachment":[{"href":"https:\/\/fundacionmeri.cl\/en\/wp-json\/wp\/v2\/media?parent=69921"}],"curies":[{"name":"wp","href":"https:\/\/api.w.org\/{rel}","templated":true}]}}