{"id":69774,"date":"2022-07-25T16:52:03","date_gmt":"2022-07-25T19:52:03","guid":{"rendered":"https:\/\/fundacionmeri.cl\/?page_id=69774"},"modified":"2022-07-26T18:50:01","modified_gmt":"2022-07-26T21:50:01","slug":"condores","status":"publish","type":"page","link":"https:\/\/fundacionmeri.cl\/en\/condores\/","title":{"rendered":"C\u00f3ndores"},"content":{"rendered":"<div class=\"wpb-content-wrapper\"><p>[vc_row full_width=&#8221;stretch_row&#8221; css=&#8221;.vc_custom_1658786847500{padding-top: 100px !important;padding-bottom: 100px !important;background-image: url(https:\/\/fundacionmeri.cl\/wp-content\/uploads\/2022\/07\/Banner-Condor.jpg?id=69781) !important;background-position: center !important;background-repeat: no-repeat !important;background-size: cover !important;}&#8221;][vc_column width=&#8221;1\/6&#8243;][\/vc_column][vc_column width=&#8221;2\/3&#8243;][vc_column_text]<img class=\"aligncenter wp-image-4037\" src=\"https:\/\/fcs.tv\/wp-content\/uploads\/2022\/03\/Logo-Condor.png\" alt=\"\" width=\"360\" height=\"297\" \/>[\/vc_column_text][\/vc_column][vc_column width=&#8221;1\/6&#8243;][\/vc_column][\/vc_row][vc_row][vc_column width=&#8221;1\/6&#8243;][\/vc_column][vc_column width=&#8221;2\/3&#8243;][vc_column_text css=&#8221;.vc_custom_1658871769000{padding-top: 20px !important;padding-bottom: 20px !important;}&#8221;]Proyecto Manku, el Centro de Rehabilitaci\u00f3n de Aves Rapaces de AvesChile \u2013 UNORCH, junto con Reserva Elemental y Fundaci\u00f3n MERI, son impulsores de esta iniciativa, que busca colaborar en la conservaci\u00f3n del c\u00f3ndor andino, uno de los objetos de conservaci\u00f3n de Likandes y que hoy es una especie \u201ccasi amenazada\u201d, en Chile y el resto de la cordillera andina sudamericana, seg\u00fan la Lista Roja de Especies Amenazadas de la Uni\u00f3n Internacional para la Conservaci\u00f3n de la Naturaleza.<\/p>\n<p>\u00bfPor qu\u00e9 un centro de preliberaci\u00f3n y no liberar directamente a los c\u00f3ndores en la cordillera? Es importante que los c\u00f3ndores pasen por un per\u00edodo de adaptaci\u00f3n en un ambiente lo m\u00e1s cercano a su h\u00e1bitat natural, la cordillera, donde el aire es m\u00e1s fino y las condiciones clim\u00e1ticas m\u00e1s extremas que en el valle. El paso por el centro de preliberaci\u00f3n permite que prueben su vuelo, y que los c\u00f3ndores que habitan en la zona puedan ya acercarse y reconocerse para su posterior convivencia. De esta forma, se va haciendo una evaluaci\u00f3n constante para que la liberaci\u00f3n sea exitosa.<\/p>\n<p>No todos los c\u00f3ndores pueden ser liberados. Lo \u00f3ptimo es que sean ejemplares juveniles y en buena condici\u00f3n f\u00edsica, y que tengan el menor contacto posible con humanos. El 51% de los c\u00f3ndores que han pasado por el Centro de Rehabilitaci\u00f3n de Aves Rapaces, desde su creaci\u00f3n en 1991, han sido liberados.[\/vc_column_text][\/vc_column][vc_column width=&#8221;1\/6&#8243;][\/vc_column][\/vc_row][vc_row css=&#8221;.vc_custom_1658871806308{padding-bottom: 20px !important;}&#8221;][vc_column width=&#8221;1\/6&#8243;][\/vc_column][vc_column width=&#8221;2\/3&#8243;][vc_column_text]<iframe title=\"YouTube video player\" src=\"https:\/\/www.youtube.com\/embed\/Jq1wPpe-ceM\" width=\"100%\" height=\"345\" frameborder=\"0\" allowfullscreen=\"allowfullscreen\"><\/iframe>[\/vc_column_text][\/vc_column][vc_column width=&#8221;1\/6&#8243;][\/vc_column][\/vc_row][vc_row equal_height=&#8221;yes&#8221; content_placement=&#8221;middle&#8221; custom_css_code=&#8221;aDIlMkMlMjBoMyUyMCU3QiUwQWNvbG9yJTNBJTIwJTIzZmZmJTNCJTBBJTdE&#8221; css=&#8221;.vc_custom_1646749074330{padding-bottom: 30px !important;}&#8221;][vc_column width=&#8221;1\/3&#8243; css_animation=&#8221;slideInLeft&#8221; css=&#8221;.vc_custom_1646749186950{padding-top: 300px !important;padding-bottom: 300px !important;background-image: url(https:\/\/fcs.tv\/wp-content\/uploads\/2022\/03\/Condor02.jpg?id=4032) !important;background-position: center !important;background-repeat: no-repeat !important;background-size: cover !important;}&#8221;][\/vc_column][vc_column width=&#8221;1\/3&#8243; css_animation=&#8221;slideInDown&#8221; css=&#8221;.vc_custom_1646748522963{margin-right: 5px !important;margin-left: 5px !important;padding-top: 300px !important;padding-bottom: 300px !important;background-image: url(https:\/\/fcs.tv\/wp-content\/uploads\/2022\/03\/Condor01.jpg?id=4031) !important;background-position: center !important;background-repeat: no-repeat !important;background-size: cover !important;}&#8221;][\/vc_column][vc_column width=&#8221;1\/3&#8243; css_animation=&#8221;slideInRight&#8221; css=&#8221;.vc_custom_1646748573930{padding-top: 300px !important;padding-bottom: 300px !important;background-image: url(https:\/\/fcs.tv\/wp-content\/uploads\/2022\/03\/Condor03.jpg?id=4030) !important;background-position: center !important;background-repeat: no-repeat !important;background-size: cover !important;}&#8221;][\/vc_column][\/vc_row]<\/p>\n<\/div>","protected":false},"excerpt":{"rendered":"<p>[vc_row full_width=&#8221;stretch_row&#8221; css=&#8221;.vc_custom_1658786847500{padding-top: 100px !important;padding-bottom: 100px !important;background-image: url(https:\/\/fundacionmeri.cl\/wp-content\/uploads\/2022\/07\/Banner-Condor.jpg?id=69781) !important;background-position: center !important;background-repeat: no-repeat !important;background-size: cover !important;}&#8221;][vc_column width=&#8221;1\/6&#8243;][\/vc_column][vc_column width=&#8221;2\/3&#8243;][vc_column_text][\/vc_column_text][\/vc_column][vc_column width=&#8221;1\/6&#8243;][\/vc_column][\/vc_row][vc_row][vc_column width=&#8221;1\/6&#8243;][\/vc_column][vc_column width=&#8221;2\/3&#8243;][vc_column_text&#8230;<\/p>\n","protected":false},"author":1,"featured_media":69780,"parent":0,"menu_order":0,"comment_status":"closed","ping_status":"closed","template":"","meta":{"footnotes":""},"class_list":["post-69774","page","type-page","status-publish","has-post-thumbnail"],"translation":{"provider":"WPGlobus","version":"3.0.2","language":"en","enabled_languages":["es","en"],"languages":{"es":{"title":true,"content":true,"excerpt":false},"en":{"title":false,"content":false,"excerpt":false}}},"_links":{"self":[{"href":"https:\/\/fundacionmeri.cl\/en\/wp-json\/wp\/v2\/pages\/69774","targetHints":{"allow":["GET"]}}],"collection":[{"href":"https:\/\/fundacionmeri.cl\/en\/wp-json\/wp\/v2\/pages"}],"about":[{"href":"https:\/\/fundacionmeri.cl\/en\/wp-json\/wp\/v2\/types\/page"}],"author":[{"embeddable":true,"href":"https:\/\/fundacionmeri.cl\/en\/wp-json\/wp\/v2\/users\/1"}],"replies":[{"embeddable":true,"href":"https:\/\/fundacionmeri.cl\/en\/wp-json\/wp\/v2\/comments?post=69774"}],"version-history":[{"count":0,"href":"https:\/\/fundacionmeri.cl\/en\/wp-json\/wp\/v2\/pages\/69774\/revisions"}],"wp:featuredmedia":[{"embeddable":true,"href":"https:\/\/fundacionmeri.cl\/en\/wp-json\/wp\/v2\/media\/69780"}],"wp:attachment":[{"href":"https:\/\/fundacionmeri.cl\/en\/wp-json\/wp\/v2\/media?parent=69774"}],"curies":[{"name":"wp","href":"https:\/\/api.w.org\/{rel}","templated":true}]}}