{"id":69657,"date":"2022-07-18T18:56:03","date_gmt":"2022-07-18T21:56:03","guid":{"rendered":"https:\/\/fundacionmeri.cl\/?page_id=69657"},"modified":"2026-02-11T16:11:21","modified_gmt":"2026-02-11T19:11:21","slug":"conferencias","status":"publish","type":"page","link":"https:\/\/fundacionmeri.cl\/en\/conferencias\/","title":{"rendered":"Conferencias"},"content":{"rendered":"<div class=\"wpb-content-wrapper\"><p>[vc_row full_width=&#8221;stretch_row&#8221; css=&#8221;.vc_custom_1658414668098{padding-top: 120px !important;padding-bottom: 120px !important;background-image: url(https:\/\/fundacionmeri.cl\/wp-content\/uploads\/2022\/07\/conference_generico-3.jpg?id=69747) !important;background-position: center !important;background-repeat: no-repeat !important;background-size: cover !important;}&#8221;][vc_column width=&#8221;1\/6&#8243;][\/vc_column][vc_column width=&#8221;2\/3&#8243;][vc_column_text]<\/p>\n<h1 style=\"text-align: center;\">Conferencias<\/h1>\n<h6 style=\"text-align: center;\">Creando espacios de di\u00e1logo y participaci\u00f3n a nivel local, regional y global, para avanzar de manera colaborativa en soluciones concretas para la conservaci\u00f3n de los ecosistemas marinos y terrestres, y la mitigaci\u00f3n del Cambio Clim\u00e1tico.<\/h6>\n<p>[\/vc_column_text][\/vc_column][vc_column width=&#8221;1\/6&#8243;][\/vc_column][\/vc_row][vc_row][vc_column width=&#8221;1\/6&#8243;][\/vc_column][vc_column width=&#8221;2\/3&#8243;][vc_column_text]<\/p>\n<h2 style=\"text-align: center;\">Revisa las conferencias de Fundaci\u00f3n MERI<\/h2>\n<p style=\"text-align: center;\">Encuentra a continuaci\u00f3n nuestra participaci\u00f3n en distintos espacios de di\u00e1logo en torno a la conservaci\u00f3n efectiva, ciencia y educaci\u00f3n ambiental.<\/p>\n<p>[\/vc_column_text][\/vc_column][vc_column width=&#8221;1\/6&#8243;][\/vc_column][\/vc_row][vc_row][vc_column width=&#8221;1\/6&#8243;][\/vc_column][vc_column width=&#8221;2\/3&#8243;][vc_column_text css=&#8221;.vc_custom_1658953958429{padding-bottom: 50px !important;}&#8221;]<\/p>\n<h2 style=\"text-align: center;\">COPs<\/h2>\n<p>[\/vc_column_text][vc_row_inner][vc_column_inner width=&#8221;1\/2&#8243;][vc_column_text css=&#8221;&#8221;]<a href=\"https:\/\/scienceforclimateaction.org\/\" target=\"blank\" rel=\"noopener noreferrer\"><img class=\"imagen aligncenter size-full wp-image-69752\" src=\"https:\/\/fundacionmeri.cl\/wp-content\/uploads\/2026\/02\/cop30.jpg\" alt=\"\" width=\"600\" height=\"450\" \/><\/a>[\/vc_column_text][vc_column_text css=&#8221;&#8221;]<\/p>\n<p style=\"text-align: center;\"><a href=\"https:\/\/scienceforclimateaction.org\/\" rel=\"noopener noreferrer\">COP 30 (2025)<\/a><\/p>\n<p>[\/vc_column_text][\/vc_column_inner][vc_column_inner width=&#8221;1\/2&#8243;][vc_column_text css=&#8221;&#8221;]<a href=\"https:\/\/fundacionmeri.cl\/cop\/cop29\/\" rel=\"noopener noreferrer\"><img class=\"imagen aligncenter size-full wp-image-69752\" src=\"https:\/\/fundacionmeri.cl\/wp-content\/uploads\/2024\/12\/COP29.webp\" alt=\"\" width=\"600\" height=\"450\" \/><\/a>[\/vc_column_text][vc_column_text css=&#8221;&#8221;]<\/p>\n<p style=\"text-align: center;\"><a href=\"https:\/\/fundacionmeri.cl\/cop\/cop29\/\" rel=\"noopener noreferrer\">COP 29 (2024)<\/a><\/p>\n<p>[\/vc_column_text][\/vc_column_inner][\/vc_row_inner][vc_row_inner][vc_column_inner width=&#8221;1\/2&#8243;][vc_column_text]<a href=\"https:\/\/fundacionmeri.cl\/cop\/cop28-2023\/\" rel=\"noopener noreferrer\"><img class=\"imagen aligncenter size-full wp-image-69670\" src=\"https:\/\/fundacionmeri.cl\/wp-content\/uploads\/2024\/01\/cop1.jpeg\" alt=\"\" width=\"600\" height=\"450\" \/><\/a>[\/vc_column_text][vc_column_text]<\/p>\n<p style=\"text-align: center;\"><a href=\"https:\/\/fundacionmeri.cl\/cop\/cop28-2023\/\" rel=\"noopener noreferrer\">COP 28 (2023)<\/a><\/p>\n<p>[\/vc_column_text][\/vc_column_inner][vc_column_inner width=&#8221;1\/2&#8243;][vc_column_text]<a href=\"https:\/\/fundacionmeri.cl\/cop\/cop27\/\" rel=\"noopener noreferrer\"><img class=\"imagen aligncenter size-full wp-image-69752\" src=\"https:\/\/fundacionmeri.cl\/wp-content\/uploads\/2024\/01\/WhatsApp-Image-2024-01-08-at-14.53.45.jpeg\" alt=\"\" width=\"600\" height=\"450\" \/><\/a>[\/vc_column_text][vc_column_text]<\/p>\n<p style=\"text-align: center;\"><a href=\"https:\/\/fundacionmeri.cl\/cop\/cop25\/\" rel=\"noopener noreferrer\">COP 27 (2022)<\/a><\/p>\n<p>[\/vc_column_text][\/vc_column_inner][\/vc_row_inner][vc_row_inner][vc_column_inner width=&#8221;1\/2&#8243;][vc_column_text]<a href=\"https:\/\/fundacionmeri.cl\/cop\/cop26\/\" rel=\"noopener noreferrer\"><img class=\"imagen aligncenter size-full wp-image-69670\" src=\"https:\/\/fundacionmeri.cl\/wp-content\/uploads\/2022\/07\/cop.jpeg\" alt=\"\" width=\"600\" height=\"450\" srcset=\"https:\/\/fundacionmeri.cl\/wp-content\/uploads\/2022\/07\/cop.jpeg 600w, https:\/\/fundacionmeri.cl\/wp-content\/uploads\/2022\/07\/cop-300x225.jpeg 300w\" sizes=\"(max-width: 600px) 100vw, 600px\" \/><\/a>[\/vc_column_text][vc_column_text]<\/p>\n<p style=\"text-align: center;\"><a href=\"https:\/\/fundacionmeri.cl\/cop\/cop26\/\" rel=\"noopener noreferrer\">COP 26 (2021)<\/a><\/p>\n<p>[\/vc_column_text][\/vc_column_inner][vc_column_inner width=&#8221;1\/2&#8243;][vc_column_text]<a href=\"https:\/\/fundacionmeri.cl\/cop\/cop25\/\" rel=\"noopener noreferrer\"><img class=\"imagen aligncenter size-full wp-image-69752\" src=\"https:\/\/fundacionmeri.cl\/wp-content\/uploads\/2022\/07\/COP25_600x450-2-1.jpg\" alt=\"\" width=\"600\" height=\"450\" srcset=\"https:\/\/fundacionmeri.cl\/wp-content\/uploads\/2022\/07\/COP25_600x450-2-1.jpg 600w, https:\/\/fundacionmeri.cl\/wp-content\/uploads\/2022\/07\/COP25_600x450-2-1-300x225.jpg 300w\" sizes=\"(max-width: 600px) 100vw, 600px\" \/><\/a>[\/vc_column_text][vc_column_text]<\/p>\n<p style=\"text-align: center;\"><a href=\"\/cop-25\/\" rel=\"noopener noreferrer\">COP 25 (2019)<\/a><\/p>\n<p>[\/vc_column_text][\/vc_column_inner][\/vc_row_inner][\/vc_column][vc_column width=&#8221;1\/6&#8243;][\/vc_column][\/vc_row][vc_row][vc_column width=&#8221;1\/6&#8243;][\/vc_column][vc_column width=&#8221;2\/3&#8243;][vc_column_text css=&#8221;.vc_custom_1659737880184{padding-bottom: 50px !important;}&#8221;]<\/p>\n<h2 style=\"text-align: center;\">NovoPangea \/ CORLAC<\/h2>\n<p>[\/vc_column_text][vc_row_inner][vc_column_inner width=&#8221;1\/2&#8243;][vc_column_text]<a href=\"https:\/\/fundacionmeri.cl\/novopangea\/\" target=\"_blank\" rel=\"noopener noreferrer\"><img class=\"imagen aligncenter size-full wp-image-69671\" src=\"https:\/\/fundacionmeri.cl\/wp-content\/uploads\/2024\/01\/cop0.jpeg\" alt=\"\" width=\"600\" height=\"450\" \/><\/a>[\/vc_column_text][vc_column_text]<\/p>\n<p style=\"text-align: center;\"><a href=\"https:\/\/fundacionmeri.cl\/novopangea\/novopangea-colombia\/\" target=\"_blank\" rel=\"noopener noreferrer\">NovoPangea Colombia (2023)<\/a><\/p>\n<p>[\/vc_column_text][\/vc_column_inner][vc_column_inner width=&#8221;1\/2&#8243;][vc_column_text]<a href=\"https:\/\/fundacionmeri.cl\/novopangea\/\" target=\"_blank\" rel=\"noopener noreferrer\"><img class=\"imagen aligncenter size-full wp-image-69671\" src=\"https:\/\/fundacionmeri.cl\/wp-content\/uploads\/2022\/07\/novopangea.jpeg\" alt=\"\" width=\"600\" height=\"450\" srcset=\"https:\/\/fundacionmeri.cl\/wp-content\/uploads\/2022\/07\/novopangea.jpeg 600w, https:\/\/fundacionmeri.cl\/wp-content\/uploads\/2022\/07\/novopangea-300x225.jpeg 300w\" sizes=\"(max-width: 600px) 100vw, 600px\" \/><\/a>[\/vc_column_text][vc_column_text]<\/p>\n<p style=\"text-align: center;\"><a href=\"https:\/\/fundacionmeri.cl\/novopangea\/novopangea-latinoamerica\/\" target=\"_blank\" rel=\"noopener noreferrer\">NovoPangea Latinoam\u00e9rica (2022)<\/a><\/p>\n<p>[\/vc_column_text][\/vc_column_inner][\/vc_row_inner][vc_row_inner][vc_column_inner width=&#8221;1\/2&#8243;][vc_column_text]<a href=\"https:\/\/fundacionmeri.cl\/novopangea\/novopangea-europa\/\" target=\"_blank\" rel=\"noopener noreferrer\"><img class=\"imagen aligncenter size-full wp-image-69671\" src=\"https:\/\/fundacionmeri.cl\/wp-content\/uploads\/2022\/07\/NovoPangeaEuropa.jpeg\" alt=\"\" width=\"600\" height=\"450\" \/><\/a>[\/vc_column_text][vc_column_text]<\/p>\n<p style=\"text-align: center;\"><a href=\"https:\/\/fundacionmeri.cl\/novopangea\/novopangea-europa\/\" target=\"_blank\" rel=\"noopener noreferrer\">NovoPangea Europa (2022)<\/a><\/p>\n<p>[\/vc_column_text][\/vc_column_inner][vc_column_inner width=&#8221;1\/2&#8243;][vc_column_text]<a href=\"\/segunda-conferencia-regional-sobre-el-ipcc\/\" rel=\"noopener noreferrer\"><img class=\"aligncenter imagen size-full wp-image-69671\" src=\"https:\/\/fundacionmeri.cl\/wp-content\/uploads\/2022\/07\/WhatsApp-Image-2022-07-19-at-4.06.54-PM.jpeg\" alt=\"\" width=\"600\" height=\"450\" \/><\/a>[\/vc_column_text][vc_column_text]<\/p>\n<p style=\"text-align: center;\"><a href=\"\/segunda-conferencia-regional-sobre-el-ipcc\/\" rel=\"noopener noreferrer\">Segunda Conferencia Regional sobre el IPCC (2021)<\/a><\/p>\n<p>[\/vc_column_text][\/vc_column_inner][\/vc_row_inner][vc_row_inner][vc_column_inner width=&#8221;1\/2&#8243;][vc_column_text]<a href=\"\/conocecomo-mitigar-y-enfrentar-el-cambio-climatico-reduciendo-el-co2\/\" rel=\"noopener noreferrer\"><img class=\"imagen aligncenter size-full wp-image-69703\" src=\"https:\/\/fundacionmeri.cl\/wp-content\/uploads\/2022\/07\/2da-CONFERENCia_600x450.jpg\" alt=\"\" width=\"600\" height=\"450\" \/><\/a>[\/vc_column_text][vc_column_text]<\/p>\n<p style=\"text-align: center;\"><a href=\"\/conocecomo-mitigar-y-enfrentar-el-cambio-climatico-reduciendo-el-co2\/\" rel=\"noopener noreferrer\">Segunda Conferencia sobre Cambio Clim\u00e1tico (2021)<\/a><\/p>\n<p>[\/vc_column_text][\/vc_column_inner][vc_column_inner width=&#8221;1\/2&#8243;][vc_column_text]<a href=\"\/primera-conferencia-sobre-cambio-climatico-evidencia-cientifica-y-politicas-publicas-para-america-latina-y-el-caribe-2\/\" rel=\"noopener noreferrer\"><img class=\"aligncenter imagen size-full wp-image-69749\" src=\"https:\/\/fundacionmeri.cl\/wp-content\/uploads\/2022\/07\/primeraCONFERENCE_600x450-2.jpg\" alt=\"\" width=\"600\" height=\"450\" srcset=\"https:\/\/fundacionmeri.cl\/wp-content\/uploads\/2022\/07\/primeraCONFERENCE_600x450-2.jpg 600w, https:\/\/fundacionmeri.cl\/wp-content\/uploads\/2022\/07\/primeraCONFERENCE_600x450-2-300x225.jpg 300w\" sizes=\"(max-width: 600px) 100vw, 600px\" \/><\/a>[\/vc_column_text][vc_column_text]<\/p>\n<p style=\"text-align: center;\"><a href=\"\/primera-conferencia-sobre-cambio-climatico-evidencia-cientifica-y-politicas-publicas-para-america-latina-y-el-caribe-2\/\" rel=\"noopener noreferrer\">Primera Conferencia sobre Cambio Clim\u00e1tico (2020)<\/a><\/p>\n<p>[\/vc_column_text][\/vc_column_inner][\/vc_row_inner][\/vc_column][vc_column width=&#8221;1\/6&#8243;][\/vc_column][\/vc_row][vc_row][vc_column width=&#8221;1\/6&#8243;][\/vc_column][vc_column width=&#8221;2\/3&#8243;][vc_column_text css=&#8221;.vc_custom_1658953983412{padding-bottom: 50px !important;}&#8221;]<\/p>\n<h2 style=\"text-align: center;\">Internacionales<\/h2>\n<p>[\/vc_column_text][vc_row_inner][vc_column_inner width=&#8221;1\/2&#8243;][vc_column_text css=&#8221;&#8221;]<a href=\"https:\/\/fundacionmeri.cl\/tercera-conferencia-de-las-naciones-unidas-sobre-los-oceanos-unoc3\/\" rel=\"noopener\"><img class=\"aligncenter wp-image-71548 size-full imagen\" src=\"https:\/\/fundacionmeri.cl\/wp-content\/uploads\/2025\/06\/Caluga-UNOC3.webp\" alt=\"\" width=\"600\" height=\"450\" \/><\/a>[\/vc_column_text][vc_column_text css=&#8221;&#8221;]<a href=\"https:\/\/fundacionmeri.cl\/tercera-conferencia-de-las-naciones-unidas-sobre-los-oceanos-unoc3\/\">UNOC3 (2025)<\/a>[\/vc_column_text][\/vc_column_inner][vc_column_inner width=&#8221;1\/2&#8243;][\/vc_column_inner][\/vc_row_inner][vc_row_inner][vc_column_inner width=&#8221;1\/2&#8243;][vc_column_text css=&#8221;&#8221;]<a href=\"https:\/\/fundacionmeri.cl\/monaco-ocean-week-2025\/\" target=\"_blank\" rel=\"noopener\"><img class=\"aligncenter wp-image-71548 size-full imagen\" src=\"https:\/\/fundacionmeri.cl\/wp-content\/uploads\/2025\/03\/monaco2025.jpeg\" alt=\"\" width=\"600\" height=\"450\" \/><\/a>[\/vc_column_text][vc_column_text css=&#8221;&#8221;]<a href=\"https:\/\/fundacionmeri.cl\/monaco-ocean-week-2025\/\">Monaco Ocean Week (2025)<\/a>[\/vc_column_text][\/vc_column_inner][vc_column_inner width=&#8221;1\/2&#8243;][vc_column_text css=&#8221;&#8221;]<a href=\"https:\/\/fcs.tv\/agenda-fcs-velux-fonden-iucn-en-el-marco-de-la-cumbre-mundial-sobre-clima\/\" rel=\"noopener noreferrer\"><img class=\"aligncenter imagen size-full wp-image-70073\" src=\"https:\/\/fundacionmeri.cl\/wp-content\/uploads\/2024\/12\/NY-2024.webp\" alt=\"\" width=\"600\" height=\"450\" \/><\/a>[\/vc_column_text][vc_column_text css=&#8221;&#8221;]<\/p>\n<p style=\"text-align: center;\"><a href=\"https:\/\/fcs.tv\/agenda-fcs-velux-fonden-iucn-en-el-marco-de-la-cumbre-mundial-sobre-clima\/\" rel=\"noopener noreferrer\">New York Climate Week (2024)<\/a><\/p>\n<p>[\/vc_column_text][\/vc_column_inner][\/vc_row_inner][vc_row_inner][vc_column_inner width=&#8221;1\/2&#8243;][vc_column_text css=&#8221;&#8221;]<a href=\"https:\/\/fundacionmeri.cl\/monaco-ocean-week\/\" target=\"_blank\" rel=\"noopener\"><img class=\"aligncenter wp-image-71548 size-full imagen\" src=\"https:\/\/fundacionmeri.cl\/wp-content\/uploads\/2024\/12\/Monaco2024.webp\" alt=\"\" width=\"600\" height=\"450\" \/><\/a>[\/vc_column_text][vc_column_text]<a href=\"https:\/\/fundacionmeri.cl\/monaco-ocean-week\/\">Monaco Ocean Week (2024)<\/a>[\/vc_column_text][\/vc_column_inner][vc_column_inner width=&#8221;1\/2&#8243;][vc_column_text css=&#8221;&#8221;]<a href=\"https:\/\/fcs.tv\/agenda-fcs-velux-fonden-iucn-en-el-marco-de-la-cumbre-mundial-sobre-clima\/\" rel=\"noopener noreferrer\"><img class=\"aligncenter imagen size-full wp-image-70073\" src=\"https:\/\/fundacionmeri.cl\/wp-content\/uploads\/2024\/12\/NY-2024.webp\" alt=\"\" width=\"600\" height=\"450\" \/><\/a>[\/vc_column_text][vc_column_text css=&#8221;&#8221;]<\/p>\n<p style=\"text-align: center;\"><a href=\"https:\/\/fcs.tv\/agenda-fcs-velux-fonden-iucn-en-el-marco-de-la-cumbre-mundial-sobre-clima\/\" rel=\"noopener noreferrer\">New York Climate Week (2024)<\/a><\/p>\n<p>[\/vc_column_text][\/vc_column_inner][\/vc_row_inner][vc_row_inner][vc_column_inner width=&#8221;1\/2&#8243;][vc_column_text css=&#8221;&#8221;]<a href=\"\/monaco-ocean-week-2023\/\" rel=\"noopener noreferrer\"><img class=\"aligncenter imagen size-full wp-image-70073\" src=\"https:\/\/fundacionmeri.cl\/wp-content\/uploads\/2024\/12\/Monaco2023.webp\" alt=\"\" width=\"600\" height=\"450\" \/><\/a>[\/vc_column_text][vc_column_text css=&#8221;&#8221;]<a href=\"\/monaco-ocean-week-2023\/\">Monaco Ocean Week (2023)<\/a>[\/vc_column_text][\/vc_column_inner][vc_column_inner width=&#8221;1\/2&#8243;][vc_column_text css=&#8221;&#8221;]<a href=\"https:\/\/fundacionmeri.cl\/monaco-ocean-week\/\" target=\"_blank\" rel=\"noopener\"><img class=\"aligncenter wp-image-71548 size-full imagen\" src=\"https:\/\/fundacionmeri.cl\/wp-content\/uploads\/2024\/12\/NY-2023.webp\" alt=\"\" width=\"600\" height=\"450\" \/><\/a>[\/vc_column_text][vc_column_text css=&#8221;&#8221;]<a href=\"https:\/\/fundacionmeri.cl\/monaco-ocean-week\/\">New York Climate Week (2023)<\/a>[\/vc_column_text][\/vc_column_inner][\/vc_row_inner][vc_row_inner][vc_column_inner width=&#8221;1\/2&#8243;][vc_column_text]<a href=\"\/a-safe-ocean\/\" target=\"_blank\" rel=\"noopener\"><img class=\"aligncenter size-full wp-image-69741 imagen\" src=\"https:\/\/fundacionmeri.cl\/wp-content\/uploads\/2022\/07\/a-save-ocean_600x450-2.jpg\" alt=\"\" width=\"600\" height=\"450\" srcset=\"https:\/\/fundacionmeri.cl\/wp-content\/uploads\/2022\/07\/a-save-ocean_600x450-2.jpg 600w, https:\/\/fundacionmeri.cl\/wp-content\/uploads\/2022\/07\/a-save-ocean_600x450-2-300x225.jpg 300w\" sizes=\"(max-width: 600px) 100vw, 600px\" \/><\/a>[\/vc_column_text][vc_column_text]<\/p>\n<p style=\"text-align: center;\"><a href=\"\/a-safe-ocean\/\" rel=\"noopener noreferrer\">A Safe Ocean (2022)<\/a><\/p>\n<p>[\/vc_column_text][\/vc_column_inner][vc_column_inner width=&#8221;1\/2&#8243;][vc_column_text css=&#8221;&#8221;]<a href=\"\/monaco-ocean-week\/\" rel=\"noopener noreferrer\"><img class=\"imagen aligncenter size-full wp-image-69709\" src=\"https:\/\/fundacionmeri.cl\/wp-content\/uploads\/2024\/02\/ocean_week_2024.jpg\" alt=\"\" width=\"600\" height=\"450\" \/><\/a>[\/vc_column_text][vc_column_text css=&#8221;&#8221;]<\/p>\n<p style=\"text-align: center;\"><a href=\"\/monaco-ocean-week\/\" rel=\"noopener noreferrer\">Monaco Ocean Week (2022)<\/a><\/p>\n<p>[\/vc_column_text][\/vc_column_inner][\/vc_row_inner][vc_row_inner][vc_column_inner width=&#8221;1\/2&#8243;][vc_column_text]<a href=\"\/blue-climate-summit-tahiti\/\" rel=\"noopener noreferrer\"><img class=\"aligncenter imagen size-full wp-image-69671\" src=\"https:\/\/fundacionmeri.cl\/wp-content\/uploads\/2022\/07\/summitTAHITI_600x450.jpg\" alt=\"\" width=\"600\" height=\"450\" \/><\/a>[\/vc_column_text][vc_column_text]<\/p>\n<p style=\"text-align: center;\"><a href=\"\/blue-climate-summit-tahiti\/\" rel=\"noopener noreferrer\">Blue Climate Summit (2022)<\/a><\/p>\n<p>[\/vc_column_text][\/vc_column_inner][vc_column_inner width=&#8221;1\/2&#8243;][vc_column_text]<a href=\"https:\/\/fundacionmeri.cl\/conferencia-our-ocean-palau-2022\/\"><img class=\"aligncenter size-full imagen wp-image-69920\" src=\"https:\/\/fundacionmeri.cl\/wp-content\/uploads\/2022\/08\/novoPANGEA_PALAU_600x450.jpg\" alt=\"\" width=\"600\" height=\"450\" srcset=\"https:\/\/fundacionmeri.cl\/wp-content\/uploads\/2022\/08\/novoPANGEA_PALAU_600x450.jpg 600w, https:\/\/fundacionmeri.cl\/wp-content\/uploads\/2022\/08\/novoPANGEA_PALAU_600x450-300x225.jpg 300w\" sizes=\"(max-width: 600px) 100vw, 600px\" \/><\/a>[\/vc_column_text][vc_column_text]<a href=\"https:\/\/fundacionmeri.cl\/conferencia-our-ocean-palau-2022\/\" target=\"_blank\" rel=\"noopener\">Conferencia Our Ocean Palau (2022)<\/a>[\/vc_column_text][\/vc_column_inner][\/vc_row_inner][vc_row_inner][vc_column_inner width=&#8221;1\/2&#8243;][vc_column_text]<a href=\"\/conferencia-un-ocean-2022\/\" rel=\"noopener noreferrer\"><img class=\"aligncenter imagen size-full wp-image-70073\" src=\"https:\/\/fundacionmeri.cl\/wp-content\/uploads\/2022\/08\/UNOcean.jpg\" alt=\"\" width=\"600\" height=\"450\" srcset=\"https:\/\/fundacionmeri.cl\/wp-content\/uploads\/2022\/08\/UNOcean.jpg 600w, https:\/\/fundacionmeri.cl\/wp-content\/uploads\/2022\/08\/UNOcean-300x225.jpg 300w\" sizes=\"(max-width: 600px) 100vw, 600px\" \/><\/a>[\/vc_column_text][vc_column_text]<\/p>\n<p style=\"text-align: center;\"><a href=\"\/conferencia-un-ocean-2022\/\" rel=\"noopener noreferrer\">UN Ocean (2022)<\/a><\/p>\n<p>[\/vc_column_text][\/vc_column_inner][vc_column_inner width=&#8221;1\/2&#8243;][\/vc_column_inner][\/vc_row_inner][\/vc_column][vc_column width=&#8221;1\/6&#8243;][\/vc_column][\/vc_row]<\/p>\n<\/div>","protected":false},"excerpt":{"rendered":"<p>[vc_row full_width=&#8221;stretch_row&#8221; css=&#8221;.vc_custom_1658414668098{padding-top: 120px !important;padding-bottom: 120px !important;background-image: url(https:\/\/fundacionmeri.cl\/wp-content\/uploads\/2022\/07\/conference_generico-3.jpg?id=69747) !important;background-position: center !important;background-repeat: no-repeat !important;background-size: cover !important;}&#8221;][vc_column width=&#8221;1\/6&#8243;][\/vc_column][vc_column width=&#8221;2\/3&#8243;][vc_column_text] Conferencias Creando espacios&#8230;<\/p>\n","protected":false},"author":1,"featured_media":70595,"parent":0,"menu_order":0,"comment_status":"closed","ping_status":"closed","template":"","meta":{"footnotes":""},"class_list":["post-69657","page","type-page","status-publish","has-post-thumbnail"],"translation":{"provider":"WPGlobus","version":"3.0.2","language":"en","enabled_languages":["es","en"],"languages":{"es":{"title":true,"content":true,"excerpt":false},"en":{"title":false,"content":false,"excerpt":false}}},"_links":{"self":[{"href":"https:\/\/fundacionmeri.cl\/en\/wp-json\/wp\/v2\/pages\/69657","targetHints":{"allow":["GET"]}}],"collection":[{"href":"https:\/\/fundacionmeri.cl\/en\/wp-json\/wp\/v2\/pages"}],"about":[{"href":"https:\/\/fundacionmeri.cl\/en\/wp-json\/wp\/v2\/types\/page"}],"author":[{"embeddable":true,"href":"https:\/\/fundacionmeri.cl\/en\/wp-json\/wp\/v2\/users\/1"}],"replies":[{"embeddable":true,"href":"https:\/\/fundacionmeri.cl\/en\/wp-json\/wp\/v2\/comments?post=69657"}],"version-history":[{"count":13,"href":"https:\/\/fundacionmeri.cl\/en\/wp-json\/wp\/v2\/pages\/69657\/revisions"}],"predecessor-version":[{"id":72544,"href":"https:\/\/fundacionmeri.cl\/en\/wp-json\/wp\/v2\/pages\/69657\/revisions\/72544"}],"wp:featuredmedia":[{"embeddable":true,"href":"https:\/\/fundacionmeri.cl\/en\/wp-json\/wp\/v2\/media\/70595"}],"wp:attachment":[{"href":"https:\/\/fundacionmeri.cl\/en\/wp-json\/wp\/v2\/media?parent=69657"}],"curies":[{"name":"wp","href":"https:\/\/api.w.org\/{rel}","templated":true}]}}