{"id":69182,"date":"2022-03-16T18:37:53","date_gmt":"2022-03-16T21:37:53","guid":{"rendered":"https:\/\/fundacionmeri.cl\/?page_id=69182"},"modified":"2023-02-23T12:32:51","modified_gmt":"2023-02-23T15:32:51","slug":"cop-26","status":"publish","type":"page","link":"https:\/\/fundacionmeri.cl\/en\/cop-26\/","title":{"rendered":"COP 26"},"content":{"rendered":"<div class=\"wpb-content-wrapper\"><p>[vc_row full_width=&#8221;stretch_row_content&#8221; parallax=&#8221;content-moving&#8221; parallax_image=&#8221;69185&#8243; parallax_speed_bg=&#8221;1.2&#8243; css=&#8221;.vc_custom_1647466978293{padding-top: 50px !important;padding-bottom: 50px !important;background-position: center;background-repeat: no-repeat !important;background-size: cover !important;}&#8221;][vc_column][vc_row_inner][vc_column_inner width=&#8221;1\/3&#8243;][\/vc_column_inner][vc_column_inner width=&#8221;1\/3&#8243;][vc_column_text css_animation=&#8221;fadeInLeftBig&#8221;]<\/p>\n<h1><span style=\"color: #ffffff;\">Relive COP26<\/span><\/h1>\n<p>[\/vc_column_text][vc_column_text css_animation=&#8221;fadeIn&#8221;]<span style=\"color: #ffffff;\">From the past October 31 to November 12, MERI Foundation participated in the COP26, exhibiting different initiatives and sharing knowledge for climate change mitigation. One of these initiatives was The Blue BOAT Initiative, which watches over the care of whales and cetaceans, who are essential for the marine ecosystem and the reduction of CO2. \u00a1Learn more about this and how we have taken action in the following videos!<\/span>[\/vc_column_text][vc_column_text css_animation=&#8221;fadeIn&#8221;]<img class=\"aligncenter size-full wp-image-3731\" src=\"https:\/\/fcs.tv\/wp-content\/uploads\/2022\/03\/Logos.png\" alt=\"\" width=\"396\" height=\"117\" \/>[\/vc_column_text][\/vc_column_inner][vc_column_inner width=&#8221;1\/3&#8243;][\/vc_column_inner][\/vc_row_inner][\/vc_column][\/vc_row][vc_row][vc_column][vc_column_text css_animation=&#8221;fadeInLeft&#8221;]<\/p>\n<h2 style=\"text-align: center;\">What is COP?<\/h2>\n<p>[\/vc_column_text][\/vc_column][\/vc_row][vc_row][vc_column][vc_column_text]The COP (Conference of the parties) is the annual summit held by the United Nations Convention on Climate Change, where the 196 countries and the European Union, establish global agendas and agreement with specific objectives for reduction of emissions to mitigate the consequences of climate change. If you want to know more about COP, check these videos:[\/vc_column_text][\/vc_column][\/vc_row][vc_row][vc_column][vc_column_text]<\/p>\n<p align=\"center\"><iframe title=\"YouTube video player\" src=\"https:\/\/www.youtube.com\/embed\/Sirwgow3Dzs\" width=\"560\" height=\"315\" frameborder=\"0\" allowfullscreen=\"allowfullscreen\"><\/iframe><\/p>\n<p>[\/vc_column_text][\/vc_column][\/vc_row][vc_row][vc_column][vc_column_text css_animation=&#8221;fadeInLeft&#8221;]<\/p>\n<h2 style=\"text-align: center;\">\u00a1Relive COP26 together with MERI Foundation!<\/h2>\n<p>[\/vc_column_text][\/vc_column][\/vc_row][vc_row][vc_column width=&#8221;1\/2&#8243;][vc_column_text]<\/p>\n<h2 style=\"text-align: center;\">COP26: Highlights<\/h2>\n<p>[\/vc_column_text][vc_column_text]<iframe title=\"YouTube video player\" src=\"https:\/\/www.youtube.com\/embed\/hs0z2ku0DeM\" width=\"560\" height=\"315\" frameborder=\"0\" allowfullscreen=\"allowfullscreen\"><\/iframe>[\/vc_column_text][\/vc_column][vc_column width=&#8221;1\/2&#8243;][vc_column_text]<\/p>\n<h2 style=\"text-align: center;\">Nature ecosystem service + economy<\/h2>\n<p>[\/vc_column_text][vc_column_text]<iframe title=\"YouTube video player\" src=\"https:\/\/www.youtube.com\/embed\/6XlKE09_VhQ\" width=\"560\" height=\"315\" frameborder=\"0\" allowfullscreen=\"allowfullscreen\"><\/iframe>[\/vc_column_text][\/vc_column][\/vc_row][vc_row][vc_column width=&#8221;1\/2&#8243;][vc_column_text]<\/p>\n<h2 style=\"text-align: center;\">Women and youth for<br \/>\nconservation<\/h2>\n<p>[\/vc_column_text][vc_column_text]<iframe title=\"YouTube video player\" src=\"https:\/\/www.youtube.com\/embed\/sqhAKeN29Zg\" width=\"560\" height=\"315\" frameborder=\"0\" allowfullscreen=\"allowfullscreen\"><\/iframe>[\/vc_column_text][\/vc_column][vc_column width=&#8221;1\/2&#8243;][vc_column_text]<\/p>\n<h2 style=\"text-align: center;\">Development, education and worldview<\/h2>\n<p>[\/vc_column_text][vc_column_text]<iframe title=\"YouTube video player\" src=\"https:\/\/www.youtube.com\/embed\/xhGSaLU42_M\" width=\"560\" height=\"315\" frameborder=\"0\" allowfullscreen=\"allowfullscreen\"><\/iframe>[\/vc_column_text][\/vc_column][\/vc_row][vc_row][vc_column][vc_column_text css_animation=&#8221;fadeInLeft&#8221;]<\/p>\n<h2 style=\"text-align: center;\">Check this videos if you want to know more about MERI Foundation panels<\/h2>\n<p>[\/vc_column_text][\/vc_column][\/vc_row][vc_row custom_css_code=&#8221;aDIlMjAlN0IlMEFtYXJnaW4lM0ElMjAyNXB4JTNCJTBBJTdEJTBB&#8221;][vc_column][vc_tta_tour spacing=&#8221;20&#8243; gap=&#8221;20&#8243; controls_size=&#8221;md&#8221; active_section=&#8221;1&#8243;][vc_tta_section title=&#8221;Opening&#8221; tab_id=&#8221;1640028931685-3430909a-a3a2&#8243;][vc_column_text css=&#8221;.vc_custom_1647352806575{margin-bottom: 70px !important;}&#8221;]<\/p>\n<h2 style=\"text-align: center;\">Scientific Pavilion Opening<\/h2>\n<p><iframe title=\"YouTube video player\" src=\"https:\/\/www.youtube.com\/embed\/KR_bcAgSM_A\" width=\"100%\" height=\"415\" frameborder=\"0\" allowfullscreen=\"allowfullscreen\"><\/iframe>[\/vc_column_text][vc_column_text css=&#8221;.vc_custom_1640029119157{margin-bottom: 50px !important;}&#8221;][\/vc_column_text][\/vc_tta_section][vc_tta_section title=&#8221;Health&#8221; tab_id=&#8221;1637856389285-179607e8-cfc7&#8243;][vc_column_text css=&#8221;.vc_custom_1647352837451{margin-bottom: 70px !important;}&#8221;]<\/p>\n<h2 style=\"text-align: center;\">Seizing on the health benefits of climate action<\/h2>\n<p><iframe title=\"YouTube video player\" src=\"https:\/\/www.youtube.com\/embed\/iNHwzyPXwW0\" width=\"100%\" height=\"415\" frameborder=\"0\" allowfullscreen=\"allowfullscreen\"><\/iframe>[\/vc_column_text][vc_column_text css=&#8221;.vc_custom_1647352959685{margin-bottom: 70px !important;}&#8221;]<\/p>\n<h2 style=\"text-align: center;\">Climate Change, Human and Ocean Health<\/h2>\n<p><iframe title=\"YouTube video player\" src=\"https:\/\/www.youtube.com\/embed\/47iyli-mnOE\" width=\"100%\" height=\"415\" frameborder=\"0\" allowfullscreen=\"allowfullscreen\"><\/iframe>[\/vc_column_text][vc_column_text css=&#8221;.vc_custom_1640029361440{margin-bottom: 70px !important;}&#8221;][\/vc_column_text][vc_column_text css=&#8221;.vc_custom_1647352982236{margin-bottom: 70px !important;}&#8221;]<\/p>\n<h2 style=\"text-align: center;\">Conservation as a tool to mitigate Climate Change<\/h2>\n<p><iframe title=\"YouTube video player\" src=\"https:\/\/www.youtube.com\/embed\/jhrW11TI1BM\" width=\"100%\" height=\"415\" frameborder=\"0\" allowfullscreen=\"allowfullscreen\"><\/iframe>[\/vc_column_text][\/vc_tta_section][vc_tta_section title=&#8221;Finance&#8221; tab_id=&#8221;1637868570297-4efcf05e-5a41&#8243;][vc_column_text css=&#8221;.vc_custom_1647352888613{margin-bottom: 70px !important;}&#8221;]<\/p>\n<h2 style=\"text-align: center;\">Finance and Climate Change: How to move towards economically and environmentally investments?<\/h2>\n<p style=\"text-align: center;\"><iframe title=\"YouTube video player\" src=\"https:\/\/www.youtube.com\/embed\/DTPYof8Ner8\" width=\"100%\" height=\"415\" frameborder=\"0\" allowfullscreen=\"allowfullscreen\"><\/iframe><\/p>\n<p>[\/vc_column_text][\/vc_tta_section][vc_tta_section title=&#8221;Development Strategy&#8221; tab_id=&#8221;1637870367097-a4527ad7-9838&#8243;][vc_column_text css=&#8221;.vc_custom_1647352915092{margin-bottom: 70px !important;}&#8221;]<\/p>\n<h2 style=\"text-align: center;\">Development Strategy and tecnhnology Transfer for Climate Change<\/h2>\n<p><iframe title=\"YouTube video player\" src=\"https:\/\/www.youtube.com\/embed\/61uTYzCoytU\" width=\"100%\" height=\"415\" frameborder=\"0\" allowfullscreen=\"allowfullscreen\"><\/iframe>[\/vc_column_text][vc_column_text css=&#8221;.vc_custom_1642879974905{margin-bottom: 70px !important;}&#8221;]<\/p>\n<h2 style=\"text-align: center;\">Recuperaci\u00f3n verde y resiliente<\/h2>\n<h6 style=\"text-align: center;\">Green and resilient recovery<\/h6>\n<p><iframe title=\"YouTube video player\" src=\"https:\/\/www.youtube.com\/embed\/vhpjMzp1Rjk\" width=\"100%\" height=\"415\" frameborder=\"0\" allowfullscreen=\"allowfullscreen\"><\/iframe>[\/vc_column_text][\/vc_tta_section][vc_tta_section title=&#8221;Indigenous Knowledge&#8221; tab_id=&#8221;1637870570939-a7dfd7e6-fd21&#8243;][vc_column_text css=&#8221;.vc_custom_1640029303024{margin-bottom: 70px !important;}&#8221;]<\/p>\n<h2 style=\"text-align: center;\">Roles del conocimiento ind\u00edgena desde la perspectiva DDHH<\/h2>\n<h6 style=\"text-align: center;\">Roles of indigenous knowledge from the HHRR perspective<\/h6>\n<p><iframe title=\"YouTube video player\" src=\"https:\/\/www.youtube.com\/embed\/usekaNLh6Og\" width=\"100%\" height=\"415\" frameborder=\"0\" allowfullscreen=\"allowfullscreen\"><\/iframe>[\/vc_column_text][\/vc_tta_section][vc_tta_section title=&#8221;Education&#8221; tab_id=&#8221;1637872628138-5bc5d93d-1972&#8243;][vc_column_text css=&#8221;.vc_custom_1640029383370{margin-bottom: 70px !important;}&#8221;]<\/p>\n<h2 style=\"text-align: center;\">Educaci\u00f3n y Cambio Clim\u00e1tico: Los Desaf\u00edos de la educaci\u00f3n integral para la sostenibilidad<\/h2>\n<h6 style=\"text-align: center;\">Education and Climate Change: the challenges of an Integral Education for sustainability<\/h6>\n<p><iframe title=\"YouTube video player\" src=\"https:\/\/www.youtube.com\/embed\/Fg0iRggsnFU\" width=\"100%\" height=\"415\" frameborder=\"0\" allowfullscreen=\"allowfullscreen\"><\/iframe>[\/vc_column_text][\/vc_tta_section][vc_tta_section title=&#8221;Youth as change agents&#8221; tab_id=&#8221;1637872706317-49a2c5c7-6325&#8243;][vc_column_text css=&#8221;.vc_custom_1640022205090{margin-bottom: 70px !important;}&#8221;]<\/p>\n<h2 style=\"text-align: center;\">Papel de la juventud como agente de cambio en el cambio clim\u00e1tico<\/h2>\n<h6 style=\"text-align: center;\">Role of youth as change agents in climate change<\/h6>\n<p><iframe title=\"YouTube video player\" src=\"https:\/\/www.youtube.com\/embed\/-cas_iCMd34\" width=\"100%\" height=\"415\" frameborder=\"0\" allowfullscreen=\"allowfullscreen\"><\/iframe>[\/vc_column_text][\/vc_tta_section][vc_tta_section title=&#8221;Solutions based on nature&#8221; tab_id=&#8221;1637872781774-58dba7a6-93aa&#8221;][vc_column_text css=&#8221;.vc_custom_1640029478010{margin-bottom: 70px !important;}&#8221;]<\/p>\n<h2 style=\"text-align: center;\">\u00bfPodemos confiar en los procesos naturales del oc\u00e9ano para la mitigaci\u00f3n del clima?<\/h2>\n<h6 style=\"text-align: center;\">Can we rely on natural oceans processes for climate mitigation?<\/h6>\n<p><iframe title=\"YouTube video player\" src=\"https:\/\/www.youtube.com\/embed\/ftpTMRWYpMc\" width=\"100%\" height=\"415\" frameborder=\"0\" allowfullscreen=\"allowfullscreen\"><\/iframe>[\/vc_column_text][\/vc_tta_section][vc_tta_section title=&#8221;Mitigation\/Adaptation&#8221; tab_id=&#8221;1640028866648-2143ed40-0134&#8243;][vc_column_text]<\/p>\n<h2 style=\"text-align: center;\">Servicios ecosist\u00e9micos para la mitigaci\u00f3n del cambio clim\u00e1tico<\/h2>\n<h6 style=\"text-align: center;\">Ecosystem services for climate change mitigation<\/h6>\n<p><iframe title=\"YouTube video player\" src=\"https:\/\/www.youtube.com\/embed\/MDcLzJMIkGI\" width=\"100%\" height=\"415\" frameborder=\"0\" allowfullscreen=\"allowfullscreen\"><\/iframe>[\/vc_column_text][vc_column_text]<\/p>\n<h2 style=\"text-align: center;\">Aprovechar la mitigaci\u00f3n de la contaminaci\u00f3n del aire para acelerar la acci\u00f3n clim\u00e1tica<\/h2>\n<h6 style=\"text-align: center;\">Short lived climated pollutants (SLCP) and climate change<\/h6>\n<p><iframe title=\"YouTube video player\" src=\"https:\/\/www.youtube.com\/embed\/K97G6xdgEb4\" width=\"100%\" height=\"415\" frameborder=\"0\" allowfullscreen=\"allowfullscreen\"><\/iframe>[\/vc_column_text][\/vc_tta_section][vc_tta_section title=&#8221;Gender&#8221; tab_id=&#8221;1640028887051-33536c77-4ee9&#8243;][vc_column_text]<\/p>\n<h2 style=\"text-align: center;\">Liderazgo femenino y cambio clim\u00e1tico<\/h2>\n<h6 style=\"text-align: center;\">Woman leadership and climate change<\/h6>\n<p><iframe title=\"YouTube video player\" src=\"https:\/\/www.youtube.com\/embed\/JontYoIX4VQ\" width=\"100%\" height=\"415\" frameborder=\"0\" allowfullscreen=\"allowfullscreen\"><\/iframe>[\/vc_column_text][\/vc_tta_section][\/vc_tta_tour][\/vc_column][\/vc_row]<\/p>\n<\/div>","protected":false},"excerpt":{"rendered":"<p>[vc_row full_width=&#8221;stretch_row_content&#8221; parallax=&#8221;content-moving&#8221; parallax_image=&#8221;69185&#8243; parallax_speed_bg=&#8221;1.2&#8243; css=&#8221;.vc_custom_1647466978293{padding-top: 50px !important;padding-bottom: 50px !important;background-position: center;background-repeat: no-repeat !important;background-size: cover !important;}&#8221;][vc_column][vc_row_inner][vc_column_inner width=&#8221;1\/3&#8243;][\/vc_column_inner][vc_column_inner width=&#8221;1\/3&#8243;][vc_column_text css_animation=&#8221;fadeInLeftBig&#8221;] Relive COP26&#8230;<\/p>\n","protected":false},"author":1,"featured_media":70595,"parent":0,"menu_order":0,"comment_status":"closed","ping_status":"closed","template":"","meta":{"footnotes":""},"class_list":["post-69182","page","type-page","status-publish","has-post-thumbnail"],"translation":{"provider":"WPGlobus","version":"3.0.2","language":"en","enabled_languages":["es","en"],"languages":{"es":{"title":true,"content":true,"excerpt":false},"en":{"title":true,"content":true,"excerpt":false}}},"_links":{"self":[{"href":"https:\/\/fundacionmeri.cl\/en\/wp-json\/wp\/v2\/pages\/69182","targetHints":{"allow":["GET"]}}],"collection":[{"href":"https:\/\/fundacionmeri.cl\/en\/wp-json\/wp\/v2\/pages"}],"about":[{"href":"https:\/\/fundacionmeri.cl\/en\/wp-json\/wp\/v2\/types\/page"}],"author":[{"embeddable":true,"href":"https:\/\/fundacionmeri.cl\/en\/wp-json\/wp\/v2\/users\/1"}],"replies":[{"embeddable":true,"href":"https:\/\/fundacionmeri.cl\/en\/wp-json\/wp\/v2\/comments?post=69182"}],"version-history":[{"count":0,"href":"https:\/\/fundacionmeri.cl\/en\/wp-json\/wp\/v2\/pages\/69182\/revisions"}],"wp:featuredmedia":[{"embeddable":true,"href":"https:\/\/fundacionmeri.cl\/en\/wp-json\/wp\/v2\/media\/70595"}],"wp:attachment":[{"href":"https:\/\/fundacionmeri.cl\/en\/wp-json\/wp\/v2\/media?parent=69182"}],"curies":[{"name":"wp","href":"https:\/\/api.w.org\/{rel}","templated":true}]}}