{"id":68715,"date":"2021-09-22T13:28:26","date_gmt":"2021-09-22T16:28:26","guid":{"rendered":"https:\/\/fundacionmeri.cl\/?page_id=68715"},"modified":"2023-02-23T11:15:38","modified_gmt":"2023-02-23T14:15:38","slug":"documentales","status":"publish","type":"page","link":"https:\/\/fundacionmeri.cl\/en\/documentales\/","title":{"rendered":"Documentales"},"content":{"rendered":"<div class=\"wpb-content-wrapper\"><p>[vc_row full_width=&#8221;stretch_row&#8221; parallax=&#8221;content-moving&#8221; parallax_image=&#8221;68716&#8243; css=&#8221;.vc_custom_1632328101079{margin-bottom: 0px !important;padding-top: 120px !important;padding-bottom: 120px !important;}&#8221;][vc_column width=&#8221;1\/6&#8243;][\/vc_column][vc_column width=&#8221;2\/3&#8243;][vc_column_text]<\/p>\n<h1 style=\"text-align: center;\">Documentales<\/h1>\n<p>[\/vc_column_text][\/vc_column][vc_column width=&#8221;1\/6&#8243;][\/vc_column][\/vc_row][vc_row][vc_column][vc_column_text css=&#8221;.vc_custom_1632337348224{margin-top: 50px !important;margin-bottom: 50px !important;}&#8221;]<\/p>\n<h2 style=\"text-align: center;\">Patagonia Azul, la interconexi\u00f3n de la vida<\/h2>\n<p>[\/vc_column_text][vc_row_inner][vc_column_inner width=&#8221;1\/2&#8243;][vc_column_text]<img class=\"aligncenter size-full wp-image-68730\" src=\"https:\/\/fundacionmeri.cl\/wp-content\/uploads\/2021\/09\/patagonia.jpeg\" alt=\"\" width=\"895\" height=\"1280\" srcset=\"https:\/\/fundacionmeri.cl\/wp-content\/uploads\/2021\/09\/patagonia.jpeg 895w, https:\/\/fundacionmeri.cl\/wp-content\/uploads\/2021\/09\/patagonia-210x300.jpeg 210w, https:\/\/fundacionmeri.cl\/wp-content\/uploads\/2021\/09\/patagonia-716x1024.jpeg 716w, https:\/\/fundacionmeri.cl\/wp-content\/uploads\/2021\/09\/patagonia-768x1098.jpeg 768w\" sizes=\"(max-width: 895px) 100vw, 895px\" \/>[\/vc_column_text][\/vc_column_inner][vc_column_inner width=&#8221;1\/2&#8243;][vc_column_text]33 minutos que revelan el cambio de paradigma que ha vivido la historia ballenera en Chile. Desde la historia, la antropolog\u00eda, las ciencias exactas y la filantrop\u00eda se analiza c\u00f3mo se ha pasado de ser un pa\u00eds cazador de cet\u00e1ceos a uno que lucha por protegerlos. Expediciones lideradas por Fundaci\u00f3n MERI permiten develar el esfuerzo cient\u00edfico y privado por preservar la vida y h\u00e1bitat del animal m\u00e1s grande de la Tierra: la ballena azul. La angustia se convierte en esperanza.[\/vc_column_text][vc_column_text]<iframe title=\"YouTube video player\" src=\"https:\/\/www.youtube.com\/embed\/kVxbm9Mmrbk\" width=\"560\" height=\"315\" frameborder=\"0\" allowfullscreen=\"allowfullscreen\"><\/iframe>[\/vc_column_text][\/vc_column_inner][\/vc_row_inner][\/vc_column][\/vc_row][vc_row][vc_column][vc_column_text css=&#8221;.vc_custom_1632337364264{margin-top: 50px !important;margin-bottom: 50px !important;}&#8221;]<\/p>\n<h2 style=\"text-align: center;\">Zifio, el \u00faltimo viaje<\/h2>\n<p>[\/vc_column_text][vc_row_inner][vc_column_inner width=&#8221;1\/2&#8243;][vc_column_text]<img class=\"aligncenter size-full wp-image-68728\" src=\"https:\/\/fundacionmeri.cl\/wp-content\/uploads\/2021\/09\/zifio.jpeg\" alt=\"\" width=\"828\" height=\"1280\" srcset=\"https:\/\/fundacionmeri.cl\/wp-content\/uploads\/2021\/09\/zifio.jpeg 828w, https:\/\/fundacionmeri.cl\/wp-content\/uploads\/2021\/09\/zifio-194x300.jpeg 194w, https:\/\/fundacionmeri.cl\/wp-content\/uploads\/2021\/09\/zifio-662x1024.jpeg 662w, https:\/\/fundacionmeri.cl\/wp-content\/uploads\/2021\/09\/zifio-768x1187.jpeg 768w\" sizes=\"(max-width: 828px) 100vw, 828px\" \/>[\/vc_column_text][\/vc_column_inner][vc_column_inner width=&#8221;1\/2&#8243;][vc_column_text]El zifio es un tipo de cet\u00e1ceo poco conocido por el ser humano, debido a que pasa un 90% de su vida sumergido en los oc\u00e9anos. El registro visual muestra el trabajo conjunto que Fundaci\u00f3n MERI -de Filantrop\u00eda Cort\u00e9s Solari- y personas e instituciones de la zona de la regi\u00f3n de Ays\u00e9n realizaron para poder trasladar hasta Santiago los restos de un ejemplar que var\u00f3 en marzo de este a\u00f1o en esta localidad del sur de Chile. \u00bfEl objetivo? Iniciar un proceso de investigaci\u00f3n cient\u00edfica con el fin de obtener hallazgos que permitan aportar en la conservaci\u00f3n de esta especie.[\/vc_column_text][vc_column_text]<iframe title=\"YouTube video player\" src=\"https:\/\/www.youtube.com\/embed\/nTFvQ41Mgkk\" width=\"560\" height=\"315\" frameborder=\"0\" allowfullscreen=\"allowfullscreen\"><\/iframe>[\/vc_column_text][\/vc_column_inner][\/vc_row_inner][\/vc_column][\/vc_row][vc_row][vc_column][vc_column_text css=&#8221;.vc_custom_1632337390631{margin-top: 50px !important;margin-bottom: 50px !important;}&#8221;]<\/p>\n<h2 style=\"text-align: center;\">Puri, el camino del agua<\/h2>\n<p>[\/vc_column_text][vc_row_inner][vc_column_inner width=&#8221;1\/2&#8243;][vc_column_text]<img class=\"aligncenter size-full wp-image-68729\" src=\"https:\/\/fundacionmeri.cl\/wp-content\/uploads\/2021\/09\/azul.jpeg\" alt=\"\" width=\"914\" height=\"1280\" srcset=\"https:\/\/fundacionmeri.cl\/wp-content\/uploads\/2021\/09\/azul.jpeg 914w, https:\/\/fundacionmeri.cl\/wp-content\/uploads\/2021\/09\/azul-214x300.jpeg 214w, https:\/\/fundacionmeri.cl\/wp-content\/uploads\/2021\/09\/azul-731x1024.jpeg 731w, https:\/\/fundacionmeri.cl\/wp-content\/uploads\/2021\/09\/azul-768x1076.jpeg 768w\" sizes=\"(max-width: 914px) 100vw, 914px\" \/>[\/vc_column_text][\/vc_column_inner][vc_column_inner width=&#8221;1\/2&#8243;][vc_column_text]Al agua se le puede considerar como \u201cel sistema circulatorio de la Tierra\u201d. Por eso, debemos valorarla y reflexionar sobre nuestra relaci\u00f3n con ella ahora m\u00e1s que nunca. A esto invita el documental \u201cPuri, el camino del agua\u201d, a trav\u00e9s de entrevistas a destacados personajes e impactantes tomas de paisajes. El documental, producci\u00f3n conjunta de Fundaci\u00f3n MERI con el director Daniel Casado, con la producci\u00f3n de Merkaba y la participaci\u00f3n de Francisca Cort\u00e9s Solari en el gui\u00f3n, ha recibido m\u00faltiples reconocimientos nacionales e internacionales.[\/vc_column_text][vc_column_text]<iframe title=\"YouTube video player\" src=\"https:\/\/www.youtube.com\/embed\/59WJfS6JxbY\" width=\"560\" height=\"315\" frameborder=\"0\" allowfullscreen=\"allowfullscreen\"><\/iframe>[\/vc_column_text][\/vc_column_inner][\/vc_row_inner][\/vc_column][\/vc_row]<\/p>\n<\/div>","protected":false},"excerpt":{"rendered":"<p>[vc_row full_width=&#8221;stretch_row&#8221; parallax=&#8221;content-moving&#8221; parallax_image=&#8221;68716&#8243; css=&#8221;.vc_custom_1632328101079{margin-bottom: 0px !important;padding-top: 120px !important;padding-bottom: 120px !important;}&#8221;][vc_column width=&#8221;1\/6&#8243;][\/vc_column][vc_column width=&#8221;2\/3&#8243;][vc_column_text] Documentales [\/vc_column_text][\/vc_column][vc_column width=&#8221;1\/6&#8243;][\/vc_column][\/vc_row][vc_row][vc_column][vc_column_text css=&#8221;.vc_custom_1632337348224{margin-top: 50px !important;margin-bottom: 50px&#8230;<\/p>\n","protected":false},"author":1,"featured_media":70595,"parent":0,"menu_order":0,"comment_status":"closed","ping_status":"closed","template":"","meta":{"footnotes":""},"class_list":["post-68715","page","type-page","status-publish","has-post-thumbnail"],"translation":{"provider":"WPGlobus","version":"3.0.2","language":"en","enabled_languages":["es","en"],"languages":{"es":{"title":true,"content":true,"excerpt":false},"en":{"title":false,"content":false,"excerpt":false}}},"_links":{"self":[{"href":"https:\/\/fundacionmeri.cl\/en\/wp-json\/wp\/v2\/pages\/68715","targetHints":{"allow":["GET"]}}],"collection":[{"href":"https:\/\/fundacionmeri.cl\/en\/wp-json\/wp\/v2\/pages"}],"about":[{"href":"https:\/\/fundacionmeri.cl\/en\/wp-json\/wp\/v2\/types\/page"}],"author":[{"embeddable":true,"href":"https:\/\/fundacionmeri.cl\/en\/wp-json\/wp\/v2\/users\/1"}],"replies":[{"embeddable":true,"href":"https:\/\/fundacionmeri.cl\/en\/wp-json\/wp\/v2\/comments?post=68715"}],"version-history":[{"count":0,"href":"https:\/\/fundacionmeri.cl\/en\/wp-json\/wp\/v2\/pages\/68715\/revisions"}],"wp:featuredmedia":[{"embeddable":true,"href":"https:\/\/fundacionmeri.cl\/en\/wp-json\/wp\/v2\/media\/70595"}],"wp:attachment":[{"href":"https:\/\/fundacionmeri.cl\/en\/wp-json\/wp\/v2\/media?parent=68715"}],"curies":[{"name":"wp","href":"https:\/\/api.w.org\/{rel}","templated":true}]}}