{"id":68148,"date":"2021-04-15T15:56:16","date_gmt":"2021-04-15T18:56:16","guid":{"rendered":"https:\/\/fundacionmeri.cl\/?page_id=68148"},"modified":"2021-09-15T13:23:01","modified_gmt":"2021-09-15T16:23:01","slug":"educacion-ambiental-2","status":"publish","type":"page","link":"https:\/\/fundacionmeri.cl\/en\/educacion-ambiental-2\/","title":{"rendered":"Educaci\u00f3n Ambiental"},"content":{"rendered":"<div class=\"wpb-content-wrapper\"><p>[vc_row full_width=&#8221;stretch_row&#8221; parallax=&#8221;content-moving&#8221; parallax_image=&#8221;68618&#8243; css=&#8221;.vc_custom_1631216713018{margin-bottom: 0px !important;padding-top: 120px !important;padding-bottom: 120px !important;}&#8221;][vc_column width=&#8221;1\/6&#8243;][\/vc_column][vc_column width=&#8221;2\/3&#8243;][vc_column_text]<\/p>\n<h1 style=\"text-align: center;\">Educaci\u00f3n Ambiental<\/h1>\n<p>[\/vc_column_text][\/vc_column][vc_column width=&#8221;1\/6&#8243;][\/vc_column][\/vc_row][vc_row][vc_column width=&#8221;1\/2&#8243;][vc_hoverbox image=&#8221;68647&#8243; primary_title=&#8221;Navegantes&#8221; hover_title=&#8221;Navegantes&#8221; shape=&#8221;square&#8221; hover_background_color=&#8221;custom&#8221; hover_btn_title=&#8221;Ver fotos&#8221; hover_btn_shape=&#8221;square&#8221; hover_add_button=&#8221;true&#8221; hover_custom_background=&#8221;#5181c2&#8243; hover_btn_link=&#8221;url:https%3A%2F%2Ffundacionmeri.cl%2Fnavegantes%2F&#8221;][\/vc_hoverbox][\/vc_column][vc_column width=&#8221;1\/2&#8243;][vc_hoverbox image=&#8221;68649&#8243; primary_title=&#8221;TerritoriAR&#8221; hover_title=&#8221;TerritoriAR&#8221; shape=&#8221;square&#8221; hover_background_color=&#8221;custom&#8221; hover_btn_title=&#8221;Ver fotos&#8221; hover_add_button=&#8221;true&#8221; hover_custom_background=&#8221;#5181c2&#8243; hover_btn_link=&#8221;url:https%3A%2F%2Ffundacionmeri.cl%2Fterritoriar%2F|title:Territoriar&#8221;][\/vc_hoverbox][\/vc_column][\/vc_row][vc_row][vc_column width=&#8221;1\/4&#8243;][\/vc_column][vc_column width=&#8221;1\/2&#8243;][vc_hoverbox image=&#8221;68648&#8243; primary_title=&#8221;Red de j\u00f3venes para el Cambio Clim\u00e1tico&#8221; hover_title=&#8221;Red de j\u00f3venes para el Cambio Clim\u00e1tico&#8221; shape=&#8221;square&#8221; hover_background_color=&#8221;custom&#8221; hover_custom_background=&#8221;#5181c2&#8243;]<a href=\"mailto:info@fundacionmeri.cl\" target=\"_blank\" rel=\"noopener\">info@fundacionmeri.cl<\/a>[\/vc_hoverbox][\/vc_column][vc_column width=&#8221;1\/4&#8243;][\/vc_column][\/vc_row]<\/p>\n<\/div>","protected":false},"excerpt":{"rendered":"<p>[vc_row full_width=&#8221;stretch_row&#8221; parallax=&#8221;content-moving&#8221; parallax_image=&#8221;68618&#8243; css=&#8221;.vc_custom_1631216713018{margin-bottom: 0px !important;padding-top: 120px !important;padding-bottom: 120px !important;}&#8221;][vc_column width=&#8221;1\/6&#8243;][\/vc_column][vc_column width=&#8221;2\/3&#8243;][vc_column_text] Educaci\u00f3n Ambiental [\/vc_column_text][\/vc_column][vc_column width=&#8221;1\/6&#8243;][\/vc_column][\/vc_row][vc_row][vc_column width=&#8221;1\/2&#8243;][vc_hoverbox image=&#8221;68647&#8243; primary_title=&#8221;Navegantes&#8221;&#8230;<\/p>\n","protected":false},"author":1,"featured_media":0,"parent":0,"menu_order":0,"comment_status":"closed","ping_status":"closed","template":"","meta":{"footnotes":""},"class_list":["post-68148","page","type-page","status-publish"],"translation":{"provider":"WPGlobus","version":"3.0.2","language":"en","enabled_languages":["es","en"],"languages":{"es":{"title":true,"content":true,"excerpt":false},"en":{"title":false,"content":false,"excerpt":false}}},"_links":{"self":[{"href":"https:\/\/fundacionmeri.cl\/en\/wp-json\/wp\/v2\/pages\/68148","targetHints":{"allow":["GET"]}}],"collection":[{"href":"https:\/\/fundacionmeri.cl\/en\/wp-json\/wp\/v2\/pages"}],"about":[{"href":"https:\/\/fundacionmeri.cl\/en\/wp-json\/wp\/v2\/types\/page"}],"author":[{"embeddable":true,"href":"https:\/\/fundacionmeri.cl\/en\/wp-json\/wp\/v2\/users\/1"}],"replies":[{"embeddable":true,"href":"https:\/\/fundacionmeri.cl\/en\/wp-json\/wp\/v2\/comments?post=68148"}],"version-history":[{"count":0,"href":"https:\/\/fundacionmeri.cl\/en\/wp-json\/wp\/v2\/pages\/68148\/revisions"}],"wp:attachment":[{"href":"https:\/\/fundacionmeri.cl\/en\/wp-json\/wp\/v2\/media?parent=68148"}],"curies":[{"name":"wp","href":"https:\/\/api.w.org\/{rel}","templated":true}]}}