{"id":2582,"date":"2020-08-31T14:23:23","date_gmt":"2020-08-31T17:23:23","guid":{"rendered":"http:\/\/test3.fundacionmeri.cl\/?page_id=2582"},"modified":"2023-02-23T10:33:26","modified_gmt":"2023-02-23T13:33:26","slug":"fotos","status":"publish","type":"page","link":"https:\/\/fundacionmeri.cl\/en\/fotos\/","title":{"rendered":"Photos"},"content":{"rendered":"<div class=\"wpb-content-wrapper\"><p>[vc_row full_width=&#8221;stretch_row&#8221; parallax=&#8221;content-moving&#8221; parallax_image=&#8221;66472&#8243; css=&#8221;.vc_custom_1599486916227{margin-bottom: 0px !important;padding-top: 170px !important;padding-bottom: 170px !important;}&#8221;][vc_column width=&#8221;1\/6&#8243;][\/vc_column][vc_column width=&#8221;2\/3&#8243;][vc_column_text]<\/p>\n<h1 style=\"text-align: center;\">FOTOS<\/h1>\n<p>[\/vc_column_text][\/vc_column][vc_column width=&#8221;1\/6&#8243;][\/vc_column][\/vc_row][vc_row][vc_column width=&#8221;1\/6&#8243;][\/vc_column][vc_column width=&#8221;2\/3&#8243;][vc_column_text]<\/p>\n<h4 style=\"text-align: center;\">Revisa los registros fotogr\u00e1ficos de nuestras actividades<\/h4>\n<p>[\/vc_column_text][\/vc_column][vc_column width=&#8221;1\/6&#8243;][\/vc_column][\/vc_row][vc_row][vc_column width=&#8221;1\/2&#8243;][vc_hoverbox image=&#8221;68529&#8243; primary_title=&#8221;Cambio Clim\u00e1tico&#8221; hover_title=&#8221;Cambio Clim\u00e1tico&#8221; shape=&#8221;square&#8221; hover_background_color=&#8221;custom&#8221; hover_btn_title=&#8221;Ver fotos&#8221; hover_btn_shape=&#8221;square&#8221; hover_add_button=&#8221;true&#8221; hover_custom_background=&#8221;#5181c2&#8243; hover_btn_link=&#8221;url:https%3A%2F%2Ffundacionmeri.cl%2Fcambio-climatico-2%2F|title:Primera%20Conferencia%20sobre%20Cambio%20Clim%C3%A1tico%2C%20Evidencia%20Cient%C3%ADfica%20y%20Pol%C3%ADticas%20P%C3%BAblicas%20para%20Am%C3%A9rica%20Latina%20y%20el%20Caribe&#8221;][\/vc_hoverbox][\/vc_column][vc_column width=&#8221;1\/2&#8243;][vc_hoverbox image=&#8221;68609&#8243; primary_title=&#8221;Investigaci\u00f3n Cient\u00edfica&#8221; hover_title=&#8221;Investigaci\u00f3n Cient\u00edfica&#8221; shape=&#8221;square&#8221; hover_background_color=&#8221;custom&#8221; hover_btn_title=&#8221;Ver fotos&#8221; hover_add_button=&#8221;true&#8221; hover_custom_background=&#8221;#5181c2&#8243; hover_btn_link=&#8221;url:https%3A%2F%2Ffundacionmeri.cl%2Finvestigacion-cientifica-2%2F|title:COP%2025&#8243;][\/vc_hoverbox][\/vc_column][\/vc_row][vc_row][vc_column width=&#8221;1\/2&#8243;][vc_hoverbox image=&#8221;68536&#8243; primary_title=&#8221;Educaci\u00f3n Ambiental&#8221; hover_title=&#8221;Educaci\u00f3n Ambiental&#8221; shape=&#8221;square&#8221; hover_background_color=&#8221;custom&#8221; hover_btn_title=&#8221;Ver fotos&#8221; hover_btn_shape=&#8221;square&#8221; hover_add_button=&#8221;true&#8221; hover_custom_background=&#8221;#5181c2&#8243; hover_btn_link=&#8221;url:https%3A%2F%2Ffundacionmeri.cl%2Feducacion-ambiental-2%2F|title:Primera%20Conferencia%20sobre%20Cambio%20Clim%C3%A1tico%2C%20Evidencia%20Cient%C3%ADfica%20y%20Pol%C3%ADticas%20P%C3%BAblicas%20para%20Am%C3%A9rica%20Latina%20y%20el%20Caribe&#8221;][\/vc_hoverbox][\/vc_column][vc_column width=&#8221;1\/2&#8243;][vc_hoverbox image=&#8221;68538&#8243; primary_title=&#8221;Vinculaci\u00f3n con la Comunidad&#8221; primary_title_font_container=&#8221;font_size:35&#8243; primary_title_use_theme_fonts=&#8221;yes&#8221; hover_title=&#8221;Vinculaci\u00f3n con la Comunidad&#8221; hover_title_font_container=&#8221;font_size:35&#8243; hover_title_use_theme_fonts=&#8221;yes&#8221; shape=&#8221;square&#8221; hover_background_color=&#8221;custom&#8221; hover_btn_title=&#8221;Ver fotos&#8221; use_custom_fonts_primary_title=&#8221;true&#8221; use_custom_fonts_hover_title=&#8221;true&#8221; hover_add_button=&#8221;true&#8221; hover_custom_background=&#8221;#5181c2&#8243; hover_btn_link=&#8221;url:https%3A%2F%2Ffundacionmeri.cl%2Fvinculacion-con-la-comunidad%2F|title:COP%2025&#8243;][\/vc_hoverbox][\/vc_column][\/vc_row]<\/p>\n<\/div>","protected":false},"excerpt":{"rendered":"<p>[vc_row full_width=&#8221;stretch_row&#8221; parallax=&#8221;content-moving&#8221; parallax_image=&#8221;66472&#8243; css=&#8221;.vc_custom_1599486916227{margin-bottom: 0px !important;padding-top: 170px !important;padding-bottom: 170px !important;}&#8221;][vc_column width=&#8221;1\/6&#8243;][\/vc_column][vc_column width=&#8221;2\/3&#8243;][vc_column_text] FOTOS [\/vc_column_text][\/vc_column][vc_column width=&#8221;1\/6&#8243;][\/vc_column][\/vc_row][vc_row][vc_column width=&#8221;1\/6&#8243;][\/vc_column][vc_column width=&#8221;2\/3&#8243;][vc_column_text] Revisa los&#8230;<\/p>\n","protected":false},"author":1,"featured_media":70595,"parent":0,"menu_order":0,"comment_status":"closed","ping_status":"closed","template":"","meta":{"footnotes":""},"class_list":["post-2582","page","type-page","status-publish","has-post-thumbnail"],"translation":{"provider":"WPGlobus","version":"3.0.2","language":"en","enabled_languages":["es","en"],"languages":{"es":{"title":true,"content":true,"excerpt":false},"en":{"title":true,"content":true,"excerpt":false}}},"_links":{"self":[{"href":"https:\/\/fundacionmeri.cl\/en\/wp-json\/wp\/v2\/pages\/2582","targetHints":{"allow":["GET"]}}],"collection":[{"href":"https:\/\/fundacionmeri.cl\/en\/wp-json\/wp\/v2\/pages"}],"about":[{"href":"https:\/\/fundacionmeri.cl\/en\/wp-json\/wp\/v2\/types\/page"}],"author":[{"embeddable":true,"href":"https:\/\/fundacionmeri.cl\/en\/wp-json\/wp\/v2\/users\/1"}],"replies":[{"embeddable":true,"href":"https:\/\/fundacionmeri.cl\/en\/wp-json\/wp\/v2\/comments?post=2582"}],"version-history":[{"count":0,"href":"https:\/\/fundacionmeri.cl\/en\/wp-json\/wp\/v2\/pages\/2582\/revisions"}],"wp:featuredmedia":[{"embeddable":true,"href":"https:\/\/fundacionmeri.cl\/en\/wp-json\/wp\/v2\/media\/70595"}],"wp:attachment":[{"href":"https:\/\/fundacionmeri.cl\/en\/wp-json\/wp\/v2\/media?parent=2582"}],"curies":[{"name":"wp","href":"https:\/\/api.w.org\/{rel}","templated":true}]}}