{"id":2312,"date":"2020-08-25T00:58:11","date_gmt":"2020-08-25T03:58:11","guid":{"rendered":"http:\/\/test3.fundacionmeri.cl\/?page_id=2312"},"modified":"2020-09-16T12:16:09","modified_gmt":"2020-09-16T15:16:09","slug":"conservacion-multidimensional","status":"publish","type":"page","link":"https:\/\/fundacionmeri.cl\/en\/conservacion-multidimensional\/","title":{"rendered":"Conservaci\u00f3n Multidimensional"},"content":{"rendered":"<div class=\"wpb-content-wrapper\"><p>[vc_row full_width=&#8221;stretch_row&#8221; parallax=&#8221;content-moving&#8221; parallax_image=&#8221;2315&#8243; css=&#8221;.vc_custom_1598327842611{padding-top: 120px !important;padding-bottom: 120px !important;}&#8221;][vc_column width=&#8221;1\/6&#8243;][\/vc_column][vc_column width=&#8221;2\/3&#8243;][vc_column_text]<\/p>\n<h1 style=\"text-align: center;\">CONSERVACI\u00d3N MULTIDIMENSIONAL<\/h1>\n<h6 style=\"text-align: center;\">La conservaci\u00f3n requiere de un abordaje multidimensional, es decir, no basta con considerar solo lo ambiental y ecol\u00f3gico, tambi\u00e9n deben sumarse otras dimensiones para que sea efectiva.<\/h6>\n<p>[\/vc_column_text][\/vc_column][vc_column width=&#8221;1\/6&#8243;][\/vc_column][\/vc_row][vc_row css=&#8221;.vc_custom_1598386026899{margin-top: 50px !important;margin-bottom: 100px !important;background-image: url(https:\/\/fundacionmeri.cl\/wp-content\/uploads\/2020\/08\/Texto_Conservacion.png?id=2314) !important;background-position: center !important;background-repeat: no-repeat !important;background-size: contain !important;}&#8221;][vc_column width=&#8221;1\/6&#8243;][\/vc_column][vc_column width=&#8221;2\/3&#8243;][vc_column_text]<\/p>\n<p style=\"text-align: center;\">La conservaci\u00f3n requiere de un <strong>abordaje multidimensional<\/strong>, que supere lo estrictamente ecol\u00f3gico.<\/p>\n<p style=\"text-align: center;\">La Conservaci\u00f3n Efectiva requiere trabajar en <strong>cinco dimensiones<\/strong> de manera simult\u00e1nea; la <strong>dimensi\u00f3n ambiental, la dimensi\u00f3n social, la dimensi\u00f3n cultural, la dimensi\u00f3n econ\u00f3mica,<\/strong> y <strong>la institucionalidad<\/strong>, que es esencial para resguardar la conservaci\u00f3n, por lo cual est\u00e1 al centro del abordaje multidimensional.<\/p>\n<p>[\/vc_column_text][vc_column_text css_animation=&#8221;appear&#8221;]<img class=\"alignnone size-full wp-image-2313\" src=\"https:\/\/fundacionmeri.cl\/wp-content\/uploads\/2020\/08\/Multi-Dimension.png\" alt=\"\" width=\"1178\" height=\"1080\" srcset=\"https:\/\/fundacionmeri.cl\/wp-content\/uploads\/2020\/08\/Multi-Dimension.png 1178w, https:\/\/fundacionmeri.cl\/wp-content\/uploads\/2020\/08\/Multi-Dimension-300x275.png 300w, https:\/\/fundacionmeri.cl\/wp-content\/uploads\/2020\/08\/Multi-Dimension-1024x939.png 1024w, https:\/\/fundacionmeri.cl\/wp-content\/uploads\/2020\/08\/Multi-Dimension-768x704.png 768w\" sizes=\"(max-width: 1178px) 100vw, 1178px\" \/>[\/vc_column_text][vc_column_text]Fundaci\u00f3n MERI aporta al modelo de conservaci\u00f3n efectiva principalmente desde las dimensiones ambiental y social, desarrollando investigaci\u00f3n cient\u00edfica y educaci\u00f3n ambiental, al servicio de la conservaci\u00f3n, y en vinculaci\u00f3n con las comunidades.[\/vc_column_text][\/vc_column][vc_column width=&#8221;1\/6&#8243;][\/vc_column][\/vc_row][vc_row full_width=&#8221;stretch_row&#8221; css=&#8221;.vc_custom_1598328162390{margin-bottom: 0px !important;background-color: #3a843c !important;}&#8221;][vc_column width=&#8221;1\/6&#8243;][\/vc_column][vc_column width=&#8221;2\/3&#8243;][vc_column_text css=&#8221;.vc_custom_1599575152323{padding-bottom: 50px !important;}&#8221;]<\/p>\n<p style=\"text-align: center;\">La conservaci\u00f3n requiere conocer, entender y monitorear las especies que habitan los territorios, espec\u00edficamente aquellas que se encuentran amenazadas por factores antropog\u00e9nicos, para as\u00ed promover soluciones que permitan reducir sus amenazas. Fundaci\u00f3n MERI trabaja en alianza con instituciones nacionales e internacionales para desarrollar investigaciones cient\u00edficas, programas de educaci\u00f3n ambiental y actividades de vinculaci\u00f3n pertinentes al territorio.<\/p>\n<p style=\"text-align: center;\">La pertinencia territorial se logra priorizando<strong> Objetos de Conservaci\u00f3n<\/strong> (OdC) en cada territorio en el que se aplica el <strong>modelo de Conservaci\u00f3n Efectiva<\/strong> &#8211; Reservas Elementales-. Los OdC pueden ser especies o ecosistemas vulnerables y amenazados, y las l\u00edneas de acci\u00f3n de Fundaci\u00f3n MERI, tanto en <strong>ciencia<\/strong>, como en\u00a0 <strong>educaci\u00f3n ambienta<\/strong>l, y <strong>vinculaci\u00f3n con las comunidades<\/strong>, se orientan a minimizar las amenazas y las brechas de conocimiento de estos OdC, y fortalecer el rol activo de la comunidad, y de la sociedad completa, en su conservaci\u00f3n.<\/p>\n<p style=\"text-align: center;\">De este modo, Fundaci\u00f3n MERI busca proteger la diversidad biol\u00f3gica desde una perspectiva multidimensional e integral, porque entiende que los humanos somos parte de esta diversidad y que la salud del ambiente incide directamente en la salud de todas las especies que habitamos el planeta.<\/p>\n<p>[\/vc_column_text][\/vc_column][vc_column width=&#8221;1\/6&#8243;][\/vc_column][\/vc_row]<\/p>\n<\/div>","protected":false},"excerpt":{"rendered":"<p>[vc_row full_width=&#8221;stretch_row&#8221; parallax=&#8221;content-moving&#8221; parallax_image=&#8221;2315&#8243; css=&#8221;.vc_custom_1598327842611{padding-top: 120px !important;padding-bottom: 120px !important;}&#8221;][vc_column width=&#8221;1\/6&#8243;][\/vc_column][vc_column width=&#8221;2\/3&#8243;][vc_column_text] CONSERVACI\u00d3N MULTIDIMENSIONAL La conservaci\u00f3n requiere de un abordaje multidimensional,&#8230;<\/p>\n","protected":false},"author":1,"featured_media":0,"parent":0,"menu_order":0,"comment_status":"closed","ping_status":"closed","template":"","meta":{"footnotes":""},"class_list":["post-2312","page","type-page","status-publish"],"translation":{"provider":"WPGlobus","version":"3.0.2","language":"en","enabled_languages":["es","en"],"languages":{"es":{"title":true,"content":true,"excerpt":false},"en":{"title":false,"content":false,"excerpt":false}}},"_links":{"self":[{"href":"https:\/\/fundacionmeri.cl\/en\/wp-json\/wp\/v2\/pages\/2312","targetHints":{"allow":["GET"]}}],"collection":[{"href":"https:\/\/fundacionmeri.cl\/en\/wp-json\/wp\/v2\/pages"}],"about":[{"href":"https:\/\/fundacionmeri.cl\/en\/wp-json\/wp\/v2\/types\/page"}],"author":[{"embeddable":true,"href":"https:\/\/fundacionmeri.cl\/en\/wp-json\/wp\/v2\/users\/1"}],"replies":[{"embeddable":true,"href":"https:\/\/fundacionmeri.cl\/en\/wp-json\/wp\/v2\/comments?post=2312"}],"version-history":[{"count":0,"href":"https:\/\/fundacionmeri.cl\/en\/wp-json\/wp\/v2\/pages\/2312\/revisions"}],"wp:attachment":[{"href":"https:\/\/fundacionmeri.cl\/en\/wp-json\/wp\/v2\/media?parent=2312"}],"curies":[{"name":"wp","href":"https:\/\/api.w.org\/{rel}","templated":true}]}}